{"id":6933,"date":"2025-02-11T22:59:21","date_gmt":"2025-02-12T04:59:21","guid":{"rendered":"https:\/\/sverdlofflaw.com\/scheduling\/"},"modified":"2026-01-26T16:52:41","modified_gmt":"2026-01-26T22:52:41","slug":"scheduling","status":"publish","type":"page","link":"https:\/\/sverdlofflaw.com\/es\/scheduling\/","title":{"rendered":"Scheduling"},"content":{"rendered":"<div class=\"schedulng-lst\">\n<div class=\"schedulng-img-blk\"><img decoding=\"async\" src=\"https:\/\/sverdlofflaw.com\/wp-content\/uploads\/2025\/02\/schedule-julia.png\" alt=\"Julia Sverdloff\" title=\"\"><\/div>\n<div class=\"schedulng-cont-blk\">\n<h5>Consulta con Julia Sverdloff<\/h5>\n<div class=\"schedulng-btn\"><a class=\"cmn-btn\" href=\"https:\/\/calendly.com\/sverdlofflaw\" target=\"_blank\" rel=\"noopener\">Libro<\/a><\/div>\n<p>La Sra. Sverdloff por su excepcional profesionalismo, le han dado dedicaci\u00f3n y conocimientos jur\u00eddicos. Ha sido reconocida por Illinois Super Lawyer\u00ae como una \u201cestrella en ascenso\u201d en materia de inmigraci\u00f3n todos los a\u00f1os desde 2013, una designaci\u00f3n que solo se otorga al 2.5 por ciento de los mejores abogados seleccionados.<\/p>\n<\/div>\n<\/div>\n<div class=\"schedulng-lst\">\n<div class=\"schedulng-img-blk\"><img decoding=\"async\" src=\"https:\/\/sverdlofflaw.com\/wp-content\/uploads\/2026\/01\/Untitled-design-38.png\" alt=\"Julia Sverdloff\" title=\"\"><\/div>\n<div class=\"schedulng-cont-blk\">\n<h5>Consulta con Kristen Coffey<\/h5>\n<div class=\"schedulng-btn\"><a class=\"cmn-btn\" href=\"https:\/\/calendly.com\/kristen-sverdlofflaw\" target=\"_blank\" rel=\"noopener\">Libro<\/a><\/div>\n<p>Kristen Coffey es abogada de inmigraci\u00f3n y representa a personas y familias en una amplia gama de asuntos migratorios, con especializaci\u00f3n en defensa contra la deportaci\u00f3n, asilo (afirmativo y defensivo), inmigraci\u00f3n familiar, naturalizaci\u00f3n y casos de detenci\u00f3n, incluyendo litigios de h\u00e1beas corpus y solicitudes de fianza.<\/p>\n<\/div>\n<\/div>\n","protected":false},"excerpt":{"rendered":"<p>Consulta con Julia Sverdloff Libro La Sra. Sverdloff por su excepcional profesionalismo, le han dado dedicaci\u00f3n y conocimientos jur\u00eddicos. Ha sido reconocida por Illinois Super Lawyer\u00ae como una \u201cestrella en ascenso\u201d en materia de inmigraci\u00f3n todos los a\u00f1os desde 2013, una designaci\u00f3n que solo se otorga al 2.5 por ciento de los mejores abogados seleccionados. [&hellip;]<\/p>\n","protected":false},"author":2,"featured_media":7107,"parent":0,"menu_order":0,"comment_status":"closed","ping_status":"closed","template":"template-parts\/full-width-page.php","meta":{"_acf_changed":false,"_oasis_is_in_workflow":0,"_oasis_original":0,"_oasis_task_priority":"","footnotes":""},"class_list":["post-6933","page","type-page","status-publish","has-post-thumbnail","hentry","entry"],"acf":[],"_links":{"self":[{"href":"https:\/\/sverdlofflaw.com\/es\/wp-json\/wp\/v2\/pages\/6933","targetHints":{"allow":["GET"]}}],"collection":[{"href":"https:\/\/sverdlofflaw.com\/es\/wp-json\/wp\/v2\/pages"}],"about":[{"href":"https:\/\/sverdlofflaw.com\/es\/wp-json\/wp\/v2\/types\/page"}],"author":[{"embeddable":true,"href":"https:\/\/sverdlofflaw.com\/es\/wp-json\/wp\/v2\/users\/2"}],"replies":[{"embeddable":true,"href":"https:\/\/sverdlofflaw.com\/es\/wp-json\/wp\/v2\/comments?post=6933"}],"version-history":[{"count":9,"href":"https:\/\/sverdlofflaw.com\/es\/wp-json\/wp\/v2\/pages\/6933\/revisions"}],"predecessor-version":[{"id":8123,"href":"https:\/\/sverdlofflaw.com\/es\/wp-json\/wp\/v2\/pages\/6933\/revisions\/8123"}],"wp:featuredmedia":[{"embeddable":true,"href":"https:\/\/sverdlofflaw.com\/es\/wp-json\/wp\/v2\/media\/7107"}],"wp:attachment":[{"href":"https:\/\/sverdlofflaw.com\/es\/wp-json\/wp\/v2\/media?parent=6933"}],"curies":[{"name":"wp","href":"https:\/\/api.w.org\/{rel}","templated":true}]}}