{"id":6468,"date":"2021-04-19T11:31:26","date_gmt":"2021-04-19T16:31:26","guid":{"rendered":"https:\/\/sverdlofflaw.com\/?page_id=6468"},"modified":"2024-10-29T15:21:49","modified_gmt":"2024-10-29T20:21:49","slug":"servicios-de-inmigracion","status":"publish","type":"page","link":"https:\/\/sverdlofflaw.com\/es\/servicios-de-inmigracion\/","title":{"rendered":"Servicios de inmigraci\u00f3n"},"content":{"rendered":"<div class=\"inrpracsec fw\">\n<div class=\"inr-pracblck\">\n<div class=\"inr-pracitem item1\">\n<h5><a href=\"https:\/\/sverdlofflaw.com\/immigration-services\/family-based-immigration\/\">Inmigraci\u00f3n basada en la familia<\/a><\/h5>\n<div id=\"hoverBlock1\" class=\"hoverBlock1 hoverBlock\">\n<div class=\"hoverLeftBlock\">\n<ul>\n<li><a href=\"https:\/\/sverdlofflaw.com\/immigration-services\/family-based-immigration\/f2b-visas-for-adult-children-of-lawful-permanent-residents\/\">Hijo adulto de residente permanente legal<\/a><\/li>\n<li><a href=\"https:\/\/sverdlofflaw.com\/immigration-services\/family-based-immigration\/spouse-or-minor-child-of-a-u-s-permanent-resident\/\">C\u00f3nyuge o hijo menor de residente permanente legal<\/a><\/li>\n<li><a href=\"https:\/\/sverdlofflaw.com\/immigration-services\/family-based-immigration\/spouse-or-minor-child-of-a-u-s-citizen\/\">C\u00f3nyuge o hijo menor de ciudadano estadounidense<\/a><\/li>\n<li><a href=\"https:\/\/sverdlofflaw.com\/immigration-services\/family-based-immigration\/adult-child-of-a-u-s-citizen\/\">Hijo adulto de ciudadano estadounidense<\/a><\/li>\n<li><a href=\"https:\/\/sverdlofflaw.com\/immigration-services\/family-based-immigration\/immigration-options-for-sibling-of-u-s-citizen-f4\/\">Hermano de ciudadano estadounidense<\/a><\/li>\n<li><a href=\"https:\/\/sverdlofflaw.com\/immigration-services\/family-based-immigration\/\">Requisitos para visas basadas en la familia<\/a><\/li>\n<\/ul>\n<\/div>\n<div class=\"hoverRightBlock\">\n<h6>Inmigraci\u00f3n basada en la familia<\/h6>\n<p>La inmigraci\u00f3n familiar es una forma de que los ciudadanos extranjeros inmigren legalmente a los Estados Unidos. Esto requiere que los ciudadanos o residentes permanentes legales (aquellos que viven en el pa\u00eds sin ser ciudadanos) presenten una petici\u00f3n de visa de inmigrante.<\/p>\n<p><a href=\"https:\/\/sverdlofflaw.com\/immigration-services\/family-based-immigration\/\">Ver p\u00e1gina<\/a><\/p>\n<\/div>\n<\/div>\n<\/div>\n<div class=\"inr-pracitem item2\">\n<h5><a href=\"https:\/\/sverdlofflaw.com\/immigration-services\/deportation-and-removal-defense\/\">Defensa de deportaci\u00f3n<\/a><\/h5>\n<\/div>\n<div class=\"inr-pracitem item3\">\n<h5><a href=\"https:\/\/sverdlofflaw.com\/immigration-services\/citizenship-lawyer-chicago\/\">Ciudadan\u00eda<\/a><\/h5>\n<div id=\"hoverBlock2\" class=\"hoverBlock2 hoverBlock\">\n<div class=\"hoverLeftBlock\">\n<ul>\n<li><a href=\"https:\/\/sverdlofflaw.com\/immigration-services\/citizenship-faqs\/\">Preguntas frecuentes sobre ciudadan\u00eda<\/a><\/li>\n<li><a href=\"https:\/\/sverdlofflaw.com\/immigration-services\/citizenship-lawyer-chicago\/citizenship-process\/\">Proceso de ciudadan\u00eda<\/a><\/li>\n<li><a href=\"https:\/\/sverdlofflaw.com\/immigration-services\/costs-and-processing-times-for-citizenship\/\">Costos y tiempos de procesamiento para la ciudadan\u00eda<\/a><\/li>\n<li><a href=\"https:\/\/sverdlofflaw.com\/immigration-services\/citizenship-lawyer-chicago\/eligibility-for-citizenship\/\">Elegibilidad para la ciudadan\u00eda<\/a><\/li>\n<\/ul>\n<\/div>\n<div class=\"hoverRightBlock\">\n<h6>Ciudadan\u00eda<\/h6>\n<p>Existen varias preguntas que pueden surgir durante una solicitud de ciudadan\u00eda estadounidense, y es posible que le hagan muchas preguntas. Las respuestas deben ser aceptables para que su solicitud de ciudadan\u00eda estadounidense pueda continuar.<\/p>\n<p><a href=\"https:\/\/sverdlofflaw.com\/immigration-services\/citizenship-lawyer-chicago\/\">Ver p\u00e1gina<\/a><\/p>\n<\/div>\n<\/div>\n<\/div>\n<div class=\"inr-pracitem item4\">\n<h5><a href=\"https:\/\/sverdlofflaw.com\/immigration-services\/green-card-lawyer-chicago\/\">Tarjeta verde<\/a><\/h5>\n<div id=\"hoverBlock3\" class=\"hoverBlock3 hoverBlock\">\n<div class=\"hoverLeftBlock\">\n<ul>\n<li><a href=\"https:\/\/sverdlofflaw.com\/immigration-services\/green-card-lawyer-chicago\/\">Obtenci\u00f3n de una tarjeta verde<\/a><\/li>\n<li><a href=\"https:\/\/sverdlofflaw.com\/immigration-services\/i-751-waivers\/\">Exenciones I-751<\/a><\/li>\n<li><a href=\"https:\/\/sverdlofflaw.com\/immigration-services\/removal-of-conditions-i-751\/\">Eliminaci\u00f3n de condiciones I-751<\/a><\/li>\n<\/ul>\n<\/div>\n<div class=\"hoverRightBlock\">\n<h6>Tarjetas verdes<\/h6>\n<p>Si est\u00e1 buscando una manera de obtener la residencia permanente en los Estados Unidos, necesitar\u00e1 una tarjeta verde. Nuestro abogado especializado en tarjetas verdes de Chicago puede ayudarlo con este proceso de inmigraci\u00f3n y puede responder las preguntas que surjan en el camino.<\/p>\n<p><a href=\"https:\/\/sverdlofflaw.com\/immigration-services\/green-card-lawyer-chicago\/\">Ver p\u00e1gina<\/a><\/p>\n<\/div>\n<\/div>\n<\/div>\n<div class=\"inr-pracitem item5\">\n<h5><a href=\"https:\/\/sverdlofflaw.com\/immigration-services\/adjustment-of-status-lawyer-chicago\/\">Ajuste de estatus<\/a><\/h5>\n<\/div>\n<div class=\"inr-pracitem item6\">\n<h5><a href=\"https:\/\/sverdlofflaw.com\/immigration-services\/fiance-visa-lawyer-and-k-1-visa\/\">Visa<\/a><\/h5>\n<div id=\"hoverBlock4\" class=\"hoverBlock4 hoverBlock\">\n<div class=\"hoverLeftBlock\">\n<ul>\n<li><a href=\"https:\/\/sverdlofflaw.com\/immigration-services\/fiance-visa-lawyer-and-k-1-visa\/\">Visas para prometidos y visas K-1<\/a><\/li>\n<li><a href=\"https:\/\/sverdlofflaw.com\/immigration-services\/nonimmigrant-visas\/\">Visas de no inmigrante<\/a><\/li>\n<li><a href=\"https:\/\/sverdlofflaw.com\/immigration-services\/student-visas\/\">Visas de estudiantes<\/a><\/li>\n<li><a href=\"https:\/\/sverdlofflaw.com\/immigration-services\/u-visas\/\">Visas U<\/a><\/li>\n<li><a href=\"https:\/\/sverdlofflaw.com\/immigration-services\/visa-waiver-program-vwp-participants\/\">Participantes del Programa de Exenci\u00f3n de Visas (VWP)<\/a><\/li>\n<\/ul>\n<\/div>\n<div class=\"hoverRightBlock\">\n<h6>VISA<\/h6>\n<p>Los ciudadanos de los Estados Unidos que desean contraer matrimonio con un extranjero pueden sentirse desesperados, pero por suerte existe una visa dise\u00f1ada para este proceso, conocida como K-1 o \u201cvisa de prometido\u201d. La visa K-1 se utiliza para permitir que los ciudadanos traigan a sus futuros c\u00f3nyuges a los Estados Unidos para casarse.<\/p>\n<p><a href=\"https:\/\/sverdlofflaw.com\/immigration-services\/fiance-visa-lawyer-and-k-1-visa\/\">Ver p\u00e1gina<\/a><\/p>\n<\/div>\n<\/div>\n<\/div>\n<div class=\"inr-pracitem item7\">\n<h5><a href=\"https:\/\/sverdlofflaw.com\/immigration-services\/asylum-lawyer-chicago\/\">Asilo<\/a><\/h5>\n<\/div>\n<div class=\"inr-pracitem item8\">\n<h5><a href=\"https:\/\/sverdlofflaw.com\/immigration-services\/consular-processing\/\">Tr\u00e1mites consulares<\/a><\/h5>\n<\/div>\n<div class=\"inr-pracitem item9\">\n<h5><a href=\"https:\/\/sverdlofflaw.com\/immigration-services\/naturalization-lawyer-in-chicago\/\">Naturalizaci\u00f3n<\/a><\/h5>\n<\/div>\n<div class=\"inr-pracitem item10\">\n<h5><a href=\"https:\/\/sverdlofflaw.com\/immigration-services\/nonimmigrant-visas\/\">Visas de no inmigrante<\/a><\/h5>\n<\/div>\n<div class=\"inr-pracitem item11\">\n<h5><a href=\"https:\/\/sverdlofflaw.com\/immigration-services\/removal-of-conditions-i-751\/\">Eliminaci\u00f3n de condiciones I-751<\/a><\/h5>\n<\/div>\n<div class=\"inr-pracitem item12\">\n<h5><a href=\"https:\/\/sverdlofflaw.com\/immigration-services\/self-petitioning-under-the-violence-against-women-act-vawa\/\">Peticiones VAWA<\/a><\/h5>\n<\/div>\n<\/div>\n<\/div>\n","protected":false},"excerpt":{"rendered":"<p>Inmigraci\u00f3n basada en la familia Hijo adulto de residente permanente legal C\u00f3nyuge o hijo menor de residente permanente legal C\u00f3nyuge o hijo menor de ciudadano estadounidense Hijo adulto de ciudadano estadounidense Hermano de ciudadano estadounidense Requisitos para visas basadas en la familia Inmigraci\u00f3n basada en la familia La inmigraci\u00f3n familiar es una forma de que [&hellip;]<\/p>\n","protected":false},"author":25,"featured_media":0,"parent":0,"menu_order":0,"comment_status":"closed","ping_status":"closed","template":"template-parts\/full-width-page.php","meta":{"_acf_changed":false,"_oasis_is_in_workflow":0,"_oasis_original":0,"_oasis_task_priority":"","footnotes":""},"class_list":["post-6468","page","type-page","status-publish","hentry","entry"],"acf":[],"_links":{"self":[{"href":"https:\/\/sverdlofflaw.com\/es\/wp-json\/wp\/v2\/pages\/6468","targetHints":{"allow":["GET"]}}],"collection":[{"href":"https:\/\/sverdlofflaw.com\/es\/wp-json\/wp\/v2\/pages"}],"about":[{"href":"https:\/\/sverdlofflaw.com\/es\/wp-json\/wp\/v2\/types\/page"}],"author":[{"embeddable":true,"href":"https:\/\/sverdlofflaw.com\/es\/wp-json\/wp\/v2\/users\/25"}],"replies":[{"embeddable":true,"href":"https:\/\/sverdlofflaw.com\/es\/wp-json\/wp\/v2\/comments?post=6468"}],"version-history":[{"count":1,"href":"https:\/\/sverdlofflaw.com\/es\/wp-json\/wp\/v2\/pages\/6468\/revisions"}],"predecessor-version":[{"id":6469,"href":"https:\/\/sverdlofflaw.com\/es\/wp-json\/wp\/v2\/pages\/6468\/revisions\/6469"}],"wp:attachment":[{"href":"https:\/\/sverdlofflaw.com\/es\/wp-json\/wp\/v2\/media?parent=6468"}],"curies":[{"name":"wp","href":"https:\/\/api.w.org\/{rel}","templated":true}]}}