{"id":6465,"date":"2023-08-24T16:12:14","date_gmt":"2023-08-24T21:12:14","guid":{"rendered":"https:\/\/sverdlofflaw.com\/?page_id=6465"},"modified":"2024-10-29T14:55:21","modified_gmt":"2024-10-29T19:55:21","slug":"politica-de-privacidad","status":"publish","type":"page","link":"https:\/\/sverdlofflaw.com\/es\/politica-de-privacidad\/","title":{"rendered":"Pol\u00edtica de privacidad"},"content":{"rendered":"<h2>Pol\u00edtica de privacidad<\/h2>\n<p>Esta Pol\u00edtica de privacidad describe las pol\u00edticas de este sitio web sobre la recopilaci\u00f3n, el uso y la divulgaci\u00f3n de la informaci\u00f3n que recopilamos cuando utiliza nuestro sitio web (el &#8220;Servicio&#8221;). Al acceder o utilizar el Servicio, usted acepta la recopilaci\u00f3n, el uso y la divulgaci\u00f3n de su informaci\u00f3n de acuerdo con esta Pol\u00edtica de privacidad. Si no acepta esto, no acceda ni utilice el Servicio.<\/p>\n<p>Podemos modificar esta Pol\u00edtica de privacidad en cualquier momento sin previo aviso y publicaremos la Pol\u00edtica de privacidad revisada en el Servicio. La Pol\u00edtica revisada entrar\u00e1 en vigor 180 d\u00edas despu\u00e9s de su publicaci\u00f3n en el Servicio y su acceso o uso continuo del Servicio despu\u00e9s de ese tiempo constituir\u00e1 su aceptaci\u00f3n de la Pol\u00edtica de privacidad revisada. Por lo tanto, le recomendamos que revise peri\u00f3dicamente esta p\u00e1gina.<\/p>\n<h2>Informaci\u00f3n que recopilamos:<\/h2>\n<p>Podemos recopilar y procesar la siguiente informaci\u00f3n personal sobre usted, incluyendo, entre otros:<\/p>\n<ol>\n<li>Nombre<\/li>\n<li>Correo electr\u00f3nico<\/li>\n<li>M\u00f3vil<\/li>\n<li>Perfil en redes sociales<\/li>\n<li>Fecha de nacimiento<\/li>\n<li>Direcci\u00f3n<\/li>\n<li>Direcci\u00f3n de trabajo<\/li>\n<li>Informaci\u00f3n de pago<\/li>\n<\/ol>\n<h2>C\u00f3mo recopilamos su informaci\u00f3n:<\/h2>\n<p>Recopilamos\/recibimos informaci\u00f3n sobre usted de la siguiente manera:<\/p>\n<ol>\n<li>Cuando un usuario completa el formulario de registro o env\u00eda de otro modo informaci\u00f3n personal<\/li>\n<li>Interact\u00faa con el sitio web<\/li>\n<li>De fuentes p\u00fablicas<\/li>\n<\/ol>\n<h2>C\u00f3mo utilizamos su informaci\u00f3n:<\/h2>\n<p>Podemos utilizar la informaci\u00f3n que recopilemos sobre usted para los siguientes fines, incluidos, entre otros:<\/p>\n<ol>\n<li>Marketing\/Promoci\u00f3n<\/li>\n<li>Testimonios<\/li>\n<li>Recopilaci\u00f3n de comentarios de clientes<\/li>\n<li>Procesando pago<\/li>\n<li>Apoyo<\/li>\n<li>Informaci\u00f3n de administraci\u00f3n<\/li>\n<li>Publicidad dirigida<\/li>\n<li>Protecci\u00f3n del sitio<\/li>\n<\/ol>\n<p>Si deseamos utilizar su informaci\u00f3n para cualquier otro prop\u00f3sito, le solicitaremos su consentimiento y utilizaremos su informaci\u00f3n solo despu\u00e9s de recibir su consentimiento y, luego, solo para los fines para los cuales otorg\u00f3 el consentimiento, a menos que la ley nos obligue a hacer lo contrario.<\/p>\n<h2>C\u00f3mo compartimos su informaci\u00f3n:<\/h2>\n<p>No transferiremos su informaci\u00f3n personal a ning\u00fan tercero sin solicitar su consentimiento, excepto en circunstancias limitadas como se describe a continuaci\u00f3n:<\/p>\n<ol>\n<li>Servicio de publicidad<\/li>\n<li>Patrocinadores<\/li>\n<li>Agencias de marketing<\/li>\n<li>Entidades jur\u00eddicas<\/li>\n<li>Anal\u00edtica<\/li>\n<li>Servicios de recuperaci\u00f3n de pagos<\/li>\n<li>Recopilaci\u00f3n y procesamiento de datos<\/li>\n<\/ol>\n<p>Requerimos que dichos terceros utilicen la informaci\u00f3n personal que les transferimos solo para el prop\u00f3sito para el cual fue transferida y no la retengan por m\u00e1s tiempo de lo necesario para cumplir dicho prop\u00f3sito.<\/p>\n<p>No se compartir\u00e1 informaci\u00f3n m\u00f3vil con terceros ni afiliados con fines de marketing o promoci\u00f3n. Todas las dem\u00e1s categor\u00edas excluyen los datos de suscripci\u00f3n y consentimiento del remitente de los mensajes de texto; esta informaci\u00f3n no se compartir\u00e1 con ning\u00fan tercero.<\/p>\n<p>Tambi\u00e9n podemos divulgar su informaci\u00f3n personal para lo siguiente: (1) para cumplir con la ley, la reglamentaci\u00f3n, la orden judicial u otro proceso legal aplicable; (2) para hacer cumplir sus acuerdos con nosotros, incluida esta Pol\u00edtica de privacidad; o (3) para responder a reclamos de que su uso del Servicio viola los derechos de terceros. Si el Servicio o nuestra empresa se fusionan o se adquieren con otra empresa, su informaci\u00f3n ser\u00e1 uno de los activos que se transfieren al nuevo propietario.<\/p>\n<h2>Retenci\u00f3n de su informaci\u00f3n:<\/h2>\n<p>Conservaremos su informaci\u00f3n personal durante 90 d\u00edas a 2 a\u00f1os despu\u00e9s de que los usuarios cancelen sus cuentas o durante el tiempo que la necesitemos para cumplir con los fines para los que se recopil\u00f3, tal como se detalla en esta Pol\u00edtica de privacidad. Es posible que necesitemos conservar cierta informaci\u00f3n durante per\u00edodos m\u00e1s prolongados, como el mantenimiento de registros o la elaboraci\u00f3n de informes de conformidad con la ley aplicable o por otras razones leg\u00edtimas, como el cumplimiento de derechos legales, la prevenci\u00f3n de fraudes, etc. La informaci\u00f3n an\u00f3nima residual y la informaci\u00f3n agregada, que no lo identifiquen (directa o indirectamente), pueden almacenarse indefinidamente.<\/p>\n<h2>Sus derechos:<\/h2>\n<p>Dependiendo de la ley aplicable, usted puede tener derecho a acceder, rectificar o borrar sus datos personales o recibir una copia de sus datos personales, restringir u oponerse al procesamiento activo de sus datos, solicitarnos que compartamos (portemos) su informaci\u00f3n personal a otra entidad, retirar cualquier consentimiento que nos haya proporcionado para procesar sus datos, derecho a presentar una queja ante una autoridad legal y otros derechos que puedan ser relevantes seg\u00fan las leyes aplicables. Para ejercer estos derechos, puede escribirnos completando el formulario de contacto de este sitio web. Responderemos a su solicitud de acuerdo con la ley aplicable.<\/p>\n<p>Puede optar por no recibir comunicaciones de marketing directo o la elaboraci\u00f3n de perfiles que realizamos con fines de marketing completando el formulario de contacto de este sitio web con dicha solicitud.<\/p>\n<p>Tenga en cuenta que si no nos permite recopilar o procesar la informaci\u00f3n personal requerida o retira el consentimiento para procesarla para los fines requeridos, es posible que no pueda acceder ni utilizar los servicios para los que se solicit\u00f3 su informaci\u00f3n.<\/p>\n<h2>Seguridad:<\/h2>\n<p>La seguridad de su informaci\u00f3n es importante para nosotros y utilizaremos medidas de seguridad razonables para evitar la p\u00e9rdida, el uso indebido o la alteraci\u00f3n no autorizada de la informaci\u00f3n que se encuentra bajo nuestro control. Sin embargo, dados los riesgos inherentes, no podemos garantizar la seguridad absoluta y, en consecuencia, no podemos asegurar ni garantizar la seguridad de la informaci\u00f3n que nos transmita y lo hace por su cuenta y riesgo.<\/p>\n<h2>Delegado de Quejas \/ Protecci\u00f3n de Datos:<\/h2>\n<p>Si tiene alguna pregunta o inquietud sobre el procesamiento de su informaci\u00f3n que est\u00e1 disponible en nuestro sitio web, puede enviar un correo electr\u00f3nico a nuestro Responsable de quejas completando el formulario de contacto en el sitio web. Abordaremos sus inquietudes de acuerdo con la ley aplicable.<\/p>\n","protected":false},"excerpt":{"rendered":"<p>Pol\u00edtica de privacidad Esta Pol\u00edtica de privacidad describe las pol\u00edticas de este sitio web sobre la recopilaci\u00f3n, el uso y la divulgaci\u00f3n de la informaci\u00f3n que recopilamos cuando utiliza nuestro sitio web (el &#8220;Servicio&#8221;). Al acceder o utilizar el Servicio, usted acepta la recopilaci\u00f3n, el uso y la divulgaci\u00f3n de su informaci\u00f3n de acuerdo con [&hellip;]<\/p>\n","protected":false},"author":25,"featured_media":0,"parent":0,"menu_order":0,"comment_status":"closed","ping_status":"closed","template":"","meta":{"_acf_changed":false,"_oasis_is_in_workflow":0,"_oasis_original":0,"_oasis_task_priority":"","footnotes":""},"class_list":["post-6465","page","type-page","status-publish","hentry","entry"],"acf":[],"_links":{"self":[{"href":"https:\/\/sverdlofflaw.com\/es\/wp-json\/wp\/v2\/pages\/6465","targetHints":{"allow":["GET"]}}],"collection":[{"href":"https:\/\/sverdlofflaw.com\/es\/wp-json\/wp\/v2\/pages"}],"about":[{"href":"https:\/\/sverdlofflaw.com\/es\/wp-json\/wp\/v2\/types\/page"}],"author":[{"embeddable":true,"href":"https:\/\/sverdlofflaw.com\/es\/wp-json\/wp\/v2\/users\/25"}],"replies":[{"embeddable":true,"href":"https:\/\/sverdlofflaw.com\/es\/wp-json\/wp\/v2\/comments?post=6465"}],"version-history":[{"count":2,"href":"https:\/\/sverdlofflaw.com\/es\/wp-json\/wp\/v2\/pages\/6465\/revisions"}],"predecessor-version":[{"id":6467,"href":"https:\/\/sverdlofflaw.com\/es\/wp-json\/wp\/v2\/pages\/6465\/revisions\/6467"}],"wp:attachment":[{"href":"https:\/\/sverdlofflaw.com\/es\/wp-json\/wp\/v2\/media?parent=6465"}],"curies":[{"name":"wp","href":"https:\/\/api.w.org\/{rel}","templated":true}]}}