{"id":6460,"date":"2023-06-17T14:08:00","date_gmt":"2023-06-17T19:08:00","guid":{"rendered":"https:\/\/sverdlofflaw.com\/?page_id=6460"},"modified":"2024-10-29T14:52:13","modified_gmt":"2024-10-29T19:52:13","slug":"mandamiento-judicial","status":"publish","type":"page","link":"https:\/\/sverdlofflaw.com\/es\/servicios-de-inmigracion\/mandamiento-judicial\/","title":{"rendered":"Mandamiento Judicial"},"content":{"rendered":"<p>El proceso de inmigraci\u00f3n puede ser complicado. Aunque est\u00e9 intentando obtener su tarjeta verde, la burocracia puede hacer que el procedimiento sea largo. Hay muchos obst\u00e1culos que puede tener que superar en el proceso y, a veces, su caso puede estancarse. En algunos casos, un mandato judicial puede ser \u00fatil. Un <a href=\"https:\/\/sverdlofflaw.com\/immigration-services\/green-card-lawyer-chicago\/\">abogado de inmigraci\u00f3n de Illinois <\/a>le ayudar\u00e1 a obtener una tarjeta verde.<\/p>\n<h2>\u00bfQu\u00e9 es un Mandamiento Judicial?<\/h2>\n<p>Un mandamiento judicial es una solicitud legal civil dirigida a un tribunal para remediar una acci\u00f3n que a\u00fan no se ha resuelto. En el caso de inmigraci\u00f3n, un writ of mandamus solicita al tribunal federal que requiera que el USCIS o el Departamento de Estado tomen una decisi\u00f3n sobre su caso. En efecto, el mandamiento judicial es una solicitud para acelerar el proceso cuando un caso est\u00e1 tomando demasiado tiempo. El tribunal efectivamente requerir\u00e1 que el USCIS tome medidas sobre su petici\u00f3n original.<\/p>\n<h2>C\u00f3mo un Mandamiento Judicial puede acelerar su caso de inmigraci\u00f3n<\/h2>\n<p>El USCIS est\u00e1 ocupado y probablemente sobrecargado de trabajo. Tienen muchas m\u00e1s solicitudes de las que pueden procesar en un per\u00edodo de tiempo aceptable. Como resultado, algunas personas pueden esperar meses o incluso a\u00f1os para recibir una decisi\u00f3n sobre su petici\u00f3n de inmigraci\u00f3n. El writ of mandamus es una forma de pedirle al tribunal superior que intervenga en su nombre y obligue al USCIS a tomar una decisi\u00f3n en su caso de inmigraci\u00f3n. El USCIS debe responder a un writ of mandamus dentro de los 60 d\u00edas.<\/p>\n<h2>C\u00f3mo presentar una orden judicial de mandamus<\/h2>\n<p>La <a href=\"https:\/\/www.archives.gov\/federal-register\/laws\/administrative-procedure\" target=\"_blank\" rel=\"noopener\">Ley de Procedimientos Administrativos (APA, por sus siglas en ingl\u00e9s) <\/a>es una ley federal que permite a un solicitante presentar una demanda contra el USCIS u otras agencias federales. Para solicitar un mandato judicial, debe poder demostrar ante el tribunal que tiene derecho a solicitar una reparaci\u00f3n. Tambi\u00e9n debe demostrar que ha agotado todas las dem\u00e1s formas de recurso. En otras palabras, el mandato judicial suele considerarse un \u00faltimo recurso. Para comenzar el proceso, debe presentar una petici\u00f3n en un tribunal federal.<\/p>\n<h2>\u00bfQu\u00e9 sucede despu\u00e9s de presentar una orden de mandamiento?<\/h2>\n<p>El juez del tribunal federal revisar\u00e1 el mandato judicial y emitir\u00e1 un fallo. Luego, el juez ordenar\u00e1 al USCIS que cumpla con sus funciones. El <a href=\"https:\/\/www.uscis.gov\/\" target=\"_blank\" rel=\"noopener\">USCIS <\/a>debe revisar su caso de inmigraci\u00f3n de manera oportuna. El USCIS debe responder al mandato dentro de los 60 d\u00edas o solicitar una extensi\u00f3n. Por lo general, el USCIS revisar\u00e1 su caso y tomar\u00e1 una determinaci\u00f3n. Es importante tener en cuenta que un mandato judicial no garantiza el resultado del caso. En cambio, simplemente requiere que el USCIS complete su revisi\u00f3n de su petici\u00f3n. Aprobar\u00e1 o rechazar\u00e1 su petici\u00f3n seg\u00fan los detalles de su caso. Un <a href=\"https:\/\/sverdlofflaw.com\/immigration-services\/\">abogado de inmigraci\u00f3n con experiencia en Illinois <\/a>lo ayudar\u00e1 con el proceso de solicitud de un mndamiento judicial.<\/p>\n<p>Si el proceso de inmigraci\u00f3n est\u00e1 demorando m\u00e1s de lo debido, es posible que pueda solicitar una orden judicial. Hable sobre el asunto con nuestros abogados expertos en inmigraci\u00f3n de <a href=\"https:\/\/sverdlofflaw.com\/contact-us\/\">Sverdloff <\/a><a href=\"https:\/\/sverdlofflaw.com\/contact-us\/\">Law Group <\/a>al (312) 238-9090 hoy mismo.<\/p>\n","protected":false},"excerpt":{"rendered":"<p>El proceso de inmigraci\u00f3n puede ser complicado. Aunque est\u00e9 intentando obtener su tarjeta verde, la burocracia puede hacer que el procedimiento sea largo. Hay muchos obst\u00e1culos que puede tener que superar en el proceso y, a veces, su caso puede estancarse. En algunos casos, un mandato judicial puede ser \u00fatil. Un abogado de inmigraci\u00f3n de [&hellip;]<\/p>\n","protected":false},"author":25,"featured_media":6461,"parent":6468,"menu_order":0,"comment_status":"closed","ping_status":"closed","template":"","meta":{"_acf_changed":false,"_oasis_is_in_workflow":0,"_oasis_original":0,"_oasis_task_priority":"","footnotes":""},"class_list":["post-6460","page","type-page","status-publish","has-post-thumbnail","hentry","entry"],"acf":[],"_links":{"self":[{"href":"https:\/\/sverdlofflaw.com\/es\/wp-json\/wp\/v2\/pages\/6460","targetHints":{"allow":["GET"]}}],"collection":[{"href":"https:\/\/sverdlofflaw.com\/es\/wp-json\/wp\/v2\/pages"}],"about":[{"href":"https:\/\/sverdlofflaw.com\/es\/wp-json\/wp\/v2\/types\/page"}],"author":[{"embeddable":true,"href":"https:\/\/sverdlofflaw.com\/es\/wp-json\/wp\/v2\/users\/25"}],"replies":[{"embeddable":true,"href":"https:\/\/sverdlofflaw.com\/es\/wp-json\/wp\/v2\/comments?post=6460"}],"version-history":[{"count":2,"href":"https:\/\/sverdlofflaw.com\/es\/wp-json\/wp\/v2\/pages\/6460\/revisions"}],"predecessor-version":[{"id":6463,"href":"https:\/\/sverdlofflaw.com\/es\/wp-json\/wp\/v2\/pages\/6460\/revisions\/6463"}],"up":[{"embeddable":true,"href":"https:\/\/sverdlofflaw.com\/es\/wp-json\/wp\/v2\/pages\/6468"}],"wp:featuredmedia":[{"embeddable":true,"href":"https:\/\/sverdlofflaw.com\/es\/wp-json\/wp\/v2\/media\/6461"}],"wp:attachment":[{"href":"https:\/\/sverdlofflaw.com\/es\/wp-json\/wp\/v2\/media?parent=6460"}],"curies":[{"name":"wp","href":"https:\/\/api.w.org\/{rel}","templated":true}]}}