{"id":6455,"date":"2023-08-26T09:42:00","date_gmt":"2023-08-26T14:42:00","guid":{"rendered":"https:\/\/sverdlofflaw.com\/?page_id=6455"},"modified":"2024-10-29T14:51:25","modified_gmt":"2024-10-29T19:51:25","slug":"participantes-del-programa-de-exencion-de-visas-vwp","status":"publish","type":"page","link":"https:\/\/sverdlofflaw.com\/es\/servicios-de-inmigracion\/participantes-del-programa-de-exencion-de-visas-vwp\/","title":{"rendered":"Participantes del Programa de Exenci\u00f3n de Visas (VWP)"},"content":{"rendered":"<h2>Servicios de inmigraci\u00f3n para participantes del programa de exenci\u00f3n de visa<\/h2>\n<p>Sverdloff Law Group ha sido durante mucho tiempo un socio de confianza para quienes enfrentan las complejidades de la ley de inmigraci\u00f3n de los EE. UU. Ayudamos a las personas elegibles admitidas bajo el Programa de Exenci\u00f3n de Visa (VWP) que desean ajustar su estatus y permanecer legalmente en los Estados Unidos.<\/p>\n<p>Para obtener m\u00e1s informaci\u00f3n sobre todos nuestros servicios de inmigraci\u00f3n y c\u00f3mo podemos ayudarlo, <a href=\"https:\/\/sverdlofflaw.com\/contact-us\/\">comun\u00edquese con nuestras oficinas <\/a>hoy mismo.<\/p>\n<h2>Experiencia en casos de Programas de Exenci\u00f3n de Visas<\/h2>\n<p>El <a href=\"https:\/\/uscode.house.gov\/view.xhtml?req=granuleid:USC-prelim-title8-section1187&amp;num=0&amp;edition=prelim\" target=\"_blank\" rel=\"noopener\">Programa de Exenci\u00f3n de Visas <\/a>permite a los extranjeros que re\u00fanen los requisitos de los pa\u00edses designados ingresar a los EE. UU. por hasta 90 d\u00edas sin <a href=\"https:\/\/sverdlofflaw.com\/visa-application-process\/\">obtener una visa <\/a>. La mayor\u00eda de las personas admitidas bajo el VWP no son elegibles para ajustar su estatus (durante o despu\u00e9s del per\u00edodo de 90 d\u00edas), pero existen excepciones importantes. Incluso cuando usted es elegible para el ajuste, puede ser un proceso complejo. Ah\u00ed es donde entramos nosotros. Nuestros abogados de inmigraci\u00f3n con experiencia est\u00e1n bien versados en la ley de inmigraci\u00f3n, lo que nos da un profundo conocimiento de los desaf\u00edos y oportunidades \u00fanicos inherentes a los casos del VWP.<\/p>\n<h2>Ajuste de estatus para familiares inmediatos<\/h2>\n<p>Si fue admitido en los EE. UU. bajo el VWP y tiene <a href=\"https:\/\/sverdlofflaw.com\/immigration-services\/family-based-immigration\/\">familiares directos que sean ciudadanos estadounidenses <\/a>, puede ser elegible para ajustar su estatus y permanecer m\u00e1s all\u00e1 del per\u00edodo de 90 d\u00edas. Incluso aquellos que se quedaron m\u00e1s de los 90 d\u00edas pueden ser elegibles para el ajuste de estatus siempre que cumplan con ciertas condiciones.<\/p>\n<p>Aunque la ley generalmente proh\u00edbe a los participantes del VWP ajustar su estatus, existe una excepci\u00f3n para los familiares directos de ciudadanos estadounidenses. Se ha <a href=\"https:\/\/www.uscis.gov\/sites\/default\/files\/document\/memos\/2013-1114_AOS_VWP_Entrants_PM_Effective.pdf\" target=\"_blank\" rel=\"noopener\">ordenado a las oficinas locales del USCIS que dicten sentencia sobre <\/a>los casos de ajuste de estatus presentados por familiares directos de ciudadanos estadounidenses admitidos bajo el VWP. Esto incluye los casos en los que el Formulario I-485 se present\u00f3 despu\u00e9s del per\u00edodo de admisi\u00f3n de 90 d\u00edas.<\/p>\n<p>La decisi\u00f3n de conceder el ajuste queda, en \u00faltima instancia, a discreci\u00f3n del Departamento de Seguridad Nacional (DHS). Contar con un abogado de inmigraci\u00f3n experto y experimentado de Sverdloff Law Group que lo defienda puede marcar la diferencia.<\/p>\n<h2>C\u00f3mo podemos ayudar<\/h2>\n<p>Desde determinar su elegibilidad para el cambio de estatus hasta reunir la documentaci\u00f3n y enviar su solicitud al USCIS, Sverdloff Law Group estar\u00e1 a su lado. Entendemos la importancia de la familia y estamos comprometidos a ayudarlo a permanecer con sus seres queridos en los Estados Unidos.<\/p>\n<p>Nuestro equipo est\u00e1 listo para guiarlo en cada paso del proceso de inmigraci\u00f3n. Estamos bien preparados para manejar estas circunstancias y asegurarnos de que su caso reciba la atenci\u00f3n que merece.<\/p>\n<h2>Cont\u00e1ctenos<\/h2>\n<p>Si usted o un miembro de su familia fueron admitidos en los EE. UU. bajo el VWP y est\u00e1n considerando un Ajuste de Estatus, no dude en comunicarse con nosotros. <a href=\"https:\/\/sverdlofflaw.com\/contact-us\/\">Comun\u00edquese con <\/a><a href=\"https:\/\/sverdlofflaw.com\/contact-us\/\">Sverdloff <\/a><a href=\"https:\/\/sverdlofflaw.com\/contact-us\/\">Law Group <\/a>hoy mismo para analizar sus opciones en detalle. Conf\u00ede en nuestra experiencia y perm\u00edtanos guiarlo hacia un resultado exitoso.<\/p>\n<p>En Sverdloff Law Group, no somos solo sus abogados: somos sus socios en el camino hacia la residencia legal en los Estados Unidos. Empecemos este viaje juntos.<\/p>\n<p>Desde nuestras oficinas en Chicago y Northbrook, Illinois, atendemos a clientes de todo el mundo. Nuestro personal habla con fluidez ucraniano, ruso, serbio, croata, bosnio y espa\u00f1ol.<\/p>\n","protected":false},"excerpt":{"rendered":"<p>Servicios de inmigraci\u00f3n para participantes del programa de exenci\u00f3n de visa Sverdloff Law Group ha sido durante mucho tiempo un socio de confianza para quienes enfrentan las complejidades de la ley de inmigraci\u00f3n de los EE. UU. Ayudamos a las personas elegibles admitidas bajo el Programa de Exenci\u00f3n de Visa (VWP) que desean ajustar su [&hellip;]<\/p>\n","protected":false},"author":25,"featured_media":6456,"parent":6468,"menu_order":0,"comment_status":"closed","ping_status":"closed","template":"","meta":{"_acf_changed":false,"_oasis_is_in_workflow":0,"_oasis_original":0,"_oasis_task_priority":"","footnotes":""},"class_list":["post-6455","page","type-page","status-publish","has-post-thumbnail","hentry","entry"],"acf":[],"_links":{"self":[{"href":"https:\/\/sverdlofflaw.com\/es\/wp-json\/wp\/v2\/pages\/6455","targetHints":{"allow":["GET"]}}],"collection":[{"href":"https:\/\/sverdlofflaw.com\/es\/wp-json\/wp\/v2\/pages"}],"about":[{"href":"https:\/\/sverdlofflaw.com\/es\/wp-json\/wp\/v2\/types\/page"}],"author":[{"embeddable":true,"href":"https:\/\/sverdlofflaw.com\/es\/wp-json\/wp\/v2\/users\/25"}],"replies":[{"embeddable":true,"href":"https:\/\/sverdlofflaw.com\/es\/wp-json\/wp\/v2\/comments?post=6455"}],"version-history":[{"count":3,"href":"https:\/\/sverdlofflaw.com\/es\/wp-json\/wp\/v2\/pages\/6455\/revisions"}],"predecessor-version":[{"id":6459,"href":"https:\/\/sverdlofflaw.com\/es\/wp-json\/wp\/v2\/pages\/6455\/revisions\/6459"}],"up":[{"embeddable":true,"href":"https:\/\/sverdlofflaw.com\/es\/wp-json\/wp\/v2\/pages\/6468"}],"wp:featuredmedia":[{"embeddable":true,"href":"https:\/\/sverdlofflaw.com\/es\/wp-json\/wp\/v2\/media\/6456"}],"wp:attachment":[{"href":"https:\/\/sverdlofflaw.com\/es\/wp-json\/wp\/v2\/media?parent=6455"}],"curies":[{"name":"wp","href":"https:\/\/api.w.org\/{rel}","templated":true}]}}