{"id":6452,"date":"2023-10-29T16:39:00","date_gmt":"2023-10-29T21:39:00","guid":{"rendered":"https:\/\/sverdlofflaw.com\/?page_id=6452"},"modified":"2024-10-29T14:50:12","modified_gmt":"2024-10-29T19:50:12","slug":"preguntas-frecuentes-sobre-visas","status":"publish","type":"page","link":"https:\/\/sverdlofflaw.com\/es\/servicios-de-inmigracion\/preguntas-frecuentes-sobre-visas\/","title":{"rendered":"Preguntas frecuentes sobre visas"},"content":{"rendered":"<p>Millones de extranjeros que ingresan a los Estados Unidos por motivos de turismo o por oportunidades laborales necesitan una visa antes de ser admitidos. Sin embargo, solicitar una visa no siempre es f\u00e1cil y la gente tiene muchas preguntas sobre el proceso, c\u00f3mo reemplazar una visa y m\u00e1s. A continuaci\u00f3n, nuestro <a href=\"https:\/\/sverdlofflaw.com\/attorney-profile\/\">abogado de inmigraci\u00f3n de Illinois <\/a>describe algunas de las preguntas m\u00e1s frecuentes que escuchamos y las respuestas a las mismas.<\/p>\n<h2>\u00bfCu\u00e1ndo debo solicitar una visa?<\/h2>\n<p>La mayor\u00eda de las solicitudes de visa se procesan en un plazo de dos a tres d\u00edas h\u00e1biles. En algunos casos, se requiere un procesamiento adicional, que puede demorar hasta doce semanas. Para asegurarse de recibir su visa cuando la necesite, debe presentar la solicitud lo antes posible, o aproximadamente con tres meses de anticipaci\u00f3n.<\/p>\n<h2>\u00bfQu\u00e9 utilizar si la direcci\u00f3n del pasaporte y la direcci\u00f3n del domicilio son diferentes?<\/h2>\n<p>Siempre debe utilizar su direcci\u00f3n de domicilio actual, incluso si la direcci\u00f3n que figura en su pasaporte es diferente. Una direcci\u00f3n diferente en el pasaporte no suele presentar ning\u00fan problema.<\/p>\n<h2>Ten\u00eda una visa v\u00e1lida en mi pasaporte, pero la perd\u00ed o me la robaron. \u00bfQu\u00e9 hago?<\/h2>\n<p>No <a href=\"https:\/\/travel.state.gov\/content\/travel\/en\/us-visas\/visa-information-resources\/lost-stolen-visas.html#:~:text=Lost%20or%20stolen%20U.S.%20visas,of%20your%20passport%20and%20visa.\" target=\"_blank\" rel=\"noopener\">es posible reemplazar una visa perdida o robada <\/a>en los Estados Unidos. Para reemplazar una visa, debe presentar la solicitud en persona en la Embajada o el Consulado de los EE. UU. que emiti\u00f3 la visa. Debe proporcionar un relato detallado por escrito sobre la p\u00e9rdida de su pasaporte y visa.<\/p>\n<h2>\u00bfCu\u00e1nto tiempo necesito un pasaporte v\u00e1lido antes de solicitar una visa?<\/h2>\n<p>Para viajar a Estados Unidos, debe llevar consigo un pasaporte v\u00e1lido . El pasaporte debe tener una validez m\u00ednima de seis meses m\u00e1s all\u00e1 del per\u00edodo de estad\u00eda previsto en el pa\u00eds.<\/p>\n<h2>\u00bfSoy elegible para el Programa de exenci\u00f3n de visa?<\/h2>\n<p>Para ser elegible para el Programa de Exenci\u00f3n de Visa, primero debe ser <a href=\"https:\/\/sverdlofflaw.com\/immigration-services\/visa-waiver-program-vwp-participants\/\">ciudadano de un Programa de Exenci\u00f3n de Visa <\/a>. Tambi\u00e9n debe tener un pasaporte v\u00e1lido de lectura mec\u00e1nica y debe viajar temporalmente por un per\u00edodo de menos de 90 d\u00edas. Tambi\u00e9n debe obtener autorizaci\u00f3n a trav\u00e9s del Sistema Electr\u00f3nico de Autorizaci\u00f3n de Viaje (ESTA) y es posible que deba cumplir con otros requisitos del programa.<\/p>\n<h2>La visa de mi pasaporte a\u00fan es v\u00e1lida, pero el pasaporte est\u00e1 vencido. \u00bfNecesito una nueva visa?<\/h2>\n<p>No. Con una visa v\u00e1lida, puede ingresar a los Estados Unidos con su pasaporte nuevo y vencido. La visa no debe estar da\u00f1ada y debe ser del tipo correcto para el prop\u00f3sito de su viaje. Su nombre y otra informaci\u00f3n tambi\u00e9n deben coincidir en ambos pasaportes.<\/p>\n<h2>\u00bfPuedo extender mi visa?<\/h2>\n<p>No. Si su visa est\u00e1 a punto de vencer, debe solicitar una nueva y no puede simplemente extender su visa actual.<\/p>\n<h2>\u00bfC\u00f3mo puede ayudarme un abogado de inmigraci\u00f3n en Illinois?<\/h2>\n<p>El sistema de inmigraci\u00f3n en los Estados Unidos es extremadamente complejo y las leyes cambian constantemente. En Sverdloff Law Group, nuestro abogado de inmigraci\u00f3n de Illinois puede ayudarlo con el proceso de solicitud de visa y puede responder cualquier pregunta que tenga durante el proceso. Ll\u00e1menos ahora o cont\u00e1ctenos en l\u00ednea para <a href=\"https:\/\/sverdlofflaw.com\/contact-us\/\">solicitar una consulta <\/a>y obtener m\u00e1s informaci\u00f3n.<\/p>\n","protected":false},"excerpt":{"rendered":"<p>Millones de extranjeros que ingresan a los Estados Unidos por motivos de turismo o por oportunidades laborales necesitan una visa antes de ser admitidos. Sin embargo, solicitar una visa no siempre es f\u00e1cil y la gente tiene muchas preguntas sobre el proceso, c\u00f3mo reemplazar una visa y m\u00e1s. A continuaci\u00f3n, nuestro abogado de inmigraci\u00f3n de [&hellip;]<\/p>\n","protected":false},"author":25,"featured_media":6453,"parent":6468,"menu_order":0,"comment_status":"closed","ping_status":"closed","template":"template-parts\/faq-page.php","meta":{"_acf_changed":false,"_oasis_is_in_workflow":0,"_oasis_original":0,"_oasis_task_priority":"","footnotes":""},"class_list":["post-6452","page","type-page","status-publish","has-post-thumbnail","hentry","entry"],"acf":[],"_links":{"self":[{"href":"https:\/\/sverdlofflaw.com\/es\/wp-json\/wp\/v2\/pages\/6452","targetHints":{"allow":["GET"]}}],"collection":[{"href":"https:\/\/sverdlofflaw.com\/es\/wp-json\/wp\/v2\/pages"}],"about":[{"href":"https:\/\/sverdlofflaw.com\/es\/wp-json\/wp\/v2\/types\/page"}],"author":[{"embeddable":true,"href":"https:\/\/sverdlofflaw.com\/es\/wp-json\/wp\/v2\/users\/25"}],"replies":[{"embeddable":true,"href":"https:\/\/sverdlofflaw.com\/es\/wp-json\/wp\/v2\/comments?post=6452"}],"version-history":[{"count":1,"href":"https:\/\/sverdlofflaw.com\/es\/wp-json\/wp\/v2\/pages\/6452\/revisions"}],"predecessor-version":[{"id":6454,"href":"https:\/\/sverdlofflaw.com\/es\/wp-json\/wp\/v2\/pages\/6452\/revisions\/6454"}],"up":[{"embeddable":true,"href":"https:\/\/sverdlofflaw.com\/es\/wp-json\/wp\/v2\/pages\/6468"}],"wp:featuredmedia":[{"embeddable":true,"href":"https:\/\/sverdlofflaw.com\/es\/wp-json\/wp\/v2\/media\/6453"}],"wp:attachment":[{"href":"https:\/\/sverdlofflaw.com\/es\/wp-json\/wp\/v2\/media?parent=6452"}],"curies":[{"name":"wp","href":"https:\/\/api.w.org\/{rel}","templated":true}]}}