{"id":6448,"date":"2022-08-09T14:24:34","date_gmt":"2022-08-09T19:24:34","guid":{"rendered":"https:\/\/sverdlofflaw.com\/?page_id=6448"},"modified":"2024-10-29T14:47:24","modified_gmt":"2024-10-29T19:47:24","slug":"visas-u","status":"publish","type":"page","link":"https:\/\/sverdlofflaw.com\/es\/servicios-de-inmigracion\/visas-u\/","title":{"rendered":"Visas U"},"content":{"rendered":"<p>La visa U, tambi\u00e9n conocida como visa U de no inmigrante o estatus U de no inmigrante, est\u00e1 disponible en los Estados Unidos desde octubre de 2000. Las visas U est\u00e1n disponibles para personas que han sufrido abuso f\u00edsico o mental y han sido v\u00edctimas de ciertos delitos calificados, que detallamos a continuaci\u00f3n. Las personas deben haber participado activamente en la investigaci\u00f3n de agentes del orden p\u00fablico o en el procesamiento de actividades delictivas.<\/p>\n<p>El objetivo principal de las visas U es alentar a las v\u00edctimas a cooperar con el gobierno y los funcionarios encargados de hacer cumplir la ley, al mismo tiempo que se les brinda la protecci\u00f3n que necesitan las v\u00edctimas de delitos y sus familias. Los familiares de los titulares de visas U pueden solicitar una visa U-2, U-3 o U-4. Las personas que obtienen una visa U pueden <a href=\"https:\/\/sverdlofflaw.com\/immigration-services\/green-card-lawyer-chicago\/\">solicitar eventualmente una tarjeta verde, <\/a>pero tambi\u00e9n pueden permanecer en los Estados Unidos con una visa U por hasta cuatro a\u00f1os.<\/p>\n<h2>Elegibilidad para la visa U<\/h2>\n<p>Para obtener una <a href=\"https:\/\/www.dol.gov\/agencies\/whd\/immigration\/u-t-visa\" target=\"_blank\" rel=\"noopener\">visa U <\/a>, debes cumplir con ciertos requisitos. Estos son los siguientes:<\/p>\n<ul>\n<li>Debe haber sido v\u00edctima de un delito que califique para una visa U.<\/li>\n<li>Debe haber sufrido abuso mental o f\u00edsico como resultado del delito.<\/li>\n<li>Debe haber sido \u00fatil, estar siendo \u00fatil actualmente o considerarse que es probable que sea \u00fatil mediante certificaci\u00f3n durante un proceso o investigaci\u00f3n penal.<\/li>\n<li>El presunto delito ocurri\u00f3 en los Estados Unidos o se consider\u00f3 una violaci\u00f3n de las leyes estadounidenses mientras estaba fuera del pa\u00eds.<\/li>\n<\/ul>\n<p>Cuando la v\u00edctima del delito es menor de 16 a\u00f1os o no puede proporcionar informaci\u00f3n debido a una discapacidad, el padre, tutor o \u201camigo m\u00e1s cercano\u201d del menor puede proporcionar informaci\u00f3n en su nombre.<\/p>\n<h2>Delitos que califican para la elegibilidad de la visa U<\/h2>\n<p>La Ley de Protecci\u00f3n de V\u00edctimas de Trata y Violencia describe espec\u00edficamente 28 delitos penales que califican para la condici\u00f3n de visa U. Estos delitos incluyen:<\/p>\n<ul>\n<li>Contacto sexual abusivo<\/li>\n<li>Secuestro<\/li>\n<li>Extorsi\u00f3n<\/li>\n<li>Chantaje<\/li>\n<li>Violencia dom\u00e9stica<\/li>\n<li>Mutilaci\u00f3n genital femenina<\/li>\n<li>Encarcelamiento injusto<\/li>\n<li>Fraude en la contrataci\u00f3n de mano de obra extranjera<\/li>\n<li>Agresi\u00f3n criminal<\/li>\n<li>Toma de rehenes<\/li>\n<li>Fraude en la contrataci\u00f3n de mano de obra extranjera<\/li>\n<li>Servidumbre involuntaria<\/li>\n<li>Incesto<\/li>\n<li>Asesinato<\/li>\n<li>Homicidio involuntario<\/li>\n<li>Obstrucci\u00f3n de la justicia<\/li>\n<li>Secuestro<\/li>\n<li>Perjurio<\/li>\n<li>Esclavitud<\/li>\n<li>Violaci\u00f3n<\/li>\n<li>Prostituci\u00f3n<\/li>\n<li>Explotaci\u00f3n sexual<\/li>\n<li>Agresi\u00f3n sexual<\/li>\n<li>Tortura<\/li>\n<li>Acecho<\/li>\n<li>Trata de esclavos<\/li>\n<li>Manipulaci\u00f3n de testigos<\/li>\n<li>Detenci\u00f3n ilegal de un delito<\/li>\n<\/ul>\n<h2>Un abogado puede ayudarle a obtener la certificaci\u00f3n policial de un delito calificado<\/h2>\n<p>Como parte del proceso de solicitud, debe hacer que la agencia policial con la que est\u00e1 cooperando certifique el delito para obtener la Certificaci\u00f3n B de la visa U. La agencia de aplicaci\u00f3n de la ley federal, estatal o local involucrada en su caso completar\u00e1 el Formulario I-918 Suplemento B para una v\u00edctima que solicita una visa U. Este documento es una parte vital del proceso de la visa U, ya que proporciona evidencia de que ocurri\u00f3 un delito calificado y de que la v\u00edctima cooper\u00f3 con la acusaci\u00f3n. Su <a href=\"https:\/\/sverdlofflaw.com\/attorney-profile\/\">abogado de inmigraci\u00f3n <\/a>puede proporcionar una comunicaci\u00f3n efectiva y oportuna con cualquier agencia de aplicaci\u00f3n de la ley necesaria para ayudarlo a obtener una Certificaci\u00f3n B de la visa U.<\/p>\n<h2>Nuestro abogado de inmigraci\u00f3n en Illinois puede ayudarlo con su solicitud<\/h2>\n<p>Si ha sido v\u00edctima de ciertos delitos y busca obtener el estatus de inmigrante en los Estados Unidos, puede ser elegible para una visa U. En Sverdloff Law Group, nuestro <a href=\"https:\/\/sverdlofflaw.com\/contact-us\/\">abogado de inmigraci\u00f3n de Illinois <\/a>puede asesorarlo sobre si califica y ayudarlo en cada paso del proceso. Ll\u00e1menos hoy o cont\u00e1ctenos en l\u00ednea para programar una consulta y obtener m\u00e1s informaci\u00f3n sobre sus opciones legales.<\/p>\n","protected":false},"excerpt":{"rendered":"<p>La visa U, tambi\u00e9n conocida como visa U de no inmigrante o estatus U de no inmigrante, est\u00e1 disponible en los Estados Unidos desde octubre de 2000. Las visas U est\u00e1n disponibles para personas que han sufrido abuso f\u00edsico o mental y han sido v\u00edctimas de ciertos delitos calificados, que detallamos a continuaci\u00f3n. Las personas [&hellip;]<\/p>\n","protected":false},"author":25,"featured_media":6449,"parent":6468,"menu_order":0,"comment_status":"closed","ping_status":"closed","template":"","meta":{"_acf_changed":false,"_oasis_is_in_workflow":0,"_oasis_original":0,"_oasis_task_priority":"","footnotes":""},"class_list":["post-6448","page","type-page","status-publish","has-post-thumbnail","hentry","entry"],"acf":[],"_links":{"self":[{"href":"https:\/\/sverdlofflaw.com\/es\/wp-json\/wp\/v2\/pages\/6448","targetHints":{"allow":["GET"]}}],"collection":[{"href":"https:\/\/sverdlofflaw.com\/es\/wp-json\/wp\/v2\/pages"}],"about":[{"href":"https:\/\/sverdlofflaw.com\/es\/wp-json\/wp\/v2\/types\/page"}],"author":[{"embeddable":true,"href":"https:\/\/sverdlofflaw.com\/es\/wp-json\/wp\/v2\/users\/25"}],"replies":[{"embeddable":true,"href":"https:\/\/sverdlofflaw.com\/es\/wp-json\/wp\/v2\/comments?post=6448"}],"version-history":[{"count":2,"href":"https:\/\/sverdlofflaw.com\/es\/wp-json\/wp\/v2\/pages\/6448\/revisions"}],"predecessor-version":[{"id":6451,"href":"https:\/\/sverdlofflaw.com\/es\/wp-json\/wp\/v2\/pages\/6448\/revisions\/6451"}],"up":[{"embeddable":true,"href":"https:\/\/sverdlofflaw.com\/es\/wp-json\/wp\/v2\/pages\/6468"}],"wp:featuredmedia":[{"embeddable":true,"href":"https:\/\/sverdlofflaw.com\/es\/wp-json\/wp\/v2\/media\/6449"}],"wp:attachment":[{"href":"https:\/\/sverdlofflaw.com\/es\/wp-json\/wp\/v2\/media?parent=6448"}],"curies":[{"name":"wp","href":"https:\/\/api.w.org\/{rel}","templated":true}]}}