{"id":6444,"date":"2023-03-26T15:07:00","date_gmt":"2023-03-26T20:07:00","guid":{"rendered":"https:\/\/sverdlofflaw.com\/?page_id=6444"},"modified":"2024-10-29T14:46:00","modified_gmt":"2024-10-29T19:46:00","slug":"visas-de-estudiantes","status":"publish","type":"page","link":"https:\/\/sverdlofflaw.com\/es\/servicios-de-inmigracion\/visas-de-estudiantes\/","title":{"rendered":"Visas de estudiantes"},"content":{"rendered":"<p>Una persona que desee estudiar en los Estados Unidos puede ser elegible para una visa de estudiante. Las visas de estudiante permiten a los estudiantes internacionales vivir y estudiar legalmente en los EE. UU. mientras trabajan para obtener sus t\u00edtulos. Existen varios tipos de visas de estudiante, por lo que es importante determinar para cu\u00e1l califica y cu\u00e1l es la mejor opci\u00f3n para sus circunstancias. Puede calificar para el <a href=\"https:\/\/www.ice.gov\/sevis\" target=\"_blank\" rel=\"noopener\">programa de estudiantes y visitantes de intercambio <\/a>. Un abogado de inmigraci\u00f3n con experiencia lo ayudar\u00e1 a revisar sus necesidades y lo ayudar\u00e1 con el proceso de solicitud de visa.<\/p>\n<h2>Tipos de visas de estudiantes<\/h2>\n<p>Hay tres tipos principales de visas de estudiante disponibles a trav\u00e9s del Servicio de Ciudadan\u00eda e Inmigraci\u00f3n de los Estados Unidos (USCIS).<\/p>\n<ul>\n<li><strong>Visa F1 <\/strong>: la visa F1 est\u00e1 destinada a estudiantes de otros pa\u00edses que asisten a un programa acad\u00e9mico en los Estados Unidos. Este es el tipo de visa de estudiante m\u00e1s com\u00fan. Para calificar para una visa F1, debes ser estudiante a tiempo completo.<\/li>\n<\/ul>\n<ul>\n<li><strong>Visa J1 <\/strong>: la visa J1 es una visa para estudiantes que necesitan recibir capacitaci\u00f3n pr\u00e1ctica en su campo de estudio que no est\u00e1 disponible en su pa\u00eds de origen. Esta visa es similar a la visa F1.<\/li>\n<\/ul>\n<ul>\n<li><strong>Visa M1 <\/strong>: la visa M1 es para estudiantes que desean participar en una capacitaci\u00f3n que no sea acad\u00e9mica. Un ejemplo de esto ser\u00eda una escuela vocacional. Debe demostrar que tiene el dinero disponible para pagar su matr\u00edcula y sus gastos de manutenci\u00f3n durante la duraci\u00f3n de su estad\u00eda en los EE. UU.<\/li>\n<\/ul>\n<p>Es importante tener en cuenta que a los estudiantes con visa F1 o J1 generalmente se les <a href=\"https:\/\/www.uscis.gov\/working-in-the-united-states\/students-and-exchange-visitors\/students-and-employment\" target=\"_blank\" rel=\"noopener\">permite trabajar <\/a>solo de manera limitada mientras estudian. Se les puede permitir trabajar en el campus hasta por 20 horas, pero no se les garantiza el empleo. Por lo tanto, los estudiantes deben tener los fondos necesarios para sus estudios, adem\u00e1s de alojamiento y comida.<\/p>\n<h2>Requisitos para visas de estudiantes<\/h2>\n<p>Para empezar, tendr\u00e1s que verificar tu elegibilidad con la escuela en la que planeas asistir a clases. Cada escuela tiene sus propios criterios que debes cumplir para ser aceptado como estudiante. Debes tener apoyo financiero disponible para cubrir tus gastos mientras asistes a la escuela. Recuerda que, como m\u00e1ximo, solo podr\u00e1s trabajar a tiempo parcial y, por lo tanto, debes demostrar tus finanzas sin trabajar en EE. UU. Tambi\u00e9n debes tener prueba de seguro m\u00e9dico si requieres atenci\u00f3n m\u00e9dica mientras est\u00e9s en el pa\u00eds.<\/p>\n<p>Tambi\u00e9n debe cumplir con los requisitos generales para ingresar a los Estados Unidos. Deber\u00e1 verificar su elegibilidad con la ayuda de un <a href=\"https:\/\/sverdlofflaw.com\/immigration-services\/\">abogado de inmigraci\u00f3n calificado <\/a>. Su abogado revisar\u00e1 los requisitos espec\u00edficos y lo ayudar\u00e1 con el proceso.<\/p>\n<h2>\u00bfCu\u00e1nto tiempo puedo permanecer en EE. UU. con una visa de estudiante?<\/h2>\n<p>Las visas de estudiante se otorgan con el \u00fanico prop\u00f3sito de estudiar en los Estados Unidos. Una vez que finaliza el programa, debe abandonar los EE. UU. Si tiene una visa F1, debe abandonar los EE. UU. a m\u00e1s tardar 60 d\u00edas despu\u00e9s de la finalizaci\u00f3n de su programa. Aquellos con visas M o J tienen 30 d\u00edas para irse. Puede solicitar una extensi\u00f3n de visa, pero debe hacerlo antes de que expire su visa. Tambi\u00e9n puede <a href=\"https:\/\/sverdlofflaw.com\/immigration-services\/adjustment-of-status-lawyer-chicago\/\">cambiar el estado de su visa. <\/a>Puede hacerlo con la ayuda del funcionario escolar designado (DSO) de su escuela.<\/p>\n<p>Estudiar en los Estados Unidos tiene muchas ventajas. Si desea completar sus estudios en los EE. UU., debe obtener el tipo de visa adecuado. Un abogado de inmigraci\u00f3n experto responder\u00e1 sus preguntas y lo ayudar\u00e1 durante el proceso. Para obtener m\u00e1s informaci\u00f3n, comun\u00edquese con nuestro equipo legal en <a href=\"https:\/\/sverdlofflaw.com\/contact-us\/\">Sverdloff <\/a><a href=\"https:\/\/sverdlofflaw.com\/contact-us\/\">Law Group <\/a>al (312) 238-9090.<\/p>\n","protected":false},"excerpt":{"rendered":"<p>Una persona que desee estudiar en los Estados Unidos puede ser elegible para una visa de estudiante. Las visas de estudiante permiten a los estudiantes internacionales vivir y estudiar legalmente en los EE. UU. mientras trabajan para obtener sus t\u00edtulos. Existen varios tipos de visas de estudiante, por lo que es importante determinar para cu\u00e1l [&hellip;]<\/p>\n","protected":false},"author":25,"featured_media":6367,"parent":6468,"menu_order":0,"comment_status":"closed","ping_status":"closed","template":"","meta":{"_acf_changed":false,"_oasis_is_in_workflow":0,"_oasis_original":0,"_oasis_task_priority":"","footnotes":""},"class_list":["post-6444","page","type-page","status-publish","has-post-thumbnail","hentry","entry"],"acf":[],"_links":{"self":[{"href":"https:\/\/sverdlofflaw.com\/es\/wp-json\/wp\/v2\/pages\/6444","targetHints":{"allow":["GET"]}}],"collection":[{"href":"https:\/\/sverdlofflaw.com\/es\/wp-json\/wp\/v2\/pages"}],"about":[{"href":"https:\/\/sverdlofflaw.com\/es\/wp-json\/wp\/v2\/types\/page"}],"author":[{"embeddable":true,"href":"https:\/\/sverdlofflaw.com\/es\/wp-json\/wp\/v2\/users\/25"}],"replies":[{"embeddable":true,"href":"https:\/\/sverdlofflaw.com\/es\/wp-json\/wp\/v2\/comments?post=6444"}],"version-history":[{"count":3,"href":"https:\/\/sverdlofflaw.com\/es\/wp-json\/wp\/v2\/pages\/6444\/revisions"}],"predecessor-version":[{"id":6447,"href":"https:\/\/sverdlofflaw.com\/es\/wp-json\/wp\/v2\/pages\/6444\/revisions\/6447"}],"up":[{"embeddable":true,"href":"https:\/\/sverdlofflaw.com\/es\/wp-json\/wp\/v2\/pages\/6468"}],"wp:featuredmedia":[{"embeddable":true,"href":"https:\/\/sverdlofflaw.com\/es\/wp-json\/wp\/v2\/media\/6367"}],"wp:attachment":[{"href":"https:\/\/sverdlofflaw.com\/es\/wp-json\/wp\/v2\/media?parent=6444"}],"curies":[{"name":"wp","href":"https:\/\/api.w.org\/{rel}","templated":true}]}}