{"id":6440,"date":"2022-04-02T14:36:00","date_gmt":"2022-04-02T19:36:00","guid":{"rendered":"https:\/\/sverdlofflaw.com\/?page_id=6440"},"modified":"2024-10-29T14:44:26","modified_gmt":"2024-10-29T19:44:26","slug":"autopeticion-en-virtud-de-la-ley-de-violencia-contra-la-mujer-vawa","status":"publish","type":"page","link":"https:\/\/sverdlofflaw.com\/es\/servicios-de-inmigracion\/autopeticion-en-virtud-de-la-ley-de-violencia-contra-la-mujer-vawa\/","title":{"rendered":"Autopetici\u00f3n en virtud de la Ley de Violencia contra la Mujer (VAWA)"},"content":{"rendered":"<p>Si est\u00e1 intentando obtener una tarjeta verde o la residencia permanente legal que busca un ajuste de estatus, generalmente necesita un patrocinador. La mayor\u00eda de las visas son patrocinadas por empleadores, familiares, c\u00f3nyuges o prometidos . Sin embargo, a veces el patrocinador de un inmigrante abusar\u00e1 de su poder para ocultar o eludir la responsabilidad por abuso, violencia dom\u00e9stica, acoso u otros delitos. Por ejemplo, un c\u00f3nyuge que patrocina a su esposa puede abusar de ella y amenazar con retirarse como su patrocinador si lo denuncia, o un empleador puede agredir sexualmente a una empleada pero amenazar con retirarla o denunciarla al IRS alegando mala fe si presenta cargos. Estas situaciones pueden hacer que alguien se sienta deprimido y desesperanzado, pero hay formas de superar tal adversidad, y un <a href=\"https:\/\/sverdlofflaw.com\/attorney-profile\/\">abogado de inmigraci\u00f3n de Chicago <\/a>puede ayudar.<\/p>\n<h2>Qu\u00e9 hacer si su patrocinador abusa de usted o lo amenaza con hacerle da\u00f1o<\/h2>\n<p>Si su patrocinador de inmigraci\u00f3n est\u00e1 abusando de usted, caus\u00e1ndole da\u00f1o o de cualquier otra manera violando los t\u00e9rminos de la Ley de Violencia contra la Mujer, usted tiene la posibilidad de presentar una autopetici\u00f3n. Esto significa que se le permitir\u00e1 continuar con el proceso de solicitud de la tarjeta verde sin un patrocinador. El primer paso es denunciar el abuso o los incidentes de da\u00f1o para que tenga un registro de ellos. Si tiene miedo de hacer esto, hable primero con un abogado. Un abogado tambi\u00e9n puede ayudarlo a presentar el formulario I-485, as\u00ed como un <a href=\"https:\/\/www.uscis.gov\/green-card\/green-card-eligibility\/green-card-for-vawa-self-petitioner\" target=\"_blank\" rel=\"noopener\">formulario de autopetici\u00f3n VAWA <\/a>y todos los dem\u00e1s documentos necesarios. Si su formulario de autopetici\u00f3n VAWA es aprobado, recibir\u00e1 una visa de inmigrante v\u00e1lida que le permitir\u00e1 convertirse o continuar siendo un residente permanente legal en los Estados Unidos.<\/p>\n<h2>\u00bfSoy elegible para presentar una auto-petici\u00f3n bajo VAWA?<\/h2>\n<p>Para poder presentar una autopetici\u00f3n en virtud de la VAWA, debe estar f\u00edsicamente presente en los Estados Unidos y ser elegible para recibir una visa de inmigrante, sin impedimentos para el ajuste de estatus. Puede presentar su solicitud de autopetici\u00f3n sin el conocimiento de su patrocinador u otros miembros de la familia. Un abogado puede asesorarlo sobre el proceso y sobre lo que se requiere en funci\u00f3n de si su solicitud est\u00e1 actualmente pendiente o si a\u00fan no la ha presentado.<\/p>\n<h2>\u00bfDeber\u00eda contratar un abogado de inmigraci\u00f3n?<\/h2>\n<p>Si han surgido complicaciones en su proceso para obtener una <a href=\"https:\/\/sverdlofflaw.com\/immigration-services\/green-card-lawyer-chicago\/\">tarjeta verde <\/a>o una visa de inmigrante, es una buena idea buscar asesoramiento legal lo antes posible. Con suficiente tiempo y aviso, es posible que su abogado pueda ayudarlo a desarrollar un plan para que usted permanezca en el pa\u00eds como ciudadano legal. Una vez que revisen los hechos de su caso, pueden encontrar una base para que presente su solicitud de manera independiente o sugerir otros planes de acci\u00f3n. Los procesos de inmigraci\u00f3n pueden ser dif\u00edciles de entender, e incluso los errores m\u00e1s simples pueden resultar en demoras costosas. Es mejor invertir en un abogado que pueda guiarlo a trav\u00e9s del proceso y asegurarse de que evitar\u00e1 obst\u00e1culos y gastos innecesarios.<\/p>\n<h2>Programe una consulta con Sverdloff Law Group<\/h2>\n<p>Si est\u00e1 solicitando una tarjeta verde y han surgido complicaciones con su patrocinador o tiene preguntas sobre el proceso, los abogados de inmigraci\u00f3n con experiencia de <a href=\"https:\/\/sverdlofflaw.com\/contact-us\/\">Sverdloff <\/a><a href=\"https:\/\/sverdlofflaw.com\/contact-us\/\">Law Group <\/a>en Chicago, IL est\u00e1n listos para ayudarlo. Comun\u00edquese con nosotros hoy para programar una consulta.<\/p>\n","protected":false},"excerpt":{"rendered":"<p>Si est\u00e1 intentando obtener una tarjeta verde o la residencia permanente legal que busca un ajuste de estatus, generalmente necesita un patrocinador. La mayor\u00eda de las visas son patrocinadas por empleadores, familiares, c\u00f3nyuges o prometidos . Sin embargo, a veces el patrocinador de un inmigrante abusar\u00e1 de su poder para ocultar o eludir la responsabilidad [&hellip;]<\/p>\n","protected":false},"author":25,"featured_media":6441,"parent":6468,"menu_order":0,"comment_status":"closed","ping_status":"closed","template":"","meta":{"_acf_changed":false,"_oasis_is_in_workflow":0,"_oasis_original":0,"_oasis_task_priority":"","footnotes":""},"class_list":["post-6440","page","type-page","status-publish","has-post-thumbnail","hentry","entry"],"acf":[],"_links":{"self":[{"href":"https:\/\/sverdlofflaw.com\/es\/wp-json\/wp\/v2\/pages\/6440","targetHints":{"allow":["GET"]}}],"collection":[{"href":"https:\/\/sverdlofflaw.com\/es\/wp-json\/wp\/v2\/pages"}],"about":[{"href":"https:\/\/sverdlofflaw.com\/es\/wp-json\/wp\/v2\/types\/page"}],"author":[{"embeddable":true,"href":"https:\/\/sverdlofflaw.com\/es\/wp-json\/wp\/v2\/users\/25"}],"replies":[{"embeddable":true,"href":"https:\/\/sverdlofflaw.com\/es\/wp-json\/wp\/v2\/comments?post=6440"}],"version-history":[{"count":2,"href":"https:\/\/sverdlofflaw.com\/es\/wp-json\/wp\/v2\/pages\/6440\/revisions"}],"predecessor-version":[{"id":6443,"href":"https:\/\/sverdlofflaw.com\/es\/wp-json\/wp\/v2\/pages\/6440\/revisions\/6443"}],"up":[{"embeddable":true,"href":"https:\/\/sverdlofflaw.com\/es\/wp-json\/wp\/v2\/pages\/6468"}],"wp:featuredmedia":[{"embeddable":true,"href":"https:\/\/sverdlofflaw.com\/es\/wp-json\/wp\/v2\/media\/6441"}],"wp:attachment":[{"href":"https:\/\/sverdlofflaw.com\/es\/wp-json\/wp\/v2\/media?parent=6440"}],"curies":[{"name":"wp","href":"https:\/\/api.w.org\/{rel}","templated":true}]}}