{"id":6436,"date":"2023-07-01T16:57:00","date_gmt":"2023-07-01T21:57:00","guid":{"rendered":"https:\/\/sverdlofflaw.com\/?page_id=6436"},"modified":"2024-10-29T14:43:21","modified_gmt":"2024-10-29T19:43:21","slug":"respuestas-a-la-rfe-solicitud-de-pruebas","status":"publish","type":"page","link":"https:\/\/sverdlofflaw.com\/es\/servicios-de-inmigracion\/respuestas-a-la-rfe-solicitud-de-pruebas\/","title":{"rendered":"Respuestas a la RFE (solicitud de pruebas)"},"content":{"rendered":"<p>Despu\u00e9s de enviar su solicitud al <a href=\"https:\/\/www.uscis.gov\" target=\"_blank\" rel=\"noopener\">Servicio de Ciudadan\u00eda e Inmigraci\u00f3n de los Estados Unidos <\/a>(USCIS), la agencia puede necesitar m\u00e1s informaci\u00f3n antes de continuar. Si es as\u00ed, pueden emitir una Solicitud de Evidencia (RFE). Debe responder a la RFE dentro del plazo especificado, que generalmente es entre 30 y 90 d\u00edas. Si se ha realizado una RFE en su caso, los pr\u00f3ximos pasos son fundamentales. Si no proporciona la informaci\u00f3n que necesita el USCIS, podr\u00eda <a href=\"https:\/\/sverdlofflaw.com\/immigration-services\/deportation-and-removal-defense\/\">resultar en una denegaci\u00f3n <\/a>.<\/p>\n<h2>Debe responder a una RFE<\/h2>\n<p>Recibir una RFE no significa que su solicitud haya sido rechazada ni que lo ser\u00e1. Simplemente significa que antes de que el USCIS pueda tomar una decisi\u00f3n, necesitan m\u00e1s informaci\u00f3n de usted. Una RFE es simplemente una oportunidad para proporcionar informaci\u00f3n precisa junto con documentaci\u00f3n adicional. Tambi\u00e9n es una oportunidad para convencer a los funcionarios de inmigraci\u00f3n de que aprueben su solicitud.<\/p>\n<p>Es fundamental que responda a una RFE dentro del plazo estipulado por el USCIS. Si no lo hace, el USCIS puede asumir que abandon\u00f3 su solicitud y rechazarla. La agencia tambi\u00e9n puede tomar una decisi\u00f3n en su caso sin la informaci\u00f3n adicional, lo que probablemente tambi\u00e9n resulte en una denegaci\u00f3n. Si se muda o viaja mucho, es muy importante que actualice su informaci\u00f3n con el USCIS para que no se pierda ninguna RFE que le env\u00eden.<\/p>\n<h2>C\u00f3mo responder a una RFE<\/h2>\n<p>Tiene tres opciones para responder a una RFE:<\/p>\n<ul>\n<li>Presentar todas las pruebas solicitadas al mismo tiempo, que es la mejor opci\u00f3n,<\/li>\n<li>Responder parcialmente con algunas de las pruebas solicitadas, que le indiquen al USCIS que desea que se tome una decisi\u00f3n basada en la informaci\u00f3n presentada, y<\/li>\n<li>Retirar su solicitud.<\/li>\n<\/ul>\n<p>USCIS tampoco aceptar\u00e1 m\u00faltiples paquetes de evidencia. Aseg\u00farese de reunir todo lo que la agencia le ha solicitado y de enviarlo todo de una vez. Si olvida cierta informaci\u00f3n y la env\u00eda m\u00e1s tarde en un paquete separado, es probable que no se considere. Si ciertos documentos no est\u00e1n disponibles dentro del plazo dado por USCIS, env\u00ede lo que est\u00e9 disponible. Siempre es mejor enviar evidencia parcial que ninguna. Dentro de su paquete, explique que hizo todo lo posible para obtener la informaci\u00f3n solicitada, pero que no estaba disponible para usted en ese momento.<\/p>\n<p>Al enviar la informaci\u00f3n, la RFE debe ser la primera p\u00e1gina de su respuesta. Aseg\u00farese de sacar una copia de la misma con anticipaci\u00f3n para tener una para sus registros. Luego, redacte una carta de presentaci\u00f3n que incluya todos los documentos que incluy\u00f3 en el paquete. Haga copias de toda esta informaci\u00f3n para sus propios registros tambi\u00e9n.<\/p>\n<h2>Nuestro abogado de inmigraci\u00f3n en Chicago puede ayudarlo con su RFE<\/h2>\n<p>Si ha recibido una RFE de USCIS, nuestro <a href=\"https:\/\/sverdlofflaw.com\/contact-us\/\">abogado de inmigraci\u00f3n de Chicago <\/a>en <a href=\"https:\/\/sverdlofflaw.com\/attorney-profile\/\">Sverdloff <\/a><a href=\"https:\/\/sverdlofflaw.com\/attorney-profile\/\">Law Group <\/a>puede ayudarlo a prepararla para que tenga las mejores posibilidades de aprobaci\u00f3n. Ll\u00e1menos hoy al 312-238-9090 o cont\u00e1ctenos en l\u00ednea para programar una reuni\u00f3n con nuestro abogado experto y obtener m\u00e1s informaci\u00f3n.<\/p>\n","protected":false},"excerpt":{"rendered":"<p>Despu\u00e9s de enviar su solicitud al Servicio de Ciudadan\u00eda e Inmigraci\u00f3n de los Estados Unidos (USCIS), la agencia puede necesitar m\u00e1s informaci\u00f3n antes de continuar. Si es as\u00ed, pueden emitir una Solicitud de Evidencia (RFE). Debe responder a la RFE dentro del plazo especificado, que generalmente es entre 30 y 90 d\u00edas. Si se ha [&hellip;]<\/p>\n","protected":false},"author":25,"featured_media":6437,"parent":6468,"menu_order":0,"comment_status":"closed","ping_status":"closed","template":"","meta":{"_acf_changed":false,"_oasis_is_in_workflow":0,"_oasis_original":0,"_oasis_task_priority":"","footnotes":""},"class_list":["post-6436","page","type-page","status-publish","has-post-thumbnail","hentry","entry"],"acf":[],"_links":{"self":[{"href":"https:\/\/sverdlofflaw.com\/es\/wp-json\/wp\/v2\/pages\/6436","targetHints":{"allow":["GET"]}}],"collection":[{"href":"https:\/\/sverdlofflaw.com\/es\/wp-json\/wp\/v2\/pages"}],"about":[{"href":"https:\/\/sverdlofflaw.com\/es\/wp-json\/wp\/v2\/types\/page"}],"author":[{"embeddable":true,"href":"https:\/\/sverdlofflaw.com\/es\/wp-json\/wp\/v2\/users\/25"}],"replies":[{"embeddable":true,"href":"https:\/\/sverdlofflaw.com\/es\/wp-json\/wp\/v2\/comments?post=6436"}],"version-history":[{"count":2,"href":"https:\/\/sverdlofflaw.com\/es\/wp-json\/wp\/v2\/pages\/6436\/revisions"}],"predecessor-version":[{"id":6439,"href":"https:\/\/sverdlofflaw.com\/es\/wp-json\/wp\/v2\/pages\/6436\/revisions\/6439"}],"up":[{"embeddable":true,"href":"https:\/\/sverdlofflaw.com\/es\/wp-json\/wp\/v2\/pages\/6468"}],"wp:featuredmedia":[{"embeddable":true,"href":"https:\/\/sverdlofflaw.com\/es\/wp-json\/wp\/v2\/media\/6437"}],"wp:attachment":[{"href":"https:\/\/sverdlofflaw.com\/es\/wp-json\/wp\/v2\/media?parent=6436"}],"curies":[{"name":"wp","href":"https:\/\/api.w.org\/{rel}","templated":true}]}}