{"id":6432,"date":"2023-07-22T15:09:00","date_gmt":"2023-07-22T20:09:00","guid":{"rendered":"https:\/\/sverdlofflaw.com\/?page_id=6432"},"modified":"2024-10-29T14:42:15","modified_gmt":"2024-10-29T19:42:15","slug":"respuestas-de-noid-notificacion-de-intencion-de-denegacion","status":"publish","type":"page","link":"https:\/\/sverdlofflaw.com\/es\/servicios-de-inmigracion\/respuestas-de-noid-notificacion-de-intencion-de-denegacion\/","title":{"rendered":"Respuestas de NOID (Notificaci\u00f3n de intenci\u00f3n de denegaci\u00f3n)"},"content":{"rendered":"<p>Una notificaci\u00f3n de intenci\u00f3n de denegaci\u00f3n, tambi\u00e9n conocida como NOID, es exactamente lo que parece. El <a href=\"https:\/\/www.uscis.gov\" target=\"_blank\" rel=\"noopener\">Servicio de Ciudadan\u00eda e Inmigraci\u00f3n de los Estados Unidos <\/a>(USCIS) env\u00eda estas notificaciones cuando tienen la intenci\u00f3n de denegar su solicitud de inmigraci\u00f3n. Si ha recibido una NOID, es importante que no se asuste. Una NOID no es una denegaci\u00f3n oficial de su solicitud de inmigraci\u00f3n y hay pasos que puede seguir para volver a encaminar su caso. Nuestro <a href=\"https:\/\/sverdlofflaw.com\/faq\/\">abogado de inmigraci\u00f3n de Chicago <\/a>explica c\u00f3mo responder a una NOID a continuaci\u00f3n.<\/p>\n<h2>Proporcionar una respuesta oportuna<\/h2>\n<p>Puede responder a una NOID, pero debe hacerlo dentro de los 30 d\u00edas. El plazo es muy estricto y, si no responde en el plazo previsto, es posible que tenga menos opciones. Debe responder a cualquier NOID lo antes posible.<\/p>\n<h2>Comprenda el motivo de la denegaci\u00f3n prevista<\/h2>\n<p>Debe revisar las razones que USCIS le ha dado para cualquier posible denegaci\u00f3n. Esto le dar\u00e1 una idea de por qu\u00e9 la agencia ha tomado esta decisi\u00f3n. Revisar la lista tambi\u00e9n le proporcionar\u00e1 un punto de partida para saber c\u00f3mo responder. Por ejemplo, si no incluy\u00f3 el certificado de nacimiento requerido con su solicitud, puede incluirlo en su respuesta.<\/p>\n<h2>Responder a cada problema<\/h2>\n<p>Debe responder espec\u00edficamente a cada una de las cuestiones enumeradas en la <a href=\"https:\/\/www.uscis.gov\/sites\/default\/files\/document\/policy-manual-updates\/20210609-RFEs&amp;NOIDs.pdf\" target=\"_blank\" rel=\"noopener\">NOID <\/a>. Si responde a una o dos cuestiones, pero no a las dem\u00e1s, se considerar\u00e1 una respuesta parcial. Las respuestas parciales generalmente no son suficientes para cambiar la decisi\u00f3n de un funcionario de inmigraci\u00f3n de rechazar su solicitud.<\/p>\n<h2>Recopilar evidencia<\/h2>\n<p>No existe tal cosa como demasiada documentaci\u00f3n al responder a una NOID. El USCIS no impone un l\u00edmite en la cantidad de documentos que puede presentar. Siempre que los documentos sean relevantes, presente cualquier evidencia que el USCIS haya solicitado o que fortalezca su caso.<\/p>\n<h2>Actualizar documentos necesarios<\/h2>\n<p>En algunos casos, no es necesario que obtenga nueva documentaci\u00f3n, pero s\u00ed debe actualizar los documentos que haya presentado anteriormente. Por ejemplo, si ha solicitado una visa de inversionista E-2, es posible que deba modificar ciertas \u00e1reas de su plan de negocios, como la previsi\u00f3n o la elaboraci\u00f3n de presupuestos.<\/p>\n<h2>Incluir una carta de presentaci\u00f3n<\/h2>\n<p>Una carta de presentaci\u00f3n puede aclarar el contenido de su respuesta. Puede confirmar que ha incluido nuevos documentos o ha realizado cambios en la documentaci\u00f3n existente. Una carta de presentaci\u00f3n le dejar\u00e1 muy claro al USCIS qu\u00e9 implica la respuesta y si deben revisar su decisi\u00f3n.<\/p>\n<h2>Nuestro abogado de inmigraci\u00f3n en Chicago puede ayudarlo con su NOID<\/h2>\n<p>Recibir una NOID es muy aterrador y puede que piense que este es el final de su solicitud de inmigraci\u00f3n. Afortunadamente, no es as\u00ed. En Sverdloff Law Group, nuestro <a href=\"https:\/\/sverdlofflaw.com\/attorney-profile\/\">abogado de inmigraci\u00f3n de Chicago <\/a>puede ayudarlo a preparar su respuesta y, si a\u00fan le niegan su solicitud, asesorarlo sobre si debe apelar la decisi\u00f3n o volver a presentar la solicitud. Ll\u00e1menos ahora al 312-238-9090 o cont\u00e1ctenos en l\u00ednea para <a href=\"https:\/\/sverdlofflaw.com\/contact-us\/\">programar una consulta <\/a>con nuestro abogado experto y obtener m\u00e1s informaci\u00f3n sobre c\u00f3mo podemos ayudarlo.<\/p>\n","protected":false},"excerpt":{"rendered":"<p>Una notificaci\u00f3n de intenci\u00f3n de denegaci\u00f3n, tambi\u00e9n conocida como NOID, es exactamente lo que parece. El Servicio de Ciudadan\u00eda e Inmigraci\u00f3n de los Estados Unidos (USCIS) env\u00eda estas notificaciones cuando tienen la intenci\u00f3n de denegar su solicitud de inmigraci\u00f3n. Si ha recibido una NOID, es importante que no se asuste. Una NOID no es una [&hellip;]<\/p>\n","protected":false},"author":25,"featured_media":6433,"parent":6468,"menu_order":0,"comment_status":"closed","ping_status":"closed","template":"","meta":{"_acf_changed":false,"_oasis_is_in_workflow":0,"_oasis_original":0,"_oasis_task_priority":"","footnotes":""},"class_list":["post-6432","page","type-page","status-publish","has-post-thumbnail","hentry","entry"],"acf":[],"_links":{"self":[{"href":"https:\/\/sverdlofflaw.com\/es\/wp-json\/wp\/v2\/pages\/6432","targetHints":{"allow":["GET"]}}],"collection":[{"href":"https:\/\/sverdlofflaw.com\/es\/wp-json\/wp\/v2\/pages"}],"about":[{"href":"https:\/\/sverdlofflaw.com\/es\/wp-json\/wp\/v2\/types\/page"}],"author":[{"embeddable":true,"href":"https:\/\/sverdlofflaw.com\/es\/wp-json\/wp\/v2\/users\/25"}],"replies":[{"embeddable":true,"href":"https:\/\/sverdlofflaw.com\/es\/wp-json\/wp\/v2\/comments?post=6432"}],"version-history":[{"count":2,"href":"https:\/\/sverdlofflaw.com\/es\/wp-json\/wp\/v2\/pages\/6432\/revisions"}],"predecessor-version":[{"id":6435,"href":"https:\/\/sverdlofflaw.com\/es\/wp-json\/wp\/v2\/pages\/6432\/revisions\/6435"}],"up":[{"embeddable":true,"href":"https:\/\/sverdlofflaw.com\/es\/wp-json\/wp\/v2\/pages\/6468"}],"wp:featuredmedia":[{"embeddable":true,"href":"https:\/\/sverdlofflaw.com\/es\/wp-json\/wp\/v2\/media\/6433"}],"wp:attachment":[{"href":"https:\/\/sverdlofflaw.com\/es\/wp-json\/wp\/v2\/media?parent=6432"}],"curies":[{"name":"wp","href":"https:\/\/api.w.org\/{rel}","templated":true}]}}