{"id":6430,"date":"2023-04-28T10:34:10","date_gmt":"2023-04-28T15:34:10","guid":{"rendered":"https:\/\/sverdlofflaw.com\/?page_id=6430"},"modified":"2024-10-29T14:40:46","modified_gmt":"2024-10-29T19:40:46","slug":"recursos-legales","status":"publish","type":"page","link":"https:\/\/sverdlofflaw.com\/es\/servicios-de-inmigracion\/recursos-legales\/","title":{"rendered":"Recursos legales"},"content":{"rendered":"<p><strong><em>I-94: Registros de viajes para visitantes de EE. UU.<\/em><\/strong><\/p>\n<p>Recuperaci\u00f3n del formulario I-94: <a href=\"https:\/\/i94.cbp.dhs.gov\/I94\/#\/home\" target=\"_blank\" rel=\"noopener\">haga clic aqu\u00ed<\/a><\/p>\n<p>Cambio de direcci\u00f3n: el formulario AR-11 debe completarse dentro de los 10 d\u00edas posteriores a la mudanza. <a href=\"https:\/\/egov.uscis.gov\/coa\/displayCOAForm.do\" target=\"_blank\" rel=\"noopener\">Haga clic aqu\u00ed. <\/a><\/p>\n<p><strong><em>Servicios de ciudadan\u00eda e inmigraci\u00f3n de los Estados Unidos<\/em><\/strong><\/p>\n<p>Servicio de Ciudadan\u00eda e Inmigraci\u00f3n de los Estados Unidos (USCIS): <a href=\"https:\/\/www.uscis.gov\" target=\"_blank\" rel=\"noopener\">haga clic aqu\u00ed. <\/a><\/p>\n<p>Verifique el estado en l\u00ednea con el aviso de recibo emitido por USCIS: <a href=\"https:\/\/egov.uscis.gov\/casestatus\/landing.do\" target=\"_blank\" rel=\"noopener\">haga clic aqu\u00ed. <\/a><\/p>\n<p>Tiempos de procesamiento : <a href=\"https:\/\/egov.uscis.gov\/processing-times\/\" target=\"_blank\" rel=\"noopener\">haga clic aqu\u00ed.<\/a><\/p>\n<p>Formularios &#8211; <a href=\"https:\/\/www.uscis.gov\/forms\" target=\"_blank\" rel=\"noopener\">Haga clic aqu\u00ed<\/a><\/p>\n<p>Gu\u00eda para la naturalizaci\u00f3n &#8211; <a href=\"https:\/\/www.uscis.gov\/us-citizenship\u200b\" target=\"_blank\" rel=\"noopener\">Haga clic aqu\u00ed <\/a><\/p>\n<p>Directorio de m\u00e9dicos civiles del USCIS &#8211; <a href=\"https:\/\/www.uscis.gov\/greencard\/medical-exam-find-a-doctor\u200b\u200b\" target=\"_blank\" rel=\"noopener\">Haga clic aqu\u00ed <\/a><\/p>\n<p><strong><em>Bolet\u00edn de visas<\/em><\/strong><\/p>\n<p>Bolet\u00edn de visas &#8211; <a href=\"https:\/\/travel.state.gov\/content\/travel\/en\/legal\/visa-law0\/visa-bulletin.html\" target=\"_blank\" rel=\"noopener\">Haga clic aqu\u00edBolet\u00edn <\/a><\/p>\n<p>de visas de USCIS &#8211; <a href=\"https:\/\/www.uscis.gov\/visabulletininfo\u200b\u200b\u200b\" target=\"_blank\" rel=\"noopener\">Haga clic aqu\u00ed<\/a><\/p>\n<p><strong><em>Departamento de Estado<\/em><\/strong><\/p>\n<p>Tr\u00e1mites Consulares &#8211; <a href=\"https:\/\/travel.state.gov\/content\/travel\/en\/us-visas\/immigrate\/the-immigrant-visa-process.html\" target=\"_blank\" rel=\"noopener\">Haga clic aqu\u00ed<\/a><\/p>\n<p>Programa de reciprocidad para documentos extranjeros aceptados por Estados Unidos &#8211; <a href=\"https:\/\/travel.state.gov\/content\/travel\/en\/us-visas\/Visa-Reciprocity-and-Civil-Documents-by-Country.html\" target=\"_blank\" rel=\"noopener\">Haga clic aqu\u00ed<\/a><\/p>\n","protected":false},"excerpt":{"rendered":"<p>I-94: Registros de viajes para visitantes de EE. UU. Recuperaci\u00f3n del formulario I-94: haga clic aqu\u00ed Cambio de direcci\u00f3n: el formulario AR-11 debe completarse dentro de los 10 d\u00edas posteriores a la mudanza. Haga clic aqu\u00ed. Servicios de ciudadan\u00eda e inmigraci\u00f3n de los Estados Unidos Servicio de Ciudadan\u00eda e Inmigraci\u00f3n de los Estados Unidos (USCIS): [&hellip;]<\/p>\n","protected":false},"author":25,"featured_media":0,"parent":6468,"menu_order":0,"comment_status":"closed","ping_status":"closed","template":"","meta":{"_acf_changed":false,"_oasis_is_in_workflow":0,"_oasis_original":0,"_oasis_task_priority":"","footnotes":""},"class_list":["post-6430","page","type-page","status-publish","hentry","entry"],"acf":[],"_links":{"self":[{"href":"https:\/\/sverdlofflaw.com\/es\/wp-json\/wp\/v2\/pages\/6430","targetHints":{"allow":["GET"]}}],"collection":[{"href":"https:\/\/sverdlofflaw.com\/es\/wp-json\/wp\/v2\/pages"}],"about":[{"href":"https:\/\/sverdlofflaw.com\/es\/wp-json\/wp\/v2\/types\/page"}],"author":[{"embeddable":true,"href":"https:\/\/sverdlofflaw.com\/es\/wp-json\/wp\/v2\/users\/25"}],"replies":[{"embeddable":true,"href":"https:\/\/sverdlofflaw.com\/es\/wp-json\/wp\/v2\/comments?post=6430"}],"version-history":[{"count":1,"href":"https:\/\/sverdlofflaw.com\/es\/wp-json\/wp\/v2\/pages\/6430\/revisions"}],"predecessor-version":[{"id":6431,"href":"https:\/\/sverdlofflaw.com\/es\/wp-json\/wp\/v2\/pages\/6430\/revisions\/6431"}],"up":[{"embeddable":true,"href":"https:\/\/sverdlofflaw.com\/es\/wp-json\/wp\/v2\/pages\/6468"}],"wp:attachment":[{"href":"https:\/\/sverdlofflaw.com\/es\/wp-json\/wp\/v2\/media?parent=6430"}],"curies":[{"name":"wp","href":"https:\/\/api.w.org\/{rel}","templated":true}]}}