{"id":6426,"date":"2023-04-23T16:06:00","date_gmt":"2023-04-23T21:06:00","guid":{"rendered":"https:\/\/sverdlofflaw.com\/?page_id=6426"},"modified":"2024-10-29T13:53:10","modified_gmt":"2024-10-29T18:53:10","slug":"notificacion-de-comparecencia-i-862-nta","status":"publish","type":"page","link":"https:\/\/sverdlofflaw.com\/es\/servicios-de-inmigracion\/notificacion-de-comparecencia-i-862-nta\/","title":{"rendered":"Notificaci\u00f3n de comparecencia I-862 (NTA)"},"content":{"rendered":"<p>Si usted es un ciudadano extranjero que se encuentra en los Estados Unidos con una visa, tiene un tiempo limitado durante el cual se le permite permanecer en el pa\u00eds. Si se ha quedado m\u00e1s tiempo del permitido por su visa o se encuentra en los Estados Unidos ilegalmente, puede recibir una <a href=\"https:\/\/www.justice.gov\/eoir\/dhs-notice-appear-form-i-862\" target=\"_blank\" rel=\"noopener\">Notificaci\u00f3n de comparecencia <\/a>(NTA), que es un requisito para asistir a una audiencia en un tribunal. La NTA (I-862) es un documento oficial que comunica informaci\u00f3n del Departamento de Seguridad Nacional de los Estados Unidos. Puede ser el primer paso en el proceso de deportaci\u00f3n y expulsi\u00f3n para aquellos que no tienen el permiso adecuado para permanecer en los Estados Unidos. Si recibe una Notificaci\u00f3n de comparecencia, es posible que desee buscar orientaci\u00f3n inmediata de un <a href=\"https:\/\/sverdlofflaw.com\/immigration-services\/\">abogado de inmigraci\u00f3n con experiencia <\/a>.<\/p>\n<h2>\u00bfQu\u00e9 es una Audiencia de Calendario Maestro?<\/h2>\n<p>Una <a href=\"https:\/\/www.justice.gov\/eoir\/reference-materials\/ic\/chapter-4\/15\" target=\"_blank\" rel=\"noopener\">audiencia preliminar <\/a>es, por lo general, la primera comparecencia que tendr\u00e1 ante un juez de inmigraci\u00f3n. La audiencia est\u00e1 dise\u00f1ada para brindarle los pr\u00f3ximos pasos del caso y brindarle informaci\u00f3n sobre c\u00f3mo proceder\u00e1 el caso. La audiencia se grabar\u00e1, con excepci\u00f3n de cualquier cosa que se considere extraoficial. Debe asistir a la audiencia en la fecha, hora y lugar indicados en la NTA. Debe asistir en persona a menos que el juez le conceda una solicitud espec\u00edfica para asistir de forma remota.<\/p>\n<h2>Qu\u00e9 esperar en una audiencia preliminar<\/h2>\n<p>Hay una variedad de cosas que puede esperar que ocurran en su audiencia. Algunas de ellas incluyen:<\/p>\n<ul>\n<li>Explicar los cargos<\/li>\n<li>Te contamos los hechos y cuestiones legales.<\/li>\n<li>Informarle sobre su derecho a contar con un abogado.<\/li>\n<li>Informarle sobre su derecho a presentar pruebas.<\/li>\n<li>Informarle sobre su derecho a examinar la evidencia presentada por el Departamento de Seguridad Nacional.<\/li>\n<li>Tomar alegatos<\/li>\n<li>Establecer plazos para diversos asuntos del caso.<\/li>\n<li>Programar futuras audiencias<\/li>\n<\/ul>\n<p>Por lo general, en la primera audiencia se analiza el asunto por el cual usted est\u00e1 presente y se brindan detalles para seguir adelante con el caso. Usted tiene derecho a que su abogado est\u00e9 presente y lo represente en la audiencia. Este es el primer paso en el proceso <a href=\"https:\/\/sverdlofflaw.com\/immigration-services\/deportation-and-removal-defense\/\">de deportaci\u00f3n y expulsi\u00f3n <\/a>.<\/p>\n<h2>Preparaci\u00f3n para la audiencia<\/h2>\n<p>Debe tomar en serio su Notificaci\u00f3n de comparecencia y prepararse adecuadamente. Si no habla ingl\u00e9s con fluidez, puede solicitar un int\u00e9rprete para la audiencia. Aseg\u00farese de llegar a tiempo. Le conviene hablar con su abogado de inmigraci\u00f3n antes de la audiencia. Si tiene un abogado, su abogado presentar\u00e1 cualquier notificaci\u00f3n o solicitud legal necesaria antes de la audiencia. Deber\u00e1 estar preparado para responder las preguntas del tribunal con respecto a su Notificaci\u00f3n de comparecencia.<\/p>\n<p>Deber\u00e1 presentar alegatos orales o escritos. Los alegatos cubren todos los asuntos del caso. Debe indicar que comprende los procedimientos y que admite o niega los cargos establecidos en la Notificaci\u00f3n de comparecencia. Debe reconocer que ha recibido la informaci\u00f3n proporcionada y que cumplir\u00e1 con las solicitudes, como la toma de huellas dactilares y otros datos biom\u00e9tricos del DHS. Debe indicar que se presentar\u00e1 a la pr\u00f3xima fecha de audiencia o enfrentar\u00e1 las consecuencias.<\/p>\n<p>Una Notificaci\u00f3n de comparecencia es algo que no puede ignorar. Si lo hace, podr\u00eda correr un riesgo mayor e inmediato de ser deportado. Si recibi\u00f3 una Notificaci\u00f3n de comparecencia, querr\u00e1 hablar con un <a href=\"https:\/\/sverdlofflaw.com\/attorney-profile\/\">abogado de inmigraci\u00f3n experto <\/a>de inmediato. Su abogado revisar\u00e1 la situaci\u00f3n, responder\u00e1 sus preguntas y lo ayudar\u00e1 durante todo el proceso. Obtenga la ayuda legal que necesita. Ll\u00e1menos hoy a <a href=\"https:\/\/calendly.com\/sverdlofflaw\" target=\"_blank\" rel=\"noopener\">Sverdloff <\/a><a href=\"https:\/\/calendly.com\/sverdlofflaw\" target=\"_blank\" rel=\"noopener\">Law Group <\/a>al (312) 238-9090 para hablar sobre su caso.<\/p>\n","protected":false},"excerpt":{"rendered":"<p>Si usted es un ciudadano extranjero que se encuentra en los Estados Unidos con una visa, tiene un tiempo limitado durante el cual se le permite permanecer en el pa\u00eds. Si se ha quedado m\u00e1s tiempo del permitido por su visa o se encuentra en los Estados Unidos ilegalmente, puede recibir una Notificaci\u00f3n de comparecencia [&hellip;]<\/p>\n","protected":false},"author":25,"featured_media":6427,"parent":6468,"menu_order":0,"comment_status":"closed","ping_status":"closed","template":"","meta":{"_acf_changed":false,"_oasis_is_in_workflow":0,"_oasis_original":0,"_oasis_task_priority":"","footnotes":""},"class_list":["post-6426","page","type-page","status-publish","has-post-thumbnail","hentry","entry"],"acf":[],"_links":{"self":[{"href":"https:\/\/sverdlofflaw.com\/es\/wp-json\/wp\/v2\/pages\/6426","targetHints":{"allow":["GET"]}}],"collection":[{"href":"https:\/\/sverdlofflaw.com\/es\/wp-json\/wp\/v2\/pages"}],"about":[{"href":"https:\/\/sverdlofflaw.com\/es\/wp-json\/wp\/v2\/types\/page"}],"author":[{"embeddable":true,"href":"https:\/\/sverdlofflaw.com\/es\/wp-json\/wp\/v2\/users\/25"}],"replies":[{"embeddable":true,"href":"https:\/\/sverdlofflaw.com\/es\/wp-json\/wp\/v2\/comments?post=6426"}],"version-history":[{"count":2,"href":"https:\/\/sverdlofflaw.com\/es\/wp-json\/wp\/v2\/pages\/6426\/revisions"}],"predecessor-version":[{"id":6429,"href":"https:\/\/sverdlofflaw.com\/es\/wp-json\/wp\/v2\/pages\/6426\/revisions\/6429"}],"up":[{"embeddable":true,"href":"https:\/\/sverdlofflaw.com\/es\/wp-json\/wp\/v2\/pages\/6468"}],"wp:featuredmedia":[{"embeddable":true,"href":"https:\/\/sverdlofflaw.com\/es\/wp-json\/wp\/v2\/media\/6427"}],"wp:attachment":[{"href":"https:\/\/sverdlofflaw.com\/es\/wp-json\/wp\/v2\/media?parent=6426"}],"curies":[{"name":"wp","href":"https:\/\/api.w.org\/{rel}","templated":true}]}}