{"id":6422,"date":"2023-02-21T16:29:00","date_gmt":"2023-02-21T22:29:00","guid":{"rendered":"https:\/\/sverdlofflaw.com\/?page_id=6422"},"modified":"2024-10-29T13:52:07","modified_gmt":"2024-10-29T18:52:07","slug":"exenciones-i-751","status":"publish","type":"page","link":"https:\/\/sverdlofflaw.com\/es\/servicios-de-inmigracion\/exenciones-i-751\/","title":{"rendered":"Exenciones I-751"},"content":{"rendered":"<h2>Exenciones I-751 despu\u00e9s del divorcio<\/h2>\n<p>Una de las formas de obtener una tarjeta verde es presentar la solicitud como c\u00f3nyuge de un ciudadano estadounidense o residente permanente legal. El camino hacia una tarjeta verde es sencillo y permite al esposo o a la esposa buscar la residencia legal permanente. Sin embargo, a veces los c\u00f3nyuges pueden divorciarse antes de completar el proceso. Otras veces, un c\u00f3nyuge es abusivo o fallece. Existe una soluci\u00f3n para estas situaciones. El Servicio de Ciudadan\u00eda e Inmigraci\u00f3n de los Estados Unidos (USCIS) ofrece una forma de solicitar una exenci\u00f3n para aquellos que est\u00e1n divorciados antes de que puedan completar el proceso de la tarjeta verde.<\/p>\n<h2>\u00bfQu\u00e9 es una exenci\u00f3n I-751?<\/h2>\n<p>El Servicio de Ciudadan\u00eda e Inmigraci\u00f3n de los Estados Unidos (USCIS, por sus siglas en ingl\u00e9s) tiene una v\u00eda para los residentes permanentes condicionales que ya no est\u00e1n casados con el c\u00f3nyuge que los patrocin\u00f3. La <a href=\"https:\/\/www.uscis.gov\/i-751\" target=\"_blank\" rel=\"noopener\">exenci\u00f3n I-751 <\/a>es una petici\u00f3n para eliminar las condiciones de la residencia. Si usted estaba en proceso de obtener una visa, pero su matrimonio termin\u00f3 o est\u00e1 por terminar, deber\u00e1 cambiar su estatus. Recuerde que un estatus de residente permanente condicional es v\u00e1lido solo por un per\u00edodo de dos a\u00f1os. Por lo tanto, debe ocuparse de su estatus antes de que expire su visa. Si no presenta una <a href=\"https:\/\/sverdlofflaw.com\/immigration-services\/removal-of-conditions-i-751\/\">petici\u00f3n para eliminar las condiciones <\/a>de su estatus de residente permanente, podr\u00eda tener la posibilidad de perder su estatus legal.<\/p>\n<h2>\u00bfQui\u00e9n es elegible para una exenci\u00f3n I-751?<\/h2>\n<p>En determinadas circunstancias, puede solicitar la eliminaci\u00f3n de las condiciones de <a href=\"https:\/\/sverdlofflaw.com\/immigration-services\/adjustment-of-status-lawyer-chicago\/\">ajuste de estatus . Si <\/a>contrajo matrimonio de buena fe y el matrimonio termin\u00f3 en divorcio o anulaci\u00f3n, puede solicitar la eliminaci\u00f3n de las condiciones de su estatus. Si estuvo en un matrimonio de buena fe, pero su c\u00f3nyuge falleci\u00f3, puede solicitar una exenci\u00f3n I-751. Si est\u00e1 en un matrimonio de buena fe y su c\u00f3nyuge abus\u00f3 o maltrat\u00f3 a usted o a su hijo, califica para una exenci\u00f3n. Por \u00faltimo, si la terminaci\u00f3n de su estatus y la expulsi\u00f3n de los Estados Unidos le causar\u00edan dificultades extremas, es posible que pueda solicitar una exenci\u00f3n I-751.<\/p>\n<h2>Solicitud de exenci\u00f3n I-751<\/h2>\n<p>En primer lugar, es esencial presentar una exenci\u00f3n I-751 antes de que caduque su estatus. Si no presenta la solicitud a tiempo, podr\u00eda perder su estatus y podr\u00eda recibir una Notificaci\u00f3n de comparecencia. Debe presentar la petici\u00f3n y proporcionar la tarifa correspondiente y cualquier documentaci\u00f3n o evidencia de respaldo. Tenga en cuenta que el proceso de revisi\u00f3n puede llevar alg\u00fan tiempo. Una vez que presente la petici\u00f3n, recibir\u00e1 una confirmaci\u00f3n del <a href=\"https:\/\/www.uscis.gov\/\" target=\"_blank\" rel=\"noopener\">USCIS <\/a>. Si se requiere una entrevista, recibir\u00e1 una notificaci\u00f3n que detalla la fecha, la hora y el lugar. Una vez que todo est\u00e9 completo, el USCIS emitir\u00e1 una decisi\u00f3n final.<\/p>\n<p>El proceso de eliminaci\u00f3n de las condiciones de estatus despu\u00e9s de un divorcio o la muerte de un c\u00f3nyuge puede parecer complicado. Un abogado de inmigraci\u00f3n familiar calificado en Illinois lo ayudar\u00e1 con el proceso y lo ayudar\u00e1 a presentar los formularios y la documentaci\u00f3n necesarios ante el USCIS. Nuestro equipo de abogados expertos est\u00e1 aqu\u00ed para ayudarlo con los procedimientos. Para obtener m\u00e1s informaci\u00f3n, comun\u00edquese con nuestro equipo legal en <a href=\"https:\/\/sverdlofflaw.com\/contact-us\/\">Sverdloff <\/a><a href=\"https:\/\/sverdlofflaw.com\/contact-us\/\">Law Group <\/a>al (312) 238-9090.<\/p>\n","protected":false},"excerpt":{"rendered":"<p>Exenciones I-751 despu\u00e9s del divorcio Una de las formas de obtener una tarjeta verde es presentar la solicitud como c\u00f3nyuge de un ciudadano estadounidense o residente permanente legal. El camino hacia una tarjeta verde es sencillo y permite al esposo o a la esposa buscar la residencia legal permanente. Sin embargo, a veces los c\u00f3nyuges [&hellip;]<\/p>\n","protected":false},"author":25,"featured_media":6423,"parent":6468,"menu_order":0,"comment_status":"closed","ping_status":"closed","template":"","meta":{"_acf_changed":false,"_oasis_is_in_workflow":0,"_oasis_original":0,"_oasis_task_priority":"","footnotes":""},"class_list":["post-6422","page","type-page","status-publish","has-post-thumbnail","hentry","entry"],"acf":[],"_links":{"self":[{"href":"https:\/\/sverdlofflaw.com\/es\/wp-json\/wp\/v2\/pages\/6422","targetHints":{"allow":["GET"]}}],"collection":[{"href":"https:\/\/sverdlofflaw.com\/es\/wp-json\/wp\/v2\/pages"}],"about":[{"href":"https:\/\/sverdlofflaw.com\/es\/wp-json\/wp\/v2\/types\/page"}],"author":[{"embeddable":true,"href":"https:\/\/sverdlofflaw.com\/es\/wp-json\/wp\/v2\/users\/25"}],"replies":[{"embeddable":true,"href":"https:\/\/sverdlofflaw.com\/es\/wp-json\/wp\/v2\/comments?post=6422"}],"version-history":[{"count":2,"href":"https:\/\/sverdlofflaw.com\/es\/wp-json\/wp\/v2\/pages\/6422\/revisions"}],"predecessor-version":[{"id":6425,"href":"https:\/\/sverdlofflaw.com\/es\/wp-json\/wp\/v2\/pages\/6422\/revisions\/6425"}],"up":[{"embeddable":true,"href":"https:\/\/sverdlofflaw.com\/es\/wp-json\/wp\/v2\/pages\/6468"}],"wp:featuredmedia":[{"embeddable":true,"href":"https:\/\/sverdlofflaw.com\/es\/wp-json\/wp\/v2\/media\/6423"}],"wp:attachment":[{"href":"https:\/\/sverdlofflaw.com\/es\/wp-json\/wp\/v2\/media?parent=6422"}],"curies":[{"name":"wp","href":"https:\/\/api.w.org\/{rel}","templated":true}]}}