{"id":6418,"date":"2023-08-19T15:07:00","date_gmt":"2023-08-19T20:07:00","guid":{"rendered":"https:\/\/sverdlofflaw.com\/?page_id=6418"},"modified":"2024-10-29T13:50:42","modified_gmt":"2024-10-29T18:50:42","slug":"exencion-i-601-por-tergiversacion-o-fraude","status":"publish","type":"page","link":"https:\/\/sverdlofflaw.com\/es\/servicios-de-inmigracion\/exencion-i-601-por-tergiversacion-o-fraude\/","title":{"rendered":"Exenci\u00f3n I-601 por tergiversaci\u00f3n o fraude"},"content":{"rendered":"<p>Si el gobierno federal o el USCIS creen que usted tergivers\u00f3 deliberadamente cualquier informaci\u00f3n en su solicitud de inmigraci\u00f3n, se enfrentar\u00e1 a algunas de las consecuencias m\u00e1s graves. Es posible que se le considere no elegible para ingresar a los Estados Unidos, y esa condici\u00f3n podr\u00eda permanecer con usted durante toda su vida. Si se le ha declarado no elegible debido a un fraude o una tergiversaci\u00f3n deliberada, es posible que no sepa inmediatamente por qu\u00e9. En algunos casos, aunque es poco com\u00fan, es posible que pueda presentar una solicitud de exenci\u00f3n. A continuaci\u00f3n, nuestro <a href=\"https:\/\/sverdlofflaw.com\/immigration-services\/citizenship-lawyer-chicago\/\">abogado de inmigraci\u00f3n de Chicago <\/a>explica m\u00e1s sobre la <a href=\"https:\/\/www.uscis.gov\/policy-manual\/volume-9-part-f-chapter-1\" target=\"_blank\" rel=\"noopener\">exenci\u00f3n I-601 <\/a>.<\/p>\n<h2>C\u00f3mo superar la inadmisibilidad debido a una declaraci\u00f3n falsa o un fraude intencional<\/h2>\n<p>Si no ha tergiversado deliberadamente un hecho material o importante, es posible que pueda impugnar las acusaciones. Es posible que pueda presentar un <a href=\"https:\/\/www.uscis.gov\/i-212\" target=\"_blank\" rel=\"noopener\">Formulario I-212 <\/a>para solicitar una exenci\u00f3n de inadmisibilidad por tergiversaci\u00f3n deliberada. Esta exenci\u00f3n puede servir como defensa durante los procedimientos de deportaci\u00f3n y puede ayudarlo a ganar su caso durante los procedimientos judiciales. Tambi\u00e9n tendr\u00e1 que presentar el Formulario I-601 ante el USCIS para procesar la informaci\u00f3n biom\u00e9trica y biogr\u00e1fica, as\u00ed como pagar los honorarios legales.<\/p>\n<p>Tambi\u00e9n es posible que tenga que presentar documentos de respaldo para su solicitud, as\u00ed como el recibo de presentaci\u00f3n del Formulario I-601. Debe presentar estos documentos ante el Tribunal de Inmigraci\u00f3n para su adjudicaci\u00f3n, y usted y un familiar que cumpla con los requisitos deber\u00e1n testificar. El testimonio debe reflejar todas las declaraciones y declaraciones juradas que ya haya presentado.<\/p>\n<h2>\u00bfCu\u00e1ndo solicitar una exenci\u00f3n I-601?<\/h2>\n<p>Es posible que le resulte \u00fatil una exenci\u00f3n I-601 si se le ha considerado no elegible debido a una declaraci\u00f3n falsa o fraude y est\u00e1 tratando de obtener una visa de inmigrante o una tarjeta verde. Si solicit\u00f3 un beneficio de inmigraci\u00f3n y lo recibi\u00f3, no puede obtenerlo mediante una declaraci\u00f3n falsa intencional. Es probable que no sea elegible debido a una declaraci\u00f3n falsa intencional si se cumple alguna de las siguientes condiciones:<\/p>\n<ul>\n<li>Obtuvo o intent\u00f3 obtener un beneficio bajo las leyes de inmigraci\u00f3n de los Estados Unidos,<\/li>\n<li>Usted, intencional o inconscientemente, hizo una declaraci\u00f3n falsa sobre un hecho importante, o<\/li>\n<li>Hizo una reclamaci\u00f3n falsa a un funcionario del gobierno de EE. UU., incluido un funcionario consular de EE. UU., un funcionario de inmigraci\u00f3n de USCIS o un funcionario de aduanas de EE. UU.<\/li>\n<\/ul>\n<h2>C\u00f3mo calificar para una exenci\u00f3n I-601<\/h2>\n<p>Las siguientes personas pueden solicitar una exenci\u00f3n por fraude I-601 y quedar eximidas de la prohibici\u00f3n de por vida:<\/p>\n<ul>\n<li>Los solicitantes que sean c\u00f3nyuge o hijo o ciudadano estadounidense o residente permanente que sufrir\u00e1n dificultades si no se les permite ingresar al pa\u00eds,<\/li>\n<li><a href=\"https:\/\/sverdlofflaw.com\/immigration-services\/self-petitioning-under-the-violence-against-women-act-vawa\/\">Los auto-peticionarios de VAWA <\/a>que sufrir\u00e1n dificultades extremas si no se les permite ingresar al pa\u00eds, y<\/li>\n<li>Un auto-peticionario VAWA que tiene un c\u00f3nyuge, padre o hijo que es ciudadano de los EE. UU. y sufrir\u00e1 dificultades extremas a menos que se le permita ingresar al pa\u00eds.<\/li>\n<\/ul>\n<h2>Llame hoy a nuestro abogado de inmigraci\u00f3n en Chicago para obtener ayuda<\/h2>\n<p>Solicitar una exenci\u00f3n por fraude o tergiversaci\u00f3n intencional nunca es f\u00e1cil. En Sverdloff Law Group, nuestro <a href=\"https:\/\/sverdlofflaw.com\/contact-us\/\">abogado de inmigraci\u00f3n de Chicago <\/a>puede ayudarlo a navegar por el proceso para que tenga la mejor oportunidad de conseguir un abogado exitoso. Ll\u00e1menos ahora o con\u00e9ctese con nosotros en l\u00ednea para programar una consulta y obtener m\u00e1s informaci\u00f3n.<\/p>\n","protected":false},"excerpt":{"rendered":"<p>Si el gobierno federal o el USCIS creen que usted tergivers\u00f3 deliberadamente cualquier informaci\u00f3n en su solicitud de inmigraci\u00f3n, se enfrentar\u00e1 a algunas de las consecuencias m\u00e1s graves. Es posible que se le considere no elegible para ingresar a los Estados Unidos, y esa condici\u00f3n podr\u00eda permanecer con usted durante toda su vida. Si se [&hellip;]<\/p>\n","protected":false},"author":25,"featured_media":6419,"parent":6468,"menu_order":0,"comment_status":"closed","ping_status":"closed","template":"","meta":{"_acf_changed":false,"_oasis_is_in_workflow":0,"_oasis_original":0,"_oasis_task_priority":"","footnotes":""},"class_list":["post-6418","page","type-page","status-publish","has-post-thumbnail","hentry","entry"],"acf":[],"_links":{"self":[{"href":"https:\/\/sverdlofflaw.com\/es\/wp-json\/wp\/v2\/pages\/6418","targetHints":{"allow":["GET"]}}],"collection":[{"href":"https:\/\/sverdlofflaw.com\/es\/wp-json\/wp\/v2\/pages"}],"about":[{"href":"https:\/\/sverdlofflaw.com\/es\/wp-json\/wp\/v2\/types\/page"}],"author":[{"embeddable":true,"href":"https:\/\/sverdlofflaw.com\/es\/wp-json\/wp\/v2\/users\/25"}],"replies":[{"embeddable":true,"href":"https:\/\/sverdlofflaw.com\/es\/wp-json\/wp\/v2\/comments?post=6418"}],"version-history":[{"count":2,"href":"https:\/\/sverdlofflaw.com\/es\/wp-json\/wp\/v2\/pages\/6418\/revisions"}],"predecessor-version":[{"id":6421,"href":"https:\/\/sverdlofflaw.com\/es\/wp-json\/wp\/v2\/pages\/6418\/revisions\/6421"}],"up":[{"embeddable":true,"href":"https:\/\/sverdlofflaw.com\/es\/wp-json\/wp\/v2\/pages\/6468"}],"wp:featuredmedia":[{"embeddable":true,"href":"https:\/\/sverdlofflaw.com\/es\/wp-json\/wp\/v2\/media\/6419"}],"wp:attachment":[{"href":"https:\/\/sverdlofflaw.com\/es\/wp-json\/wp\/v2\/media?parent=6418"}],"curies":[{"name":"wp","href":"https:\/\/api.w.org\/{rel}","templated":true}]}}