{"id":6414,"date":"2023-11-25T11:20:00","date_gmt":"2023-11-25T17:20:00","guid":{"rendered":"https:\/\/sverdlofflaw.com\/?page_id=6414"},"modified":"2024-10-29T13:49:16","modified_gmt":"2024-10-29T18:49:16","slug":"peticion-i-140-de-inmigrante-para-trabajador-extranjero","status":"publish","type":"page","link":"https:\/\/sverdlofflaw.com\/es\/servicios-de-inmigracion\/peticion-i-140-de-inmigrante-para-trabajador-extranjero\/","title":{"rendered":"Petici\u00f3n I-140 de inmigrante para trabajador extranjero"},"content":{"rendered":"<p>La petici\u00f3n de inmigraci\u00f3n I-140 para trabajadores extranjeros es un paso crucial en el proceso de inmigraci\u00f3n para <a href=\"https:\/\/sverdlofflaw.com\/immigration-services\/employment-based-immigrant-visas\/\">los trabajadores extranjeros <\/a>que buscan la residencia permanente en los Estados Unidos. El proceso de petici\u00f3n I-140 puede ser complejo y llevar mucho tiempo. En Sverdloff Law Group, ofrecemos una soluci\u00f3n eficaz para Representaci\u00f3n legal a personas y empresas que navegan por este proceso.<\/p>\n<h2>Los beneficios de la petici\u00f3n I-140<\/h2>\n<p>Los beneficios de la petici\u00f3n I-140 son significativos. Una vez aprobada, permite a los trabajadores extranjeros trabajar legalmente en los Estados Unidos. Los trabajadores con una I-140 aprobada pueden ser elegibles para cambiar de empleador sin poner en riesgo su estatus migratorio. Tambi\u00e9n allana el camino para obtener la residencia permanente, com\u00fanmente conocida como <a href=\"https:\/\/sverdlofflaw.com\/immigration-services\/green-card-lawyer-chicago\/\">tarjeta verde <\/a>. Tambien, los dependientes del beneficiario principal tambi\u00e9n pueden beneficiarse de la petici\u00f3n al acompa\u00f1ar o unirse al trabajador en los Estados Unidos.<\/p>\n<h2>Conceptos b\u00e1sicos del proceso de solicitud I-140<\/h2>\n<p>La petici\u00f3n I-140 est\u00e1 dise\u00f1ada para trabajadores extranjeros que han recibido una oferta de trabajo de un empleador estadounidense. El proceso de solicitud de la petici\u00f3n I-140 implica varios pasos y la solicitud debe cumplir con varios requisitos para ser aceptada. Estos incluyen proporcionar evidencia de la educaci\u00f3n y experiencia laboral del trabajador en su campo, y ciertos tipos de visa tambi\u00e9n requerir\u00e1n habilidades o destrezas excepcionales. Los pasos b\u00e1sicos son los siguientes:<\/p>\n<ul>\n<li><strong>Presentaci\u00f3n: <\/strong>En primer lugar, el empleador debe presentar la petici\u00f3n ante el Servicio de Ciudadan\u00eda e Inmigraci\u00f3n de Estados Unidos (USCIS) junto con los documentos de respaldo. En este formulario, el empleador ser\u00e1 conocido como el solicitante y el trabajador extranjero ser\u00e1 denominado el beneficiario.<\/li>\n<li><strong>Documentaci\u00f3n <\/strong>: La documentaci\u00f3n requerida depender\u00e1 del tipo de visa que el trabajador est\u00e9 buscando. Esto podr\u00eda incluir (pero no est\u00e1 limitado a) prueba de educaci\u00f3n como diplomas o t\u00edtulos, evidencia de experiencia laboral y conocimientos previos, cartas de recomendaci\u00f3n, registros de impuestos y m\u00e1s.<\/li>\n<li><strong>Revisi\u00f3n <\/strong>: El USCIS revisar\u00e1 la petici\u00f3n y puede solicitar evidencia adicional o realizar una entrevista. Los tiempos de procesamiento pueden variar seg\u00fan el lugar de presentaci\u00f3n, pero <a href=\"https:\/\/www.uscis.gov\/i-907\" target=\"_blank\" rel=\"noopener\">el procesamiento premium <\/a>puede estar disponible por una tarifa adicional.<\/li>\n<li><strong>Aprobaci\u00f3n <\/strong>: Una vez aprobado, puede continuar con el resto del proceso de inmigraci\u00f3n.<\/li>\n<\/ul>\n<h2>La importancia de una representaci\u00f3n legal experimentada<\/h2>\n<p>Tener la representaci\u00f3n legal profesional de Sverdloff Law Group durante todo el proceso de solicitud I-140 es crucial. Nuestro equipo puede ayudar a evaluar la elegibilidad tanto de los empleadores como de los trabajadores extranjeros y a reunir la documentaci\u00f3n necesaria. Nuestra experiencia y conocimiento de las leyes y los procedimientos de inmigraci\u00f3n pueden ayudar a garantizar un proceso de solicitud sin problemas. Con nuestra orientaci\u00f3n, puede aumentar sus posibilidades de obtener la aprobaci\u00f3n.<\/p>\n<h2>Comun\u00edquese con Sverdloff Law Group hoy mismo<\/h2>\n<p>En Sverdloff Law Group, creemos en hacer realidad su sue\u00f1o americano. Entendemos las complejidades y los detalles del proceso de solicitud I-140 y estamos aqu\u00ed para brindarle asistencia y apoyo personalizados. Nuestro equipo trabajar\u00e1 en estrecha colaboraci\u00f3n con usted para reunir la documentaci\u00f3n necesaria, preparar y presentar la solicitud y guiarlo a trav\u00e9s de cualquier paso adicional que pueda surgir.<\/p>\n<p>Nos comprometemos a brindarle un servicio profesional, empat\u00eda y un enfoque centrado en el cliente. Perm\u00edtanos gestionar el proceso de petici\u00f3n I-140 en su nombre para que usted pueda concentrarse en desarrollar su empresa o su futuro en los Estados Unidos. <a href=\"https:\/\/sverdlofflaw.com\/contact-us\/\">Cont\u00e1ctenos <\/a>para programar una consulta y dar el primer paso hacia el logro de sus objetivos de inmigraci\u00f3n.<\/p>\n","protected":false},"excerpt":{"rendered":"<p>La petici\u00f3n de inmigraci\u00f3n I-140 para trabajadores extranjeros es un paso crucial en el proceso de inmigraci\u00f3n para los trabajadores extranjeros que buscan la residencia permanente en los Estados Unidos. El proceso de petici\u00f3n I-140 puede ser complejo y llevar mucho tiempo. En Sverdloff Law Group, ofrecemos una soluci\u00f3n eficaz para Representaci\u00f3n legal a personas [&hellip;]<\/p>\n","protected":false},"author":25,"featured_media":6415,"parent":6468,"menu_order":0,"comment_status":"closed","ping_status":"closed","template":"","meta":{"_acf_changed":false,"_oasis_is_in_workflow":0,"_oasis_original":0,"_oasis_task_priority":"","footnotes":""},"class_list":["post-6414","page","type-page","status-publish","has-post-thumbnail","hentry","entry"],"acf":[],"_links":{"self":[{"href":"https:\/\/sverdlofflaw.com\/es\/wp-json\/wp\/v2\/pages\/6414","targetHints":{"allow":["GET"]}}],"collection":[{"href":"https:\/\/sverdlofflaw.com\/es\/wp-json\/wp\/v2\/pages"}],"about":[{"href":"https:\/\/sverdlofflaw.com\/es\/wp-json\/wp\/v2\/types\/page"}],"author":[{"embeddable":true,"href":"https:\/\/sverdlofflaw.com\/es\/wp-json\/wp\/v2\/users\/25"}],"replies":[{"embeddable":true,"href":"https:\/\/sverdlofflaw.com\/es\/wp-json\/wp\/v2\/comments?post=6414"}],"version-history":[{"count":2,"href":"https:\/\/sverdlofflaw.com\/es\/wp-json\/wp\/v2\/pages\/6414\/revisions"}],"predecessor-version":[{"id":6417,"href":"https:\/\/sverdlofflaw.com\/es\/wp-json\/wp\/v2\/pages\/6414\/revisions\/6417"}],"up":[{"embeddable":true,"href":"https:\/\/sverdlofflaw.com\/es\/wp-json\/wp\/v2\/pages\/6468"}],"wp:featuredmedia":[{"embeddable":true,"href":"https:\/\/sverdlofflaw.com\/es\/wp-json\/wp\/v2\/media\/6415"}],"wp:attachment":[{"href":"https:\/\/sverdlofflaw.com\/es\/wp-json\/wp\/v2\/media?parent=6414"}],"curies":[{"name":"wp","href":"https:\/\/api.w.org\/{rel}","templated":true}]}}