{"id":6411,"date":"2022-08-09T14:37:36","date_gmt":"2022-08-09T19:37:36","guid":{"rendered":"https:\/\/sverdlofflaw.com\/?page_id=6411"},"modified":"2024-10-29T13:47:30","modified_gmt":"2024-10-29T18:47:30","slug":"peticiones-propias-eb-2-niw","status":"publish","type":"page","link":"https:\/\/sverdlofflaw.com\/es\/servicios-de-inmigracion\/peticiones-propias-eb-2-niw\/","title":{"rendered":"Peticiones propias EB-2 NIW"},"content":{"rendered":"<p>La inmigraci\u00f3n basada en el empleo puede ser un proceso largo y desafiante. Para lograr el estatus de residente temporal para trabajar legalmente, los solicitantes generalmente necesitan tener una oferta de trabajo de un empleador estadounidense o una certificaci\u00f3n laboral PERM antes de ser considerados. Afortunadamente, los solicitantes pueden eludir estos requisitos mediante una auto-petici\u00f3n. Para abordar las barreras de inmigraci\u00f3n actuales, el USCIS ha establecido una exenci\u00f3n de inter\u00e9s nacional para las tarjetas verdes EB-2. Un ciudadano extranjero puede usar esta petici\u00f3n para eximirse del requisito de una oferta de trabajo o del proceso de Certificaci\u00f3n Laboral PERM al demostrar que su <a href=\"https:\/\/sverdlofflaw.com\/faq\/\">residencia permanente en los EE. UU. <\/a>ser\u00eda de inter\u00e9s nacional. Antes de comenzar el proceso, hay varios criterios de calificaci\u00f3n que se deben tener en cuenta.<\/p>\n<p>Dado que el proceso de solicitud puede ser dif\u00edcil de completar, deber\u00e1 trabajar con alguien familiarizado con la ley de inmigraci\u00f3n laboral. <a href=\"https:\/\/sverdlofflaw.com\/attorney-profile\/\">Sverdloff <\/a><a href=\"https:\/\/sverdlofflaw.com\/attorney-profile\/\">Law Office <\/a>est\u00e1 preparado para hacer lo que sea necesario para lograr sus objetivos. Comun\u00edquese con nuestros abogados para obtener ayuda.<\/p>\n<h2>\u00bfCu\u00e1les son los requisitos para la autopetici\u00f3n EB-2 NIW?<\/h2>\n<p>En un caso t\u00edpico <a href=\"https:\/\/sverdlofflaw.com\/immigration-services\/green-card-lawyer-chicago\/\">de tarjeta verde EB-2 <\/a>, el empleador estadounidense act\u00faa como solicitante del caso y obtiene un certificado laboral antes de presentar el Formulario I-140 en nombre del beneficiario o del ciudadano extranjero. El solicitante tambi\u00e9n tendr\u00eda que solicitar una certificaci\u00f3n PERM. La autopetici\u00f3n permite a los solicitantes completar la solicitud sin realizar esos pasos, y esto reduce el tiempo de procesamiento y le permite obtener la autorizaci\u00f3n de trabajo temporal antes.<\/p>\n<p>Usted puede calificar si cumple con los siguientes criterios:<\/p>\n<ul>\n<li>El proyecto propuesto por el solicitante tiene m\u00e9rito e importancia nacional, ya sea que el empleo sea en ciencia, negocios, salud, tecnolog\u00eda o educaci\u00f3n.<\/li>\n<li>La formaci\u00f3n acad\u00e9mica, las habilidades, el nivel de experiencia y el historial de logros del solicitante demuestran que podr\u00e1 avanzar y tener \u00e9xito en el proyecto propuesto.<\/li>\n<li>Eliminar los requisitos de PERM y de oferta de empleo evidentemente beneficiar\u00eda a Estados Unidos.<\/li>\n<\/ul>\n<p>La carga de demostrar el inter\u00e9s nacional recae sobre usted, y su evidencia debe demostrar que las siguientes disposiciones son verdaderas para el proyecto propuesto:<\/p>\n<ul>\n<li>Beneficia a un determinado campo profesional a nivel nacional o incluso internacional;<\/li>\n<li>Tiene un fuerte potencial para emplear a estadounidenses o tiene otros fuertes beneficios econ\u00f3micos positivos, particularmente en una regi\u00f3n con una econom\u00eda en dificultades;<\/li>\n<li>Promover\u00e1 significativamente el bienestar de la sociedad o el enriquecimiento de la cultura o de las artes; y<\/li>\n<li>Tiene un efecto sobre un tema que una agencia gubernamental ha considerado de inter\u00e9s nacional o que es el foco de actividades nacionales.<\/li>\n<\/ul>\n<p>Un abogado puede ayudarle a optimizar la presentaci\u00f3n de su evidencia y crear un argumento persuasivo para aumentar las posibilidades de que su caso sea aprobado.<\/p>\n<h2>Proceso de solicitud<\/h2>\n<p>Las personas que deseen obtener una exenci\u00f3n por inter\u00e9s nacional deber\u00e1n presentar primero el Formulario I-140. Deber\u00e1 presentar esta petici\u00f3n en su propio nombre, incluso sin una oferta de trabajo vigente y sin obtener una certificaci\u00f3n laboral PERM. Como parte de su solicitud, deber\u00e1 proporcionar un expediente acad\u00e9mico oficial que muestre su t\u00edtulo o premio similar de una instituci\u00f3n educativa que demuestre su capacidad excepcional en un \u00e1rea de estudio determinada. La \u201ccapacidad excepcional\u201d se define como un nivel de experiencia que es notablemente superior al que es t\u00edpico para un empleado que trabaja en las artes, las ciencias o los negocios.<\/p>\n<p>Los solicitantes deben proporcionar fotocopias de los documentos pertinentes, incluidas las traducciones al ingl\u00e9s de los documentos en idiomas extranjeros. <a href=\"https:\/\/egov.uscis.gov\/processing-times\/\" target=\"_blank\" rel=\"noopener\">Los tiempos de procesamiento <\/a>pueden variar mucho, pero por lo general, el USCIS tardar\u00e1 entre 10 y 20 meses en procesar y responder su solicitud. El USCIS ofrece un procesamiento premium por una tarifa, que garantiza una acci\u00f3n sobre el caso dentro de los 15 d\u00edas para la mayor\u00eda de los casos o 45 d\u00edas para las clasificaciones NIW del Formulario I-140 E13 y el Formulario I-140 E21.<\/p>\n<h2>Llame a un abogado de inmigraci\u00f3n de Chicago<\/h2>\n<p>Si est\u00e1 interesado en saber si califica para la autopetici\u00f3n EB-2 NIW, <a href=\"https:\/\/sverdlofflaw.com\/contact-us\/\">comun\u00edquese con <\/a>un abogado de inmigraci\u00f3n experto en Sverdloff Law Group. Priorizamos sus objetivos de inmigraci\u00f3n mientras lo ayudamos a transitar cada paso del proceso.<\/p>\n<p><a href=\"https:\/\/sverdlofflaw.com\/immigration-services\/i-140-immigrant-petition-for-alien-worker\/\">https:\/\/sverdlofflaw.com\/immigration-services\/i-140-immigrant-petition-for-alien-worker\/<\/a><\/p>\n<p>Petici\u00f3n I-140 de inmigrante para trabajador extranjero<\/p>\n<p>La petici\u00f3n de inmigraci\u00f3n I-140 para trabajadores extranjeros es un paso crucial en el proceso de inmigraci\u00f3n para <a href=\"https:\/\/sverdlofflaw.com\/immigration-services\/employment-based-immigrant-visas\/\">los trabajadores extranjeros <\/a>que buscan la residencia permanente en los Estados Unidos. El proceso de petici\u00f3n I-140 puede ser complejo y llevar mucho tiempo. En Sverdloff Law Group, ofrecemos una soluci\u00f3n eficaz para Representaci\u00f3n legal a personas y empresas que navegan por este proceso.<\/p>\n<h2>Los beneficios de la petici\u00f3n I-140<\/h2>\n<p>Los beneficios de la petici\u00f3n I-140 son significativos. Una vez aprobada, permite a los trabajadores extranjeros trabajar legalmente en los Estados Unidos. Los trabajadores con una I-140 aprobada pueden ser elegibles para cambiar de empleador sin poner en riesgo su estatus migratorio. Tambi\u00e9n allana el camino para obtener la residencia permanente, com\u00fanmente conocida como <a href=\"https:\/\/sverdlofflaw.com\/immigration-services\/green-card-lawyer-chicago\/\">tarjeta verde <\/a>. Tambien, los dependientes del beneficiario principal tambi\u00e9n pueden beneficiarse de la petici\u00f3n al acompa\u00f1ar o unirse al trabajador en los Estados Unidos.<\/p>\n<h2>Conceptos b\u00e1sicos del proceso de solicitud I-140<\/h2>\n<p>La petici\u00f3n I-140 est\u00e1 dise\u00f1ada para trabajadores extranjeros que han recibido una oferta de trabajo de un empleador estadounidense. El proceso de solicitud de la petici\u00f3n I-140 implica varios pasos y la solicitud debe cumplir con varios requisitos para ser aceptada. Estos incluyen proporcionar evidencia de la educaci\u00f3n y experiencia laboral del trabajador en su campo, y ciertos tipos de visa tambi\u00e9n requerir\u00e1n habilidades o destrezas excepcionales. Los pasos b\u00e1sicos son los siguientes:<\/p>\n<ul>\n<li><strong>Presentaci\u00f3n: <\/strong>En primer lugar, el empleador debe presentar la petici\u00f3n ante el Servicio de Ciudadan\u00eda e Inmigraci\u00f3n de Estados Unidos (USCIS) junto con los documentos de respaldo. En este formulario, el empleador ser\u00e1 conocido como el solicitante y el trabajador extranjero ser\u00e1 denominado el beneficiario.<\/li>\n<li><strong>Documentaci\u00f3n <\/strong>: La documentaci\u00f3n requerida depender\u00e1 del tipo de visa que el trabajador est\u00e9 buscando. Esto podr\u00eda incluir (pero no est\u00e1 limitado a) prueba de educaci\u00f3n como diplomas o t\u00edtulos, evidencia de experiencia laboral y conocimientos previos, cartas de recomendaci\u00f3n, registros de impuestos y m\u00e1s.<\/li>\n<li><strong>Revisi\u00f3n <\/strong>: El USCIS revisar\u00e1 la petici\u00f3n y puede solicitar evidencia adicional o realizar una entrevista. Los tiempos de procesamiento pueden variar seg\u00fan el lugar de presentaci\u00f3n, pero <a href=\"https:\/\/www.uscis.gov\/i-907\" target=\"_blank\" rel=\"noopener\">el procesamiento premium <\/a>puede estar disponible por una tarifa adicional.<\/li>\n<li><strong>Aprobaci\u00f3n <\/strong>: Una vez aprobado, puede continuar con el resto del proceso de inmigraci\u00f3n.<\/li>\n<\/ul>\n<h2>La importancia de una representaci\u00f3n legal experimentada<\/h2>\n<p>Tener la representaci\u00f3n legal profesional de Sverdloff Law Group durante todo el proceso de solicitud I-140 es crucial. Nuestro equipo puede ayudar a evaluar la elegibilidad tanto de los empleadores como de los trabajadores extranjeros y a reunir la documentaci\u00f3n necesaria. Nuestra experiencia y conocimiento de las leyes y los procedimientos de inmigraci\u00f3n pueden ayudar a garantizar un proceso de solicitud sin problemas. Con nuestra orientaci\u00f3n, puede aumentar sus posibilidades de obtener la aprobaci\u00f3n.<\/p>\n<h2>Comun\u00edquese con Sverdloff Law Group hoy mismo<\/h2>\n<p>En Sverdloff Law Group, creemos en hacer realidad su sue\u00f1o americano. Entendemos las complejidades y los detalles del proceso de solicitud I-140 y estamos aqu\u00ed para brindarle asistencia y apoyo personalizados. Nuestro equipo trabajar\u00e1 en estrecha colaboraci\u00f3n con usted para reunir la documentaci\u00f3n necesaria, preparar y presentar la solicitud y guiarlo a trav\u00e9s de cualquier paso adicional que pueda surgir.<\/p>\n<p>Nos comprometemos a brindarle un servicio profesional, empat\u00eda y un enfoque centrado en el cliente. Perm\u00edtanos gestionar el proceso de petici\u00f3n I-140 en su nombre para que usted pueda concentrarse en desarrollar su empresa o su futuro en los Estados Unidos. <a href=\"https:\/\/sverdlofflaw.com\/contact-us\/\">Cont\u00e1ctenos <\/a>para programar una consulta y dar el primer paso hacia el logro de sus objetivos de inmigraci\u00f3n.<\/p>\n","protected":false},"excerpt":{"rendered":"<p>La inmigraci\u00f3n basada en el empleo puede ser un proceso largo y desafiante. Para lograr el estatus de residente temporal para trabajar legalmente, los solicitantes generalmente necesitan tener una oferta de trabajo de un empleador estadounidense o una certificaci\u00f3n laboral PERM antes de ser considerados. Afortunadamente, los solicitantes pueden eludir estos requisitos mediante una auto-petici\u00f3n. [&hellip;]<\/p>\n","protected":false},"author":25,"featured_media":6412,"parent":6468,"menu_order":0,"comment_status":"closed","ping_status":"closed","template":"","meta":{"_acf_changed":false,"_oasis_is_in_workflow":0,"_oasis_original":0,"_oasis_task_priority":"","footnotes":""},"class_list":["post-6411","page","type-page","status-publish","has-post-thumbnail","hentry","entry"],"acf":[],"_links":{"self":[{"href":"https:\/\/sverdlofflaw.com\/es\/wp-json\/wp\/v2\/pages\/6411","targetHints":{"allow":["GET"]}}],"collection":[{"href":"https:\/\/sverdlofflaw.com\/es\/wp-json\/wp\/v2\/pages"}],"about":[{"href":"https:\/\/sverdlofflaw.com\/es\/wp-json\/wp\/v2\/types\/page"}],"author":[{"embeddable":true,"href":"https:\/\/sverdlofflaw.com\/es\/wp-json\/wp\/v2\/users\/25"}],"replies":[{"embeddable":true,"href":"https:\/\/sverdlofflaw.com\/es\/wp-json\/wp\/v2\/comments?post=6411"}],"version-history":[{"count":1,"href":"https:\/\/sverdlofflaw.com\/es\/wp-json\/wp\/v2\/pages\/6411\/revisions"}],"predecessor-version":[{"id":6413,"href":"https:\/\/sverdlofflaw.com\/es\/wp-json\/wp\/v2\/pages\/6411\/revisions\/6413"}],"up":[{"embeddable":true,"href":"https:\/\/sverdlofflaw.com\/es\/wp-json\/wp\/v2\/pages\/6468"}],"wp:featuredmedia":[{"embeddable":true,"href":"https:\/\/sverdlofflaw.com\/es\/wp-json\/wp\/v2\/media\/6412"}],"wp:attachment":[{"href":"https:\/\/sverdlofflaw.com\/es\/wp-json\/wp\/v2\/media?parent=6411"}],"curies":[{"name":"wp","href":"https:\/\/api.w.org\/{rel}","templated":true}]}}