{"id":6407,"date":"2023-07-22T15:22:00","date_gmt":"2023-07-22T20:22:00","guid":{"rendered":"https:\/\/sverdlofflaw.com\/?page_id=6407"},"modified":"2024-10-29T13:44:46","modified_gmt":"2024-10-29T18:44:46","slug":"costos-y-tiempos-de-procesamiento-para-la-ciudadania","status":"publish","type":"page","link":"https:\/\/sverdlofflaw.com\/es\/servicios-de-inmigracion\/costos-y-tiempos-de-procesamiento-para-la-ciudadania\/","title":{"rendered":"Costos y tiempos de procesamiento para la ciudadan\u00eda"},"content":{"rendered":"<p>Convertirse en ciudadano de los Estados Unidos es un sue\u00f1o para millones de personas en todo el mundo. Hay muchos desaf\u00edos que las personas enfrentan cuando comienzan el <a href=\"https:\/\/sverdlofflaw.com\/immigration-services\/naturalization-lawyer-in-chicago\/\">proceso de naturalizaci\u00f3n <\/a>, y dos de ellos son el costo y los tiempos de procesamiento. Para garantizar que el proceso sea lo m\u00e1s sencillo posible y para ayudarlo a obtener la ciudadan\u00eda lo m\u00e1s r\u00e1pido posible, es importante trabajar con un abogado de inmigraci\u00f3n de Chicago.<\/p>\n<h2>El costo de solicitar la ciudadan\u00eda<\/h2>\n<p>Al solicitar la ciudadan\u00eda, deber\u00e1 pagar tasas de presentaci\u00f3n y otros gastos. Presentar el Formulario N 600 cuesta $1,170 y la tasa debe pagarse mediante giro postal, cheque o cheque de caja. La tasa se paga al <a href=\"https:\/\/www.dhs.gov\" target=\"_blank\" rel=\"noopener\">Departamento de Seguridad Nacional de los EE. UU <\/a>. Existen muchas excepciones a la tasa, que son las siguientes:<\/p>\n<ul>\n<li>Los miembros y veteranos de las Fuerzas Armadas de los Estados Unidos no est\u00e1n obligados a pagar una tarifa de presentaci\u00f3n. Las Fuerzas Armadas de los Estados Unidos incluyen el Ej\u00e9rcito, la Marina, la Fuerza A\u00e9rea, el Cuerpo de Marines, la Fuerza Espacial y la Guardia Costera.<\/li>\n<li>Se puede eximir del pago de la tarifa a las personas que atraviesan dificultades econ\u00f3micas o que reciben determinados beneficios gubernamentales. Si el ingreso total de su hogar es igual o inferior al 150 por ciento de las <a href=\"https:\/\/www.healthcare.gov\/glossary\/federal-poverty-level-fpl\/\" target=\"_blank\" rel=\"noopener\">Pautas Federales de Pobreza <\/a>, tambi\u00e9n puede solicitar la exenci\u00f3n de la tarifa.<\/li>\n<\/ul>\n<h2>Otros costos asociados con la solicitud de ciudadan\u00eda<\/h2>\n<p>Aparte de la tarifa de presentaci\u00f3n, existen otros gastos asociados con <a href=\"https:\/\/sverdlofflaw.com\/immigration-services\/citizenship-lawyer-chicago\/eligibility-for-citizenship\/\">la solicitud de ciudadan\u00eda <\/a>. Debe trabajar con un abogado de inmigraci\u00f3n de Chicago que pueda ayudarlo a preparar su solicitud y asesorarlo sobre los documentos que necesita reunir y presentar. Tambi\u00e9n deber\u00e1 pagar por fotograf\u00edas suyas tomadas no m\u00e1s de 30 d\u00edas antes de presentar la solicitud.<\/p>\n<p>Tambi\u00e9n es posible que deba presentar ciertos certificados que no posee actualmente. Es posible que necesite su propio certificado de nacimiento, los certificados de nacimiento de sus padres y un certificado de matrimonio. Si no tiene estos documentos y necesita obtenerlos de una agencia gubernamental, es probable que tambi\u00e9n deba pagar una tarifa.<\/p>\n<p>El Servicio de Ciudadan\u00eda e Inmigraci\u00f3n de Estados Unidos (USCIS, por sus siglas en ingl\u00e9s) tambi\u00e9n puede solicitarle que cumpla con requisitos adicionales que pueden resultar costosos. Por ejemplo, la agencia puede solicitarle que proporcione sus huellas dactilares. El USCIS le notificar\u00e1 lo que se necesita, la fecha de su cita y el costo adjunto en la carta que le env\u00eden.<\/p>\n<h2>Tiempos de procesamiento para la ciudadan\u00eda<\/h2>\n<p>En t\u00e9rminos generales, el tiempo de procesamiento de la ciudadan\u00eda puede demorar entre siete y diecis\u00e9is meses. Sin embargo, el cronograma de su caso depender\u00e1 de la oficina del USCIS a la que presente la solicitud y de la cantidad de casos que tengan en ese momento.<\/p>\n<h2>Llame hoy a nuestro abogado de inmigraci\u00f3n en Chicago<\/h2>\n<p>Convertirse en ciudadano de los Estados Unidos es muy emocionante, pero el proceso es incre\u00edblemente complejo. En Sverdloff Law Group, nuestro <a href=\"https:\/\/sverdlofflaw.com\/contact-us\/\">abogado de inmigraci\u00f3n de Chicago <\/a>puede guiarlo para que pueda convertirse en ciudadano lo m\u00e1s r\u00e1pido y f\u00e1cilmente posible. Ll\u00e1menos ahora al 312-238-9090 o cont\u00e1ctenos en l\u00ednea para programar una consulta con nuestro abogado experimentado y obtener m\u00e1s informaci\u00f3n.<\/p>\n","protected":false},"excerpt":{"rendered":"<p>Convertirse en ciudadano de los Estados Unidos es un sue\u00f1o para millones de personas en todo el mundo. Hay muchos desaf\u00edos que las personas enfrentan cuando comienzan el proceso de naturalizaci\u00f3n , y dos de ellos son el costo y los tiempos de procesamiento. Para garantizar que el proceso sea lo m\u00e1s sencillo posible y [&hellip;]<\/p>\n","protected":false},"author":25,"featured_media":6408,"parent":6468,"menu_order":0,"comment_status":"closed","ping_status":"closed","template":"","meta":{"_acf_changed":false,"_oasis_is_in_workflow":0,"_oasis_original":0,"_oasis_task_priority":"","footnotes":""},"class_list":["post-6407","page","type-page","status-publish","has-post-thumbnail","hentry","entry"],"acf":[],"_links":{"self":[{"href":"https:\/\/sverdlofflaw.com\/es\/wp-json\/wp\/v2\/pages\/6407","targetHints":{"allow":["GET"]}}],"collection":[{"href":"https:\/\/sverdlofflaw.com\/es\/wp-json\/wp\/v2\/pages"}],"about":[{"href":"https:\/\/sverdlofflaw.com\/es\/wp-json\/wp\/v2\/types\/page"}],"author":[{"embeddable":true,"href":"https:\/\/sverdlofflaw.com\/es\/wp-json\/wp\/v2\/users\/25"}],"replies":[{"embeddable":true,"href":"https:\/\/sverdlofflaw.com\/es\/wp-json\/wp\/v2\/comments?post=6407"}],"version-history":[{"count":2,"href":"https:\/\/sverdlofflaw.com\/es\/wp-json\/wp\/v2\/pages\/6407\/revisions"}],"predecessor-version":[{"id":6410,"href":"https:\/\/sverdlofflaw.com\/es\/wp-json\/wp\/v2\/pages\/6407\/revisions\/6410"}],"up":[{"embeddable":true,"href":"https:\/\/sverdlofflaw.com\/es\/wp-json\/wp\/v2\/pages\/6468"}],"wp:featuredmedia":[{"embeddable":true,"href":"https:\/\/sverdlofflaw.com\/es\/wp-json\/wp\/v2\/media\/6408"}],"wp:attachment":[{"href":"https:\/\/sverdlofflaw.com\/es\/wp-json\/wp\/v2\/media?parent=6407"}],"curies":[{"name":"wp","href":"https:\/\/api.w.org\/{rel}","templated":true}]}}