{"id":6404,"date":"2023-08-19T15:16:00","date_gmt":"2023-08-19T20:16:00","guid":{"rendered":"https:\/\/sverdlofflaw.com\/?page_id=6404"},"modified":"2024-10-29T13:41:57","modified_gmt":"2024-10-29T18:41:57","slug":"preguntas-frecuentes-sobre-ciudadania","status":"publish","type":"page","link":"https:\/\/sverdlofflaw.com\/es\/servicios-de-inmigracion\/preguntas-frecuentes-sobre-ciudadania\/","title":{"rendered":"Preguntas frecuentes sobre ciudadan\u00eda"},"content":{"rendered":"<p>Convertirse en ciudadano estadounidense es un sue\u00f1o para millones de personas en todo el mundo y muchas de ellas aqu\u00ed en nuestro pa\u00eds. Lamentablemente, el proceso es incre\u00edblemente complejo y, mientras intentas seguirlo, tendr\u00e1s muchas preguntas. A continuaci\u00f3n, nuestro <a href=\"https:\/\/sverdlofflaw.com\/attorney-profile\/\">abogado de inmigraci\u00f3n de Chicago <\/a>describe algunas de las preguntas m\u00e1s frecuentes y las respuestas a las mismas.<\/p>\n<h2>\u00bfPuedo presentar la solicitud si no tengo los documentos necesarios?<\/h2>\n<p>Si no puede obtener un documento que necesita para su solicitud, puede incluir una explicaci\u00f3n de por qu\u00e9 no puede recuperarlo y proporcionar m\u00e1s documentos de respaldo para demostrar su elegibilidad. Los documentos que puede necesitar incluyen registros escolares, certificados de bautismo y registros del censo. Tambi\u00e9n puede incluir declaraciones juradas de personas que tengan conocimiento personal de c\u00f3mo se convirti\u00f3 en ciudadano de los Estados Unidos, como la <a href=\"https:\/\/sverdlofflaw.com\/immigration-services\/naturalization-lawyer-in-chicago\/\">naturalizaci\u00f3n <\/a>de sus padres.<\/p>\n<h2>Solicit\u00e9 un certificado de ciudadan\u00eda hace meses: \u00bfc\u00f3mo puedo verificar el estado de mi solicitud?<\/h2>\n<p>Si present\u00f3 <a href=\"https:\/\/www.uscis.gov\/n-600\" target=\"_blank\" rel=\"noopener\">el Formulario N 600 <\/a>o la Solicitud de Certificado de Ciudadan\u00eda, puede visitar el sitio web de USCIS y verificar el estado de su caso utilizando la carta de confirmaci\u00f3n que le enviaron. La carta incluir\u00e1 un n\u00famero de recibo que puede usar para verificar el estado de su caso. Si no ha recibido la confirmaci\u00f3n de USCIS y han pasado muchos meses, es posible que deba comunicarse con USCIS para confirmar que la recibieron, obtener su n\u00famero de recibo y asegurarse de que tengan su direcci\u00f3n correcta registrada.<\/p>\n<h2>\u00bfEn qu\u00e9 se diferencian N 400 y N 600 entre s\u00ed?<\/h2>\n<p>Los formularios N 400 y N 600 se refieren a la obtenci\u00f3n de la ciudadan\u00eda estadounidense. <a href=\"https:\/\/www.uscis.gov\/n-400\" target=\"_blank\" rel=\"noopener\">El formulario N 400 <\/a>lo utilizan los residentes permanentes legales en el pa\u00eds que desean convertirse en ciudadanos estadounidenses. Por otro lado, el formulario N 600 lo utilizan las personas que han adquirido la ciudadan\u00eda de sus padres y que necesitan un certificado de ciudadan\u00eda estadounidense.<\/p>\n<h2>\u00bfPuedo solicitar un certificado de ciudadan\u00eda si mi padre naturalizado falleci\u00f3?<\/h2>\n<p>Es posible que a\u00fan pueda presentar el Formulario N 600 si uno de sus padres falleci\u00f3. Esto es posible si se convierte autom\u00e1ticamente en ciudadano al nacer o despu\u00e9s de \u00e9l. Sin embargo, si no era ciudadano antes de que falleciera su padre, es posible que no pueda utilizar el Formulario N 600. En cambio, es posible que deba cumplir con los requisitos de la Ley de Inmigraci\u00f3n y Nacionalidad.<\/p>\n<h2>Solo mi padrastro o madrastra es ciudadano estadounidense. \u00bfPuedo presentar el formulario N 600?<\/h2>\n<p>Si su padrastro o madrastra es ciudadano estadounidense, pero su padre biol\u00f3gico no lo es, no podr\u00e1 presentar el Formulario N 600. Por otro lado, si su padrastro o madrastra lo adopta legalmente, es posible que pueda utilizar el Formulario N 600.<\/p>\n<h2>Nuestro abogado de inmigraci\u00f3n en Chicago puede responder todas sus preguntas<\/h2>\n<p>Cuando tiene un problema de inmigraci\u00f3n, tambi\u00e9n tiene muchas preguntas. En Sverdloff Law Group, nuestro <a href=\"https:\/\/sverdlofflaw.com\/contact-us\/\">abogado de inmigraci\u00f3n de Chicago <\/a>puede responderlas para que comprenda completamente sus opciones y pueda tomar las decisiones mejor informadas. Ll\u00e1menos ahora o cont\u00e1ctenos en l\u00ednea para programar una consulta y obtener m\u00e1s informaci\u00f3n.<\/p>\n","protected":false},"excerpt":{"rendered":"<p>Convertirse en ciudadano estadounidense es un sue\u00f1o para millones de personas en todo el mundo y muchas de ellas aqu\u00ed en nuestro pa\u00eds. Lamentablemente, el proceso es incre\u00edblemente complejo y, mientras intentas seguirlo, tendr\u00e1s muchas preguntas. A continuaci\u00f3n, nuestro abogado de inmigraci\u00f3n de Chicago describe algunas de las preguntas m\u00e1s frecuentes y las respuestas a [&hellip;]<\/p>\n","protected":false},"author":25,"featured_media":6405,"parent":6468,"menu_order":0,"comment_status":"closed","ping_status":"closed","template":"template-parts\/faq-page.php","meta":{"_acf_changed":false,"_oasis_is_in_workflow":0,"_oasis_original":0,"_oasis_task_priority":"","footnotes":""},"class_list":["post-6404","page","type-page","status-publish","has-post-thumbnail","hentry","entry"],"acf":[],"_links":{"self":[{"href":"https:\/\/sverdlofflaw.com\/es\/wp-json\/wp\/v2\/pages\/6404","targetHints":{"allow":["GET"]}}],"collection":[{"href":"https:\/\/sverdlofflaw.com\/es\/wp-json\/wp\/v2\/pages"}],"about":[{"href":"https:\/\/sverdlofflaw.com\/es\/wp-json\/wp\/v2\/types\/page"}],"author":[{"embeddable":true,"href":"https:\/\/sverdlofflaw.com\/es\/wp-json\/wp\/v2\/users\/25"}],"replies":[{"embeddable":true,"href":"https:\/\/sverdlofflaw.com\/es\/wp-json\/wp\/v2\/comments?post=6404"}],"version-history":[{"count":1,"href":"https:\/\/sverdlofflaw.com\/es\/wp-json\/wp\/v2\/pages\/6404\/revisions"}],"predecessor-version":[{"id":6406,"href":"https:\/\/sverdlofflaw.com\/es\/wp-json\/wp\/v2\/pages\/6404\/revisions\/6406"}],"up":[{"embeddable":true,"href":"https:\/\/sverdlofflaw.com\/es\/wp-json\/wp\/v2\/pages\/6468"}],"wp:featuredmedia":[{"embeddable":true,"href":"https:\/\/sverdlofflaw.com\/es\/wp-json\/wp\/v2\/media\/6405"}],"wp:attachment":[{"href":"https:\/\/sverdlofflaw.com\/es\/wp-json\/wp\/v2\/media?parent=6404"}],"curies":[{"name":"wp","href":"https:\/\/api.w.org\/{rel}","templated":true}]}}