{"id":6400,"date":"2022-06-08T14:36:19","date_gmt":"2022-06-08T19:36:19","guid":{"rendered":"https:\/\/sverdlofflaw.com\/?page_id=6400"},"modified":"2024-10-29T13:39:33","modified_gmt":"2024-10-29T18:39:33","slug":"abogado-de-estatus-de-proteccion-temporal-en-chicago","status":"publish","type":"page","link":"https:\/\/sverdlofflaw.com\/es\/servicios-de-inmigracion\/abogado-de-estatus-de-proteccion-temporal-en-chicago\/","title":{"rendered":"Abogado de estatus de protecci\u00f3n temporal en Chicago"},"content":{"rendered":"<p>Si se encuentra en una situaci\u00f3n en la que no es seguro para usted permanecer en su pa\u00eds de origen o regresar a \u00e9l, es posible que pueda solicitar <a href=\"https:\/\/www.uscis.gov\/humanitarian\/temporary-protected-status\" target=\"_blank\" rel=\"noopener\">el Estatus de Protecci\u00f3n Temporal <\/a>(TPS) en los Estados Unidos. A diferencia <a href=\"https:\/\/sverdlofflaw.com\/immigration-services\/asylum-lawyer-chicago\/\">del asilo <\/a>y otras formas de inmigraci\u00f3n, como las visas, que se deciden caso por caso, para solicitar el Estatus de Protecci\u00f3n Temporal, su pa\u00eds de origen es el primer criterio de calificaci\u00f3n.<\/p>\n<h2>\u00bfQui\u00e9n es elegible para el estatus de protecci\u00f3n temporal?<\/h2>\n<p>El gobierno de los EE. UU. designa pa\u00edses espec\u00edficos que son elegibles para las protecciones del TPS. Estos pa\u00edses se seleccionan en funci\u00f3n del hecho de que ser\u00eda peligroso para los ciudadanos de ese pa\u00eds permanecer all\u00ed debido a una guerra, un desastre natural, una amenaza pol\u00edtica u otras razones. Ucrania y Afganist\u00e1n se agregaron a la lista en 2022 debido a los conflictos en curso all\u00ed. Las personas de esos pa\u00edses que se encuentran en los Estados Unidos ahora pueden solicitar el TPS. El sitio web del Servicio de Ciudadan\u00eda e Inmigraci\u00f3n de los Estados Unidos (USCIS) mantiene una <a href=\"https:\/\/www.uscis.gov\/humanitarian\/temporary-protected-status\" target=\"_blank\" rel=\"noopener\">lista de pa\u00edses actualmente designados para la protecci\u00f3n del TPS <\/a>.<\/p>\n<h2>\u00bfQu\u00e9 hace el Estatus de Protecci\u00f3n Temporal?<\/h2>\n<p>El Estatus de Protecci\u00f3n Temporal permite a una persona vivir y trabajar en los Estados Unidos sin el temor de ser deportada a su pa\u00eds de origen. Como su nombre lo indica, el TPS es temporal. El estatus solo est\u00e1 destinado a durar mientras el conflicto o peligro permanezca presente en el pa\u00eds de origen. Por lo general, el TPS se designa por un per\u00edodo de 18 meses, pero ese per\u00edodo puede renovarse y extenderse tantas veces como sea necesario hasta que el gobierno determine que el peligro ya no existe para los ciudadanos que tendr\u00edan que regresar all\u00ed.<\/p>\n<p>Algunos pa\u00edses, como El Salvador, han renovado su designaci\u00f3n de TPS de 18 meses durante casi 20 a\u00f1os. El Estatus de Protecci\u00f3n Temporal no crea una v\u00eda para obtener la ciudadan\u00eda, aunque s\u00ed les da a las personas un respiro del peligro en su pa\u00eds de origen y la oportunidad de vivir y trabajar aqu\u00ed sin preocuparse por ser deportados.<\/p>\n<h2>\u00bfDebo solicitar el estatus de protecci\u00f3n temporal si mi pa\u00eds es elegible?<\/h2>\n<p>Es importante tener en cuenta que el simple hecho de ser ciudadano de un pa\u00eds extranjero al que se le haya aprobado el Estatus de Protecci\u00f3n Temporal <strong><em>no es <\/em><\/strong>suficiente para recibir el TPS. Si est\u00e1 interesado en recibir el TPS, igualmente deber\u00e1 registrarse. Este registro generalmente debe realizarse durante un per\u00edodo de tiempo espec\u00edfico y puede incluir completar varios formularios, presentar evidencia y pagar tarifas.<\/p>\n<p>Tambien, para mantener su Estatus de Protecci\u00f3n Temporal, debe volver a registrarse para la cobertura cada vez que el per\u00edodo de TPS expire y se renueve. Este proceso puede ser complicado y errores simples o no saber c\u00f3mo presentar cierta informaci\u00f3n pueden resultar en una denegaci\u00f3n o demoras costosas. Si no cumpli\u00f3 con la fecha l\u00edmite de registro inicial, a\u00fan puede presentar su solicitud fuera de plazo si puede demostrar una buena causa para tener que hacerlo. Un abogado de inmigraci\u00f3n puede ayudarlo a realizar este proceso de la manera m\u00e1s r\u00e1pida y eficiente posible.<\/p>\n<h2>Contacte Sverdloff Law Group<\/h2>\n<p>Si est\u00e1 interesado en obtener el Estatus de Protecci\u00f3n Temporal o necesita ayuda con cualquier asunto relacionado con la inmigraci\u00f3n, los <a href=\"https:\/\/sverdlofflaw.com\/immigration-services\/\">abogados de inmigraci\u00f3n con experiencia <\/a>de Sverdloff Law Group est\u00e1n listos para ayudarlo. Comun\u00edquese con <a href=\"https:\/\/sverdlofflaw.com\/attorney-profile\/\">Sverdloff <\/a><a href=\"https:\/\/sverdlofflaw.com\/attorney-profile\/\">Law <\/a><a href=\"https:\/\/sverdlofflaw.com\/attorney-profile\/\">Group <\/a>hoy mismo para programar una consulta y comenzar a obtener las protecciones a las que tiene derecho.<\/p>\n","protected":false},"excerpt":{"rendered":"<p>Si se encuentra en una situaci\u00f3n en la que no es seguro para usted permanecer en su pa\u00eds de origen o regresar a \u00e9l, es posible que pueda solicitar el Estatus de Protecci\u00f3n Temporal (TPS) en los Estados Unidos. A diferencia del asilo y otras formas de inmigraci\u00f3n, como las visas, que se deciden caso [&hellip;]<\/p>\n","protected":false},"author":25,"featured_media":6401,"parent":6468,"menu_order":0,"comment_status":"closed","ping_status":"closed","template":"","meta":{"_acf_changed":false,"_oasis_is_in_workflow":0,"_oasis_original":0,"_oasis_task_priority":"","footnotes":""},"class_list":["post-6400","page","type-page","status-publish","has-post-thumbnail","hentry","entry"],"acf":[],"_links":{"self":[{"href":"https:\/\/sverdlofflaw.com\/es\/wp-json\/wp\/v2\/pages\/6400","targetHints":{"allow":["GET"]}}],"collection":[{"href":"https:\/\/sverdlofflaw.com\/es\/wp-json\/wp\/v2\/pages"}],"about":[{"href":"https:\/\/sverdlofflaw.com\/es\/wp-json\/wp\/v2\/types\/page"}],"author":[{"embeddable":true,"href":"https:\/\/sverdlofflaw.com\/es\/wp-json\/wp\/v2\/users\/25"}],"replies":[{"embeddable":true,"href":"https:\/\/sverdlofflaw.com\/es\/wp-json\/wp\/v2\/comments?post=6400"}],"version-history":[{"count":2,"href":"https:\/\/sverdlofflaw.com\/es\/wp-json\/wp\/v2\/pages\/6400\/revisions"}],"predecessor-version":[{"id":6403,"href":"https:\/\/sverdlofflaw.com\/es\/wp-json\/wp\/v2\/pages\/6400\/revisions\/6403"}],"up":[{"embeddable":true,"href":"https:\/\/sverdlofflaw.com\/es\/wp-json\/wp\/v2\/pages\/6468"}],"wp:featuredmedia":[{"embeddable":true,"href":"https:\/\/sverdlofflaw.com\/es\/wp-json\/wp\/v2\/media\/6401"}],"wp:attachment":[{"href":"https:\/\/sverdlofflaw.com\/es\/wp-json\/wp\/v2\/media?parent=6400"}],"curies":[{"name":"wp","href":"https:\/\/api.w.org\/{rel}","templated":true}]}}