{"id":6395,"date":"2020-01-18T16:33:13","date_gmt":"2020-01-18T22:33:13","guid":{"rendered":"https:\/\/sverdlofflaw.com\/?page_id=6395"},"modified":"2024-10-29T13:38:04","modified_gmt":"2024-10-29T18:38:04","slug":"abogado-de-eliminacion-de-condiciones-i-751-en-chicago","status":"publish","type":"page","link":"https:\/\/sverdlofflaw.com\/es\/servicios-de-inmigracion\/abogado-de-eliminacion-de-condiciones-i-751-en-chicago\/","title":{"rendered":"Abogado de eliminaci\u00f3n de condiciones I-751 en Chicago"},"content":{"rendered":"<p>Cuando algunas personas reciben una tarjeta verde, no se trata de un estatus de residente permanente completo que puede durar hasta diez a\u00f1os. En cambio, reciben una tarjeta verde condicional porque han estado casados con un ciudadano estadounidense durante menos de dos a\u00f1os. Las autoridades de inmigraci\u00f3n quieren asegurarse de que el matrimonio sea de buena fe antes de emitir una tarjeta verde completa.<\/p>\n<p>Cuando una tarjeta verde condicional se acerca a su fecha de vencimiento de dos a\u00f1os, el titular debe presentar una petici\u00f3n para eliminar las condiciones de residencia, lo que se logra a trav\u00e9s del <a href=\"https:\/\/www.uscis.gov\/i-751\" target=\"_blank\" rel=\"noopener\">Formulario de inmigraci\u00f3n I-751 <\/a>. Si se encuentra en esta situaci\u00f3n y necesita solicitar la eliminaci\u00f3n de las condiciones de la tarjeta verde, siempre debe buscar la ayuda de un <a href=\"https:\/\/sverdlofflaw.com\/attorney-profile\/\">abogado de inmigraci\u00f3n de Chicago <\/a>.<\/p>\n<h2>\u00bfPor qu\u00e9 habr\u00eda condiciones en su tarjeta verde?<\/h2>\n<p>Cuando alguien solicita una tarjeta verde basada en un matrimonio breve con un ciudadano de los Estados Unidos, debe proporcionar pruebas de que se trata de un matrimonio verdadero antes de que el USCIS le emita una tarjeta verde completa por diez a\u00f1os. Aunque su tarjeta verde actual se considera condicional, a\u00fan le brinda los derechos y beneficios que tienen otros residentes permanentes. Sin embargo, es fundamental que est\u00e9 al tanto de cu\u00e1ndo expirar\u00e1 su tarjeta verde. Esto se debe a que debe presentar su Formulario I-751 90 d\u00edas antes de la fecha de vencimiento. Si se pasa este plazo, corre el riesgo de enfrentar un proceso de deportaci\u00f3n.<\/p>\n<h2>Eliminando sus condiciones<\/h2>\n<p>Cuando llegue el momento de presentar el Formulario I-751, tanto usted como su c\u00f3nyuge deber\u00e1n trabajar juntos para completar la petici\u00f3n de eliminaci\u00f3n de las condiciones. Existen algunas excepciones al requisito de presentaci\u00f3n conjunta:<\/p>\n<ul>\n<li>Ya te divorciaste<\/li>\n<li>Su c\u00f3nyuge falleci\u00f3<\/li>\n<li>Su c\u00f3nyuge particip\u00f3 en crueldad o abuso extremos contra usted o su hijo.<\/li>\n<\/ul>\n<p>En estas situaciones, deber\u00eda analizar con su abogado de inmigraci\u00f3n la posibilidad de <a href=\"https:\/\/sverdlofflaw.com\/what-if-my-spouse-isnt-physically-able-to-complete-the-i-751\/\">obtener una exenci\u00f3n del requisito de presentaci\u00f3n conjunta <\/a>.<\/p>\n<p>Junto con su petici\u00f3n, deber\u00e1 proporcionar evidencia de su matrimonio de buena fe al USCIS. Dichos registros y evidencia pueden incluir su certificado de matrimonio, fotos o publicaciones en las redes sociales que respalden su matrimonio y su vida en com\u00fan, prueba de que ha unido sus asuntos financieros, certificados de nacimiento de los hijos que usted y su c\u00f3nyuge tuvieron juntos, y m\u00e1s. Un abogado de inmigraci\u00f3n con experiencia que haya manejado este tipo de peticiones sabr\u00e1 qu\u00e9 evidencia busca el USCIS en esta situaci\u00f3n.<\/p>\n<h2>Consejos para la entrevista I-751<\/h2>\n<p>El Servicio de Ciudadan\u00eda e Inmigraci\u00f3n de Estados Unidos (USCIS, por sus siglas en ingl\u00e9s) puede exigirle a usted, a su c\u00f3nyuge o a ambos que se sometan a entrevistas en persona. Esto ayuda a los funcionarios de inmigraci\u00f3n a comprender mejor si usted tiene un matrimonio leg\u00edtimo o no. Dichas entrevistas pueden cubrir muchos temas, incluidos sus antecedentes personales, familias extensas, condiciones de vida, citas, c\u00f3mo se conocieron y c\u00f3mo progres\u00f3 su relaci\u00f3n, c\u00f3mo viven como pareja casada y mucho m\u00e1s. Muchas personas se sienten intimidadas por este tipo de entrevistas porque hay mucho en juego, pero su abogado puede prepararlo para saber qu\u00e9 esperar, qu\u00e9 decir y qu\u00e9 no decir. A continuaci\u00f3n, se ofrecen algunos consejos para tener en cuenta:<\/p>\n<ol>\n<li>Lo m\u00e1s importante que puedes hacer es responder todas las preguntas con sinceridad. Siempre.<\/li>\n<li>Si no entiende la pregunta que le hacen, d\u00edgaselo al oficial de inmigraci\u00f3n y p\u00eddale que la repita o reformule.<\/li>\n<li>No intentes adivinar las respuestas. Cuando no sepas algo, simplemente dilo.<\/li>\n<li>Conc\u00e9ntrese \u00fanicamente en responder la pregunta formulada, no se desv\u00ede del tema ni cambie el asunto.<\/li>\n<li>Revise cuidadosamente su solicitud antes de la entrevista. La informaci\u00f3n que contiene ser\u00e1 la base de la mayor\u00eda de las preguntas del oficial, por lo que deber\u00e1 familiarizarse con ella. Puede resultarle muy \u00fatil llevar una copia de su solicitud junto con cualquier prueba de respaldo.<\/li>\n<li>Si encuentra un error en su solicitud, no lo oculte ni mienta al respecto. Inf\u00f3rmeselo al funcionario para que lo corrija.<\/li>\n<li>Su abogado de inmigraci\u00f3n puede asistir a la entrevista con usted, ya sea en persona o de forma remota. Si su caso es complejo, es muy recomendable contar con un asesor legal.<\/li>\n<li>Para una solicitud conjunta, usted y su c\u00f3nyuge pueden ser interrogados juntos o por separado; debe estar preparado para ambas situaciones.<\/li>\n<li>El funcionario le har\u00e1 preguntas detalladas sobre su vida personal, centr\u00e1ndose en informaci\u00f3n que alguien solo sabr\u00eda si fuera muy cercano a usted. Esto puede incluir detalles espec\u00edficos sobre las citas que tuvieron juntos o detalles de su boda, informaci\u00f3n sobre sus h\u00e1bitos diarios y condiciones de vida, o detalles sobre su hogar.<\/li>\n<li>Si ha solicitado una <a href=\"https:\/\/sverdlofflaw.com\/should-i-file-i-751-with-a-waiver-of-joint-filing-or-file-vawa-i-360\/\">exenci\u00f3n de la presentaci\u00f3n conjunta de la declaraci\u00f3n <\/a>por abuso, divorcio o motivos similares, el funcionario puede hacerle preguntas sobre direcciones compartidas, incidentes o ejemplos de abuso, o sobre qu\u00e9 medidas se tomaron para intentar reparar el matrimonio. Proporcione todos los detalles que pueda sobre estos temas.<\/li>\n<li>Sea respetuoso. Debe llegar temprano y vestirse elegantemente para la entrevista.<\/li>\n<\/ol>\n<p>Las preguntas exactas que se le har\u00e1n no son las mismas en cada entrevista y no se pueden predecir. Lo m\u00e1s importante que puede hacer es ser honesto y tomarse el tiempo para prepararse revisando los detalles de su solicitud.<\/p>\n<h2>Comun\u00edquese con un abogado de inmigraci\u00f3n de Chicago para obtener ayuda de inmediato<\/h2>\n<p>Si necesita ayuda con el Formulario I-751 para la eliminaci\u00f3n de condiciones en el \u00e1rea de Chicago, no busque m\u00e1s que nuestro equipo de inmigraci\u00f3n en Sverdloff Law Group. <a href=\"https:\/\/sverdlofflaw.com\/contact-us\/\">Comun\u00edquese con nosotros <\/a>para solicitar una consulta hoy mismo.<\/p>\n","protected":false},"excerpt":{"rendered":"<p>Cuando algunas personas reciben una tarjeta verde, no se trata de un estatus de residente permanente completo que puede durar hasta diez a\u00f1os. En cambio, reciben una tarjeta verde condicional porque han estado casados con un ciudadano estadounidense durante menos de dos a\u00f1os. Las autoridades de inmigraci\u00f3n quieren asegurarse de que el matrimonio sea de [&hellip;]<\/p>\n","protected":false},"author":25,"featured_media":6397,"parent":6468,"menu_order":0,"comment_status":"closed","ping_status":"closed","template":"","meta":{"_acf_changed":false,"_oasis_is_in_workflow":0,"_oasis_original":0,"_oasis_task_priority":"","footnotes":""},"class_list":["post-6395","page","type-page","status-publish","has-post-thumbnail","hentry","entry"],"acf":[],"_links":{"self":[{"href":"https:\/\/sverdlofflaw.com\/es\/wp-json\/wp\/v2\/pages\/6395","targetHints":{"allow":["GET"]}}],"collection":[{"href":"https:\/\/sverdlofflaw.com\/es\/wp-json\/wp\/v2\/pages"}],"about":[{"href":"https:\/\/sverdlofflaw.com\/es\/wp-json\/wp\/v2\/types\/page"}],"author":[{"embeddable":true,"href":"https:\/\/sverdlofflaw.com\/es\/wp-json\/wp\/v2\/users\/25"}],"replies":[{"embeddable":true,"href":"https:\/\/sverdlofflaw.com\/es\/wp-json\/wp\/v2\/comments?post=6395"}],"version-history":[{"count":2,"href":"https:\/\/sverdlofflaw.com\/es\/wp-json\/wp\/v2\/pages\/6395\/revisions"}],"predecessor-version":[{"id":6399,"href":"https:\/\/sverdlofflaw.com\/es\/wp-json\/wp\/v2\/pages\/6395\/revisions\/6399"}],"up":[{"embeddable":true,"href":"https:\/\/sverdlofflaw.com\/es\/wp-json\/wp\/v2\/pages\/6468"}],"wp:featuredmedia":[{"embeddable":true,"href":"https:\/\/sverdlofflaw.com\/es\/wp-json\/wp\/v2\/media\/6397"}],"wp:attachment":[{"href":"https:\/\/sverdlofflaw.com\/es\/wp-json\/wp\/v2\/media?parent=6395"}],"curies":[{"name":"wp","href":"https:\/\/api.w.org\/{rel}","templated":true}]}}