{"id":6391,"date":"2019-10-23T05:12:49","date_gmt":"2019-10-23T10:12:49","guid":{"rendered":"https:\/\/sverdlofflaw.com\/?page_id=6391"},"modified":"2024-10-29T13:36:25","modified_gmt":"2024-10-29T18:36:25","slug":"abogado-de-visas-de-no-inmigrantes-en-chicago","status":"publish","type":"page","link":"https:\/\/sverdlofflaw.com\/es\/servicios-de-inmigracion\/abogado-de-visas-de-no-inmigrantes-en-chicago\/","title":{"rendered":"Abogado de visas de no inmigrantes en Chicago"},"content":{"rendered":"<p>Existen muchas razones para venir a los Estados Unidos, entre ellas, oportunidades laborales y educativas, atenci\u00f3n m\u00e9dica o simplemente satisfacer el gusto por viajar. La Ley de Inmigraci\u00f3n y Nacionalidad describe las diferentes clasificaciones de no inmigrantes disponibles para las personas que ingresan a los Estados Unidos de manera temporal.<\/p>\n<p>Si est\u00e1 buscando una visa para los Estados Unidos, se lo clasificar\u00e1 como inmigrante o no inmigrante. Una visa de inmigrante puede ser apropiada para un ciudadano extranjero que planea vivir en los Estados Unidos para siempre. Una visa de no inmigrante puede ser apropiada para un ciudadano extranjero que planea estar en los Estados Unidos de manera temporal. Las visas de no inmigrante pueden funcionar para quienes buscan atenci\u00f3n m\u00e9dica, oportunidades laborales, oportunidades comerciales, programas educativos o recreaci\u00f3n. Si no est\u00e1 seguro de qu\u00e9 clasificaci\u00f3n de visa se aplica a su caso, un abogado especializado en visas de no inmigrantes de Chicago puede ayudarlo.<\/p>\n<h2>\u00bfNecesito una visa de no inmigrante?<\/h2>\n<p>Las visas de inmigrante est\u00e1n dise\u00f1adas para personas que buscan vivir en los EE. UU. para siempre. El gobierno federal limita la cantidad de visas de inmigrante disponibles cada a\u00f1o. El tiempo de espera para que se procese su solicitud de visa de inmigrante puede ser extremadamente largo. Las visas de no inmigrante no est\u00e1n tan restringidas por el gobierno de los EE. UU. En otras palabras, no est\u00e1n sujetas a las mismas limitaciones. Las listas de espera son m\u00e1s cortas y las solicitudes se aprueban m\u00e1s f\u00e1cilmente. Si bien una visa de no inmigrante limita la cantidad de tiempo que puede permanecer en los Estados Unidos, es posible que pueda solicitar m\u00e1s tiempo si lo necesita.<\/p>\n<h2>\u00bfNecesito un abogado de inmigraci\u00f3n?<\/h2>\n<p>La visa adecuada para cualquier ciudadano extranjero depender\u00e1 de las circunstancias particulares de esa persona. Un <a href=\"https:\/\/sverdlofflaw.com\/attorney-profile\/\">abogado de inmigraci\u00f3n con experiencia <\/a>puede ayudarlo a determinar qu\u00e9 visa solicitar y puede ayudarlo a completar y presentar esa solicitud. Un ciudadano extranjero que planee un viaje a los EE. UU. puede presentar la solicitud directamente en su embajada o consulado local de los EE. UU. Las personas que viajan a los Estados Unidos por motivos de trabajo o estudio pueden necesitar presentar documentos adicionales y responder preguntas adicionales como parte de su proceso de solicitud de visa.<\/p>\n<p>Entonces, \u00bfpor d\u00f3nde deber\u00eda empezar a solicitar su visa de no inmigrante? Existen muchos tipos diferentes de clasificaciones de visas de no inmigrante y navegar por el proceso de solicitud sin la ayuda de un abogado de inmigraci\u00f3n con experiencia en Chicago puede ser bastante dif\u00edcil. Un abogado de visas de no inmigrante de Chicago puede responder sus preguntas individuales y ayudarlo a determinar qu\u00e9 visa es la m\u00e1s adecuada para sus circunstancias particulares.<\/p>\n<h2>\u00bfPuedo viajar a los Estados Unidos sin visa?<\/h2>\n<p>Existen ciertas naciones por cuales sus residentes son elegibles para viajar a los Estados Unidos sin visa. Estos pa\u00edses han sido designados a trav\u00e9s del programa de exenci\u00f3n de visa, y estos ciudadanos extranjeros solo pueden permanecer en los EE. UU. durante 90 d\u00edas o menos. Los motivos de su viaje pueden ser trabajo o recreaci\u00f3n. Los requisitos para las personas que buscan viajar sin visa pueden ser complicados, y un abogado de visas de no inmigrantes de Chicago puede ayudarlo a asegurarse de que su solicitud est\u00e9 completa. Su abogado de inmigraci\u00f3n tambi\u00e9n puede ayudarlo a determinar si es elegible para viajar sin visa a los EE. UU. Un viajero que desee solicitar el programa de exenci\u00f3n de visa debe hacer lo siguiente, entre otras cosas:<\/p>\n<ul>\n<li>Complete un formulario de llegada\/salida conocido como I-94.<\/li>\n<li>Tener un pasaporte que pueda ser le\u00eddo por una m\u00e1quina.<\/li>\n<li>Tener un pasaporte v\u00e1lido por al menos seis meses m\u00e1s all\u00e1 del per\u00edodo de estad\u00eda prevista.<\/li>\n<li>Llegar en un transportista que est\u00e9 designado como signatario del acuerdo del programa de exenci\u00f3n de visa.<\/li>\n<\/ul>\n<p>Si necesita ayuda para obtener una visa de no inmigrante o para viajar a los Estados Unidos sin una visa, programe una consulta con un abogado de inmigraci\u00f3n de Chicago de inmediato. Podemos responder sus preguntas y ayudarlo a avanzar en la direcci\u00f3n correcta.<\/p>\n<h2>\u00bfQu\u00e9 tipo de visa de no inmigrante es adecuada para m\u00ed?<\/h2>\n<p>Existen muchos tipos diferentes de visas para no inmigrantes. Seleccionar el tipo de visa adecuado, completar la solicitud, reunir los documentos necesarios, enviar los formularios necesarios en l\u00ednea, crear un perfil, pagar la tarifa de solicitud de visa y programar una cita para la entrevista son pasos importantes en el proceso de obtener su visa para no inmigrantes.<\/p>\n<p>Las visas de no inmigrante se dividen en cuatro categor\u00edas principales:<\/p>\n<ul>\n<li>Negocio<\/li>\n<li>Turismo<\/li>\n<li>Tratamiento m\u00e9dico<\/li>\n<li>Ciertos tipos de trabajo temporal<\/li>\n<\/ul>\n<p>Algunos tipos espec\u00edficos de visas de no inmigrante que se pueden solicitar incluyen los siguientes:<\/p>\n<ul>\n<li>Alumno<\/li>\n<li>Tur\u00edstico<\/li>\n<li>Profesional del TLCAN de Canad\u00e1 o M\u00e9xico<\/li>\n<li>Doctor<\/li>\n<li>Miembro del clero<\/li>\n<li>Trabajador temporal o de temporada<\/li>\n<li>Atleta<\/li>\n<li>Au pair, ni\u00f1era o trabajadora dom\u00e9stica<\/li>\n<li>Guardia de cruce fronterizo<\/li>\n<li>Funcionario o diplom\u00e1tico extranjero<\/li>\n<li>Empleado de una organizaci\u00f3n internacional designada o de la OTAN<\/li>\n<li>Personal militar extranjero estacionado en los EE.UU.<\/li>\n<li>Ciudadano extranjero con capacidad extraordinaria en las ciencias, las artes, los negocios o el atletismo.<\/li>\n<li>Visitante de intercambio cultural internacional<\/li>\n<li>Visitante en busca de tratamiento m\u00e9dico<\/li>\n<li>Periodista<\/li>\n<li>V\u00edctima de un delito<\/li>\n<li>Miembro de la familia inmediata de <a href=\"https:\/\/sverdlofflaw.com\/immigration-services\/family-based-immigration\/\">un residente permanente legal (LPR)<\/a><\/li>\n<\/ul>\n<h2>Comun\u00edquese con un abogado con experiencia en visas de no inmigrantes en Chicago<\/h2>\n<p>\u00bfEst\u00e1 pensando en viajar a los Estados Unidos, pero no est\u00e1 seguro de qu\u00e9 visa es la adecuada? \u00bfNecesita una visa? Necesita un abogado de inmigraci\u00f3n de Chicago con experiencia a su lado, que lo gu\u00ede en cada paso del proceso de solicitud de visa. Comience hoy mismo <a href=\"https:\/\/sverdlofflaw.com\/contact-us\/\">comunic\u00e1ndose con<\/a> Sverdloff Law Group. Puede comunicarse con nosotros al 312-238-9090 para programar una consulta. Nuestros abogados de inmigraci\u00f3n de Chicago est\u00e1n aqu\u00ed para ayudarlo a transitar el proceso con facilidad y responder todas sus preguntas. Sabemos que los problemas de inmigraci\u00f3n pueden ser intimidantes. No posponga m\u00e1s sus planes de viaje. Podemos ayudarlo.<\/p>\n","protected":false},"excerpt":{"rendered":"<p>Existen muchas razones para venir a los Estados Unidos, entre ellas, oportunidades laborales y educativas, atenci\u00f3n m\u00e9dica o simplemente satisfacer el gusto por viajar. La Ley de Inmigraci\u00f3n y Nacionalidad describe las diferentes clasificaciones de no inmigrantes disponibles para las personas que ingresan a los Estados Unidos de manera temporal. Si est\u00e1 buscando una visa [&hellip;]<\/p>\n","protected":false},"author":25,"featured_media":6393,"parent":6468,"menu_order":0,"comment_status":"closed","ping_status":"closed","template":"","meta":{"_acf_changed":false,"_oasis_is_in_workflow":0,"_oasis_original":0,"_oasis_task_priority":"","footnotes":""},"class_list":["post-6391","page","type-page","status-publish","has-post-thumbnail","hentry","entry"],"acf":[],"_links":{"self":[{"href":"https:\/\/sverdlofflaw.com\/es\/wp-json\/wp\/v2\/pages\/6391","targetHints":{"allow":["GET"]}}],"collection":[{"href":"https:\/\/sverdlofflaw.com\/es\/wp-json\/wp\/v2\/pages"}],"about":[{"href":"https:\/\/sverdlofflaw.com\/es\/wp-json\/wp\/v2\/types\/page"}],"author":[{"embeddable":true,"href":"https:\/\/sverdlofflaw.com\/es\/wp-json\/wp\/v2\/users\/25"}],"replies":[{"embeddable":true,"href":"https:\/\/sverdlofflaw.com\/es\/wp-json\/wp\/v2\/comments?post=6391"}],"version-history":[{"count":1,"href":"https:\/\/sverdlofflaw.com\/es\/wp-json\/wp\/v2\/pages\/6391\/revisions"}],"predecessor-version":[{"id":6394,"href":"https:\/\/sverdlofflaw.com\/es\/wp-json\/wp\/v2\/pages\/6391\/revisions\/6394"}],"up":[{"embeddable":true,"href":"https:\/\/sverdlofflaw.com\/es\/wp-json\/wp\/v2\/pages\/6468"}],"wp:featuredmedia":[{"embeddable":true,"href":"https:\/\/sverdlofflaw.com\/es\/wp-json\/wp\/v2\/media\/6393"}],"wp:attachment":[{"href":"https:\/\/sverdlofflaw.com\/es\/wp-json\/wp\/v2\/media?parent=6391"}],"curies":[{"name":"wp","href":"https:\/\/api.w.org\/{rel}","templated":true}]}}