{"id":6385,"date":"2019-10-23T05:08:41","date_gmt":"2019-10-23T10:08:41","guid":{"rendered":"https:\/\/sverdlofflaw.com\/?page_id=6385"},"modified":"2024-10-29T13:28:06","modified_gmt":"2024-10-29T18:28:06","slug":"abogado-de-naturalizacion-en-chicago","status":"publish","type":"page","link":"https:\/\/sverdlofflaw.com\/es\/servicios-de-inmigracion\/abogado-de-naturalizacion-en-chicago\/","title":{"rendered":"Abogado de naturalizaci\u00f3n en Chicago"},"content":{"rendered":"<p>Estados Unidos tiene una notable historia de recibir inmigrantes de todo el mundo. Los inmigrantes siguen enriqueciendo a esta naci\u00f3n y mantienen su reputaci\u00f3n como un lugar de democracia y prosperidad, algo que Estados Unidos valora. Contratar a un <a href=\"https:\/\/sverdlofflaw.com\/attorney-profile\/\">abogado de naturalizaci\u00f3n con experiencia <\/a>en Chicago puede ayudarlo durante el proceso de ciudadan\u00eda. Sverdloff Law Group est\u00e1 aqu\u00ed para ayudarlo.<\/p>\n<p>Una de las decisiones m\u00e1s importantes en la vida de una persona es si desea o no convertirse en ciudadano de los Estados Unidos. Si planea solicitar la ciudadan\u00eda de los Estados Unidos, estar\u00e1 demostrando su lealtad al pa\u00eds y su adhesi\u00f3n a su Constituci\u00f3n. A cambio, se le conceder\u00e1n todos los derechos y privilegios que conlleva convertirse en residente de los Estados Unidos.<\/p>\n<h2>Ciudadan\u00eda por naturalizaci\u00f3n<\/h2>\n<p>La naturalizaci\u00f3n es el proceso por el cual se le otorga la ciudadan\u00eda estadounidense a un ciudadano o nacional extranjero luego de cumplir con ciertos requisitos. Los requisitos de naturalizaci\u00f3n incluyen los siguientes:<\/p>\n<ul>\n<li>Usted ha sido residente permanente legal durante al menos 5 a\u00f1os, o durante 3 a\u00f1os si ha obtenido la residencia a trav\u00e9s de su <a href=\"https:\/\/sverdlofflaw.com\/immigration-services\/family-based-immigration\/\">c\u00f3nyuge <\/a>.<\/li>\n<li>Tienes al menos 18 a\u00f1os.<\/li>\n<li>Tienes un buen car\u00e1cter moral. Esto podr\u00eda significar que eres voluntario en tu comunidad, tienes un historial laboral estable o simplemente no tienes antecedentes penales.<\/li>\n<li>Puede demostrar residencia continua y presencia f\u00edsica durante el per\u00edodo de 5 o 3 a\u00f1os anterior a su solicitud, lo que significa que no puede haber estado fuera de los Estados Unidos por m\u00e1s de 180 d\u00edas consecutivos o 1 a\u00f1o en total.<\/li>\n<li>Se aprueba el examen de ciudadan\u00eda, con algunas excepciones para las personas mayores y los enfermos mentales.<\/li>\n<\/ul>\n<p>Son elegibles para solicitar la naturalizaci\u00f3n aquellas personas que hayan sido residentes permanentes de los Estados Unidos durante un m\u00ednimo de cinco a\u00f1os, hayan sido residentes permanentes durante tres a\u00f1os o m\u00e1s estando casadas con un ciudadano estadounidense o hayan prestado servicio honorable en el ej\u00e9rcito de los Estados Unidos. Esto se puede lograr completando y enviando el Formulario N-400. Tambi\u00e9n se le pedir\u00e1 que se someta a un examen de naturalizaci\u00f3n y lo apruebe.<\/p>\n<h2>Abogado de naturalizaci\u00f3n en Illinois<\/h2>\n<p><strong>\u00a0<\/strong>Contratar a un abogado de naturalizaci\u00f3n en Illinois puede ayudarlo durante el proceso de ciudadan\u00eda. Los abogados de inmigraci\u00f3n con experiencia en Chicago de Sverdloff Law Group pueden ayudarlo con todas sus necesidades de naturalizaci\u00f3n. Llame a nuestro bufete de abogados de Chicago para hablar con un abogado de naturalizaci\u00f3n al (312) 238-9090 o <a href=\"https:\/\/sverdlofflaw.com\/contact-us\/\">cont\u00e1ctenos <\/a>para programar una cita hoy mismo.<\/p>\n","protected":false},"excerpt":{"rendered":"<p>Estados Unidos tiene una notable historia de recibir inmigrantes de todo el mundo. Los inmigrantes siguen enriqueciendo a esta naci\u00f3n y mantienen su reputaci\u00f3n como un lugar de democracia y prosperidad, algo que Estados Unidos valora. Contratar a un abogado de naturalizaci\u00f3n con experiencia en Chicago puede ayudarlo durante el proceso de ciudadan\u00eda. Sverdloff Law [&hellip;]<\/p>\n","protected":false},"author":25,"featured_media":6388,"parent":6468,"menu_order":0,"comment_status":"closed","ping_status":"closed","template":"","meta":{"_acf_changed":false,"_oasis_is_in_workflow":0,"_oasis_original":0,"_oasis_task_priority":"","footnotes":""},"class_list":["post-6385","page","type-page","status-publish","has-post-thumbnail","hentry","entry"],"acf":[],"_links":{"self":[{"href":"https:\/\/sverdlofflaw.com\/es\/wp-json\/wp\/v2\/pages\/6385","targetHints":{"allow":["GET"]}}],"collection":[{"href":"https:\/\/sverdlofflaw.com\/es\/wp-json\/wp\/v2\/pages"}],"about":[{"href":"https:\/\/sverdlofflaw.com\/es\/wp-json\/wp\/v2\/types\/page"}],"author":[{"embeddable":true,"href":"https:\/\/sverdlofflaw.com\/es\/wp-json\/wp\/v2\/users\/25"}],"replies":[{"embeddable":true,"href":"https:\/\/sverdlofflaw.com\/es\/wp-json\/wp\/v2\/comments?post=6385"}],"version-history":[{"count":1,"href":"https:\/\/sverdlofflaw.com\/es\/wp-json\/wp\/v2\/pages\/6385\/revisions"}],"predecessor-version":[{"id":6389,"href":"https:\/\/sverdlofflaw.com\/es\/wp-json\/wp\/v2\/pages\/6385\/revisions\/6389"}],"up":[{"embeddable":true,"href":"https:\/\/sverdlofflaw.com\/es\/wp-json\/wp\/v2\/pages\/6468"}],"wp:featuredmedia":[{"embeddable":true,"href":"https:\/\/sverdlofflaw.com\/es\/wp-json\/wp\/v2\/media\/6388"}],"wp:attachment":[{"href":"https:\/\/sverdlofflaw.com\/es\/wp-json\/wp\/v2\/media?parent=6385"}],"curies":[{"name":"wp","href":"https:\/\/api.w.org\/{rel}","templated":true}]}}