{"id":6381,"date":"2023-10-29T16:23:00","date_gmt":"2023-10-29T21:23:00","guid":{"rendered":"https:\/\/sverdlofflaw.com\/?page_id=6381"},"modified":"2024-10-29T13:26:41","modified_gmt":"2024-10-29T18:26:41","slug":"apelaciones-de-inmigracion-en-chicago","status":"publish","type":"page","link":"https:\/\/sverdlofflaw.com\/es\/servicios-de-inmigracion\/apelaciones-de-inmigracion-en-chicago\/","title":{"rendered":"Apelaciones de inmigraci\u00f3n en Chicago"},"content":{"rendered":"<h2>Abogado de apelaciones en Chicago<\/h2>\n<p>Si usted es un inmigrante y su solicitud al Servicio de Ciudadan\u00eda e Inmigraci\u00f3n de los Estados Unidos (USCIS) es denegada, puede apelar la decisi\u00f3n ante la <a href=\"https:\/\/www.uscis.gov\/about-us\/organization\/directorates-and-program-offices\/the-administrative-appeals-office-aao\" target=\"_blank\" rel=\"noopener\">Oficina de Apelaciones Administrativas <\/a>(AAO). La AAO tiene jurisdicci\u00f3n sobre aproximadamente 50 tipos diferentes de peticiones y solicitudes relacionadas con la inmigraci\u00f3n. Los tipos m\u00e1s comunes son el permiso para volver a solicitar el ingreso a los Estados Unidos despu\u00e9s de haber sido deportado, las solicitudes de visa de no inmigrante y las solicitudes basadas en el empleo. A continuaci\u00f3n, nuestro <a href=\"https:\/\/sverdlofflaw.com\/immigration-services\/\">abogado de inmigraci\u00f3n de Illinois <\/a>explica m\u00e1s sobre el proceso de apelaciones y c\u00f3mo podemos ayudar.<\/p>\n<h2>C\u00f3mo presentar una apelaci\u00f3n<\/h2>\n<p>Si el USCIS ha rechazado su solicitud, le enviar\u00e1n una carta explicando por qu\u00e9 no fue aprobada. Si puede apelar la decisi\u00f3n, la carta incluir\u00e1 instrucciones sobre c\u00f3mo hacerlo. En la mayor\u00eda de los casos, debe presentar un <a href=\"https:\/\/www.uscis.gov\/i-290b\" target=\"_blank\" rel=\"noopener\">Formulario I-290B ante el Servicio de Aduanas e Inmigraci\u00f3n de los EE. UU. <\/a>Algunos casos de apelaci\u00f3n tienen requisitos diferentes, por lo que es importante revisar la carta con atenci\u00f3n. Un abogado puede revisar su carta e identificar el error de hecho o de derecho de un funcionario del USCIS que constituye la base de la apelaci\u00f3n.<\/p>\n<h2>\u00bfCu\u00e1nto tiempo se tarda en presentar una apelaci\u00f3n?<\/h2>\n<p>La mayor\u00eda de las apelaciones deben presentarse dentro de los 30 d\u00edas calendario despu\u00e9s de haber sido informado de la denegaci\u00f3n. Si le informaron de la denegaci\u00f3n por correo, tiene 33 d\u00edas calendario para presentar su apelaci\u00f3n. Algunas decisiones tienen un plazo a\u00fan m\u00e1s corto para apelar, de 15 d\u00edas. La carta que le env\u00ede el USCIS le indicar\u00e1 cu\u00e1nto tiempo tiene para presentar la apelaci\u00f3n.<\/p>\n<h2>El costo de presentar una apelaci\u00f3n<\/h2>\n<p>Actualmente, la mayor\u00eda de las apelaciones ante la AAO cuestan $675. Si no puede pagar la tarifa, puede solicitar que se le exima del pago. El USCIS puede aceptar eximirle del pago si se cumple alguna de las siguientes condiciones:<\/p>\n<ul>\n<li>Usted o su c\u00f3nyuge es el jefe de su familia y recibe beneficios del gobierno,<\/li>\n<li>Los ingresos de su hogar son iguales o inferiores al 150 por ciento de la l\u00ednea de pobreza federal o<\/li>\n<li>Puede demostrar otras dificultades econ\u00f3micas.<\/li>\n<\/ul>\n<p>Si no califica para una apelaci\u00f3n, debe incluir la tarifa de presentaci\u00f3n con su solicitud, o ser\u00e1 rechazada.<\/p>\n<h2>La cronolog\u00eda de una apelaci\u00f3n<\/h2>\n<p>La mayor\u00eda de las apelaciones demoran aproximadamente seis meses. Por supuesto, a veces puede demorar m\u00e1s. Por ejemplo, la AAO puede requerir que usted proporcione documentos adicionales, o su caso puede involucrar factores complicados que requieran una revisi\u00f3n m\u00e1s profunda. La AAO generalmente maneja los casos en el orden en que se reciben. Aun as\u00ed, si est\u00e1 experimentando una emergencia, como <a href=\"https:\/\/sverdlofflaw.com\/immigration-services\/deportation-and-removal-defense\/\">una deportaci\u00f3n inmediata, <\/a>es posible que pueda acelerar su caso.<\/p>\n<h2>Nuestro abogado de inmigraci\u00f3n en Illinois puede ayudarlo con su apelaci\u00f3n<\/h2>\n<p>Si necesita apelar una decisi\u00f3n de inmigraci\u00f3n desfavorable, nuestro <a href=\"https:\/\/sverdlofflaw.com\/contact-us\/\">abogado de inmigraci\u00f3n de Illinois <\/a>puede ayudarlo a hacerlo. En Sverdloff Law Group, hemos ayudado a muchos clientes a apelar decisiones con \u00e9xito y podemos poner esa experiencia a su servicio. Ll\u00e1menos ahora o cont\u00e1ctenos en l\u00ednea para solicitar una consulta y obtener m\u00e1s informaci\u00f3n sobre c\u00f3mo podemos ayudarlo con su caso.<\/p>\n","protected":false},"excerpt":{"rendered":"<p>Abogado de apelaciones en Chicago Si usted es un inmigrante y su solicitud al Servicio de Ciudadan\u00eda e Inmigraci\u00f3n de los Estados Unidos (USCIS) es denegada, puede apelar la decisi\u00f3n ante la Oficina de Apelaciones Administrativas (AAO). La AAO tiene jurisdicci\u00f3n sobre aproximadamente 50 tipos diferentes de peticiones y solicitudes relacionadas con la inmigraci\u00f3n. Los [&hellip;]<\/p>\n","protected":false},"author":25,"featured_media":6382,"parent":6468,"menu_order":0,"comment_status":"closed","ping_status":"closed","template":"","meta":{"_acf_changed":false,"_oasis_is_in_workflow":0,"_oasis_original":0,"_oasis_task_priority":"","footnotes":""},"class_list":["post-6381","page","type-page","status-publish","has-post-thumbnail","hentry","entry"],"acf":[],"_links":{"self":[{"href":"https:\/\/sverdlofflaw.com\/es\/wp-json\/wp\/v2\/pages\/6381","targetHints":{"allow":["GET"]}}],"collection":[{"href":"https:\/\/sverdlofflaw.com\/es\/wp-json\/wp\/v2\/pages"}],"about":[{"href":"https:\/\/sverdlofflaw.com\/es\/wp-json\/wp\/v2\/types\/page"}],"author":[{"embeddable":true,"href":"https:\/\/sverdlofflaw.com\/es\/wp-json\/wp\/v2\/users\/25"}],"replies":[{"embeddable":true,"href":"https:\/\/sverdlofflaw.com\/es\/wp-json\/wp\/v2\/comments?post=6381"}],"version-history":[{"count":2,"href":"https:\/\/sverdlofflaw.com\/es\/wp-json\/wp\/v2\/pages\/6381\/revisions"}],"predecessor-version":[{"id":6384,"href":"https:\/\/sverdlofflaw.com\/es\/wp-json\/wp\/v2\/pages\/6381\/revisions\/6384"}],"up":[{"embeddable":true,"href":"https:\/\/sverdlofflaw.com\/es\/wp-json\/wp\/v2\/pages\/6468"}],"wp:featuredmedia":[{"embeddable":true,"href":"https:\/\/sverdlofflaw.com\/es\/wp-json\/wp\/v2\/media\/6382"}],"wp:attachment":[{"href":"https:\/\/sverdlofflaw.com\/es\/wp-json\/wp\/v2\/media?parent=6381"}],"curies":[{"name":"wp","href":"https:\/\/api.w.org\/{rel}","templated":true}]}}