{"id":6377,"date":"2023-12-23T11:25:00","date_gmt":"2023-12-23T17:25:00","guid":{"rendered":"https:\/\/sverdlofflaw.com\/?page_id=6377"},"modified":"2024-10-29T13:25:11","modified_gmt":"2024-10-29T18:25:11","slug":"preguntas-frecuentes-sobre-la-tarjeta-verde","status":"publish","type":"page","link":"https:\/\/sverdlofflaw.com\/es\/servicios-de-inmigracion\/abogado-de-tarjeta-verde-en-chicago\/preguntas-frecuentes-sobre-la-tarjeta-verde\/","title":{"rendered":"Preguntas frecuentes sobre la tarjeta verde"},"content":{"rendered":"<h2>\u00bfQui\u00e9n es elegible para una tarjeta verde?<\/h2>\n<p>La elegibilidad para una tarjeta verde se determina por varios factores. Usted puede calificar si se encuentra en una de las siguientes categor\u00edas:<\/p>\n<ul>\n<li>Individuos de clase especial reconocidos por el Gobierno de los Estados Unidos.<\/li>\n<li>Ganadores de la loter\u00eda de visas de diversidad.<\/li>\n<li>Refugiados anteriores a quienes se les concedi\u00f3 <a href=\"https:\/\/sverdlofflaw.com\/immigration-services\/asylum-lawyer-chicago\/\">asilo <\/a>debido a la persecuci\u00f3n en su pa\u00eds de origen.<\/li>\n<li>Patrocinio de un empleador con sede en EE.UU.<\/li>\n<li>Patrocinio de un familiar que sea residente permanente legal o ciudadano de los EE. UU.<\/li>\n<\/ul>\n<h2>\u00bfCu\u00e1nto tiempo se tarda en recibir una tarjeta verde?<\/h2>\n<p>El tiempo que se tarda en recibir una <a href=\"https:\/\/sverdlofflaw.com\/immigration-services\/green-card-lawyer-chicago\/\">tarjeta verde <\/a>var\u00eda mucho y depende de la categor\u00eda a la que pertenezca. Los tiempos de espera se dividen en categor\u00edas de preferencia:<\/p>\n<ol>\n<li>Primera preferencia: adultos mayores de 21 a\u00f1os, hijos\/hijas solteros de ciudadanos estadounidenses.<\/li>\n<li>Segunda preferencia: hijos solteros de residentes permanentes legales, c\u00f3nyuges e hijos\/hijas solteros de los mismos.<\/li>\n<li>Tercera preferencia: hijas e hijos casados de ciudadanos estadounidenses.<\/li>\n<li>Cuarta preferencia: hermanas y hermanos de ciudadanos estadounidenses adultos.<\/li>\n<\/ol>\n<h2>\u00bfC\u00f3mo solicito una tarjeta verde?<\/h2>\n<p>Para solicitar una Tarjeta Verde, siga estos pasos:<\/p>\n<ol>\n<li>Determinar su elegibilidad.<\/li>\n<li>Presentar una petici\u00f3n de inmigrante.<\/li>\n<li>Espere a que la petici\u00f3n sea aprobada.<\/li>\n<li>Obtener un n\u00famero de visa de inmigrante.<\/li>\n<li>Ajuste su estatus si ya se encuentra en los Estados Unidos o realice el procesamiento consular si se encuentra fuera de los Estados Unidos.<\/li>\n<li>Asistir a una cita de biometr\u00eda.<\/li>\n<li>Asistir a una entrevista de Tarjeta Verde.<\/li>\n<li>Recibir una decisi\u00f3n sobre su solicitud.<\/li>\n<\/ol>\n<h2>\u00bfCu\u00e1nto cuesta solicitar una tarjeta verde?<\/h2>\n<p>El costo de solicitar una tarjeta verde var\u00eda seg\u00fan sus circunstancias espec\u00edficas. Las tarifas generalmente incluyen tarifas de presentaci\u00f3n, tarifas de datos biom\u00e9tricos y cualquier tarifa adicional asociada con la solicitud. Para obtener la informaci\u00f3n m\u00e1s actualizada sobre tarifas, consulte con un abogado de inmigraci\u00f3n o visite el sitio web oficial de USCIS.<\/p>\n<h2>\u00bfPuedo trabajar y vivir en cualquier lugar de los EE. UU. con una tarjeta verde?<\/h2>\n<p>S\u00ed, con una tarjeta verde, usted tiene derecho a vivir y trabajar legalmente en cualquier lugar de los Estados Unidos. Despu\u00e9s de tener una tarjeta verde durante tres a cinco a\u00f1os, tambi\u00e9n puede comenzar el proceso de calificaci\u00f3n para <a href=\"https:\/\/sverdlofflaw.com\/immigration-services\/citizenship-lawyer-chicago\/\">la ciudadan\u00eda <\/a>. Tenga en cuenta que ciertos trabajos pueden requerir una autorizaci\u00f3n adicional o una autorizaci\u00f3n de seguridad, pero en general, una tarjeta verde le otorga la libertad de trabajar y vivir en los EE. UU.<\/p>\n<h2>\u00bfQu\u00e9 pasa si mi tarjeta verde vence?<\/h2>\n<p>Si su tarjeta verde vence, a\u00fan se lo considera residente permanente legal. Sin embargo, es importante renovar su tarjeta verde lo antes posible para evitar complicaciones o problemas con el viaje o el empleo. Para renovar su tarjeta verde, deber\u00e1 presentar el Formulario I-90 y pagar la tarifa de presentaci\u00f3n.<\/p>\n<h2>\u00bfPuedo perder mi tarjeta verde?<\/h2>\n<p>Las tarjetas verdes se pueden perder de diferentes maneras:<\/p>\n<ul>\n<li>Cometer determinados delitos que conducen a la deportaci\u00f3n.<\/li>\n<li>Residir fuera de los Estados Unidos durante un per\u00edodo prolongado de tiempo sin obtener un permiso de reingreso.<\/li>\n<li>No revelar informaci\u00f3n o cometer fraude durante el proceso de solicitud de la Tarjeta Verde.<\/li>\n<\/ul>\n<p>Si cree que puede perder su tarjeta verde por cualquier motivo, es importante <a href=\"https:\/\/sverdlofflaw.com\/contact-us\/\">consultar con un abogado de inmigraci\u00f3n <\/a>lo antes posible. Ellos pueden ayudarlo a evaluar su situaci\u00f3n y brindarle orientaci\u00f3n sobre c\u00f3mo mantener su estatus como residente permanente legal. En general, cumplir con las leyes y regulaciones de inmigraci\u00f3n de los EE. UU. es crucial para conservar su tarjeta verde. Por lo tanto, aseg\u00farese de mantenerse informado sobre cualquier cambio o actualizaci\u00f3n que pueda afectar su estatus.<\/p>\n","protected":false},"excerpt":{"rendered":"<p>\u00bfQui\u00e9n es elegible para una tarjeta verde? La elegibilidad para una tarjeta verde se determina por varios factores. Usted puede calificar si se encuentra en una de las siguientes categor\u00edas: Individuos de clase especial reconocidos por el Gobierno de los Estados Unidos. Ganadores de la loter\u00eda de visas de diversidad. Refugiados anteriores a quienes se [&hellip;]<\/p>\n","protected":false},"author":25,"featured_media":6378,"parent":6371,"menu_order":0,"comment_status":"closed","ping_status":"closed","template":"template-parts\/faq-page.php","meta":{"_acf_changed":false,"_oasis_is_in_workflow":0,"_oasis_original":0,"_oasis_task_priority":"","footnotes":""},"class_list":["post-6377","page","type-page","status-publish","has-post-thumbnail","hentry","entry"],"acf":[],"_links":{"self":[{"href":"https:\/\/sverdlofflaw.com\/es\/wp-json\/wp\/v2\/pages\/6377","targetHints":{"allow":["GET"]}}],"collection":[{"href":"https:\/\/sverdlofflaw.com\/es\/wp-json\/wp\/v2\/pages"}],"about":[{"href":"https:\/\/sverdlofflaw.com\/es\/wp-json\/wp\/v2\/types\/page"}],"author":[{"embeddable":true,"href":"https:\/\/sverdlofflaw.com\/es\/wp-json\/wp\/v2\/users\/25"}],"replies":[{"embeddable":true,"href":"https:\/\/sverdlofflaw.com\/es\/wp-json\/wp\/v2\/comments?post=6377"}],"version-history":[{"count":2,"href":"https:\/\/sverdlofflaw.com\/es\/wp-json\/wp\/v2\/pages\/6377\/revisions"}],"predecessor-version":[{"id":6380,"href":"https:\/\/sverdlofflaw.com\/es\/wp-json\/wp\/v2\/pages\/6377\/revisions\/6380"}],"up":[{"embeddable":true,"href":"https:\/\/sverdlofflaw.com\/es\/wp-json\/wp\/v2\/pages\/6371"}],"wp:featuredmedia":[{"embeddable":true,"href":"https:\/\/sverdlofflaw.com\/es\/wp-json\/wp\/v2\/media\/6378"}],"wp:attachment":[{"href":"https:\/\/sverdlofflaw.com\/es\/wp-json\/wp\/v2\/media?parent=6377"}],"curies":[{"name":"wp","href":"https:\/\/api.w.org\/{rel}","templated":true}]}}