{"id":6371,"date":"2019-10-23T05:11:46","date_gmt":"2019-10-23T10:11:46","guid":{"rendered":"https:\/\/sverdlofflaw.com\/?page_id=6371"},"modified":"2024-10-29T13:23:22","modified_gmt":"2024-10-29T18:23:22","slug":"abogado-de-tarjeta-verde-en-chicago","status":"publish","type":"page","link":"https:\/\/sverdlofflaw.com\/es\/servicios-de-inmigracion\/abogado-de-tarjeta-verde-en-chicago\/","title":{"rendered":"Abogado de tarjeta verde en Chicago"},"content":{"rendered":"<p>Si est\u00e1 buscando una forma de obtener la residencia permanente en los Estados Unidos, necesitar\u00e1 una tarjeta verde. Nuestro abogado especializado en tarjetas verdes de Chicago puede ayudarlo con este proceso de inmigraci\u00f3n y puede responder las preguntas que surjan a lo largo del camino. Hay diferentes tipos de tarjetas verdes disponibles para usted. Tener el abogado de tarjetas verdes de Chicago adecuado para ayudarlo a determinar su situaci\u00f3n lo ayudar\u00e1 a prepararse para los pr\u00f3ximos pasos y a saber qu\u00e9 esperar. Si puede recibir una tarjeta verde en los EE. UU., podr\u00e1 vivir y trabajar legalmente en cualquier lugar del pa\u00eds e incluso comenzar el proceso de calificaci\u00f3n para <a href=\"https:\/\/sverdlofflaw.com\/citizenship\/\">la ciudadan\u00eda <\/a>despu\u00e9s de tres a cinco a\u00f1os.<\/p>\n<p>Aunque muchas veces se la conoce como tarjeta verde, formalmente se la conoce como Tarjeta de Residente Permanente o Formulario I-551. El gobierno de los Estados Unidos emite m\u00e1s de un mill\u00f3n de tarjetas verdes cada a\u00f1o, pero cada solicitante debe cumplir con ciertos requisitos para ser elegible. La mayor\u00eda de las tarjetas verdes otorgadas por el gobierno se otorgan a familiares de ciudadanos estadounidenses actuales. Despu\u00e9s de la categor\u00eda familiar, los trabajadores que buscan trabajo en los EE. UU. tienen m\u00e1s probabilidades de obtener una tarjeta verde. Sin embargo, existen muchas categor\u00edas potenciales a trav\u00e9s de las cuales un titular de una tarjeta verde puede calificar. En esta p\u00e1gina, aprender\u00e1 m\u00e1s sobre estos tipos y c\u00f3mo un abogado de tarjetas verdes de Chicago puede ayudarlo. <a href=\"https:\/\/sverdlofflaw.com\/what-are-the-green-card-category-codes\/\">Haga clic aqu\u00ed para obtener una lista completa de los c\u00f3digos de categor\u00eda de tarjetas verdes.<\/a><\/p>\n<p>Un abogado especializado en tarjetas verdes de Chicago puede ser una persona que le ayude significativamente con el proceso de obtenci\u00f3n de la tarjeta verde. Comprender los beneficios de obtener una tarjeta verde y contar con un abogado que pueda ayudarle a sortear las complejidades de la documentaci\u00f3n correcta que debe presentar puede ayudarle a prepararse para este proceso. Obtener su tarjeta verde puede ser una experiencia emocionante al final, pero es importante saber qu\u00e9 esperar y comprender los beneficios de contratar a un abogado especializado en tarjetas verdes de Chicago.<\/p>\n<h2>Conceptos b\u00e1sicos para obtener una tarjeta verde<\/h2>\n<p>Si est\u00e1 interesado en recibir una tarjeta verde para trabajar, quedarse o vivir en los Estados Unidos por un per\u00edodo m\u00e1s largo que el de un per\u00edodo temporal, debe comprender que los procedimientos y las reglas asociadas con este proceso de inmigraci\u00f3n pueden ser muy complicados. Existen muchas inconsistencias, excepciones y documentos espec\u00edficos que se deben presentar en el proceso de la tarjeta verde y las leyes b\u00e1sicas que rodean la residencia permanente pueden ser muy confusas.<\/p>\n<p>En el proceso de solicitud de una tarjeta verde es casi inevitable que surjan confusiones, desaf\u00edos, obst\u00e1culos y demoras. Tener un abogado especializado en tarjetas verdes de Chicago que haya ayudado a otras personas con este proceso antes puede ayudarle a evitar errores catastr\u00f3ficos.<\/p>\n<h2>\u00bfPor qu\u00e9 es tan complejo obtener una tarjeta verde?<\/h2>\n<p>Muchas personas reconocen la naturaleza compleja y dif\u00edcil del sistema de inmigraci\u00f3n de los Estados Unidos. Puede resultar abrumador resolver los detalles relacionados con la inmigraci\u00f3n, las tarjetas verdes, <a href=\"https:\/\/sverdlofflaw.com\/nonimmigrant-visa\/\">las visas <\/a>, <a href=\"https:\/\/sverdlofflaw.com\/citizenship\/\">la ciudadan\u00eda <\/a>, <a href=\"https:\/\/sverdlofflaw.com\/naturalization\/\">la nacionalizaci\u00f3n <\/a>y otros beneficios. Muchas personas no tienen un caso de inmigraci\u00f3n sencillo o de f\u00e1cil aprobaci\u00f3n. Todo lo que se necesita es una condena penal, quedandose m\u00e1s all\u00e1 del l\u00edmite de una visa, la p\u00e9rdida del empleo o un problema de salud grave para que el gobierno de los EE. UU. clasifique a alguien como inadmisible. Esto requiere un esfuerzo y trabajo adicionales para convencer a las autoridades de inmigraci\u00f3n de que aprueben una solicitud de tarjeta verde.<\/p>\n<p>Adem\u00e1s, siempre existe el riesgo de que el gobierno de los EE. UU. que recibe su material pueda extraviar parte o la totalidad de sus documentos, lo que significa que usted podr\u00eda tener que recibir m\u00faltiples conversaciones o mensajes de seguimiento sobre documentos que no cree que necesita proporcionar o que actualmente no existen.<\/p>\n<p>Al igual que con cualquier forma de representaci\u00f3n legal, contratar a un abogado de tarjeta verde en Chicago puede requerir el pago de una tarifa. Sin embargo, este pago de una tarifa podr\u00eda ser beneficioso cuando usted sabe que su caso est\u00e1 siendo manejado por un profesional que ha ayudado a otras personas a navegar por las complejidades del proceso de la tarjeta verde.<\/p>\n<h2>\u00bfCu\u00e1les son las cinco formas principales de obtener una tarjeta verde?<\/h2>\n<p>La tarjeta verde tambi\u00e9n se conoce como residencia permanente legal y es un m\u00e9todo para que las personas que no son ciudadanos de los Estados Unidos trabajen y vivan en el pa\u00eds mientras disfrutan de muchos de los mismos privilegios de la <a href=\"https:\/\/sverdlofflaw.com\/citizenship\/\">ciudadan\u00eda estadounidense <\/a>. Sin embargo, es importante recordar que la ciudadan\u00eda y las tarjetas verdes son dos cosas diferentes en los Estados Unidos. Ambas requieren su propio conjunto espec\u00edfico de procesos y es por eso que es beneficioso contratar a un abogado de tarjetas verdes de Chicago o un abogado de ciudadan\u00eda de Chicago para que lo ayude con su caso individual.<\/p>\n<p>Hay varios pasos diferentes involucrados para obtener una tarjeta verde. Primero, el <a href=\"https:\/\/uscis.gov\" target=\"_blank\" rel=\"noopener\">Servicio de Ciudadan\u00eda e Inmigraci\u00f3n de los Estados Unidos (USCIS)<\/a> Tiene que aprobar la petici\u00f3n de inmigrante que se ha presentado para usted. Esto suele ser proporcionado por un familiar o un empleador y debe ser una forma de documentaci\u00f3n revisada por su abogado de tarjeta verde de Chicago. Tener esta informaci\u00f3n revisada desde el principio disminuye las posibilidades de posibles errores. Despu\u00e9s de que USCIS haya aprobado su petici\u00f3n de inmigrante, se debe obtener un n\u00famero de visa de inmigrante independientemente de si se encuentra o no en los EE. UU. Es posible que deba cambiar a la condici\u00f3n de residente permanente si se encuentra en los Estados Unidos despu\u00e9s de este momento.<\/p>\n<p>Existen cinco formas principales en las que usted podr\u00eda ser elegible para recibir una tarjeta verde, entre ellas:<\/p>\n<ol>\n<li>Ser parte de una clase especial de individuos a los que el Gobierno de los EE. UU. ha optado por otorgarles el estatus de tarjeta verde.<\/li>\n<li>Ganar la loter\u00eda de visas de diversidad para obtener una tarjeta verde.<\/li>\n<li>Obtenci\u00f3n del estatus de refugiado previo o mediante concesi\u00f3n de asilo debido a persecuci\u00f3n en el pa\u00eds de origen.<\/li>\n<li>Patrocinio a trav\u00e9s de un empleador con sede en EE.UU.<\/li>\n<li>Patrocinio de un familiar que sea residente permanente legal o ciudadano de los EE. UU.<\/li>\n<\/ol>\n<p>Si tiene un familiar que ya tiene una tarjeta verde o ha pasado por el proceso <a href=\"https:\/\/sverdlofflaw.com\/naturalization\/\">de naturalizaci\u00f3n o es <\/a><a href=\"https:\/\/sverdlofflaw.com\/citizenship\/\">ciudadano <\/a>, podr\u00eda recibir un estatus permanente en los Estados Unidos. Tambien un empleador podr\u00eda patrocinarlo para obtener una tarjeta verde. El empleador estadounidense puede patrocinar a un empleado nacido en el extranjero a trav\u00e9s de la residencia permanente. El empleador debe demostrar a trav\u00e9s del Departamento de Trabajo que no hay trabajadores estadounidenses calificados disponibles para el trabajo para el cual se solicita la visa de inmigrante.<\/p>\n<h2>\u00bfCu\u00e1nto tiempo demorar\u00e9 en recibir mi tarjeta verde?<\/h2>\n<p>Si tiene la intenci\u00f3n de inmigrar a los Estados Unidos como familiar de un residente permanente legal o ciudadano estadounidense, debe obtener un n\u00famero de visa de inmigrante relacionado con la categor\u00eda de preferencia en la que se encuentra. Las personas se clasifican en categor\u00edas a trav\u00e9s del sistema de preferencias del pa\u00eds. Los familiares directos de ciudadanos estadounidenses, incluidos los hijos solteros, los padres y los c\u00f3nyuges, no est\u00e1n obligados a esperar a recibir un n\u00famero de visa de inmigrante para ser elegibles despu\u00e9s de que el USCIS haya aprobado la solicitud de visa presentada para ellos.<\/p>\n<p>En ese momento, el n\u00famero de visa de inmigrante estar\u00e1 disponible de inmediato. Sin embargo, los familiares de otras categor\u00edas no tienen que cumplir con el n\u00famero de inmigraci\u00f3n requerido para las siguientes reglas de preferencia:<\/p>\n<ul>\n<li>La primera preferencia es para los adultos mayores de 21 a\u00f1os, hijos\/hijas solteros de ciudadanos estadounidenses.<\/li>\n<li>Segunda preferencia para hijos solteros de residentes permanentes legales, c\u00f3nyuges de los mismos e hijos\/hijas solteros de los mismos.<\/li>\n<li>Tercera preferencia; hijas e hijos casados de ciudadanos estadounidenses.<\/li>\n<li>Cuarta preferencia; hermanos y hermanas de ciudadanos estadounidenses adultos.<\/li>\n<\/ul>\n<h2>Comun\u00edquese hoy mismo con nuestro abogado especializado en tarjetas verdes de Chicago<\/h2>\n<p>Los abogados especializados en tarjetas verdes de Chicago de Sverdloff Law Group pueden ayudarlo a comprender sus opciones de inmigraci\u00f3n y luchar por su derecho a vivir en los Estados Unidos. Conozca los siguientes pasos a seguir para su solicitud de tarjeta verde. \u00a1Comun\u00edquese con nuestro abogado especializado en tarjetas verdes en Chicago al <a href=\"tel:+1-312-238-9090\">(312) 238-9090 <\/a>o <a href=\"https:\/\/sverdlofflaw.com\/contact-us\/\">programe una consulta <\/a>hoy mismo!<\/p>\n","protected":false},"excerpt":{"rendered":"<p>Si est\u00e1 buscando una forma de obtener la residencia permanente en los Estados Unidos, necesitar\u00e1 una tarjeta verde. Nuestro abogado especializado en tarjetas verdes de Chicago puede ayudarlo con este proceso de inmigraci\u00f3n y puede responder las preguntas que surjan a lo largo del camino. Hay diferentes tipos de tarjetas verdes disponibles para usted. Tener [&hellip;]<\/p>\n","protected":false},"author":25,"featured_media":6374,"parent":6468,"menu_order":0,"comment_status":"closed","ping_status":"closed","template":"","meta":{"_acf_changed":false,"_oasis_is_in_workflow":0,"_oasis_original":0,"_oasis_task_priority":"","footnotes":""},"class_list":["post-6371","page","type-page","status-publish","has-post-thumbnail","hentry","entry"],"acf":[],"_links":{"self":[{"href":"https:\/\/sverdlofflaw.com\/es\/wp-json\/wp\/v2\/pages\/6371","targetHints":{"allow":["GET"]}}],"collection":[{"href":"https:\/\/sverdlofflaw.com\/es\/wp-json\/wp\/v2\/pages"}],"about":[{"href":"https:\/\/sverdlofflaw.com\/es\/wp-json\/wp\/v2\/types\/page"}],"author":[{"embeddable":true,"href":"https:\/\/sverdlofflaw.com\/es\/wp-json\/wp\/v2\/users\/25"}],"replies":[{"embeddable":true,"href":"https:\/\/sverdlofflaw.com\/es\/wp-json\/wp\/v2\/comments?post=6371"}],"version-history":[{"count":2,"href":"https:\/\/sverdlofflaw.com\/es\/wp-json\/wp\/v2\/pages\/6371\/revisions"}],"predecessor-version":[{"id":6376,"href":"https:\/\/sverdlofflaw.com\/es\/wp-json\/wp\/v2\/pages\/6371\/revisions\/6376"}],"up":[{"embeddable":true,"href":"https:\/\/sverdlofflaw.com\/es\/wp-json\/wp\/v2\/pages\/6468"}],"wp:featuredmedia":[{"embeddable":true,"href":"https:\/\/sverdlofflaw.com\/es\/wp-json\/wp\/v2\/media\/6374"}],"wp:attachment":[{"href":"https:\/\/sverdlofflaw.com\/es\/wp-json\/wp\/v2\/media?parent=6371"}],"curies":[{"name":"wp","href":"https:\/\/api.w.org\/{rel}","templated":true}]}}