{"id":6366,"date":"2019-10-23T05:27:43","date_gmt":"2019-10-23T10:27:43","guid":{"rendered":"https:\/\/sverdlofflaw.com\/?page_id=6366"},"modified":"2024-10-29T12:38:57","modified_gmt":"2024-10-29T17:38:57","slug":"abogado-de-visas-de-prometido-y-visas-k-1-en-chicago","status":"publish","type":"page","link":"https:\/\/sverdlofflaw.com\/es\/servicios-de-inmigracion\/abogado-de-visas-de-prometido-y-visas-k-1-en-chicago\/","title":{"rendered":"Abogado de visas de prometido y visas K-1 en Chicago"},"content":{"rendered":"<p>Los ciudadanos de los Estados Unidos que desean contraer matrimonio con un extranjero pueden sentirse desesperados, pero por suerte existe una visa dise\u00f1ada para este proceso, conocida como K-1 o \u201cvisa de prometido\u201d. La visa K-1 se utiliza para permitir que los ciudadanos traigan a sus futuros c\u00f3nyuges a los Estados Unidos para casarse.<\/p>\n<p>La visa K-1 solo es v\u00e1lida por 90 d\u00edas. Eso significa que debe casarse dentro de los 90 d\u00edas despues de la entrada de su prometido(a) a los Estados Unidos; Si no se casa, la visa vence y \u00e9l o ella tendr\u00e1 que regresar a su pa\u00eds de origen. Tambi\u00e9n debe tener en cuenta que la visa K-1 no se transfiere autom\u00e1ticamente al estado de residente permanente (tarjeta verde) despu\u00e9s de casarse. Su nuevo c\u00f3nyuge tendr\u00e1 que <a href=\"https:\/\/sverdlofflaw.com\/immigration-services\/removal-of-conditions-i-751\/\">solicitar su estado de residente permanente <\/a>adem\u00e1s de que se le apruebe la visa K-1 original.<\/p>\n<p>Este proceso puede ser bastante complicado y siempre es una buena idea contratar a alguien que entienda c\u00f3mo navegar por el proceso y la ley. Un <a href=\"https:\/\/sverdlofflaw.com\/attorney-profile\/\">abogado con experiencia <\/a>puede ayudarlo a comprender mejor c\u00f3mo solicitar una visa de prometido, as\u00ed como tambi\u00e9n c\u00f3mo abordar el <a href=\"https:\/\/sverdlofflaw.com\/immigration-services\/green-card-lawyer-chicago\/\">proceso de la tarjeta verde <\/a>una vez que est\u00e9 casado. Este \u00faltimo puede ser un proceso especialmente arduo y debe tener a alguien de su lado que est\u00e9 familiarizado con la ley y pueda ayudarlo a navegar por el complicado proceso de solicitud. Entendemos lo emocionante y preocupante que puede ser este momento y <a href=\"https:\/\/sverdlofflaw.com\/contact-us\/\">estamos listos para trabajar con usted <\/a>para ayudarlo a aumentar sus posibilidades de una resoluci\u00f3n r\u00e1pida.<\/p>\n<h2>Requisitos adicionales para la visa K-1<\/h2>\n<p>Como persona que solicita la emisi\u00f3n de una visa K-1, tambi\u00e9n est\u00e1 sujeto a ciertos requisitos. Para solicitar la visa K-1 para prometidos, debe cumplir con lo siguiente:<\/p>\n<ul>\n<li>Ser ciudadano de los Estados Unidos.<\/li>\n<li>Ha conocido a su futuro c\u00f3nyuge, cara a cara, en los \u00faltimos dos a\u00f1os.<\/li>\n<li>Ser legalmente capaz de casarse; usted y su pareja deben ser solteros o divorciados.<\/li>\n<li>Cumplir ciertos requisitos financieros<\/li>\n<li>Tener la intenci\u00f3n seria de casarse dentro de los 90 d\u00edas despu\u00e9s de la llegada de su prometido(a)<\/li>\n<\/ul>\n<p>El incumplimiento de alguno de estos requisitos puede provocar que su solicitud sea rechazada o que el proceso se ralentice bastante.<\/p>\n<h2>Proceso de solicitud de visa K-1<\/h2>\n<p>Cabe se\u00f1alar que el proceso de solicitud de una visa K-1 no es el m\u00e1s r\u00e1pido. Hay varios pasos que se deben seguir antes de que se emita la visa, y no todos dependen del solicitante. Su prometido tambi\u00e9n deber\u00e1 tomar sus propios pasos para asegurarse de tener las mejores posibilidades de que se le apruebe la visa.<\/p>\n<p>En primer lugar, el ciudadano que solicita la petici\u00f3n completar\u00e1 los tr\u00e1mites con el Servicio de Ciudadan\u00eda e Inmigraci\u00f3n de los Estados Unidos (USCIS). Esto se hace en los Estados Unidos. Solo despu\u00e9s de que el USCIS haya aprobado los tr\u00e1mites, se pasar\u00e1 al siguiente paso. Este segundo paso ocurre cuando su caso se transfiere a la embajada de los Estados Unidos en el pa\u00eds de origen de su prometido. Se le solicitar\u00e1 que se someta a un examen m\u00e9dico y complete los tr\u00e1mites para asegurarse de que es elegible para ingresar a los Estados Unidos. Su prometido tambi\u00e9n deber\u00e1 completar una entrevista con el consulado o la embajada de los Estados Unidos. Una vez que se hayan completado todos estos pasos, se aprobar\u00e1 o denegar\u00e1 su visa.<\/p>\n<p>En general, este proceso demora entre cinco y ocho meses. Esto cambiar\u00e1 seg\u00fan su caso espec\u00edfico y factores como el lugar donde vive usted y el lugar donde vive su prometido. Otras complicaciones que podr\u00edan retrasar el caso incluyen las acciones anteriores del solicitante. Si ya ha presentado dos o m\u00e1s solicitudes de visa de prometido durante su vida o si ha obtenido la aprobaci\u00f3n de dicha visa dentro de los dos a\u00f1os o menos anteriores a la fecha de presentaci\u00f3n de la solicitud actual, el proceso podr\u00eda demorarse y es posible que tenga que solicitar una exenci\u00f3n de acuerdo con la Ley de Regulaci\u00f3n de los Agentes Matrimoniales Internacionales (IMBRA). Tambien, es posible que alguien que haya sido condenado por delitos violentos espec\u00edficos o haya cometido delitos sexuales (especialmente contra un menor) tambi\u00e9n deba solicitar una exenci\u00f3n para continuar con el proceso de solicitud.<\/p>\n<h2>\u00bfPor qu\u00e9 podr\u00eda negarse una visa K1?<\/h2>\n<p>Las solicitudes de visa K1 para prometidos se examinan cuidadosamente y existen muchas razones por las cuales se puede rechazar una visa K1 para prometidos. Algunas de las razones m\u00e1s obvias son la falta de documentaci\u00f3n o documentaci\u00f3n incompleta, problemas m\u00e9dicos, antecedentes penales, falta de prueba de una relaci\u00f3n leg\u00edtima, la necesidad de verificar la documentaci\u00f3n o informaci\u00f3n proporcionada por los solicitantes o documentaci\u00f3n financiera insuficiente para demostrar que el peticionario ciudadano estadounidense puede mantener econ\u00f3micamente a su prometido extranjero. Otra raz\u00f3n com\u00fan para la denegaci\u00f3n es cuando un matrimonio anterior de una de las partes no se ha terminado legalmente.<\/p>\n<h2>\u00bfPueden las parejas del mismo sexo solicitar una visa de prometido K1?<\/h2>\n<p>S\u00ed. Tras el fallo de la Corte Suprema contra la Ley de Defensa del Matrimonio (DOMA), las parejas del mismo sexo ahora pueden solicitar una visa de prometido.<\/p>\n","protected":false},"excerpt":{"rendered":"<p>Los ciudadanos de los Estados Unidos que desean contraer matrimonio con un extranjero pueden sentirse desesperados, pero por suerte existe una visa dise\u00f1ada para este proceso, conocida como K-1 o \u201cvisa de prometido\u201d. La visa K-1 se utiliza para permitir que los ciudadanos traigan a sus futuros c\u00f3nyuges a los Estados Unidos para casarse. La [&hellip;]<\/p>\n","protected":false},"author":25,"featured_media":6368,"parent":6468,"menu_order":0,"comment_status":"closed","ping_status":"closed","template":"","meta":{"_acf_changed":false,"_oasis_is_in_workflow":0,"_oasis_original":0,"_oasis_task_priority":"","footnotes":""},"class_list":["post-6366","page","type-page","status-publish","has-post-thumbnail","hentry","entry"],"acf":[],"_links":{"self":[{"href":"https:\/\/sverdlofflaw.com\/es\/wp-json\/wp\/v2\/pages\/6366","targetHints":{"allow":["GET"]}}],"collection":[{"href":"https:\/\/sverdlofflaw.com\/es\/wp-json\/wp\/v2\/pages"}],"about":[{"href":"https:\/\/sverdlofflaw.com\/es\/wp-json\/wp\/v2\/types\/page"}],"author":[{"embeddable":true,"href":"https:\/\/sverdlofflaw.com\/es\/wp-json\/wp\/v2\/users\/25"}],"replies":[{"embeddable":true,"href":"https:\/\/sverdlofflaw.com\/es\/wp-json\/wp\/v2\/comments?post=6366"}],"version-history":[{"count":2,"href":"https:\/\/sverdlofflaw.com\/es\/wp-json\/wp\/v2\/pages\/6366\/revisions"}],"predecessor-version":[{"id":6370,"href":"https:\/\/sverdlofflaw.com\/es\/wp-json\/wp\/v2\/pages\/6366\/revisions\/6370"}],"up":[{"embeddable":true,"href":"https:\/\/sverdlofflaw.com\/es\/wp-json\/wp\/v2\/pages\/6468"}],"wp:featuredmedia":[{"embeddable":true,"href":"https:\/\/sverdlofflaw.com\/es\/wp-json\/wp\/v2\/media\/6368"}],"wp:attachment":[{"href":"https:\/\/sverdlofflaw.com\/es\/wp-json\/wp\/v2\/media?parent=6366"}],"curies":[{"name":"wp","href":"https:\/\/api.w.org\/{rel}","templated":true}]}}