{"id":6364,"date":"2022-09-18T12:31:00","date_gmt":"2022-09-18T17:31:00","guid":{"rendered":"https:\/\/sverdlofflaw.com\/?page_id=6364"},"modified":"2024-10-29T12:37:48","modified_gmt":"2024-10-29T17:37:48","slug":"opciones-de-inmigracion-para-el-conyuge-o-hijo-menor-de-un-ciudadano-estadounidense","status":"publish","type":"page","link":"https:\/\/sverdlofflaw.com\/es\/servicios-de-inmigracion\/abogado-de-inmigracion-familiar-en-chicago\/opciones-de-inmigracion-para-el-conyuge-o-hijo-menor-de-un-ciudadano-estadounidense\/","title":{"rendered":"Opciones de inmigraci\u00f3n para el c\u00f3nyuge o hijo menor de un ciudadano estadounidense"},"content":{"rendered":"<h2>Opciones de inmigraci\u00f3n para el c\u00f3nyuge o hijo menor de un ciudadano estadounidense<\/h2>\n<p>Si usted es ciudadano estadounidense y su c\u00f3nyuge o hijo peque\u00f1o no lo es, puede complicar su relaci\u00f3n en m\u00e1s de un sentido. Afortunadamente, Estados Unidos fomenta y apoya la inmigraci\u00f3n familiar, lo que permite que las familias se re\u00fanan aqu\u00ed. El Servicio de Ciudadan\u00eda e Inmigraci\u00f3n de los Estados Unidos (USCIS) ni siquiera pone un l\u00edmite anual al n\u00famero de visas emitidas a los familiares directos (una categor\u00eda que incluye a los c\u00f3nyuges e hijos menores) de los ciudadanos estadounidenses. Esto significa que si usted es el c\u00f3nyuge o hijo de un ciudadano estadounidense, con la ayuda adecuada, tiene muchas posibilidades de recibir todos los permisos necesarios para venir al pa\u00eds y trabajar para obtener <a href=\"https:\/\/sverdlofflaw.com\/immigration-services\/citizenship-lawyer-chicago\/\">la ciudadan\u00eda <\/a>. A continuaci\u00f3n, se detallan los pasos que deber\u00e1 seguir para hacerlo.<\/p>\n<h2>Pasos que deben seguir los familiares directos de ciudadanos estadounidenses<\/h2>\n<p>Es importante entender que si usted es ciudadano estadounidense, su ciudadan\u00eda o <a href=\"https:\/\/sverdlofflaw.com\/immigration-services\/green-card-lawyer-chicago\/\">elegibilidad para la tarjeta verde <\/a>no se extiende autom\u00e1ticamente a su c\u00f3nyuge y\/o hijos. En cambio, ellos deben calificar individualmente por sus propios m\u00e9ritos. Sin embargo, usted puede apoyarlos en el proceso de inmigraci\u00f3n. Si su c\u00f3nyuge o hijo menor ya est\u00e1 presente en los Estados Unidos (por ejemplo, con una visa de turista), ellos pueden solicitar un ajuste de estatus presentando <a href=\"https:\/\/www.uscis.gov\/green-card\/green-card-eligibility\/green-card-for-immediate-relatives-of-us-citizen\" target=\"_blank\" rel=\"noopener\">el Formulario I-485 <\/a>. Este formulario les permitir\u00e1 solicitar ser residentes permanentes sin tener que salir del pa\u00eds para hacerlo. Debido a que son sus parientes inmediatos, tambi\u00e9n deben presentar el Formulario I-130, que es una petici\u00f3n para permitir que el pariente extranjero de un ciudadano estadounidense solicite una visa. Estos formularios (Formularios I-485 e I-130) deben presentarse juntos al mismo tiempo.<\/p>\n<p>Tambi\u00e9n se requerir\u00e1n otros formularios. Deber\u00e1 presentar el Formulario I-864, que es una declaraci\u00f3n jurada en la que acepta apoyar econ\u00f3micamente a su familiar si es admitido en los Estados Unidos. Tambi\u00e9n deber\u00e1 presentar el Formulario I-693, que es el registro m\u00e9dico y de vacunaci\u00f3n del solicitante. Si existen motivos por los que se le puede negar la admisi\u00f3n a su familiar en los EE. UU. (como un delito pasado), deber\u00e1 presentar el Formulario I-601, solicitando que se exima su inadmisibilidad. Si una persona ha sido deportada previamente de los Estados Unidos, puede presentar el Formulario I-212 para volver a solicitar la admisi\u00f3n en los Estados Unidos despu\u00e9s de la deportaci\u00f3n.<\/p>\n<p>Adem\u00e1s de estos formularios, deber\u00e1 incluir documentaci\u00f3n de respaldo, incluidas dos copias de la fotograf\u00eda de su pasaporte, copias de su pasaporte, comprobante de ingreso al pa\u00eds, actas de nacimiento, copias de su identificaci\u00f3n oficial y registros de inmigraci\u00f3n. Puede contratar a un abogado para que lo ayude a prepararlos para asegurarse de que sean completos, incluyan toda la documentaci\u00f3n de respaldo necesaria y no incluyan errores que puedan resultar en demoras costosas.<\/p>\n<h2>Comun\u00edquese con Sverdloff Law Group en Chicago, Illinois<\/h2>\n<p>Los abogados de inmigraci\u00f3n con experiencia de <a href=\"https:\/\/sverdlofflaw.com\/contact-us\/\">Sverdloff <\/a><a href=\"https:\/\/sverdlofflaw.com\/contact-us\/\">Law <\/a><a href=\"https:\/\/sverdlofflaw.com\/contact-us\/\">Group <\/a>en Chicago, Illinois, est\u00e1n listos para ayudarlo a reunir a su familia aqu\u00ed en los Estados Unidos. Comun\u00edquese con nuestros abogados hoy mismo para programar una consulta personalizada.<\/p>\n","protected":false},"excerpt":{"rendered":"<p>Opciones de inmigraci\u00f3n para el c\u00f3nyuge o hijo menor de un ciudadano estadounidense Si usted es ciudadano estadounidense y su c\u00f3nyuge o hijo peque\u00f1o no lo es, puede complicar su relaci\u00f3n en m\u00e1s de un sentido. Afortunadamente, Estados Unidos fomenta y apoya la inmigraci\u00f3n familiar, lo que permite que las familias se re\u00fanan aqu\u00ed. El [&hellip;]<\/p>\n","protected":false},"author":25,"featured_media":6342,"parent":6339,"menu_order":0,"comment_status":"closed","ping_status":"closed","template":"","meta":{"_acf_changed":false,"_oasis_is_in_workflow":0,"_oasis_original":0,"_oasis_task_priority":"","footnotes":""},"class_list":["post-6364","page","type-page","status-publish","has-post-thumbnail","hentry","entry"],"acf":[],"_links":{"self":[{"href":"https:\/\/sverdlofflaw.com\/es\/wp-json\/wp\/v2\/pages\/6364","targetHints":{"allow":["GET"]}}],"collection":[{"href":"https:\/\/sverdlofflaw.com\/es\/wp-json\/wp\/v2\/pages"}],"about":[{"href":"https:\/\/sverdlofflaw.com\/es\/wp-json\/wp\/v2\/types\/page"}],"author":[{"embeddable":true,"href":"https:\/\/sverdlofflaw.com\/es\/wp-json\/wp\/v2\/users\/25"}],"replies":[{"embeddable":true,"href":"https:\/\/sverdlofflaw.com\/es\/wp-json\/wp\/v2\/comments?post=6364"}],"version-history":[{"count":1,"href":"https:\/\/sverdlofflaw.com\/es\/wp-json\/wp\/v2\/pages\/6364\/revisions"}],"predecessor-version":[{"id":6365,"href":"https:\/\/sverdlofflaw.com\/es\/wp-json\/wp\/v2\/pages\/6364\/revisions\/6365"}],"up":[{"embeddable":true,"href":"https:\/\/sverdlofflaw.com\/es\/wp-json\/wp\/v2\/pages\/6339"}],"wp:featuredmedia":[{"embeddable":true,"href":"https:\/\/sverdlofflaw.com\/es\/wp-json\/wp\/v2\/media\/6342"}],"wp:attachment":[{"href":"https:\/\/sverdlofflaw.com\/es\/wp-json\/wp\/v2\/media?parent=6364"}],"curies":[{"name":"wp","href":"https:\/\/api.w.org\/{rel}","templated":true}]}}