{"id":6361,"date":"2022-09-18T12:41:00","date_gmt":"2022-09-18T17:41:00","guid":{"rendered":"https:\/\/sverdlofflaw.com\/?page_id=6361"},"modified":"2024-10-29T12:36:37","modified_gmt":"2024-10-29T17:36:37","slug":"opciones-de-inmigracion-para-conyuges-o-hijos-menores-de-un-residente-permanente-de-ee-uu","status":"publish","type":"page","link":"https:\/\/sverdlofflaw.com\/es\/servicios-de-inmigracion\/abogado-de-inmigracion-familiar-en-chicago\/opciones-de-inmigracion-para-conyuges-o-hijos-menores-de-un-residente-permanente-de-ee-uu\/","title":{"rendered":"Opciones de inmigraci\u00f3n para c\u00f3nyuges o hijos menores de un residente permanente de EE. UU."},"content":{"rendered":"<h2>Solicitud de visa para c\u00f3nyuge o hijo menor de un residente permanente de EE. UU.<\/h2>\n<p>Si usted es residente permanente de los Estados Unidos, es posible que est\u00e9 ocupado construyendo una vida aqu\u00ed en los Estados Unidos y probablemente est\u00e9 ansioso por reunificar a su familia aqu\u00ed. Afortunadamente, hay una manera de hacerlo: presentando la <a href=\"https:\/\/www.uscis.gov\/family\/bring-spouse-to-live-in-US\" target=\"_blank\" rel=\"noopener\">petici\u00f3n I-130. Con USCIS <\/a>, usted iniciar\u00e1 el proceso para traer a su c\u00f3nyuge a los Estados Unidos. Sin embargo, este es un proceso largo. Lo mas pronto que comience el proceso, lo mas pronto podr\u00e1 empezar a contar el tiempo que pueda reunirse con su familia.<\/p>\n<h2>\u00bfPuede un residente permanente obtener una tarjeta verde para su c\u00f3nyuge?<\/h2>\n<p>S\u00ed, bajo las leyes de reunificaci\u00f3n familiar, un residente permanente puede patrocinar a su c\u00f3nyuge e hijos menores solteros para obtener visas de Estados Unidos. Esto les otorgar\u00e1 tarjetas verdes a su c\u00f3nyuge e hijos, lo que les permitir\u00e1 vivir y trabajar legalmente en Estados Unidos. Despu\u00e9s de cinco a\u00f1os de presencia continua, pueden <a href=\"https:\/\/sverdlofflaw.com\/immigration-services\/citizenship-lawyer-chicago\/\">solicitar la ciudadan\u00eda. <\/a>Sin embargo, el proceso para obtener una visa puede ser un tanto abrumador. Esto se debe a que los ciudadanos estadounidenses tienen preferencia cuando se trata de traer a sus familiares directos a Estados Unidos.<\/p>\n<p>Un n\u00famero ilimitado de familiares directos de ciudadanos estadounidenses pueden venir a Estados Unidos, mientras que se establece una cuota estricta para el n\u00famero de c\u00f3nyuges e hijos de residentes permanentes a los que se les otorgan visas anualmente. Esto hace que el proceso sea altamente competitivo y mucho m\u00e1s largo para los residentes permanentes. En algunos casos, los residentes permanentes de largo plazo pueden esperar dos o tres a\u00f1os o m\u00e1s despu\u00e9s de presentar la petici\u00f3n I-130 ante el USCIS. Sin embargo, cuanto antes inicien el proceso, antes se les otorgar\u00e1 la visa.<\/p>\n<p>Tambi\u00e9n debe tenerse en cuenta que el proceso puede ser mucho m\u00e1s sencillo si la petici\u00f3n I-130 contiene toda la informaci\u00f3n necesaria y se completa correctamente. Muchas veces, los errores en la solicitud o la falta de documentaci\u00f3n o informaci\u00f3n pueden crear retrasos innecesarios o incluso dar lugar a denegaciones. Por este motivo, es una buena idea invertir en un abogado de inmigraci\u00f3n que pueda garantizar que su petici\u00f3n se presente de forma precisa y sin errores, de modo que el proceso se desarrolle de la forma m\u00e1s eficiente posible. En algunos casos, si actualmente est\u00e1 solicitando la ciudadan\u00eda o pronto lo har\u00e1 por su cuenta, puede ser m\u00e1s eficaz obtener la ciudadan\u00eda antes de solicitar al USCIS que traiga a sus familiares. Esto se debe a que, como ciudadano estadounidense, tendr\u00e1 la primera l\u00ednea de preferencia y el proceso puede tardar tan solo varios meses. Tambi\u00e9n tendr\u00e1 la posibilidad de traer a miembros adicionales de su familia inmediata, como hermanos y padres.<\/p>\n<h2>Sverdloff Law Group puede ayudar<\/h2>\n<p>Todos los d\u00edas, nuestros <a href=\"https:\/\/sverdlofflaw.com\/attorney-profile\/\">abogados de inmigraci\u00f3n con experiencia <\/a>ayudan a las familias a reunirse aqu\u00ed en los Estados Unidos. Si usted es un residente permanente de largo plazo de los EE. UU. que est\u00e1 trabajando para obtener la ciudadan\u00eda y desea traer a su c\u00f3nyuge e hijos a los Estados Unidos, nuestros abogados pueden desarrollar el mejor plan de reunificaci\u00f3n y presentar todas las peticiones necesarias para iniciar el proceso.<\/p>\n<h2>Contacte con Sverdloff Law<\/h2>\n<p>Si est\u00e1 listo para iniciar el proceso de traer a su familia a los Estados Unidos para que puedan construir una vida aqu\u00ed juntos, Sverdloff Law Group en Chicago, Illinois, est\u00e1 listo para ayudarlo. Comun\u00edquese con nosotros hoy y <a href=\"https:\/\/sverdlofflaw.com\/contact-us\/\">programe una consulta <\/a>.<\/p>\n","protected":false},"excerpt":{"rendered":"<p>Solicitud de visa para c\u00f3nyuge o hijo menor de un residente permanente de EE. UU. Si usted es residente permanente de los Estados Unidos, es posible que est\u00e9 ocupado construyendo una vida aqu\u00ed en los Estados Unidos y probablemente est\u00e9 ansioso por reunificar a su familia aqu\u00ed. Afortunadamente, hay una manera de hacerlo: presentando la [&hellip;]<\/p>\n","protected":false},"author":25,"featured_media":6343,"parent":6339,"menu_order":0,"comment_status":"closed","ping_status":"closed","template":"","meta":{"_acf_changed":false,"_oasis_is_in_workflow":0,"_oasis_original":0,"_oasis_task_priority":"","footnotes":""},"class_list":["post-6361","page","type-page","status-publish","has-post-thumbnail","hentry","entry"],"acf":[],"_links":{"self":[{"href":"https:\/\/sverdlofflaw.com\/es\/wp-json\/wp\/v2\/pages\/6361","targetHints":{"allow":["GET"]}}],"collection":[{"href":"https:\/\/sverdlofflaw.com\/es\/wp-json\/wp\/v2\/pages"}],"about":[{"href":"https:\/\/sverdlofflaw.com\/es\/wp-json\/wp\/v2\/types\/page"}],"author":[{"embeddable":true,"href":"https:\/\/sverdlofflaw.com\/es\/wp-json\/wp\/v2\/users\/25"}],"replies":[{"embeddable":true,"href":"https:\/\/sverdlofflaw.com\/es\/wp-json\/wp\/v2\/comments?post=6361"}],"version-history":[{"count":2,"href":"https:\/\/sverdlofflaw.com\/es\/wp-json\/wp\/v2\/pages\/6361\/revisions"}],"predecessor-version":[{"id":6363,"href":"https:\/\/sverdlofflaw.com\/es\/wp-json\/wp\/v2\/pages\/6361\/revisions\/6363"}],"up":[{"embeddable":true,"href":"https:\/\/sverdlofflaw.com\/es\/wp-json\/wp\/v2\/pages\/6339"}],"wp:featuredmedia":[{"embeddable":true,"href":"https:\/\/sverdlofflaw.com\/es\/wp-json\/wp\/v2\/media\/6343"}],"wp:attachment":[{"href":"https:\/\/sverdlofflaw.com\/es\/wp-json\/wp\/v2\/media?parent=6361"}],"curies":[{"name":"wp","href":"https:\/\/api.w.org\/{rel}","templated":true}]}}