{"id":6358,"date":"2023-01-11T12:39:00","date_gmt":"2023-01-11T18:39:00","guid":{"rendered":"https:\/\/sverdlofflaw.com\/?page_id=6358"},"modified":"2024-10-29T12:35:01","modified_gmt":"2024-10-29T17:35:01","slug":"opciones-de-inmigracion-para-hermanos-de-ciudadanos-estadounidenses-f4","status":"publish","type":"page","link":"https:\/\/sverdlofflaw.com\/es\/servicios-de-inmigracion\/abogado-de-inmigracion-familiar-en-chicago\/opciones-de-inmigracion-para-hermanos-de-ciudadanos-estadounidenses-f4\/","title":{"rendered":"Opciones de inmigraci\u00f3n para hermanos de ciudadanos estadounidenses (F4)"},"content":{"rendered":"<h2>Solicitud de visa para hermano de ciudadano estadounidense<\/h2>\n<p>Sus hermanos suelen estar con usted toda la vida y forman parte de su familia inmediata cuando crecen. Como adulto, estas relaciones siguen siendo importantes, y sus hermanos y hermanas le brindan apoyo y amor en todas las etapas de su vida. Cuando su querido hermano vive fuera de los Estados Unidos, es posible que desee ayudar a traerlo aqu\u00ed. Los hermanos de ciudadanos estadounidenses pueden solicitar visas basadas en la familia mediante el proceso de visa F-4. La visa F-4 est\u00e1 destinada espec\u00edficamente a que un ciudadano estadounidense patrocine una visa para un hermano. La categor\u00eda no est\u00e1 destinada a residentes permanentes legales. Si est\u00e1 buscando una visa F-4, puede obtener la ayuda que necesita de un <a href=\"https:\/\/sverdlofflaw.com\/immigration-services\/family-based-immigration\/\">abogado de inmigraci\u00f3n basado en la familia con experiencia <\/a>.<\/p>\n<h2>Requisitos de elegibilidad para la visa F-4<\/h2>\n<p>Si desea patrocinar a un hermano para una visa F-4, debe ser ciudadano de los Estados Unidos y tener al menos 21 a\u00f1os de edad. El solicitante debe cumplir con requisitos de elegibilidad espec\u00edficos, entre ellos:<\/p>\n<ul>\n<li>Debe vivir fuera de los Estados Unidos.<\/li>\n<li>Debe ser un hermano<\/li>\n<li>Un hermano puede ser un hermano completo, medio hermano o hermano adoptado.<\/li>\n<\/ul>\n<p>El solicitante debe proporcionar documentaci\u00f3n que respalde su relaci\u00f3n de hermanos. El tipo de documentaci\u00f3n var\u00eda seg\u00fan la relaci\u00f3n familiar. Un hermano adoptado debe proporcionar un decreto legal que indique que la adopci\u00f3n se llev\u00f3 a cabo antes del cumplea\u00f1os n\u00famero 16 del solicitante. Un hermano de sangre que fue adoptado por una familia diferente no califica para la visa F-4.<\/p>\n<p>En el caso de un hermanastro, debe proporcionar una copia del certificado de matrimonio de los padres junto con la documentaci\u00f3n que demuestre el divorcio de los c\u00f3nyuges anteriores. En el caso de un medio hermano, debe proporcionar copias de los certificados de matrimonio que demuestren que el padre estaba casado con cada madre, as\u00ed como la documentaci\u00f3n del divorcio. Un <a href=\"https:\/\/sverdlofflaw.com\/attorney-profile\/\">abogado experto en inmigraci\u00f3n familiar <\/a>le ayudar\u00e1 a asegurarse de que cumple con los requisitos para una visa en particular.<\/p>\n<h2>Proceso de visa F-4<\/h2>\n<p>Para comenzar el proceso de visa, el patrocinador debe completar el formulario I-130, Petici\u00f3n para un familiar extranjero. Debe pagar las tarifas asociadas actuales. El <a href=\"https:\/\/www.uscis.gov\/green-card\/green-card-eligibility\/green-card-for-family-preference-immigrants\" target=\"_blank\" rel=\"noopener\">Servicio de Ciudadan\u00eda e Inmigraci\u00f3n de los Estados Unidos <\/a>(USCIS) procesar\u00e1 la solicitud y, si la aprueba, la solicitud pasar\u00e1 al Centro Nacional de Visas (NVC) para su procesamiento. El NVC enviar\u00e1 un paquete de informaci\u00f3n al hermano que incluye instrucciones. El hermano deber\u00e1 completar el Formulario DS-260 y deber\u00e1 someterse a un examen m\u00e9dico. Tambi\u00e9n deber\u00e1 enviar una tarifa de datos biom\u00e9tricos y deber\u00e1 pagar su examen m\u00e9dico. El NVC programar\u00e1 una fecha para una entrevista.<\/p>\n<p>Es importante tener en cuenta que el tiempo de procesamiento de una visa F-4 es extremadamente largo. Estados Unidos permite solo 65,000 visas F-4 por a\u00f1o. Por lo tanto, puede llevar algunos a\u00f1os completar el proceso. Las solicitudes se procesan a trav\u00e9s de centros de servicio designados. Puede consultar los tiempos de espera actuales en l\u00ednea o verificar el estado de su solicitud. Existe una tarifa de emisi\u00f3n para una tarjeta verde.<\/p>\n<p>Es fundamental seguir los procedimientos adecuados y proporcionar la documentaci\u00f3n necesaria para garantizar un proceso sin problemas. Un abogado de inmigraci\u00f3n con experiencia en casos de familia le ayudar\u00e1 a guiar el proceso y a garantizar que re\u00fana todo lo que necesita para presentar una solicitud exitosa. Para obtener m\u00e1s informaci\u00f3n sobre la visa F-4, comun\u00edquese con nosotros en <a href=\"https:\/\/calendly.com\/sverdlofflaw\" target=\"_blank\" rel=\"noopener\">Sverdloff <\/a><a href=\"https:\/\/calendly.com\/sverdlofflaw\" target=\"_blank\" rel=\"noopener\">Law Group <\/a>al (312) 238-9090 hoy mismo.<\/p>\n","protected":false},"excerpt":{"rendered":"<p>Solicitud de visa para hermano de ciudadano estadounidense Sus hermanos suelen estar con usted toda la vida y forman parte de su familia inmediata cuando crecen. Como adulto, estas relaciones siguen siendo importantes, y sus hermanos y hermanas le brindan apoyo y amor en todas las etapas de su vida. Cuando su querido hermano vive [&hellip;]<\/p>\n","protected":false},"author":25,"featured_media":6359,"parent":6339,"menu_order":0,"comment_status":"closed","ping_status":"closed","template":"","meta":{"_acf_changed":false,"_oasis_is_in_workflow":0,"_oasis_original":0,"_oasis_task_priority":"","footnotes":""},"class_list":["post-6358","page","type-page","status-publish","has-post-thumbnail","hentry","entry"],"acf":[],"_links":{"self":[{"href":"https:\/\/sverdlofflaw.com\/es\/wp-json\/wp\/v2\/pages\/6358","targetHints":{"allow":["GET"]}}],"collection":[{"href":"https:\/\/sverdlofflaw.com\/es\/wp-json\/wp\/v2\/pages"}],"about":[{"href":"https:\/\/sverdlofflaw.com\/es\/wp-json\/wp\/v2\/types\/page"}],"author":[{"embeddable":true,"href":"https:\/\/sverdlofflaw.com\/es\/wp-json\/wp\/v2\/users\/25"}],"replies":[{"embeddable":true,"href":"https:\/\/sverdlofflaw.com\/es\/wp-json\/wp\/v2\/comments?post=6358"}],"version-history":[{"count":1,"href":"https:\/\/sverdlofflaw.com\/es\/wp-json\/wp\/v2\/pages\/6358\/revisions"}],"predecessor-version":[{"id":6360,"href":"https:\/\/sverdlofflaw.com\/es\/wp-json\/wp\/v2\/pages\/6358\/revisions\/6360"}],"up":[{"embeddable":true,"href":"https:\/\/sverdlofflaw.com\/es\/wp-json\/wp\/v2\/pages\/6339"}],"wp:featuredmedia":[{"embeddable":true,"href":"https:\/\/sverdlofflaw.com\/es\/wp-json\/wp\/v2\/media\/6359"}],"wp:attachment":[{"href":"https:\/\/sverdlofflaw.com\/es\/wp-json\/wp\/v2\/media?parent=6358"}],"curies":[{"name":"wp","href":"https:\/\/api.w.org\/{rel}","templated":true}]}}