{"id":6350,"date":"2022-11-08T11:24:00","date_gmt":"2022-11-08T17:24:00","guid":{"rendered":"https:\/\/sverdlofflaw.com\/?page_id=6350"},"modified":"2024-10-29T12:31:01","modified_gmt":"2024-10-29T17:31:01","slug":"opciones-de-inmigracion-para-hijos-adultos-de-ciudadanos-estadounidenses","status":"publish","type":"page","link":"https:\/\/sverdlofflaw.com\/es\/servicios-de-inmigracion\/abogado-de-inmigracion-familiar-en-chicago\/opciones-de-inmigracion-para-hijos-adultos-de-ciudadanos-estadounidenses\/","title":{"rendered":"Opciones de inmigraci\u00f3n para hijos adultos de ciudadanos estadounidenses"},"content":{"rendered":"<h2>Visa para hijo adulto de ciudadano estadounidense<\/h2>\n<p>Si usted es hijo adulto de un ciudadano estadounidense, puede calificar para una tarjeta verde si es menor de 21 a\u00f1os y no est\u00e1 casado. Si cumple con estos criterios, la buena noticia es que es probable que sea un candidato s\u00f3lido para una tarjeta verde. Esto se debe a que el USCIS no pone un l\u00edmite en la cantidad de visas disponibles para los <a href=\"https:\/\/www.uscis.gov\/green-card\/green-card-eligibility\/green-card-for-immediate-relatives-of-us-citizen\" target=\"_blank\" rel=\"noopener\">familiares directos de los ciudadanos estadounidenses <\/a>. Sin embargo, el hecho de que tenga un padre que sea ciudadano estadounidense no significa que su <a href=\"https:\/\/sverdlofflaw.com\/immigration-services\/citizenship-lawyer-chicago\/\">ciudadan\u00eda <\/a>se le transferir\u00e1 a usted. A\u00fan debe presentar la solicitud y calificar por sus propios m\u00e9ritos, lo que significa cumplir con todos los criterios de elegibilidad, que analizaremos a continuaci\u00f3n.<\/p>\n<h2>Criterios de elegibilidad para hijos adultos de ciudadanos estadounidenses<\/h2>\n<ul>\n<li>Usted ingres\u00f3 legalmente a los Estados Unidos y fue \u201cinspeccionado y puesto en libertad condicional\u201d por un oficial de inmigraci\u00f3n (pueden aplicarse algunas excepciones).<\/li>\n<li>Present\u00f3 el Formulario I-485 para convertirse en residente permanente mientras estaba f\u00edsicamente presente en los Estados Unidos y es elegible para recibirlo.<\/li>\n<li>Su padre ciudadano estadounidense present\u00f3 el Formulario I-130, que es una petici\u00f3n en nombre de un pariente extranjero, en su nombre, y est\u00e1 pendiente, ha sido aprobado o se present\u00f3 al mismo tiempo que su formulario I-485.<\/li>\n<li>No existen impedimentos para el ajuste ni motivos de inadmisibilidad que se apliquen a su caso. Si as\u00ed fuera, es posible que pueda presentar una exenci\u00f3n de inadmisibilidad y deber\u00eda hablar con un abogado.<\/li>\n<\/ul>\n<h2>\u00bfQu\u00e9 son las Barras de Ajuste?<\/h2>\n<p>Si se encuentra en los Estados Unidos de manera legal con una visa temporal, es posible que pueda ajustar el estatus de esa visa para convertirse en residente permanente. El ajuste de estatus es ideal porque le permite permanecer en los EE. UU. de manera legal mientras se procesa su solicitud. Sin embargo, no todos calificar\u00e1n para utilizar este proceso. Si ingres\u00f3 a los EE. UU. de manera ilegal o cometi\u00f3 otras violaciones de la ley de inmigraci\u00f3n, como trabajar con una visa de turista o quedarse ilegalmente m\u00e1s tiempo del permitido por la visa, es posible que no califique para un ajuste de estatus y deber\u00eda hablar con un abogado para tener una mejor idea de sus opciones.<\/p>\n<h2>C\u00f3mo solicitar una tarjeta verde como hijo adulto de un ciudadano estadounidense<\/h2>\n<p>El primer paso de este proceso es estar legalmente presente en los Estados Unidos. Luego, suponiendo que cumple con los criterios de elegibilidad, que incluyen ser soltero y menor de 21 a\u00f1os, podr\u00e1 presentar un formulario I-485 para ajustar su estatus al de residente permanente, junto con el Formulario I-130, para solicitar en nombre de un familiar extranjero, que debe ser presentado por su familiar inmediato que sea ciudadano estadounidense. Podr\u00e1 permanecer en el pa\u00eds legalmente mientras su solicitud est\u00e9 pendiente. Una vez aprobada, se le emitir\u00e1 inmediatamente <a href=\"https:\/\/sverdlofflaw.com\/immigration-services\/green-card-lawyer-chicago\/\">una tarjeta verde <\/a>. No hay un per\u00edodo de espera adicional ya que no hay l\u00edmite en la cantidad de tarjetas verdes que USCIS puede emitir a los familiares inmediatos de los ciudadanos.<\/p>\n<h2>Comun\u00edquese con Sverdloff Law en Chicago, Illinois<\/h2>\n<p>Si usted es hijo adulto de un ciudadano estadounidense y cumple con los criterios de elegibilidad, tiene derecho a una tarjeta verde, y los abogados de inmigraci\u00f3n con experiencia de Sverdloff Law en Chicago, Illinois, pueden ayudarlo a obtenerla lo m\u00e1s r\u00e1pido y f\u00e1cilmente posible. Comun\u00edquese con <a href=\"https:\/\/sverdlofflaw.com\/contact-us\/\">Sverdloff <\/a><a href=\"https:\/\/sverdlofflaw.com\/contact-us\/\">Law <\/a>hoy mismo para programar una consulta.<\/p>\n","protected":false},"excerpt":{"rendered":"<p>Visa para hijo adulto de ciudadano estadounidense Si usted es hijo adulto de un ciudadano estadounidense, puede calificar para una tarjeta verde si es menor de 21 a\u00f1os y no est\u00e1 casado. Si cumple con estos criterios, la buena noticia es que es probable que sea un candidato s\u00f3lido para una tarjeta verde. Esto se [&hellip;]<\/p>\n","protected":false},"author":25,"featured_media":6351,"parent":6339,"menu_order":0,"comment_status":"closed","ping_status":"closed","template":"","meta":{"_acf_changed":false,"_oasis_is_in_workflow":0,"_oasis_original":0,"_oasis_task_priority":"","footnotes":""},"class_list":["post-6350","page","type-page","status-publish","has-post-thumbnail","hentry","entry"],"acf":[],"_links":{"self":[{"href":"https:\/\/sverdlofflaw.com\/es\/wp-json\/wp\/v2\/pages\/6350","targetHints":{"allow":["GET"]}}],"collection":[{"href":"https:\/\/sverdlofflaw.com\/es\/wp-json\/wp\/v2\/pages"}],"about":[{"href":"https:\/\/sverdlofflaw.com\/es\/wp-json\/wp\/v2\/types\/page"}],"author":[{"embeddable":true,"href":"https:\/\/sverdlofflaw.com\/es\/wp-json\/wp\/v2\/users\/25"}],"replies":[{"embeddable":true,"href":"https:\/\/sverdlofflaw.com\/es\/wp-json\/wp\/v2\/comments?post=6350"}],"version-history":[{"count":2,"href":"https:\/\/sverdlofflaw.com\/es\/wp-json\/wp\/v2\/pages\/6350\/revisions"}],"predecessor-version":[{"id":6353,"href":"https:\/\/sverdlofflaw.com\/es\/wp-json\/wp\/v2\/pages\/6350\/revisions\/6353"}],"up":[{"embeddable":true,"href":"https:\/\/sverdlofflaw.com\/es\/wp-json\/wp\/v2\/pages\/6339"}],"wp:featuredmedia":[{"embeddable":true,"href":"https:\/\/sverdlofflaw.com\/es\/wp-json\/wp\/v2\/media\/6351"}],"wp:attachment":[{"href":"https:\/\/sverdlofflaw.com\/es\/wp-json\/wp\/v2\/media?parent=6350"}],"curies":[{"name":"wp","href":"https:\/\/api.w.org\/{rel}","templated":true}]}}