{"id":6346,"date":"2022-11-27T12:24:00","date_gmt":"2022-11-27T18:24:00","guid":{"rendered":"https:\/\/sverdlofflaw.com\/?page_id=6346"},"modified":"2024-10-29T12:29:53","modified_gmt":"2024-10-29T17:29:53","slug":"visas-f2b-para-hijos-adultos-de-residentes-permanentes-legales","status":"publish","type":"page","link":"https:\/\/sverdlofflaw.com\/es\/servicios-de-inmigracion\/abogado-de-inmigracion-familiar-en-chicago\/visas-f2b-para-hijos-adultos-de-residentes-permanentes-legales\/","title":{"rendered":"Visas F2B para hijos adultos de residentes permanentes legales"},"content":{"rendered":"<p>\u00bfEs usted residente permanente legal en los Estados Unidos? La residencia permanente legal tiene varias ventajas, incluida la posibilidad de obtener visas para los miembros de su familia. Un residente permanente legal tiene la capacidad de solicitar una visa de preferencia familiar para sus hijos mayores de 21 a\u00f1os, siempre que no est\u00e9n casados. Si este es el camino que desea seguir, deber\u00e1 presentar una <a href=\"https:\/\/www.uscis.gov\/green-card\/green-card-eligibility\/green-card-for-family-preference-immigrants\" target=\"_blank\" rel=\"noopener\">solicitud de visa F2B <\/a>. Este proceso puede ser complicado, ya que existe un l\u00edmite en la cantidad de visas de preferencia familiar emitidas para los miembros de la familia de los residentes permanentes legales cada a\u00f1o, y la cantidad m\u00e1s peque\u00f1a se asigna para las visas F2B. Por este motivo, es importante trabajar con un <a href=\"https:\/\/sverdlofflaw.com\/immigration-services\/\">abogado de inmigraci\u00f3n de Illinois con experiencia <\/a>que pueda maximizar sus posibilidades de obtener un resultado exitoso.<\/p>\n<h2>Requisitos para una visa F2B<\/h2>\n<p>Para calificar para una visa F2B, el hijo adulto del residente permanente legal debe tener al menos 21 a\u00f1os y ser soltero. Debe poder demostrar que es hijo de un residente permanente legal mediante la presentaci\u00f3n de pruebas, como un certificado de nacimiento o documentos de adopci\u00f3n. El residente permanente legal debe estar viviendo actualmente en los Estados Unidos y tener una direcci\u00f3n v\u00e1lida dentro de los Estados Unidos que el Servicio de Ciudadan\u00eda e Inmigraci\u00f3n de los Estados Unidos (USCIS) pueda verificar.<\/p>\n<h2>C\u00f3mo solicitar una visa F2B<\/h2>\n<p>Para solicitar una visa F2B, el primer paso debe ser realizado por el padre residente permanente legal. El padre debe presentar el formulario I-130 ante el USCIS. Este formulario es una petici\u00f3n para obtener una visa para un familiar extranjero. Una vez que el padre haya presentado este formulario, se procesar\u00e1 y se aprobar\u00e1 o rechazar\u00e1. Si la petici\u00f3n es rechazada, se proporcionar\u00e1 un motivo. Tendr\u00e1 la oportunidad de volver a enviar su solicitud si se rechaz\u00f3 inicialmente. Ser\u00e1 importante revisar los comentarios del USCIS para asegurarse de proporcionar cualquier informaci\u00f3n faltante y abordar cualquier problema existente cuando vuelva a enviar su petici\u00f3n. Es una buena idea en esta etapa (despu\u00e9s de recibir una denegaci\u00f3n) consultar con un abogado y buscar asistencia legal para asegurarse de que su segunda petici\u00f3n sea aprobada y no retrase a\u00fan m\u00e1s el proceso de visa F2B, que ya es competitivo. Por otro lado, si la petici\u00f3n es aprobada, el hijo adulto recibir\u00e1 informaci\u00f3n del USCIS sobre los pr\u00f3ximos pasos. Este siguiente paso generalmente requerir\u00e1 que el hijo adulto o el residente permanente legal solicite la visa F2B a trav\u00e9s de una embajada o consulado de los Estados Unidos en el pa\u00eds donde vive actualmente. Es importante tener en cuenta que este paso no se puede realizar hasta que el padre haya presentado con \u00e9xito la petici\u00f3n al USCIS.<\/p>\n<h2>Programe una consulta con Sverdloff Law Group<\/h2>\n<p>Si usted es residente permanente legal o ciudadano estadounidense y est\u00e1 listo para reunir a su familia aqu\u00ed en los Estados Unidos, los abogados de inmigraci\u00f3n con experiencia de Sverdloff Law Group en Chicago, Illinois, est\u00e1n listos para ayudarlo. Comun\u00edquese con Sverdloff Law Group hoy mismo para <a href=\"https:\/\/sverdlofflaw.com\/contact-us\/\">programar una consulta <\/a>.<\/p>\n","protected":false},"excerpt":{"rendered":"<p>\u00bfEs usted residente permanente legal en los Estados Unidos? La residencia permanente legal tiene varias ventajas, incluida la posibilidad de obtener visas para los miembros de su familia. Un residente permanente legal tiene la capacidad de solicitar una visa de preferencia familiar para sus hijos mayores de 21 a\u00f1os, siempre que no est\u00e9n casados. Si [&hellip;]<\/p>\n","protected":false},"author":25,"featured_media":6347,"parent":6339,"menu_order":0,"comment_status":"closed","ping_status":"closed","template":"","meta":{"_acf_changed":false,"_oasis_is_in_workflow":0,"_oasis_original":0,"_oasis_task_priority":"","footnotes":""},"class_list":["post-6346","page","type-page","status-publish","has-post-thumbnail","hentry","entry"],"acf":[],"_links":{"self":[{"href":"https:\/\/sverdlofflaw.com\/es\/wp-json\/wp\/v2\/pages\/6346","targetHints":{"allow":["GET"]}}],"collection":[{"href":"https:\/\/sverdlofflaw.com\/es\/wp-json\/wp\/v2\/pages"}],"about":[{"href":"https:\/\/sverdlofflaw.com\/es\/wp-json\/wp\/v2\/types\/page"}],"author":[{"embeddable":true,"href":"https:\/\/sverdlofflaw.com\/es\/wp-json\/wp\/v2\/users\/25"}],"replies":[{"embeddable":true,"href":"https:\/\/sverdlofflaw.com\/es\/wp-json\/wp\/v2\/comments?post=6346"}],"version-history":[{"count":2,"href":"https:\/\/sverdlofflaw.com\/es\/wp-json\/wp\/v2\/pages\/6346\/revisions"}],"predecessor-version":[{"id":6349,"href":"https:\/\/sverdlofflaw.com\/es\/wp-json\/wp\/v2\/pages\/6346\/revisions\/6349"}],"up":[{"embeddable":true,"href":"https:\/\/sverdlofflaw.com\/es\/wp-json\/wp\/v2\/pages\/6339"}],"wp:featuredmedia":[{"embeddable":true,"href":"https:\/\/sverdlofflaw.com\/es\/wp-json\/wp\/v2\/media\/6347"}],"wp:attachment":[{"href":"https:\/\/sverdlofflaw.com\/es\/wp-json\/wp\/v2\/media?parent=6346"}],"curies":[{"name":"wp","href":"https:\/\/api.w.org\/{rel}","templated":true}]}}