{"id":6339,"date":"2019-10-23T05:04:18","date_gmt":"2019-10-23T10:04:18","guid":{"rendered":"https:\/\/sverdlofflaw.com\/?page_id=6339"},"modified":"2024-10-29T12:28:53","modified_gmt":"2024-10-29T17:28:53","slug":"abogado-de-inmigracion-familiar-en-chicago","status":"publish","type":"page","link":"https:\/\/sverdlofflaw.com\/es\/servicios-de-inmigracion\/abogado-de-inmigracion-familiar-en-chicago\/","title":{"rendered":"Abogado de inmigraci\u00f3n familiar en Chicago"},"content":{"rendered":"<p>La inmigraci\u00f3n familiar es una forma de que los ciudadanos extranjeros inmigren legalmente a los Estados Unidos. Para ello, los ciudadanos o residentes permanentes legales (aquellos que viven en el pa\u00eds sin ser ciudadanos) deben presentar una petici\u00f3n de visa de inmigrante. La visa de inmigrante, o <a href=\"https:\/\/sverdlofflaw.com\/immigration-services\/green-card-lawyer-chicago\/\">tarjeta verde <\/a>, est\u00e1 disponible para el c\u00f3nyuge, los hijos, los padres y los hermanos de un ciudadano estadounidense, y para el c\u00f3nyuge y los hijos solteros de un residente permanente legal. Con el tiempo, los familiares que obtengan una tarjeta verde pueden ser elegibles para la ciudadan\u00eda a trav\u00e9s de la naturalizaci\u00f3n si cumplen con ciertos requisitos.<\/p>\n<p>Si desea presentar una petici\u00f3n para que sus familiares puedan ingresar al pa\u00eds y reunirse con su familia, comun\u00edquese con Sverdloff Law Group en Chicago. Nuestras habilidades en derecho de inmigraci\u00f3n lo ayudar\u00e1n a guiarlo a trav\u00e9s del proceso de petici\u00f3n y tarjeta verde para que su familia pueda volver a estar unida. Si bien puede presentar una petici\u00f3n por su cuenta, un <a href=\"https:\/\/sverdlofflaw.com\/attorney-profile\/\">abogado especializado en derecho de inmigraci\u00f3n <\/a>puede garantizar que presente la documentaci\u00f3n precisa y completa la primera vez.<\/p>\n<h2>Requisitos para una tarjeta verde basada en la familia<\/h2>\n<p>El primer paso para obtener una tarjeta verde para un familiar elegible es presentar una petici\u00f3n ante el Servicio de Ciudadan\u00eda e Inmigraci\u00f3n de los Estados Unidos (USCIS). La petici\u00f3n se conoce como Formulario I-130 y requiere que usted proporcione su informaci\u00f3n, la informaci\u00f3n del beneficiario y su relaci\u00f3n con el beneficiario. Se le pedir\u00e1 que demuestre su ciudadan\u00eda estadounidense o su condici\u00f3n de residente permanente legal en los Estados Unidos y que proporcione una declaraci\u00f3n jurada en la que indique que ser\u00e1 responsable financieramente del inmigrante. Su beneficiario tambi\u00e9n deber\u00e1 someterse a ex\u00e1menes de salud y antecedentes.<\/p>\n<h2>Tarjetas verdes basadas en la familia<\/h2>\n<p>Las tarjetas verdes basadas en la familia est\u00e1n disponibles para ciertos miembros de la familia que ser\u00e1n patrocinados por un ciudadano estadounidense o residente permanente legal que tenga al menos 21 a\u00f1os de edad. Hay dos tipos de tarjetas verdes basadas en la familia que est\u00e1n disponibles para inmigrantes:<\/p>\n<h2>1. Visa de inmigrante disponible de inmediato<\/h2>\n<p>Para los familiares cercanos de un ciudadano estadounidense, la visa de inmigrante estar\u00e1 disponible de inmediato. Estos familiares no tienen que esperar a que se les otorgue un n\u00famero de visa. Esto incluye:<\/p>\n<ul>\n<li>C\u00f3nyuges de ciudadanos<\/li>\n<li>Hijos de ciudadanos menores de 21 a\u00f1os y solteros<\/li>\n<li>Hu\u00e9rfanos adoptados por ciudadanos en el extranjero o que vayan a ser adoptados en el pa\u00eds<\/li>\n<li>Padres de ciudadanos que tengan al menos 21 a\u00f1os de edad<\/li>\n<\/ul>\n<h2>2. La visa de inmigrante no est\u00e1 disponible de inmediato<\/h2>\n<p>Para los parientes m\u00e1s lejanos de ciudadanos estadounidenses y algunos residentes permanentes legales, no hay una visa de inmigrante disponible de inmediato y deber\u00e1n esperar a que se les asigne un n\u00famero de visa. Esto incluye:<\/p>\n<ul>\n<li>Hijos de ciudadanos mayores de 21 a\u00f1os y solteros<\/li>\n<li>Hijos casados de ciudadanos<\/li>\n<li>Hermanos de ciudadanos<\/li>\n<li>C\u00f3nyuges de residentes permanentes legales<\/li>\n<li>Hijos de residentes permanentes legales que sean menores de 21 a\u00f1os y solteros<\/li>\n<li>Hijos de residentes permanentes legales que tengan m\u00e1s de 21 a\u00f1os y sean solteros<\/li>\n<\/ul>\n<h2>Llame a un abogado de inmigraci\u00f3n familiar de Chicago para que lo ayude<\/h2>\n<p>Las leyes de inmigraci\u00f3n son complejas y solo ciertos miembros de la familia pueden obtener una tarjeta verde seg\u00fan las leyes de inmigraci\u00f3n basadas en la familia. Cualquier error cometido durante el proceso de solicitud puede hacer que un tiempo de espera ya largo se alargue a\u00fan m\u00e1s. Sverdloff Law Group comprende el proceso de inmigraci\u00f3n y puede brindarle asesoramiento completo y especializado cuando intente reunir a su familia. Si desea presentar una petici\u00f3n de visa de inmigrante para un miembro de la familia, <a href=\"https:\/\/sverdlofflaw.com\/contact-us\/\">cont\u00e1ctenos <\/a>para programar una consulta con un abogado de derecho de inmigraci\u00f3n de Chicago hoy mismo.<\/p>\n","protected":false},"excerpt":{"rendered":"<p>La inmigraci\u00f3n familiar es una forma de que los ciudadanos extranjeros inmigren legalmente a los Estados Unidos. Para ello, los ciudadanos o residentes permanentes legales (aquellos que viven en el pa\u00eds sin ser ciudadanos) deben presentar una petici\u00f3n de visa de inmigrante. La visa de inmigrante, o tarjeta verde , est\u00e1 disponible para el c\u00f3nyuge, [&hellip;]<\/p>\n","protected":false},"author":25,"featured_media":6341,"parent":6468,"menu_order":0,"comment_status":"closed","ping_status":"closed","template":"","meta":{"_acf_changed":false,"_oasis_is_in_workflow":0,"_oasis_original":0,"_oasis_task_priority":"","footnotes":""},"class_list":["post-6339","page","type-page","status-publish","has-post-thumbnail","hentry","entry"],"acf":[],"_links":{"self":[{"href":"https:\/\/sverdlofflaw.com\/es\/wp-json\/wp\/v2\/pages\/6339","targetHints":{"allow":["GET"]}}],"collection":[{"href":"https:\/\/sverdlofflaw.com\/es\/wp-json\/wp\/v2\/pages"}],"about":[{"href":"https:\/\/sverdlofflaw.com\/es\/wp-json\/wp\/v2\/types\/page"}],"author":[{"embeddable":true,"href":"https:\/\/sverdlofflaw.com\/es\/wp-json\/wp\/v2\/users\/25"}],"replies":[{"embeddable":true,"href":"https:\/\/sverdlofflaw.com\/es\/wp-json\/wp\/v2\/comments?post=6339"}],"version-history":[{"count":2,"href":"https:\/\/sverdlofflaw.com\/es\/wp-json\/wp\/v2\/pages\/6339\/revisions"}],"predecessor-version":[{"id":6345,"href":"https:\/\/sverdlofflaw.com\/es\/wp-json\/wp\/v2\/pages\/6339\/revisions\/6345"}],"up":[{"embeddable":true,"href":"https:\/\/sverdlofflaw.com\/es\/wp-json\/wp\/v2\/pages\/6468"}],"wp:featuredmedia":[{"embeddable":true,"href":"https:\/\/sverdlofflaw.com\/es\/wp-json\/wp\/v2\/media\/6341"}],"wp:attachment":[{"href":"https:\/\/sverdlofflaw.com\/es\/wp-json\/wp\/v2\/media?parent=6339"}],"curies":[{"name":"wp","href":"https:\/\/api.w.org\/{rel}","templated":true}]}}