{"id":6335,"date":"2023-10-24T11:54:00","date_gmt":"2023-10-24T16:54:00","guid":{"rendered":"https:\/\/sverdlofflaw.com\/?page_id=6335"},"modified":"2024-10-29T12:27:33","modified_gmt":"2024-10-29T17:27:33","slug":"abogado-de-visas-de-inmigrante-basadas-en-el-empleo-en-chicago","status":"publish","type":"page","link":"https:\/\/sverdlofflaw.com\/es\/servicios-de-inmigracion\/abogado-de-visas-de-inmigrante-basadas-en-el-empleo-en-chicago\/","title":{"rendered":"Abogado de visas de inmigrante basadas en el empleo en Chicago"},"content":{"rendered":"<p>El sue\u00f1o de muchas personas que viven fuera de los Estados Unidos es vivir y trabajar permanentemente en el pa\u00eds. Mientras existen algunos caminos hacia la inmigraci\u00f3n a trav\u00e9s del empleo, comprender los distintos tipos de visas basadas en empleo disponibles y los requisitos de elegibilidad para cada una puede ser dif\u00edcil.<\/p>\n<p>En Sverdloff Law Group, entendemos que el camino hacia la residencia permanente en los Estados Unidos puede ser abrumador, y nuestra firma est\u00e1 comprometida a brindarle informaci\u00f3n clara, completa y accesible para apoyarlo en cada paso del camino.<\/p>\n<h2>Visas basadas en el empleo para trabajadores permanentes<\/h2>\n<p>En determinadas circunstancias, los no ciudadanos pueden intentar trabajar en los EE. UU. como <a href=\"https:\/\/www.uscis.gov\/working-in-the-united-states\/permanent-workers\" target=\"_blank\" rel=\"noopener\">trabajadores temporales (no inmigrantes) o permanentes (inmigrantes) <\/a>. Cada a\u00f1o, el gobierno de los EE. UU. permite la emisi\u00f3n de alrededor de 140 000 visas basadas en el empleo para trabajadores permanentes. Estas se dividen en varias categor\u00edas de preferencia.<\/p>\n<h2>Primera preferencia EB-1<\/h2>\n<p>Esta categor\u00eda de preferencia est\u00e1 reservada para personas con habilidades extraordinarias y se divide en tres subcategor\u00edas seg\u00fan el campo en el que trabaja el solicitante. No se necesita una certificaci\u00f3n laboral para los solicitantes de ning\u00fan subgrupo EB-1. Sin embargo, en algunos casos, puede ser necesaria una oferta de trabajo y\/o la presentaci\u00f3n de una petici\u00f3n de inmigraci\u00f3n.<\/p>\n<ul>\n<li><strong>EB-1(a) <\/strong>&#8211; Para personas con habilidades extraordinarias en las ciencias, las artes, la educaci\u00f3n, los negocios o el atletismo.<\/li>\n<li><strong>EB-1(b) <\/strong>&#8211; Para profesores o investigadores destacados.<\/li>\n<li><strong>EB-1(C) <\/strong>&#8211; Para ejecutivos y gerentes multinacionales.<\/li>\n<\/ul>\n<p>El Servicio de Ciudadan\u00eda e Inmigraci\u00f3n de Estados Unidos (USCIS, por sus siglas en ingl\u00e9s) exige <a href=\"https:\/\/www.uscis.gov\/working-in-the-united-states\/permanent-workers\/employment-based-immigration-first-preference-eb-1\" target=\"_blank\" rel=\"noopener\">pruebas detalladas y espec\u00edficas para demostrar <\/a>que un profesor o investigador tiene una capacidad \u201cextraordinaria\u201d para obtener una visa EB-1(a) o que es \u201csobresaliente\u201d para obtener una visa EB-1(b). Adem\u00e1s, el proceso de solicitud para cada subgrupo var\u00eda. Por estos motivos, muchos solicitantes prefieren trabajar con un abogado de inmigraci\u00f3n calificado para aumentar sus posibilidades de \u00e9xito.<\/p>\n<h2>Segunda preferencia EB-2<\/h2>\n<p>Esta categor\u00eda de visa de trabajo es para profesionales con t\u00edtulos avanzados o habilidades excepcionales en las artes, las ciencias o los negocios. Esta categor\u00eda generalmente requiere una certificaci\u00f3n laboral, que confirma que no hay trabajadores calificados disponibles en los EE. UU. que est\u00e9n dispuestos a realizar el trabajo por el salario vigente. Sin embargo, los solicitantes pueden obtener una <a href=\"https:\/\/sverdlofflaw.com\/immigration-services\/eb-2-niw-self-petitions\/\">exenci\u00f3n por inter\u00e9s nacional <\/a>y renunciar a la certificaci\u00f3n laboral si pueden demostrar que su trabajo en los EE. UU. servir\u00e1 al inter\u00e9s nacional.<\/p>\n<h2>Tercera preferencia EB-3<\/h2>\n<p>Esta categor\u00eda de preferencia est\u00e1 reservada para profesionales, trabajadores calificados y otros trabajadores. Esta categor\u00eda de preferencia tambi\u00e9n requiere una certificaci\u00f3n laboral en la mayor\u00eda de los casos.<\/p>\n<h2>Cuarta preferencia EB-4<\/h2>\n<p>Los \u201cinmigrantes especiales\u201d pueden presentar solicitudes bajo esta categor\u00eda, que incluye a ciertos trabajadores religiosos, empleados en puestos del servicio exterior de los EE. UU., empleados jubilados de organizaciones internacionales, menores bajo la tutela de un tribunal de los EE. UU. y otras clases de no ciudadanos. Los solicitantes en esta categor\u00eda no est\u00e1n obligados a obtener un certificado laboral.<\/p>\n<h2>Certificaci\u00f3n Laboral<\/h2>\n<p>Para ciertos grupos de preferencias de visa, se requiere una certificaci\u00f3n laboral emitida por el Departamento de Trabajo de los EE. UU. (DOL). Para obtener la certificaci\u00f3n, un empleador estadounidense interesado en contratar a personas extranjeras deber\u00e1 proporcionar evidencia de que:<\/p>\n<ul>\n<li>Hay una falta de trabajadores autorizados y calificados en el pa\u00eds, y<\/li>\n<li>Los trabajadores extranjeros no tendr\u00e1n un impacto negativo en los salarios y las condiciones laborales de los trabajadores estadounidenses que est\u00e9n empleados de manera similar.<\/li>\n<\/ul>\n<p>La determinaci\u00f3n de la disponibilidad laboral en los Estados Unidos se eval\u00faa al momento de la solicitud de visa y en el lugar donde el solicitante desea trabajar. Esta certificaci\u00f3n laboral est\u00e1 dise\u00f1ada para proteger tanto a los trabajadores estadounidenses como a los posibles empleados inmigrantes.<\/p>\n<h2>Ajuste de estatus para titulares de visas EB<\/h2>\n<p>A trav\u00e9s del Ajuste de Estatus, un titular de visa de no inmigrante o inmigrante que ya se encuentra en los EE. UU. puede realizar la transici\u00f3n al estatus de residente permanente legal (tambi\u00e9n conocido como obtener una <a href=\"https:\/\/sverdlofflaw.com\/immigration-services\/green-card-lawyer-chicago\/\">Tarjeta Verde <\/a>). Para los inmigrantes que solicitan bajo la preferencia EB-1 o EB-2, la solicitud de ajuste de estatus (I-485) puede presentarse al mismo tiempo que la petici\u00f3n I-140 para inmigraci\u00f3n basada en el empleo, siempre que haya un n\u00famero de visa disponible.<\/p>\n<p>Existen importantes restricciones de elegibilidad y requisitos de presentaci\u00f3n de solicitudes, y no todos los inmigrantes ser\u00e1n elegibles para el ajuste de estatus. Si desea solicitar una tarjeta verde a trav\u00e9s de la inmigraci\u00f3n basada en el empleo, un abogado de inmigraci\u00f3n con experiencia puede ayudarlo a comprender mejor estos requisitos y ayudarlo con su solicitud.<\/p>\n<h2>Sverdloff Law Group: su socio para la inmigraci\u00f3n basada en el empleo<\/h2>\n<p>Entendemos que este proceso puede ser abrumador, pero no est\u00e1 solo. Sverdloff Law Group est\u00e1 aqu\u00ed para ayudarlo con todos los aspectos de las visas basadas en el empleo y las peticiones de ajuste de estatus basadas en el empleo. Nuestro equipo de profesionales legales con experiencia est\u00e1 listo para guiarlo en cada paso de su camino hacia la obtenci\u00f3n de su visa y el establecimiento de su nueva vida en los Estados Unidos.<\/p>\n<p>No dude en <a href=\"https:\/\/sverdlofflaw.com\/contact-us\/\">ponerse en contacto con nosotros para obtener ayuda <\/a>. Esperamos ser su socio de confianza en su camino hacia la residencia permanente en los Estados Unidos.<\/p>\n","protected":false},"excerpt":{"rendered":"<p>El sue\u00f1o de muchas personas que viven fuera de los Estados Unidos es vivir y trabajar permanentemente en el pa\u00eds. Mientras existen algunos caminos hacia la inmigraci\u00f3n a trav\u00e9s del empleo, comprender los distintos tipos de visas basadas en empleo disponibles y los requisitos de elegibilidad para cada una puede ser dif\u00edcil. En Sverdloff Law [&hellip;]<\/p>\n","protected":false},"author":25,"featured_media":6336,"parent":6468,"menu_order":0,"comment_status":"closed","ping_status":"closed","template":"","meta":{"_acf_changed":false,"_oasis_is_in_workflow":0,"_oasis_original":0,"_oasis_task_priority":"","footnotes":""},"class_list":["post-6335","page","type-page","status-publish","has-post-thumbnail","hentry","entry"],"acf":[],"_links":{"self":[{"href":"https:\/\/sverdlofflaw.com\/es\/wp-json\/wp\/v2\/pages\/6335","targetHints":{"allow":["GET"]}}],"collection":[{"href":"https:\/\/sverdlofflaw.com\/es\/wp-json\/wp\/v2\/pages"}],"about":[{"href":"https:\/\/sverdlofflaw.com\/es\/wp-json\/wp\/v2\/types\/page"}],"author":[{"embeddable":true,"href":"https:\/\/sverdlofflaw.com\/es\/wp-json\/wp\/v2\/users\/25"}],"replies":[{"embeddable":true,"href":"https:\/\/sverdlofflaw.com\/es\/wp-json\/wp\/v2\/comments?post=6335"}],"version-history":[{"count":2,"href":"https:\/\/sverdlofflaw.com\/es\/wp-json\/wp\/v2\/pages\/6335\/revisions"}],"predecessor-version":[{"id":6338,"href":"https:\/\/sverdlofflaw.com\/es\/wp-json\/wp\/v2\/pages\/6335\/revisions\/6338"}],"up":[{"embeddable":true,"href":"https:\/\/sverdlofflaw.com\/es\/wp-json\/wp\/v2\/pages\/6468"}],"wp:featuredmedia":[{"embeddable":true,"href":"https:\/\/sverdlofflaw.com\/es\/wp-json\/wp\/v2\/media\/6336"}],"wp:attachment":[{"href":"https:\/\/sverdlofflaw.com\/es\/wp-json\/wp\/v2\/media?parent=6335"}],"curies":[{"name":"wp","href":"https:\/\/api.w.org\/{rel}","templated":true}]}}