{"id":6330,"date":"2019-10-23T05:15:07","date_gmt":"2019-10-23T10:15:07","guid":{"rendered":"https:\/\/sverdlofflaw.com\/?page_id=6330"},"modified":"2024-10-29T12:25:49","modified_gmt":"2024-10-29T17:25:49","slug":"abogado-defensor-de-deportacion-y-expulsion-en-chicago","status":"publish","type":"page","link":"https:\/\/sverdlofflaw.com\/es\/servicios-de-inmigracion\/abogado-defensor-de-deportacion-y-expulsion-en-chicago\/","title":{"rendered":"Abogado defensor de deportaci\u00f3n y expulsi\u00f3n en Chicago"},"content":{"rendered":"<p>Si se enfrenta a una deportaci\u00f3n, <a href=\"https:\/\/sverdlofflaw.com\/attorney-profile\/\">Sverdloff <\/a><a href=\"https:\/\/sverdlofflaw.com\/attorney-profile\/\">Law Group <\/a>puede ayudarlo. Nuestra pr\u00e1ctica es global y atiende a clientes en los 50 estados que est\u00e1n sujetos a procedimientos de deportaci\u00f3n. Debido a que la ley de inmigraci\u00f3n es nuestro \u00fanico enfoque, puede sentirse seguro al saber que estamos comprometidos con usted y su caso. Llame a Sverdloff Law Group para que lo ayude en su lucha por permanecer en el pa\u00eds.<\/p>\n<p>Un abogado de inmigraci\u00f3n puede ayudarlo a luchar con \u00e9xito contra la deportaci\u00f3n con una defensa eficaz que utilice una estrategia legal s\u00f3lida. Esto es especialmente importante en el caso de que no pueda regresar a su pa\u00eds de origen. La abogada Julia Sverdloff ha manejado con \u00e9xito muchos casos de deportaci\u00f3n dif\u00edciles, incluidos aquellos que involucran condenas penales graves y acusaciones de fraude matrimonial.<\/p>\n<h2>\u00bfQu\u00e9 es un procedimiento de deportaci\u00f3n?<\/h2>\n<p>Los procedimientos de expulsi\u00f3n pueden basarse en la inadmisibilidad o la deportabilidad. A los inmigrantes que est\u00e1n sujetos a procedimientos de expulsi\u00f3n por motivos de inadmisibilidad se les prohibir\u00e1 incluso entrar en los Estados Unidos. Los inmigrantes que se enfrentan a procedimientos de expulsi\u00f3n por motivos de deportabilidad ya est\u00e1n presentes en los Estados Unidos y pueden verse obligados a abandonar el pa\u00eds. Cuando una persona se enfrenta a la deportaci\u00f3n por violar las leyes de inmigraci\u00f3n o ser condenada por un delito, puede ser elegible para encontrar un alivio de la deportaci\u00f3n. Tambien, es poco probable que estas personas tengan la posibilidad de naturalizarse como ciudadanos en el futuro. Esto se conoce como exclusi\u00f3n, y estos procedimientos est\u00e1n muchas veces involucrados en un procedimiento de expulsi\u00f3n con audiencias de deportaci\u00f3n.<\/p>\n<h2>\u00bfPor qu\u00e9 alguien ser\u00e1 deportado?<\/h2>\n<p>Mientras muchos inmigrantes que ingresan al pa\u00eds de manera ilegal son deportados, existen varias razones por las cuales alguien que se encuentra legalmente en los Estados Unidos podr\u00eda ser deportado. Existen seis razones por las cuales un inmigrante puede enfrentar la deportaci\u00f3n, entre ellas:<\/p>\n<ul>\n<li>El inmigrante entra al pa\u00eds ilegalmente<\/li>\n<li>El inmigrante viola los t\u00e9rminos de admisi\u00f3n en Estados Unidos en funci\u00f3n de su estatus o trabaja en el pa\u00eds sin permiso.<\/li>\n<li>El inmigrante es condenado por delitos que van desde delitos graves agravados hasta delitos de depravaci\u00f3n moral.<\/li>\n<li>El inmigrante es miembro de una organizaci\u00f3n prohibida<\/li>\n<li>El inmigrante se convierte en una carga p\u00fablica dentro de los cinco a\u00f1os de su ingreso a los Estados Unidos.<\/li>\n<li>La solicitud de asilo del inmigrante ha sido denegada o remitida a un juez de inmigraci\u00f3n.<\/li>\n<\/ul>\n<h2>\u00bfC\u00f3mo puede Sverdloff Law Group ayudarme con mi defensa contra la deportaci\u00f3n y expulsi\u00f3n?<\/h2>\n<p>Con conocimiento sobre c\u00f3mo funciona el sistema de tribunales de inmigraci\u00f3n, Sverdloff Law Group utilizar\u00e1 cada pieza de evidencia y elaborar\u00e1 la mejor estrategia para ayudarlo a evitar la deportaci\u00f3n. Nuestro abogado defensor de deportaci\u00f3n y expulsi\u00f3n en Chicago puede ayudarlo en una amplia gama de situaciones, como procedimientos de fianza, asilo pol\u00edtico, <a href=\"https:\/\/sverdlofflaw.com\/immigration-services\/adjustment-of-status-lawyer-chicago\/\">ajuste de estatus <\/a>en procedimientos de deportaci\u00f3n y cancelaci\u00f3n de deportaci\u00f3n para residentes permanentes y no permanentes.<\/p>\n<p>El equipo legal de Sverdloff Law Group habla ucraniano, ruso, serbio, croata, bosnio y espa\u00f1ol y est\u00e1 comprometido a luchar contra su expulsi\u00f3n y deportaci\u00f3n. Somos un bufete de abogados de inmigraci\u00f3n con sede en Chicago, Illinois, dedicado a representar a clientes en toda el \u00e1rea de Chicago. Aunque nuestra base de clientes se extiende por todo Estados Unidos y el mundo, nuestra oficina de Chicago nos permite brindarles a nuestros clientes locales informaci\u00f3n clara y honesta, utilizando los mejores recursos locales posibles. <a href=\"https:\/\/sverdlofflaw.com\/contact-us\/\">Comun\u00edquese con nosotros <\/a>para programar su consulta y comenzar la lucha contra su expulsi\u00f3n hoy mismo.<\/p>\n","protected":false},"excerpt":{"rendered":"<p>Si se enfrenta a una deportaci\u00f3n, Sverdloff Law Group puede ayudarlo. Nuestra pr\u00e1ctica es global y atiende a clientes en los 50 estados que est\u00e1n sujetos a procedimientos de deportaci\u00f3n. Debido a que la ley de inmigraci\u00f3n es nuestro \u00fanico enfoque, puede sentirse seguro al saber que estamos comprometidos con usted y su caso. Llame [&hellip;]<\/p>\n","protected":false},"author":25,"featured_media":6332,"parent":6468,"menu_order":0,"comment_status":"closed","ping_status":"closed","template":"","meta":{"_acf_changed":false,"_oasis_is_in_workflow":0,"_oasis_original":0,"_oasis_task_priority":"","footnotes":""},"class_list":["post-6330","page","type-page","status-publish","has-post-thumbnail","hentry","entry"],"acf":[],"_links":{"self":[{"href":"https:\/\/sverdlofflaw.com\/es\/wp-json\/wp\/v2\/pages\/6330","targetHints":{"allow":["GET"]}}],"collection":[{"href":"https:\/\/sverdlofflaw.com\/es\/wp-json\/wp\/v2\/pages"}],"about":[{"href":"https:\/\/sverdlofflaw.com\/es\/wp-json\/wp\/v2\/types\/page"}],"author":[{"embeddable":true,"href":"https:\/\/sverdlofflaw.com\/es\/wp-json\/wp\/v2\/users\/25"}],"replies":[{"embeddable":true,"href":"https:\/\/sverdlofflaw.com\/es\/wp-json\/wp\/v2\/comments?post=6330"}],"version-history":[{"count":2,"href":"https:\/\/sverdlofflaw.com\/es\/wp-json\/wp\/v2\/pages\/6330\/revisions"}],"predecessor-version":[{"id":6334,"href":"https:\/\/sverdlofflaw.com\/es\/wp-json\/wp\/v2\/pages\/6330\/revisions\/6334"}],"up":[{"embeddable":true,"href":"https:\/\/sverdlofflaw.com\/es\/wp-json\/wp\/v2\/pages\/6468"}],"wp:featuredmedia":[{"embeddable":true,"href":"https:\/\/sverdlofflaw.com\/es\/wp-json\/wp\/v2\/media\/6332"}],"wp:attachment":[{"href":"https:\/\/sverdlofflaw.com\/es\/wp-json\/wp\/v2\/media?parent=6330"}],"curies":[{"name":"wp","href":"https:\/\/api.w.org\/{rel}","templated":true}]}}