{"id":6325,"date":"2020-01-18T16:33:43","date_gmt":"2020-01-18T22:33:43","guid":{"rendered":"https:\/\/sverdlofflaw.com\/?page_id=6325"},"modified":"2024-10-29T12:24:47","modified_gmt":"2024-10-29T17:24:47","slug":"abogado-de-tramites-consulares-en-chicago","status":"publish","type":"page","link":"https:\/\/sverdlofflaw.com\/es\/servicios-de-inmigracion\/abogado-de-tramites-consulares-en-chicago\/","title":{"rendered":"Abogado de tr\u00e1mites consulares en Chicago"},"content":{"rendered":"<p>Inmigrar a los Estados Unidos puede brindar oportunidades que no se encuentran en el extranjero. Si usted o un ser querido est\u00e1 buscando obtener una tarjeta verde para vivir y trabajar legalmente en los Estados Unidos, un <a href=\"https:\/\/sverdlofflaw.com\/attorney-profile\/\">abogado de inmigraci\u00f3n <\/a>puede ayudarlo. Sverdloff Law Group ha ayudado a personas en Chicago y el sur de Wisconsin a presentar peticiones de inmigraci\u00f3n en nombre de familiares y empleados.<\/p>\n<p>La <a href=\"https:\/\/sverdlofflaw.com\/immigration-services\/green-card-lawyer-chicago\/\">tarjeta verde <\/a>otorga a una persona el estatus de residente permanente legal en los Estados Unidos. Mientras esto no le otorga a la persona los mismos derechos que a un ciudadano de los Estados Unidos, s\u00ed le permite vivir y trabajar en el pa\u00eds. Antes de que una persona solicite una tarjeta verde, debe aprobarse una petici\u00f3n de inmigrante. Esta petici\u00f3n generalmente la presenta un familiar cercano o un empleador.<\/p>\n<p>Una vez aprobada la petici\u00f3n, la persona que busca una tarjeta verde y vive en un pa\u00eds extranjero puede solicitar una visa de inmigrante en un consulado del Departamento de Estado de los Estados Unidos. Esto, conocido como tr\u00e1mite consular, permite a una persona ingresar al pa\u00eds como residente permanente legal.<\/p>\n<h2>\u00bfQu\u00e9 pasos implica el tr\u00e1mite consular?<\/h2>\n<p>Una vez aprobada su petici\u00f3n, el Servicio de Aduanas e Inmigraci\u00f3n de los Estados Unidos (USCIS) enviar\u00e1 la petici\u00f3n aprobada al Centro Nacional de Visas. All\u00ed, se le asignar\u00e1 un n\u00famero de visa de inmigrante. Los tiempos de espera para obtener el n\u00famero de visa de inmigrante dependen de <a href=\"https:\/\/travel.state.gov\/content\/travel\/en\/legal\/visa-law0\/visa-bulletin.html\" target=\"_blank\" rel=\"noopener\">la disponibilidad y la prioridad <\/a>.<\/p>\n<p>El Centro Nacional de Visas le informar\u00e1 a usted y al peticionario cu\u00e1ndo estar\u00e1 disponible un n\u00famero de visa de inmigrante y c\u00f3mo presentar las tarifas requeridas y la documentaci\u00f3n de respaldo.<\/p>\n<p>Las tarifas de la tarjeta verde basada en la familia incluyen una tarifa de presentaci\u00f3n y una tarifa de solicitud que ascienden a $860. Las tarjetas verdes basadas en empleados suman un total de $1,045. Estas tarifas no incluyen el examen m\u00e9dico requerido seg\u00fan las reglas de su pa\u00eds.<\/p>\n<p>Una vez que hayas presentado los pagos y el examen m\u00e9dico, deber\u00e1s asistir a una entrevista personal en el consulado. En la entrevista, lo juraran y debes responder preguntas sobre tu solicitud.<\/p>\n<p>Una vez que el consulado apruebe su solicitud, se le entregar\u00e1 un sobre sellado conocido como su paquete de visa. Tambi\u00e9n se le solicitar\u00e1 que pague una tarifa de inmigrante, y el USCIS no le enviar\u00e1 su tarjeta verde antes de que se pague la tarifa. Esta tarifa se puede pagar en l\u00ednea y debe pagarla antes de su salida hacia los Estados Unidos. El paquete de visa debe permanecer sellado hasta que llegue a la aduana de los Estados Unidos. Es all\u00ed donde el oficial de protecci\u00f3n fronteriza le permitir\u00e1 ingresar a los Estados Unidos y le enviar\u00e1 su tarjeta verde por correo.<\/p>\n<h2>Busque un abogado de inmigraci\u00f3n para obtener ayuda con el procesamiento consular<\/h2>\n<p>Si usted o un miembro de su familia desea ingresar a los Estados Unidos como residente permanente legal, comun\u00edquese con Sverdloff Law Group. Nuestro personal experto lo guiar\u00e1 a trav\u00e9s del proceso consular y se asegurar\u00e1 de que comprenda los documentos y las tarifas que debe presentar. <a href=\"https:\/\/sverdlofflaw.com\/contact-us\/\">Comun\u00edquese con nosotros <\/a>hoy para programar su consulta.<\/p>\n","protected":false},"excerpt":{"rendered":"<p>Inmigrar a los Estados Unidos puede brindar oportunidades que no se encuentran en el extranjero. Si usted o un ser querido est\u00e1 buscando obtener una tarjeta verde para vivir y trabajar legalmente en los Estados Unidos, un abogado de inmigraci\u00f3n puede ayudarlo. Sverdloff Law Group ha ayudado a personas en Chicago y el sur de [&hellip;]<\/p>\n","protected":false},"author":25,"featured_media":6327,"parent":6468,"menu_order":0,"comment_status":"closed","ping_status":"closed","template":"","meta":{"_acf_changed":false,"_oasis_is_in_workflow":0,"_oasis_original":0,"_oasis_task_priority":"","footnotes":""},"class_list":["post-6325","page","type-page","status-publish","has-post-thumbnail","hentry","entry"],"acf":[],"_links":{"self":[{"href":"https:\/\/sverdlofflaw.com\/es\/wp-json\/wp\/v2\/pages\/6325","targetHints":{"allow":["GET"]}}],"collection":[{"href":"https:\/\/sverdlofflaw.com\/es\/wp-json\/wp\/v2\/pages"}],"about":[{"href":"https:\/\/sverdlofflaw.com\/es\/wp-json\/wp\/v2\/types\/page"}],"author":[{"embeddable":true,"href":"https:\/\/sverdlofflaw.com\/es\/wp-json\/wp\/v2\/users\/25"}],"replies":[{"embeddable":true,"href":"https:\/\/sverdlofflaw.com\/es\/wp-json\/wp\/v2\/comments?post=6325"}],"version-history":[{"count":2,"href":"https:\/\/sverdlofflaw.com\/es\/wp-json\/wp\/v2\/pages\/6325\/revisions"}],"predecessor-version":[{"id":6329,"href":"https:\/\/sverdlofflaw.com\/es\/wp-json\/wp\/v2\/pages\/6325\/revisions\/6329"}],"up":[{"embeddable":true,"href":"https:\/\/sverdlofflaw.com\/es\/wp-json\/wp\/v2\/pages\/6468"}],"wp:featuredmedia":[{"embeddable":true,"href":"https:\/\/sverdlofflaw.com\/es\/wp-json\/wp\/v2\/media\/6327"}],"wp:attachment":[{"href":"https:\/\/sverdlofflaw.com\/es\/wp-json\/wp\/v2\/media?parent=6325"}],"curies":[{"name":"wp","href":"https:\/\/api.w.org\/{rel}","templated":true}]}}