{"id":6321,"date":"2023-06-17T14:01:00","date_gmt":"2023-06-17T19:01:00","guid":{"rendered":"https:\/\/sverdlofflaw.com\/?page_id=6321"},"modified":"2024-10-29T12:23:33","modified_gmt":"2024-10-29T17:23:33","slug":"elegibilidad-para-la-ciudadania","status":"publish","type":"page","link":"https:\/\/sverdlofflaw.com\/es\/servicios-de-inmigracion\/abogado-de-ciudadania-de-chicago\/elegibilidad-para-la-ciudadania\/","title":{"rendered":"Elegibilidad para la ciudadan\u00eda"},"content":{"rendered":"<p>Si naci\u00f3 en los Estados Unidos, es ciudadano estadounidense. Si sus padres tienen la tarjeta verde, o si uno de sus padres es ciudadano estadounidense y usted no naci\u00f3 en los Estados Unidos, es posible que sea autom\u00e1ticamente ciudadano de los Estados Unidos. Lamentablemente, es probable que no tenga ning\u00fan documento que demuestre su ciudadan\u00eda. Existe una manera de obtener el documento que necesita para demostrar que es ciudadano estadounidense. Un <a href=\"https:\/\/sverdlofflaw.com\/immigration-services\/citizenship-lawyer-chicago\/\">abogado de inmigraci\u00f3n con experiencia <\/a>lo ayudar\u00e1 en el proceso de solicitud de un certificado de ciudadan\u00eda.<\/p>\n<h2>\u00bfQu\u00e9 es la ciudadan\u00eda autom\u00e1tica?<\/h2>\n<p>Un ni\u00f1o nacido de padres estadounidenses es ciudadano de los Estados Unidos, independientemente del lugar de nacimiento. Cuando un ni\u00f1o cumple con los requisitos de ciudadan\u00eda, se convierte autom\u00e1ticamente en ciudadano. El USCIS proporciona <a href=\"https:\/\/www.uscis.gov\/n-600\" target=\"_blank\" rel=\"noopener\">el Formulario N-600, <\/a>una solicitud de Certificado de ciudadan\u00eda. Este formulario le permite obtener un certificado que demuestra que es ciudadano estadounidense.<\/p>\n<p>Existen varias leyes de inmigraci\u00f3n vigentes en un momento determinado en los Estados Unidos. Las leyes vigentes cuando usted naci\u00f3 son, por lo general, las que se aplican a su situaci\u00f3n. La ciudadan\u00eda autom\u00e1tica es sencilla cuando al menos uno de sus padres es ciudadano estadounidense. La ciudadan\u00eda puede volverse m\u00e1s confusa cuando la situaci\u00f3n es m\u00e1s complicada.<\/p>\n<p>Hay dos formas principales en que se produce la ciudadan\u00eda autom\u00e1tica: la ciudadan\u00eda por adquisici\u00f3n y la ciudadan\u00eda derivada.<\/p>\n<ul>\n<li>Ciudadan\u00eda por adquisici\u00f3n: cuando al menos uno de los padres es ciudadano estadounidense<\/li>\n<li>Ciudadan\u00eda derivada: cuando un padre es ciudadano estadounidense naturalizado o cuando es adoptado por un ciudadano estadounidense.<\/li>\n<\/ul>\n<p>En general, un padre que sea ciudadano estadounidense debe haber estado presente en los Estados Unidos durante al menos cinco a\u00f1os (despu\u00e9s de los 14 a\u00f1os) para que usted sea ciudadano por adquisici\u00f3n. En otras palabras, un padre no puede vivir en el extranjero indefinidamente y aun as\u00ed otorgarle la ciudadan\u00eda a un hijo nacido en el extranjero. Sin embargo, es posible que pueda establecer la ciudadan\u00eda bas\u00e1ndose en un abuelo que sea ciudadano estadounidense.<\/p>\n<h2>Requisitos de elegibilidad<\/h2>\n<p>Como ni\u00f1o nacido fuera de los EE. UU., es posible que pueda presentar una solicitud N-600 para demostrar su ciudadan\u00eda, siempre que cumpla con los requisitos de elegibilidad. Si es menor de 18 a\u00f1os, un padre o tutor legal puede presentar el formulario en su nombre. Si solicita la ciudadan\u00eda derivada, debe demostrar que el padre adoptivo es ciudadano o se ha naturalizado. Las reglas relativas a la ciudadan\u00eda derivada han cambiado con el tiempo y, por lo tanto, es mejor consultar con un abogado de inmigraci\u00f3n calificado para determinar la elegibilidad.<\/p>\n<p>Si reclama la ciudadan\u00eda de su padre, existen algunos requisitos importantes. Debe establecer la paternidad mediante pruebas \u201cclaras y convincentes\u201d. Tambi\u00e9n debe demostrar que su padre era ciudadano estadounidense cuando usted naci\u00f3. Es posible que pueda demostrar que su padre acept\u00f3 una obligaci\u00f3n legal de brindarle apoyo financiero antes de que usted cumpliera 18 a\u00f1os. Alternativamente, puede demostrar que su padre reconoci\u00f3 la paternidad o que la paternidad fue establecida por un tribunal cuando usted era menor de 18 a\u00f1os.<\/p>\n<p>Si est\u00e1 estableciendo la ciudadan\u00eda a partir de su madre, que es ciudadana de los EE. UU., y usted naci\u00f3 fuera del matrimonio, debe asegurarse de haber adquirido la ciudadan\u00eda seg\u00fan las leyes vigentes. Las leyes cambiaron el 27 de febrero de 2001. Si usted era mayor de 18 a\u00f1os en esa fecha, la \u00fanica manera de adquirir la ciudadan\u00eda era a trav\u00e9s de su madre, siempre y cuando no se estableciera la paternidad. Si usted era menor de 18 a\u00f1os, la restricci\u00f3n particular no se aplica.<\/p>\n<p>El proceso de solicitar un <a href=\"https:\/\/www.usa.gov\/certificate-citizenship-naturalization\" target=\"_blank\" rel=\"noopener\">Certificado de ciudadan\u00eda <\/a>puede ser algo complejo. Es \u00fatil recibir orientaci\u00f3n de un <a href=\"https:\/\/sverdlofflaw.com\/immigration-services\/\">abogado de inmigraci\u00f3n de Illinois con experiencia <\/a>para que lo ayude con el proceso. Para obtener m\u00e1s informaci\u00f3n, comun\u00edquese hoy con nosotros en <a href=\"https:\/\/sverdlofflaw.com\/contact-us\/\">Sverdloff <\/a><a href=\"https:\/\/sverdlofflaw.com\/contact-us\/\">Law Group <\/a>al (312) 238-9090.<\/p>\n","protected":false},"excerpt":{"rendered":"<p>Si naci\u00f3 en los Estados Unidos, es ciudadano estadounidense. Si sus padres tienen la tarjeta verde, o si uno de sus padres es ciudadano estadounidense y usted no naci\u00f3 en los Estados Unidos, es posible que sea autom\u00e1ticamente ciudadano de los Estados Unidos. Lamentablemente, es probable que no tenga ning\u00fan documento que demuestre su ciudadan\u00eda. [&hellip;]<\/p>\n","protected":false},"author":25,"featured_media":6322,"parent":6313,"menu_order":0,"comment_status":"closed","ping_status":"closed","template":"","meta":{"_acf_changed":false,"_oasis_is_in_workflow":0,"_oasis_original":0,"_oasis_task_priority":"","footnotes":""},"class_list":["post-6321","page","type-page","status-publish","has-post-thumbnail","hentry","entry"],"acf":[],"_links":{"self":[{"href":"https:\/\/sverdlofflaw.com\/es\/wp-json\/wp\/v2\/pages\/6321","targetHints":{"allow":["GET"]}}],"collection":[{"href":"https:\/\/sverdlofflaw.com\/es\/wp-json\/wp\/v2\/pages"}],"about":[{"href":"https:\/\/sverdlofflaw.com\/es\/wp-json\/wp\/v2\/types\/page"}],"author":[{"embeddable":true,"href":"https:\/\/sverdlofflaw.com\/es\/wp-json\/wp\/v2\/users\/25"}],"replies":[{"embeddable":true,"href":"https:\/\/sverdlofflaw.com\/es\/wp-json\/wp\/v2\/comments?post=6321"}],"version-history":[{"count":2,"href":"https:\/\/sverdlofflaw.com\/es\/wp-json\/wp\/v2\/pages\/6321\/revisions"}],"predecessor-version":[{"id":6324,"href":"https:\/\/sverdlofflaw.com\/es\/wp-json\/wp\/v2\/pages\/6321\/revisions\/6324"}],"up":[{"embeddable":true,"href":"https:\/\/sverdlofflaw.com\/es\/wp-json\/wp\/v2\/pages\/6313"}],"wp:featuredmedia":[{"embeddable":true,"href":"https:\/\/sverdlofflaw.com\/es\/wp-json\/wp\/v2\/media\/6322"}],"wp:attachment":[{"href":"https:\/\/sverdlofflaw.com\/es\/wp-json\/wp\/v2\/media?parent=6321"}],"curies":[{"name":"wp","href":"https:\/\/api.w.org\/{rel}","templated":true}]}}