{"id":6317,"date":"2023-06-17T13:56:00","date_gmt":"2023-06-17T18:56:00","guid":{"rendered":"https:\/\/sverdlofflaw.com\/?page_id=6317"},"modified":"2024-10-29T12:22:33","modified_gmt":"2024-10-29T17:22:33","slug":"proceso-de-ciudadania","status":"publish","type":"page","link":"https:\/\/sverdlofflaw.com\/es\/servicios-de-inmigracion\/abogado-de-ciudadania-de-chicago\/proceso-de-ciudadania\/","title":{"rendered":"Proceso de ciudadan\u00eda"},"content":{"rendered":"<p>Si determina que cumple con los requisitos de elegibilidad para obtener un certificado de ciudadan\u00eda del USCIS, debe realizar el proceso para obtener el documento. El USCIS proporciona un procedimiento que le permite utilizar la solicitud N-600 para solicitar documentaci\u00f3n de ciudadan\u00eda. Una vez que obtenga un <a href=\"https:\/\/www.usa.gov\/certificate-citizenship-naturalization\" target=\"_blank\" rel=\"noopener\">certificado de ciudadan\u00eda <\/a>, podr\u00e1 proporcionar pruebas por muchas razones, como para solicitudes universitarias, seguridad social y para solicitar empleo, entre otras cosas.<\/p>\n<h2>Preparaci\u00f3n para la solicitud N-600<\/h2>\n<p>Antes de que pueda completar y enviar la <a href=\"https:\/\/www.uscis.gov\/n-600\" target=\"_blank\" rel=\"noopener\">solicitud N-600 <\/a>, deber\u00e1 reunir todo lo que necesita. Primero, debe asegurarse de cumplir con los requisitos de elegibilidad establecidos por el USCIS. A continuaci\u00f3n, deber\u00e1 reunir los documentos que necesita presentar junto con la solicitud. Los documentos son evidencia que demuestra su ciudadan\u00eda y permite que el USCIS procese su solicitud. Deber\u00e1 seguir las \u00faltimas instrucciones que el USCIS proporciona junto con la solicitud N-600. Un <a href=\"https:\/\/sverdlofflaw.com\/immigration-services\/citizenship-lawyer-chicago\/\">abogado experto en ciudadan\u00eda <\/a>lo guiar\u00e1 a trav\u00e9s del proceso.<\/p>\n<p>Debes presentar tu certificado de nacimiento y dos fotograf\u00edas tuyas, como las que se usan para los pasaportes. Tambi\u00e9n tendr\u00e1s que proporcionar una copia del certificado de nacimiento y del certificado de matrimonio de tus padres, si corresponde. Tambien, debes proporcionar pruebas de que tu padre ciudadano estadounidense estuvo presente en los Estados Unidos durante al menos cinco a\u00f1os. Estos requisitos pueden variar seg\u00fan tus circunstancias espec\u00edficas.<\/p>\n<p>Cuando solicita la ciudadan\u00eda en base a un padre naturalizado, deber\u00e1 presentar evidencia de que su padre ten\u00eda estatus de residente permanente legal, tambi\u00e9n llamado <a href=\"https:\/\/sverdlofflaw.com\/immigration-services\/green-card-lawyer-chicago\/\">tarjeta verde <\/a>. Es posible que se necesiten documentos adicionales en algunas situaciones. Por ejemplo, si su padre es ciudadano estadounidense que naci\u00f3 en el extranjero, es posible que deba proporcionar documentos que prueben el estatus de sus abuelos.<\/p>\n<h2>Presentaci\u00f3n de la solicitud N-600<\/h2>\n<p>Debe completar la solicitud N600 en l\u00ednea o envi\u00e1ndola en papel. Independientemente de la forma en que complete la solicitud, debe proporcionar la documentaci\u00f3n necesaria para su procesamiento. Si el USCIS no recibe los documentos que necesita o si hay errores en la solicitud en s\u00ed, el proceso podr\u00eda demorarse. Una vez que el USCIS reciba su solicitud completa, la revisar\u00e1 para asegurarse de que cumpla con sus necesidades. Si requieren informaci\u00f3n o documentaci\u00f3n adicional, le enviar\u00e1n un aviso.<\/p>\n<p>El USCIS tambi\u00e9n le enviar\u00e1 una notificaci\u00f3n por otros motivos. Por ejemplo, si solicitan una entrevista, le enviar\u00e1n una notificaci\u00f3n con la fecha, la hora y el lugar de la reuni\u00f3n. Es importante tener en cuenta que, por lo general, no recibir\u00e1 una notificaci\u00f3n para el procesamiento est\u00e1ndar de la solicitud si el USCIS tiene la informaci\u00f3n necesaria para completar el proceso.<\/p>\n<h2>Recibir una decisi\u00f3n del USCIS<\/h2>\n<p>Una vez que el USCIS revise su solicitud y tenga toda la documentaci\u00f3n necesaria, tomar\u00e1 una decisi\u00f3n sobre su solicitud de Certificado de Ciudadan\u00eda. El USCIS le enviar\u00e1 su decisi\u00f3n por escrito. Una vez aprobada, el USCIS programar\u00e1 una fecha, hora y lugar para que usted preste Juramento de Lealtad. Si el USCIS rechaza su solicitud, puede apelar la decisi\u00f3n dentro de los 30 d\u00edas.<\/p>\n<p>El proceso de ciudadan\u00eda puede ser complicado. Un abogado de inmigraci\u00f3n experto lo guiar\u00e1 a trav\u00e9s del procedimiento y se asegurar\u00e1 de que conozca los documentos que debe proporcionar al USCIS como parte del proceso de solicitud. Para obtener m\u00e1s informaci\u00f3n sobre el proceso de ciudadan\u00eda, comun\u00edquese con nuestros abogados de inmigraci\u00f3n en <a href=\"https:\/\/sverdlofflaw.com\/contact-us\/\">Sverdloff <\/a><a href=\"https:\/\/sverdlofflaw.com\/contact-us\/\">Law Group <\/a>al (312) 238-9090.<\/p>\n","protected":false},"excerpt":{"rendered":"<p>Si determina que cumple con los requisitos de elegibilidad para obtener un certificado de ciudadan\u00eda del USCIS, debe realizar el proceso para obtener el documento. El USCIS proporciona un procedimiento que le permite utilizar la solicitud N-600 para solicitar documentaci\u00f3n de ciudadan\u00eda. Una vez que obtenga un certificado de ciudadan\u00eda , podr\u00e1 proporcionar pruebas por [&hellip;]<\/p>\n","protected":false},"author":25,"featured_media":6318,"parent":6313,"menu_order":0,"comment_status":"closed","ping_status":"closed","template":"","meta":{"_acf_changed":false,"_oasis_is_in_workflow":0,"_oasis_original":0,"_oasis_task_priority":"","footnotes":""},"class_list":["post-6317","page","type-page","status-publish","has-post-thumbnail","hentry","entry"],"acf":[],"_links":{"self":[{"href":"https:\/\/sverdlofflaw.com\/es\/wp-json\/wp\/v2\/pages\/6317","targetHints":{"allow":["GET"]}}],"collection":[{"href":"https:\/\/sverdlofflaw.com\/es\/wp-json\/wp\/v2\/pages"}],"about":[{"href":"https:\/\/sverdlofflaw.com\/es\/wp-json\/wp\/v2\/types\/page"}],"author":[{"embeddable":true,"href":"https:\/\/sverdlofflaw.com\/es\/wp-json\/wp\/v2\/users\/25"}],"replies":[{"embeddable":true,"href":"https:\/\/sverdlofflaw.com\/es\/wp-json\/wp\/v2\/comments?post=6317"}],"version-history":[{"count":2,"href":"https:\/\/sverdlofflaw.com\/es\/wp-json\/wp\/v2\/pages\/6317\/revisions"}],"predecessor-version":[{"id":6320,"href":"https:\/\/sverdlofflaw.com\/es\/wp-json\/wp\/v2\/pages\/6317\/revisions\/6320"}],"up":[{"embeddable":true,"href":"https:\/\/sverdlofflaw.com\/es\/wp-json\/wp\/v2\/pages\/6313"}],"wp:featuredmedia":[{"embeddable":true,"href":"https:\/\/sverdlofflaw.com\/es\/wp-json\/wp\/v2\/media\/6318"}],"wp:attachment":[{"href":"https:\/\/sverdlofflaw.com\/es\/wp-json\/wp\/v2\/media?parent=6317"}],"curies":[{"name":"wp","href":"https:\/\/api.w.org\/{rel}","templated":true}]}}