{"id":6313,"date":"2019-10-23T05:05:59","date_gmt":"2019-10-23T10:05:59","guid":{"rendered":"https:\/\/sverdlofflaw.com\/?page_id=6313"},"modified":"2024-10-29T12:21:08","modified_gmt":"2024-10-29T17:21:08","slug":"abogado-de-ciudadania-de-chicago","status":"publish","type":"page","link":"https:\/\/sverdlofflaw.com\/es\/servicios-de-inmigracion\/abogado-de-ciudadania-de-chicago\/","title":{"rendered":"Abogado de ciudadan\u00eda de Chicago"},"content":{"rendered":"<p>Existen varias preguntas que pueden surgir durante una solicitud de ciudadan\u00eda de los Estados Unidos, y es posible que le hagan muchas preguntas. Las respuestas deben ser aceptables para que su solicitud de ciudadan\u00eda estadounidense pueda continuar. Las preguntas pueden solicitar informaci\u00f3n relacionada con sus cargos penales pasados y presentes y su car\u00e1cter moral. Antes de solicitar la ciudadan\u00eda, hay un per\u00edodo legal que dura cinco a\u00f1os. Durante este tiempo, lo examinar\u00e1n minuciosamente para ver si hay alguna raz\u00f3n para rechazar su solicitud.<\/p>\n<p>Puede obtener la ciudadan\u00eda estadounidense en Chicago, Illinois con nuestro experimentado equipo legal de su lado. Comun\u00edquese con los <a href=\"https:\/\/sverdlofflaw.com\/attorney-profile\/\">abogados de inmigraci\u00f3n de <\/a><a href=\"https:\/\/sverdlofflaw.com\/attorney-profile\/\">Sverdloff <\/a><a href=\"https:\/\/sverdlofflaw.com\/attorney-profile\/\">Law Group <\/a>para comenzar.<\/p>\n<h2>C\u00f3mo convertirse en ciudadano de los Estados Unidos<\/h2>\n<p>Aunque la obtenci\u00f3n de la ciudadan\u00eda estadounidense es el objetivo principal, es importante conocer las formas en que se puede obtener. Una de las formas m\u00e1s conocidas de convertirse en ciudadano estadounidense es por nacimiento. B\u00e1sicamente, cualquier persona que naci\u00f3 en los Estados Unidos (o en un lugar que se encuentre bajo la jurisdicci\u00f3n de los Estados Unidos) y tuvo padres que eran ciudadanos en el momento de su nacimiento se considera ciudadano por ley. Sin embargo, si no ha &#8220;derivado&#8221; la ciudadan\u00eda de esta manera, sepa que a\u00fan hay esperanza. Otra forma com\u00fan en que los inmigrantes buscan la ciudadan\u00eda es a trav\u00e9s de un proceso llamado naturalizaci\u00f3n.<\/p>\n<p>Usted es elegible para la ciudadan\u00eda a trav\u00e9s de la naturalizaci\u00f3n si se cumplen las siguientes condiciones:<\/p>\n<ul>\n<li>Definido como tener \u201cbuen car\u00e1cter moral\u201d<\/li>\n<li>18 a\u00f1os o m\u00e1s<\/li>\n<li>Han mantenido una presencia f\u00edsica en los EE. UU.<\/li>\n<li>Tener un buen conocimiento de la historia y el gobierno de los EE. UU.<\/li>\n<li>Ha sido residente permanente (generalmente durante al menos cinco a\u00f1os)<\/li>\n<li>Son capaces de escribir, leer y hablar ingl\u00e9s.<\/li>\n<\/ul>\n<p>Entre quienes pueden solicitar la naturalizaci\u00f3n se encuentran aquellas personas que hayan sido residentes permanentes de los EE. UU. durante un m\u00ednimo de cinco a\u00f1os, que hayan sido residentes permanentes durante al menos tres a\u00f1os estando casadas con un ciudadano estadounidense y aquellas que hayan servido honorablemente en el ej\u00e9rcito de los EE. UU. La naturalizaci\u00f3n se puede lograr presentando el Formulario N-400. Tambi\u00e9n deber\u00e1 realizar y aprobar un examen de naturalizaci\u00f3n. Este examen puede ser una fuente de estr\u00e9s para muchos solicitantes, pero hay <a href=\"https:\/\/www.uscis.gov\/citizenship\/find-study-materials-and-resources\" target=\"_blank\" rel=\"noopener\">materiales de estudio gratuitos <\/a>disponibles en el sitio web del USCIS para ayudarlo a prepararse.<\/p>\n<p>A medida que aumenta el n\u00famero de personas que emigran a los EE. UU., las solicitudes de ciudadan\u00eda se someten a un mayor escrutinio para reducir la tasa de inmigraci\u00f3n. Un abogado de ciudadan\u00eda de Chicago puede ocuparse de ciertos asuntos que surgir\u00e1n durante el proceso en su nombre. Un abogado puede ayudarle a garantizar que sus derechos est\u00e9n protegidos. Cualquier pregunta relacionada con su car\u00e1cter moral durante el per\u00edodo legal debe ser respondida por un abogado para ayudar a prevenir errores que podr\u00edan llevar a la denegaci\u00f3n de su solicitud de ciudadan\u00eda estadounidense.<\/p>\n<h2>\u00bfQu\u00e9 documentos se requieren para la ciudadan\u00eda?<\/h2>\n<p>Como sucede con cualquier asunto de inmigraci\u00f3n, es fundamental que est\u00e9 organizado y tenga la documentaci\u00f3n adecuada lista antes de su primera reuni\u00f3n con su abogado de ciudadan\u00eda de Chicago. Esta documentaci\u00f3n le ayudar\u00e1 a presentar un caso claro y a minimizar la posibilidad de demoras o problemas en la revisi\u00f3n de su documentaci\u00f3n. Su abogado de ciudadan\u00eda de Chicago puede revisar estos documentos durante su primera reuni\u00f3n para que sepa si necesita reunir m\u00e1s material.<\/p>\n<p>Los documentos que necesitar\u00e1 para respaldar su solicitud de ciudadan\u00eda incluyen su certificado de matrimonio si realiza la solicitud debido a que se casar\u00e1 con un ciudadano estadounidense, un certificado de nacimiento, una copia de un documento de residencia permanente legal, dos fotograf\u00edas tama\u00f1o pasaporte, una lista de viajes realizados fuera de los EE. UU. en los \u00faltimos cinco a\u00f1os y el historial de residencia y empleo de los \u00faltimos cinco a\u00f1os.<\/p>\n<h2>Razones para solicitar la ciudadan\u00eda estadounidense<\/h2>\n<p>Las personas que acuden a nuestra oficina de abogados especializados en ciudadan\u00eda de Chicago tienen muchas razones diferentes para seguir esta v\u00eda. Mientras estas razones pueden ser exclusivas de usted, es importante tener esta conversaci\u00f3n con su abogado especializado en ciudadan\u00eda en Chicago para que comprenda sus objetivos e inquietudes subyacentes. Obtener la ciudadan\u00eda estadounidense es un siguiente paso com\u00fan y natural para alguien a quien ya se le ha otorgado una <a href=\"https:\/\/sverdlofflaw.com\/immigration-services\/green-card-lawyer-chicago\/\">tarjeta verde <\/a>. La ciudadan\u00eda ofrece muchas ventajas para un titular de tarjeta verde que tiene toda la intenci\u00f3n de permanecer en los Estados Unidos durante mucho tiempo, como puede decirle su abogado especializado en ciudadan\u00eda de Chicago.<\/p>\n<p>Algunas de las razones m\u00e1s comunes por las que un titular de una tarjeta verde se sienta con un abogado de ciudadan\u00eda de Chicago para discutir la naturalizaci\u00f3n incluyen:<\/p>\n<ul>\n<li>Como ciudadano, no pueden deportarlo a su pa\u00eds de nacionalidad anterior o de su antigua ciudadan\u00eda.<\/li>\n<li>Como nuevo ciudadano, usted tendr\u00e1 los mismos derechos que cualquier otro ciudadano estadounidense para vivir en el pa\u00eds.<\/li>\n<li>Usted ser\u00e1 elegible para permanecer en el pa\u00eds incluso si es acusado de un delito en el futuro.<\/li>\n<li>Puedes viajar con un pasaporte estadounidense y disfrutar de todas las ventajas que \u00e9ste ofrece, lo que significa que puedes visitar m\u00e1s de 180 pa\u00edses en viajes de corta duraci\u00f3n sin necesidad de obtener una visa y obtener apoyo de una embajada estadounidense local si lo necesitas.<\/li>\n<li>Usted se vuelve elegible para programas de asistencia gubernamental a los que no pod\u00eda acceder anteriormente como titular de una tarjeta verde. Puede obtener asistencia universitaria federal si es elegible y Medicare y Seguridad Social.<\/li>\n<li>Una vez que reciba su documentaci\u00f3n de ciudadan\u00eda, incluso puede solicitar tarjetas verdes para sus familiares para poder patrocinarlos en los EE. UU. Esto significa traer a hijos adultos, hermanos y padres con el prop\u00f3sito de obtener una tarjeta verde para ellos.<\/li>\n<li>Todos los hijos que nazcan ser\u00e1n autom\u00e1ticamente ciudadanos estadounidenses, incluso si el nacimiento real ocurri\u00f3 en el extranjero.<\/li>\n<\/ul>\n<p>Mientras hay numerosos beneficios que llevan a muchas personas a realizar el proceso de ciudadan\u00eda, se trata de un conjunto complicado de pasos que pueden resultar abrumadores para la persona promedio. Lidiar con los tr\u00e1mites de inmigraci\u00f3n puede ser confuso o incluso frustrante y los errores cometidos durante este proceso pueden tener consecuencias duraderas. Tener la tranquilidad de que alguien con conocimientos lo est\u00e1 guiando a trav\u00e9s del proceso de presentaci\u00f3n de la documentaci\u00f3n y el cumplimiento de cada aspecto de la ciudadan\u00eda puede ser fundamental para brindarle apoyo durante este momento.<\/p>\n<h2>Abogado de inmigraci\u00f3n para ayudar con la ciudadan\u00eda estadounidense<\/h2>\n<p>Un abogado de ciudadan\u00eda de Chicago tendr\u00e1 a\u00f1os de experiencia ayudando a otras personas y familias a completar este proceso con una frustraci\u00f3n m\u00ednima. Tambi\u00e9n obtendr\u00e1 el beneficio de saber que tiene acceso a un abogado experimentado si surgen obst\u00e1culos o desaf\u00edos durante el proceso de ciudadan\u00eda. Aunque puede pensar que est\u00e1 mejor sin un abogado debido al costo, el dinero invertido en trabajar con el abogado de inmigraci\u00f3n de Chicago adecuado podr\u00eda marcar una gran diferencia en el resultado de su caso de ciudadan\u00eda.<\/p>\n<p>Si actualmente tiene una tarjeta verde y quiere estar lo m\u00e1s preparado posible para la presentaci\u00f3n de sus documentos, hablar con nuestro abogado de inmigraci\u00f3n de Chicago puede ayudarlo a sentirse m\u00e1s seguro acerca de este proceso. El procesamiento de sus documentos puede llevar tiempo, y tambi\u00e9n es \u00fatil hablar sobre un posible cronograma con su abogado de ciudadan\u00eda de Chicago para que tenga un plan claro de lo que puede anticipar. No se acerque a la ciudadan\u00eda estadounidense por su cuenta. Deje que nuestros abogados lo gu\u00eden por los pasos y lo eduquen sobre lo que puede esperar y c\u00f3mo estar preparado para posibles problemas.<\/p>\n<h2>Programe su consulta hoy<\/h2>\n<p>Contratar a un abogado de ciudadan\u00eda en Illinois puede resultar de gran ayuda durante el proceso de solicitud. Los abogados de inmigraci\u00f3n con experiencia en Chicago de Sverdloff Law Group pueden ayudarlo con todas sus necesidades de ciudadan\u00eda. Llame a nuestra oficina de Chicago para hablar con un abogado de ciudadan\u00eda al (312) 238-9090 o <a href=\"https:\/\/sverdlofflaw.com\/contact-us\/\">cont\u00e1ctenos <\/a>para programar una cita hoy mismo.<\/p>\n","protected":false},"excerpt":{"rendered":"<p>Existen varias preguntas que pueden surgir durante una solicitud de ciudadan\u00eda de los Estados Unidos, y es posible que le hagan muchas preguntas. Las respuestas deben ser aceptables para que su solicitud de ciudadan\u00eda estadounidense pueda continuar. Las preguntas pueden solicitar informaci\u00f3n relacionada con sus cargos penales pasados y presentes y su car\u00e1cter moral. Antes [&hellip;]<\/p>\n","protected":false},"author":25,"featured_media":6315,"parent":6468,"menu_order":0,"comment_status":"closed","ping_status":"closed","template":"","meta":{"_acf_changed":false,"_oasis_is_in_workflow":0,"_oasis_original":0,"_oasis_task_priority":"","footnotes":""},"class_list":["post-6313","page","type-page","status-publish","has-post-thumbnail","hentry","entry"],"acf":[],"_links":{"self":[{"href":"https:\/\/sverdlofflaw.com\/es\/wp-json\/wp\/v2\/pages\/6313","targetHints":{"allow":["GET"]}}],"collection":[{"href":"https:\/\/sverdlofflaw.com\/es\/wp-json\/wp\/v2\/pages"}],"about":[{"href":"https:\/\/sverdlofflaw.com\/es\/wp-json\/wp\/v2\/types\/page"}],"author":[{"embeddable":true,"href":"https:\/\/sverdlofflaw.com\/es\/wp-json\/wp\/v2\/users\/25"}],"replies":[{"embeddable":true,"href":"https:\/\/sverdlofflaw.com\/es\/wp-json\/wp\/v2\/comments?post=6313"}],"version-history":[{"count":1,"href":"https:\/\/sverdlofflaw.com\/es\/wp-json\/wp\/v2\/pages\/6313\/revisions"}],"predecessor-version":[{"id":6316,"href":"https:\/\/sverdlofflaw.com\/es\/wp-json\/wp\/v2\/pages\/6313\/revisions\/6316"}],"up":[{"embeddable":true,"href":"https:\/\/sverdlofflaw.com\/es\/wp-json\/wp\/v2\/pages\/6468"}],"wp:featuredmedia":[{"embeddable":true,"href":"https:\/\/sverdlofflaw.com\/es\/wp-json\/wp\/v2\/media\/6315"}],"wp:attachment":[{"href":"https:\/\/sverdlofflaw.com\/es\/wp-json\/wp\/v2\/media?parent=6313"}],"curies":[{"name":"wp","href":"https:\/\/api.w.org\/{rel}","templated":true}]}}