{"id":6285,"date":"2019-10-23T05:10:29","date_gmt":"2019-10-23T10:10:29","guid":{"rendered":"https:\/\/sverdlofflaw.com\/?page_id=6285"},"modified":"2024-10-29T11:48:57","modified_gmt":"2024-10-29T16:48:57","slug":"abogado-de-asilo-en-chicago","status":"publish","type":"page","link":"https:\/\/sverdlofflaw.com\/es\/servicios-de-inmigracion\/abogado-de-asilo-en-chicago\/","title":{"rendered":"Abogado de asilo en Chicago"},"content":{"rendered":"<p>El asilo es un tipo de protecci\u00f3n legal que se otorga en Estados Unidos a personas que cumplen con ciertos criterios. Con la ayuda de un abogado especializado en asilo de Chicago, estas personas deben demostrar que han sido perseguidas (o temen ser perseguidas) por su raza, religi\u00f3n, nacionalidad, pertenencia a un grupo social en particular u opini\u00f3n pol\u00edtica.<\/p>\n<p>Puede solicitar asilo en Illinois si ya se encuentra en los Estados Unidos o si desea ingresar a los Estados Unidos en un puerto de entrada. Si se le concede asilo, es posible que se le permita permanecer en los Estados Unidos y probablemente sea elegible para solicitar que se ajuste su estatus al de residente permanente legal.<\/p>\n<h2>\u00bfQui\u00e9n puede solicitar asilo?<\/h2>\n<p>El asilo puede ayudar a las personas que han sido v\u00edctimas de persecuci\u00f3n, tortura o da\u00f1o en sus pa\u00edses de origen a obtener protecci\u00f3n contra la expulsi\u00f3n de los Estados Unidos. La protecci\u00f3n por asilo se basa en la definici\u00f3n de \u201crefugiado\u201d, que se refiere a alguien que:<\/p>\n<ul>\n<li>Como resultado de un temor fundado de ser perseguida por motivos de raza, religi\u00f3n, nacionalidad, opini\u00f3n pol\u00edtica o pertenencia a un grupo determinado social, se encontraba fuera de su pa\u00eds natal; y<\/li>\n<li>Debido a ese temor, no pudo o no quiso acogerse la persecuci\u00f3n en ese pa\u00eds.<\/li>\n<\/ul>\n<p>Por lo tanto, para calificar para el asilo, uno debe demostrar que cumple con los criterios para ser un refugiado.<\/p>\n<h2>\u00bfSoy elegible como refugiado?<\/h2>\n<p>Una de las preguntas m\u00e1s frecuentes que se le hacen a un abogado de asilo de Chicago es si usted cumple o no con los requisitos para ser considerado refugiado. Los refugiados solo pueden calificar para esta clasificaci\u00f3n formal si la persona no tiene otra opci\u00f3n que huir de su pa\u00eds debido al sufrimiento, el da\u00f1o o el temor razonable de sufrir da\u00f1os en el futuro como resultado de rasgos b\u00e1sicos sobre ellos. Esto puede incluir la opini\u00f3n pol\u00edtica, la sexualidad, la religi\u00f3n, la raza o la nacionalidad. Solo ciertas personas calificar\u00e1n para el asilo.<\/p>\n<p>Un abogado de asilo de Chicago le ayudar\u00e1 a revisar su caso individual para brindarle m\u00e1s informaci\u00f3n sobre si cumple o no con estos motivos. Algunos de los obst\u00e1culos m\u00e1s comunes para obtener asilo incluyen la actividad terrorista, la persecuci\u00f3n de otras personas por ser consideradas un peligro para la seguridad nacional, la denegaci\u00f3n de asilo en el pasado, la solicitud de asilo m\u00e1s de un a\u00f1o despu\u00e9s de haber llegado a los Estados Unidos, la comisi\u00f3n de delitos no pol\u00edticos y tener un tercer pa\u00eds seguro en el que pueda vivir. Es fundamental que hable con su abogado de inmigraci\u00f3n de Chicago si cree que podr\u00eda reunir los requisitos para solicitar asilo debido a cualquiera de estos motivos.<\/p>\n<p>Los solicitantes de asilo no pueden traer a sus familiares a los Estados Unidos hasta que hayan recibido asilo formal. Debe hablar de esto con su abogado de asilo de Chicago para determinar en qu\u00e9 momento es elegible para iniciar una petici\u00f3n I-730 para los hijos que califican y su c\u00f3nyuge. Si planea asistir a la entrevista en la oficina de asilo y no sabe si podr\u00e1 comunicarse con ellos, prep\u00e1rese para que la oficina de asilo no le proporcione int\u00e9rpretes individuales para sus entrevistas.<\/p>\n<p>Debe estar preparado para contar con su propio int\u00e9rprete en su entrevista y su abogado de asilo de Chicago puede ayudarlo a identificar a esta persona. Muchas veces, tampoco se proporcionan int\u00e9rpretes en las audiencias programadas, sin embargo, tendr\u00e1 derecho a, en alg\u00fan momento, comunicarle al juez que podr\u00eda necesitar un int\u00e9rprete para la audiencia individual. Durante una audiencia individual, no puede traer su propio int\u00e9rprete.<\/p>\n<h2>\u00bfSoy elegible para solicitar la ciudadan\u00eda o la tarjeta verde despu\u00e9s de recibir asilo?<\/h2>\n<p>Puede iniciar una <a href=\"https:\/\/sverdlofflaw.com\/green-card-lawyer-chicago\/\">solicitud para obtener una tarjeta verde <\/a>si se le concede asilo despu\u00e9s de que haya transcurrido un a\u00f1o desde la fecha en la que se le otorg\u00f3 el estatus final. Muchas <a href=\"https:\/\/sverdlofflaw.com\/approval-process-from-asylum-status-to-green-card\/\">tarjetas verdes para asilados <\/a>tienen una vigencia retroactiva de un a\u00f1o, lo que significa que puede solicitar comenzar el proceso de nacionalizaci\u00f3n en los Estados Unidos cuatro a\u00f1os despu\u00e9s de obtener la residencia permanente. Los titulares de tarjetas verdes son elegibles para solicitar la ciudadan\u00eda estadounidense despu\u00e9s de 5 a\u00f1os de residencia permanente continua.<\/p>\n<h2>\u00bfCu\u00e1les son los documentos que necesito para presentar una solicitud de asilo?<\/h2>\n<p>Los criterios que se requieren para recibir asilo en los Estados Unidos son amplios y muy complejos. Es posible que necesite pruebas de abuso del solicitante; informaci\u00f3n como art\u00edculos de peri\u00f3dico que muestren un proceso penal o incluso informes policiales que documenten que ha ocurrido violencia contra el solicitante. Este es un proceso muy largo que requiere la perspicacia de un abogado de inmigraci\u00f3n de Chicago con experiencia y conocimientos sobre asilo. Algunos de los documentos que un solicitante debe presentar con su petici\u00f3n de asilo incluyen:<\/p>\n<ul>\n<li>Una declaraci\u00f3n jurada escrita y honesta del ciudadano extranjero explicando los problemas que ha experimentado en su pa\u00eds de origen y la raz\u00f3n por la que no puede regresar.<\/li>\n<li>Se enviar\u00e1n tres fotograf\u00edas tama\u00f1o pasaporte sobre fondo blanco.<\/li>\n<li>Evidencia de cualquier hijo relacionado con el solicitante, adem\u00e1s de certificados de nacimiento y otros detalles personales.<\/li>\n<li>Una copia de un pasaporte y del formulario I-94 si ya se encuentra en los Estados Unidos.<\/li>\n<li>Un certificado de matrimonio v\u00e1lido si la solicitud se presenta con un c\u00f3nyuge.<\/li>\n<li>Formas leg\u00edtimas de identificaci\u00f3n como el certificado de nacimiento del extranjero.<\/li>\n<\/ul>\n<p>Iniciar el proceso de asilo por su cuenta puede ser apabullante. Programar una consulta con un abogado especializado en asilo de Chicago puede ayudarle a obtener tranquilidad y aclaraciones sobre la preparaci\u00f3n necesaria y el cronograma que podr\u00eda anticipar en un caso de asilo.<\/p>\n<h2>C\u00f3mo calificar para el asilo<\/h2>\n<p>Para calificar para asilo en Illinois, un solicitante debe demostrar que califica como refugiado probando que:<\/p>\n<ul>\n<li>(\u00c9l) no puede o no quiere regresar a su pa\u00eds de origen o a su \u00faltimo pa\u00eds de residencia.<\/li>\n<li>(\u00c9l o ella) no puede o no quiere acoger la persecuci\u00f3n en ese pa\u00eds \u2013 Si bien esto puede implicar probar que las circunstancias en el pa\u00eds de origen est\u00e1n m\u00e1s all\u00e1 de la capacidad del solicitante para cambiarlas o controlarlas, tambi\u00e9n puede implicar probar que un solicitante no est\u00e1 dispuesto a buscar protecci\u00f3n en el pa\u00eds de origen debido a un temor bien fundado de persecuci\u00f3n.<\/li>\n<li>(\u00c9l)ella es merecedora de asilo.<\/li>\n<\/ul>\n<p>Aqu\u00ed cabe se\u00f1alar que el derecho internacional define la persecuci\u00f3n como una \u201camenaza a la vida o la libertad\u201d.<\/p>\n<h2>Beneficios del asilo<\/h2>\n<p>El asilo permite a los extranjeros permanecer legalmente en los Estados Unidos por tiempo indefinido. Tambi\u00e9n les permite <a href=\"https:\/\/sverdlofflaw.com\/can-asylum-seekers-still-get-a-work-permit-in-the-united-states\/\">solicitar autorizaci\u00f3n de trabajo <\/a>y, despu\u00e9s de un a\u00f1o, solicitar la residencia permanente legal. Otro beneficio del asilo en Illinois es que tambi\u00e9n est\u00e1 disponible para los c\u00f3nyuges e hijos que acompa\u00f1an o siguen a los solicitantes de asilo principales.<\/p>\n<p><strong>Plazos para solicitar asilo<\/strong><\/p>\n<p>En general, quienes deseen solicitar asilo en Illinois deben hacerlo dentro del a\u00f1o despues de su llegada a los Estados Unidos. Puede haber excepciones a este l\u00edmite, pero generalmente es mejor presentar una solicitud de asilo lo antes posible cuando est\u00e9 claro que se necesita este cambio de estatus.<\/p>\n<p>Aparte del asilo, nuestro abogado de inmigraci\u00f3n de Chicago tambi\u00e9n puede ayudarlo a obtener protecci\u00f3n contra el regreso a un pa\u00eds en el que teme sufrir da\u00f1o al solicitar:<\/p>\n<ul>\n<li>Suspensi\u00f3n de la deportaci\u00f3n<\/li>\n<li>Convenci\u00f3n contra la Tortura<\/li>\n<li>Estatus de protecci\u00f3n temporal<\/li>\n<\/ul>\n<h2>Contratar a un abogado de asilo en Chicago<\/h2>\n<p>Contratar a un abogado especializado en asilo en Illinois puede resultar de gran ayuda durante el proceso de solicitud. Los abogados de inmigraci\u00f3n con experiencia en Chicago de Sverdloff Law Group pueden ayudarle con todas sus necesidades de asilo. Llame a nuestra oficina de Chicago para hablar con un abogado especializado en asilo al (312) 238-9090 o <a href=\"https:\/\/sverdlofflaw.com\/contact-us\/\">cont\u00e1ctenos <\/a>hoy mismo para concertar una cita.<\/p>\n","protected":false},"excerpt":{"rendered":"<p>El asilo es un tipo de protecci\u00f3n legal que se otorga en Estados Unidos a personas que cumplen con ciertos criterios. Con la ayuda de un abogado especializado en asilo de Chicago, estas personas deben demostrar que han sido perseguidas (o temen ser perseguidas) por su raza, religi\u00f3n, nacionalidad, pertenencia a un grupo social en [&hellip;]<\/p>\n","protected":false},"author":25,"featured_media":6288,"parent":6468,"menu_order":0,"comment_status":"closed","ping_status":"closed","template":"","meta":{"_acf_changed":false,"_oasis_is_in_workflow":0,"_oasis_original":0,"_oasis_task_priority":"","footnotes":""},"class_list":["post-6285","page","type-page","status-publish","has-post-thumbnail","hentry","entry"],"acf":[],"_links":{"self":[{"href":"https:\/\/sverdlofflaw.com\/es\/wp-json\/wp\/v2\/pages\/6285","targetHints":{"allow":["GET"]}}],"collection":[{"href":"https:\/\/sverdlofflaw.com\/es\/wp-json\/wp\/v2\/pages"}],"about":[{"href":"https:\/\/sverdlofflaw.com\/es\/wp-json\/wp\/v2\/types\/page"}],"author":[{"embeddable":true,"href":"https:\/\/sverdlofflaw.com\/es\/wp-json\/wp\/v2\/users\/25"}],"replies":[{"embeddable":true,"href":"https:\/\/sverdlofflaw.com\/es\/wp-json\/wp\/v2\/comments?post=6285"}],"version-history":[{"count":1,"href":"https:\/\/sverdlofflaw.com\/es\/wp-json\/wp\/v2\/pages\/6285\/revisions"}],"predecessor-version":[{"id":6289,"href":"https:\/\/sverdlofflaw.com\/es\/wp-json\/wp\/v2\/pages\/6285\/revisions\/6289"}],"up":[{"embeddable":true,"href":"https:\/\/sverdlofflaw.com\/es\/wp-json\/wp\/v2\/pages\/6468"}],"wp:featuredmedia":[{"embeddable":true,"href":"https:\/\/sverdlofflaw.com\/es\/wp-json\/wp\/v2\/media\/6288"}],"wp:attachment":[{"href":"https:\/\/sverdlofflaw.com\/es\/wp-json\/wp\/v2\/media?parent=6285"}],"curies":[{"name":"wp","href":"https:\/\/api.w.org\/{rel}","templated":true}]}}