{"id":6278,"date":"2020-01-18T16:32:33","date_gmt":"2020-01-18T22:32:33","guid":{"rendered":"https:\/\/sverdlofflaw.com\/?page_id=6278"},"modified":"2024-10-29T11:46:30","modified_gmt":"2024-10-29T16:46:30","slug":"abogado-de-ajuste-de-estatus-en-chicago","status":"publish","type":"page","link":"https:\/\/sverdlofflaw.com\/es\/servicios-de-inmigracion\/abogado-de-ajuste-de-estatus-en-chicago\/","title":{"rendered":"Abogado de ajuste de estatus en Chicago"},"content":{"rendered":"<p>El ajuste de estatus es un proceso al que se someten las personas que no nacieron en los Estados Unidos y no tienen estatus legal como residente permanente (o una \u201ctarjeta verde\u201d o \u201cresidente permanente legal\u201d) para permanecer en el pa\u00eds, siempre y cuando cumplan con los criterios necesarios. Por lo general, un ajuste de estatus implica que un titular de una <a href=\"https:\/\/sverdlofflaw.com\/immigration-services\/nonimmigrant-visas\/\">visa de no inmigrante <\/a>o uno con un estatus vencido busca hacer la transici\u00f3n al estatus de inmigrante, para obtener una tarjeta verde para la residencia permanente legal en los EE. UU. Nuestro abogado con experiencia en ajuste de estatus en Chicago est\u00e1 aqu\u00ed para ayudarlo con este proceso complejo.<\/p>\n<p>Un ciudadano extranjero que no se encuentra en el pa\u00eds o que no est\u00e1 calificado para ajustar su estatus mientras se encuentra en los EE. UU. deber\u00e1 solicitar una visa de inmigrante en su pa\u00eds de origen e ingresar a los Estados Unidos a trav\u00e9s de un \u201cprocesamiento consular\u201d.<\/p>\n<p>Muy pocos inmigrantes re\u00fanen los requisitos para ajustar su estatus en los Estados Unidos. Solicitar un ajuste de estatus en el momento equivocado o cuando no se re\u00fanen los requisitos puede tener consecuencias negativas, incluyendo la posibilidad de deportaci\u00f3n. Por eso, siempre recomendamos que hable con un abogado de inmigraci\u00f3n antes de presentar cualquier formulario de inmigraci\u00f3n ante el Servicio de Ciudadan\u00eda e Inmigraci\u00f3n de los Estados Unidos (USCIS).<\/p>\n<h2>\u00bfQui\u00e9n es elegible para el ajuste de estatus migratorio?<\/h2>\n<p>Si tiene la intenci\u00f3n de obtener el estatus de inmigrante, debe encontrarse f\u00edsicamente dentro de los EE. UU. y haber ingresado legalmente a los EE. UU. (existen ciertas excepciones, incluidos los c\u00f3nyuges y los hijos maltratados, seg\u00fan se define en la VAWA o Ley de Violencia contra la Mujer). Su elegibilidad para convertirse en titular de una tarjeta verde depende de las siguientes categor\u00edas de inmigraci\u00f3n definidas por la ley de inmigraci\u00f3n de los EE. UU.:<\/p>\n<ul>\n<li>Inmigraci\u00f3n basada en la familia<\/li>\n<li>Empleo<\/li>\n<li>Inmigrante especial<\/li>\n<li>de refugiado o <a href=\"https:\/\/sverdlofflaw.com\/immigration-services\/asylum-lawyer-chicago\/\">asilado<\/a><\/li>\n<li>Trata de personas y v\u00edctimas de delitos<\/li>\n<li>V\u00edctimas de abuso<\/li>\n<li>Otras categor\u00edas seg\u00fan lo estipula el <a href=\"https:\/\/uscis.gov\/\" target=\"_blank\" rel=\"noopener\">USCIS <\/a>(Servicio de Ciudadan\u00eda e Inmigraci\u00f3n de Estados Unidos)<\/li>\n<li>Registro (si usted resid\u00eda en los EE. UU. desde antes del 1 de enero de 1972)<\/li>\n<\/ul>\n<h2>\u00bfC\u00f3mo solicito un ajuste de estatus en los EE. UU.?<\/h2>\n<p>Una vez que haya determinado su elegibilidad, por ejemplo, si un empleador o un miembro de su familia puede presentar una petici\u00f3n en su nombre, puede comenzar a solicitar la tarjeta verde. Los siguientes pasos est\u00e1n intentados para usarse como una gu\u00eda b\u00e1sica. Sin embargo, es mejor consultar a un abogado de inmigraci\u00f3n con experiencia en Chicago para estar completamente informado sobre los pasos y las opciones disponibles para usted. Si necesita presentar una petici\u00f3n para un familiar extranjero, tendr\u00e1 mucha m\u00e1s suerte con un abogado de inmigraci\u00f3n que si intenta hacerlo usted mismo.<\/p>\n<h2>1. Presentar una petici\u00f3n de inmigrante<\/h2>\n<p>La mayor\u00eda de las personas que solicitan una tarjeta verde deber\u00e1n completar al menos dos formularios: una petici\u00f3n de inmigrante y una <a href=\"https:\/\/sverdlofflaw.com\/immigration-services\/green-card-lawyer-chicago\/\">solicitud de tarjeta verde <\/a>. En la mayor\u00eda de los casos, otra persona, como un familiar o un empleador, deber\u00e1 presentar la petici\u00f3n en su nombre (mcuhas veces referido por \u00a0patrocinador o peticionario en su nombre). Sin embargo, en algunas situaciones, usted podr\u00eda ser elegible para presentar la petici\u00f3n por s\u00ed mismo mientras presenta una solicitud de registro de residencia permanente o ajuste de estatus (formulario I-485). Puede consultar las pautas sobre &#8221; <a href=\"https:\/\/www.uscis.gov\/green-card\/green-card-processes-and-procedures\/concurrent-filing-of-form-i-485\" target=\"_blank\" rel=\"noopener\">presentaci\u00f3n concurrente <\/a>&#8221; en el sitio web de USCIS.<\/p>\n<h2>2. Confirmar la disponibilidad de visa<\/h2>\n<p>En general, no puede presentar su Formulario I-485 hasta que haya una visa disponible en su categor\u00eda. Existe un l\u00edmite en la cantidad de visas disponibles en cada categor\u00eda. Por lo tanto, es mejor asegurarse de que haya una visa de inmigrante disponible antes de solicitar la residencia permanente. Puede consultar la p\u00e1gina del USCIS \u201c <a href=\"https:\/\/www.uscis.gov\/green-card\/green-card-processes-and-procedures\/visa-availability-and-priority-dates\" target=\"_blank\" rel=\"noopener\">Disponibilidad de visas y fechas de prioridad <\/a>\u201d para obtener informaci\u00f3n actualizada.<\/p>\n<h2>3. Reg\u00edstrese para obtener la residencia permanente o ajuste su estatus presentando una solicitud<\/h2>\n<p>Debe solicitar la residencia permanente mediante el Formulario I-485, independientemente de si debe presentar una petici\u00f3n con anterioridad o si puede presentarla simult\u00e1neamente. Algunas categor\u00edas pueden requerir un formulario diferente.<\/p>\n<h2>4. Dir\u00edgete al Centro de Soporte de Aplicaciones m\u00e1s cercano<\/h2>\n<p>Recibir\u00e1 una notificaci\u00f3n por correo electr\u00f3nico cuando pueda proporcionar sus datos biom\u00e9tricos, como su fotograf\u00eda y huellas dactilares, o una muestra de firma. Estos datos se utilizan para verificar la identidad y realizar controles de seguridad.<\/p>\n<h2>5. Asistir a una entrevista, si corresponde<\/h2>\n<p>Los funcionarios del USCIS revisar\u00e1n su solicitud y decidir\u00e1n si es necesaria una entrevista para que responda preguntas bajo juramento o afirmaci\u00f3n. Se le notificar\u00e1 la hora, la fecha y el lugar de la(s) entrevista(s). En la entrevista, usted (y el miembro de la familia que present\u00f3 la petici\u00f3n de inmigrante en su nombre, si corresponde) deber\u00e1n presentar los originales de toda la documentaci\u00f3n presentada con la solicitud del Formulario I-485. Esto incluye pasaportes, documentos oficiales de viaje y el Formulario I-94, independientemente si est\u00e1n vencidos.<\/p>\n<h2>6. Espere la decisi\u00f3n final del USCIS<\/h2>\n<p>Se le notificar\u00e1 por escrito si su solicitud de residencia permanente fue aprobada. Si su solicitud fue aprobada, recibir\u00e1 su Tarjeta de Residente Permanente o Tarjeta Verde poco despu\u00e9s de la notificaci\u00f3n de aprobaci\u00f3n. De lo contrario, recibir\u00e1 una solicitud de m\u00e1s pruebas o una notificaci\u00f3n de rechazo que indicar\u00e1 el motivo por el cual se rechaz\u00f3 su solicitud y si puede apelar la decisi\u00f3n.<\/p>\n<h2>\u00bfMe ayudar\u00e1 un abogado de inmigraci\u00f3n de Chicago con el ajuste de estatus y mi solicitud de tarjeta verde?<\/h2>\n<p>Las personas que buscan obtener la residencia permanente siempre deben hablar con un abogado sobre su situaci\u00f3n. Incluso en las circunstancias m\u00e1s sencillas y sin complicaciones, la ayuda de un abogado especializado en ajuste de estatus en Chicago puede hacer que el proceso de obtenci\u00f3n de una tarjeta verde sea lo m\u00e1s sencillo posible. Para programar una consulta con uno de nuestros abogados, <a href=\"https:\/\/sverdlofflaw.com\/contact-us\/\">llame hoy mismo a Julia <\/a><a href=\"https:\/\/sverdlofflaw.com\/contact-us\/\">Sverdloff <\/a>de Sverdloff Law Group para hablar sobre su caso.<\/p>\n","protected":false},"excerpt":{"rendered":"<p>El ajuste de estatus es un proceso al que se someten las personas que no nacieron en los Estados Unidos y no tienen estatus legal como residente permanente (o una \u201ctarjeta verde\u201d o \u201cresidente permanente legal\u201d) para permanecer en el pa\u00eds, siempre y cuando cumplan con los criterios necesarios. Por lo general, un ajuste de [&hellip;]<\/p>\n","protected":false},"author":25,"featured_media":6281,"parent":6468,"menu_order":0,"comment_status":"closed","ping_status":"closed","template":"","meta":{"_acf_changed":false,"_oasis_is_in_workflow":0,"_oasis_original":0,"_oasis_task_priority":"","footnotes":""},"class_list":["post-6278","page","type-page","status-publish","has-post-thumbnail","hentry","entry"],"acf":[],"_links":{"self":[{"href":"https:\/\/sverdlofflaw.com\/es\/wp-json\/wp\/v2\/pages\/6278","targetHints":{"allow":["GET"]}}],"collection":[{"href":"https:\/\/sverdlofflaw.com\/es\/wp-json\/wp\/v2\/pages"}],"about":[{"href":"https:\/\/sverdlofflaw.com\/es\/wp-json\/wp\/v2\/types\/page"}],"author":[{"embeddable":true,"href":"https:\/\/sverdlofflaw.com\/es\/wp-json\/wp\/v2\/users\/25"}],"replies":[{"embeddable":true,"href":"https:\/\/sverdlofflaw.com\/es\/wp-json\/wp\/v2\/comments?post=6278"}],"version-history":[{"count":2,"href":"https:\/\/sverdlofflaw.com\/es\/wp-json\/wp\/v2\/pages\/6278\/revisions"}],"predecessor-version":[{"id":6283,"href":"https:\/\/sverdlofflaw.com\/es\/wp-json\/wp\/v2\/pages\/6278\/revisions\/6283"}],"up":[{"embeddable":true,"href":"https:\/\/sverdlofflaw.com\/es\/wp-json\/wp\/v2\/pages\/6468"}],"wp:featuredmedia":[{"embeddable":true,"href":"https:\/\/sverdlofflaw.com\/es\/wp-json\/wp\/v2\/media\/6281"}],"wp:attachment":[{"href":"https:\/\/sverdlofflaw.com\/es\/wp-json\/wp\/v2\/media?parent=6278"}],"curies":[{"name":"wp","href":"https:\/\/api.w.org\/{rel}","templated":true}]}}