{"id":6275,"date":"2023-09-24T11:27:00","date_gmt":"2023-09-24T16:27:00","guid":{"rendered":"https:\/\/sverdlofflaw.com\/?page_id=6275"},"modified":"2024-10-29T11:43:43","modified_gmt":"2024-10-29T16:43:43","slug":"204-c-fraude-matrimonial","status":"publish","type":"page","link":"https:\/\/sverdlofflaw.com\/es\/servicios-de-inmigracion\/204-c-fraude-matrimonial\/","title":{"rendered":"204 (c) Fraude matrimonial"},"content":{"rendered":"<p>Cuando una persona en los Estados Unidos se casa con un ciudadano extranjero para ayudarlo a cruzar la frontera internacional o por dinero, ambas partes pueden ser acusadas de cometer <a href=\"https:\/\/www.uscis.gov\/scams-fraud-and-misconduct\/report-fraud\" target=\"_blank\" rel=\"noopener\">fraude matrimonial <\/a>con fines de inmigraci\u00f3n. Estas situaciones suelen requerir los servicios de un abogado de inmigraci\u00f3n que pueda defenderlo de los cargos en los tribunales para ayudar a las personas a evitar sanciones y ayudar a sustentar el matrimonio. A continuaci\u00f3n, nuestro <a href=\"https:\/\/sverdlofflaw.com\/attorney-profile\/\">abogado de inmigraci\u00f3n de Chicago <\/a>explica m\u00e1s detalladamente.<\/p>\n<h2>\u00bfQu\u00e9 es el fraude matrimonial?<\/h2>\n<p>Los extranjeros pueden concertar un matrimonio con un ciudadano de los Estados Unidos para poder entrar legalmente en el pa\u00eds. Estos acuerdos suelen proporcionar al extranjero una <a href=\"https:\/\/sverdlofflaw.com\/immigration-services\/fiance-visa-lawyer-and-k-1-visa\/\">visa de prometido inmediata <\/a>que le permite vivir y trabajar permanentemente en el pa\u00eds. Sin embargo, cuando un matrimonio no es leg\u00edtimo, las autoridades pueden acusar a uno o ambos individuos de fraude matrimonial.<\/p>\n<p>El fraude matrimonial es el acto de casarse o tener la intenci\u00f3n de casarse con la intenci\u00f3n de enga\u00f1ar a las autoridades para solicitar una visa y entrar al pa\u00eds. El fraude matrimonial tambi\u00e9n puede implicar la falsificaci\u00f3n de documentos matrimoniales y la creaci\u00f3n de un arreglo de vida fraudulento. Cuando una pareja es acusada de fraude matrimonial, puede realizarse una investigaci\u00f3n, durante la cual la pareja puede tener que demostrar que el matrimonio es leg\u00edtimo.<\/p>\n<h2>\u00bfQu\u00e9 tan com\u00fan es el fraude matrimonial?<\/h2>\n<p>Lamentablemente, el fraude matrimonial es mucho m\u00e1s com\u00fan de lo que mucha gente piensa. Seg\u00fan el Servicio de Ciudadan\u00eda e Inmigraci\u00f3n de los Estados Unidos (USCIS), m\u00e1s de un tercio de todas las solicitudes de visa para prometidos no son v\u00e1lidas. Por este motivo, la agencia examina minuciosamente todas las solicitudes y personas que contraen matrimonio con un ciudadano extranjero. Si el USCIS determina que el matrimonio no es v\u00e1lido, puede dar lugar a duras sanciones, incluida la deportaci\u00f3n.<\/p>\n<h2>Sanciones asociadas al fraude matrimonial<\/h2>\n<p>Cuando el Servicio de Ciudadan\u00eda e Inmigraci\u00f3n de Estados Unidos (USCIS) determina que un matrimonio, o un matrimonio pendiente, no es leg\u00edtimo, existen sanciones graves para ambas partes. Las multas por fraude matrimonial pueden llegar a los 250,000 d\u00f3lares. El extranjero tambi\u00e9n puede ser deportado si ya ha entrado en el pa\u00eds y perder\u00e1 cualquier estatus migratorio que tenga actualmente. Si es condenado, al extranjero normalmente se le proh\u00edbe adquirir la ciudadan\u00eda de por vida. Si el matrimonio ya se ha celebrado, normalmente se anula.<\/p>\n<p>El ciudadano estadounidense tambi\u00e9n se enfrentar\u00e1 a sanciones por estar involucrado en actos fraudulentos. Ambas partes deben hablar con un abogado de inmigraci\u00f3n que pueda defenderse de las acusaciones y demostrar la legitimidad del matrimonio. Un abogado tambi\u00e9n puede demostrar al juez o al jurado que ambas partes cumplen con los requisitos de elegibilidad.<\/p>\n<h2>Nuestro abogado de inmigraci\u00f3n en Chicago puede probar su caso<\/h2>\n<p>Entrar al pa\u00eds para casarse es un momento muy emocionante. Est\u00e1s a punto de embarcarte en una nueva vida en un nuevo pa\u00eds y con la persona que amas. Desafortunadamente, las acusaciones de fraude matrimonial pueden hacer que la vida sea muy dif\u00edcil. En Sverdloff Law Group, nuestro <a href=\"https:\/\/sverdlofflaw.com\/contact-us\/\">abogado de inmigraci\u00f3n de Chicago <\/a>puede defenderte contra estos cargos y probar tu caso para que tu futuro est\u00e9 protegido y puedas entrar al pa\u00eds. Ll\u00e1manos ahora o cont\u00e1ctanos en l\u00ednea para solicitar una consulta y obtener m\u00e1s informaci\u00f3n.<\/p>\n","protected":false},"excerpt":{"rendered":"<p>Cuando una persona en los Estados Unidos se casa con un ciudadano extranjero para ayudarlo a cruzar la frontera internacional o por dinero, ambas partes pueden ser acusadas de cometer fraude matrimonial con fines de inmigraci\u00f3n. Estas situaciones suelen requerir los servicios de un abogado de inmigraci\u00f3n que pueda defenderlo de los cargos en los [&hellip;]<\/p>\n","protected":false},"author":25,"featured_media":6276,"parent":6468,"menu_order":0,"comment_status":"closed","ping_status":"closed","template":"","meta":{"_acf_changed":false,"_oasis_is_in_workflow":0,"_oasis_original":0,"_oasis_task_priority":"","footnotes":""},"class_list":["post-6275","page","type-page","status-publish","has-post-thumbnail","hentry","entry"],"acf":[],"_links":{"self":[{"href":"https:\/\/sverdlofflaw.com\/es\/wp-json\/wp\/v2\/pages\/6275","targetHints":{"allow":["GET"]}}],"collection":[{"href":"https:\/\/sverdlofflaw.com\/es\/wp-json\/wp\/v2\/pages"}],"about":[{"href":"https:\/\/sverdlofflaw.com\/es\/wp-json\/wp\/v2\/types\/page"}],"author":[{"embeddable":true,"href":"https:\/\/sverdlofflaw.com\/es\/wp-json\/wp\/v2\/users\/25"}],"replies":[{"embeddable":true,"href":"https:\/\/sverdlofflaw.com\/es\/wp-json\/wp\/v2\/comments?post=6275"}],"version-history":[{"count":1,"href":"https:\/\/sverdlofflaw.com\/es\/wp-json\/wp\/v2\/pages\/6275\/revisions"}],"predecessor-version":[{"id":6277,"href":"https:\/\/sverdlofflaw.com\/es\/wp-json\/wp\/v2\/pages\/6275\/revisions\/6277"}],"up":[{"embeddable":true,"href":"https:\/\/sverdlofflaw.com\/es\/wp-json\/wp\/v2\/pages\/6468"}],"wp:featuredmedia":[{"embeddable":true,"href":"https:\/\/sverdlofflaw.com\/es\/wp-json\/wp\/v2\/media\/6276"}],"wp:attachment":[{"href":"https:\/\/sverdlofflaw.com\/es\/wp-json\/wp\/v2\/media?parent=6275"}],"curies":[{"name":"wp","href":"https:\/\/api.w.org\/{rel}","templated":true}]}}