{"id":6259,"date":"2021-04-21T16:26:46","date_gmt":"2021-04-21T21:26:46","guid":{"rendered":"https:\/\/sverdlofflaw.com\/?page_id=6259"},"modified":"2024-10-29T10:39:57","modified_gmt":"2024-10-29T15:39:57","slug":"6259-2","status":"publish","type":"page","link":"https:\/\/sverdlofflaw.com\/es\/6259-2\/","title":{"rendered":""},"content":{"rendered":"<p>A un ciudadano extranjero que haya violado la ley de inmigraci\u00f3n en los Estados Unidos se le puede exigir que abandone el pa\u00eds mediante un proceso legal conocido como procedimiento <a href=\"https:\/\/www.usa.gov\/deportation\" target=\"_blank\" rel=\"noopener\">de deportaci\u00f3n <\/a>o expulsi\u00f3n. Para ayudarlo a comprender este <a href=\"https:\/\/www.uscis.gov\/humanitarian\/refugees-and-asylum\/asylum\/what-happens-after-you-file-form-i-589-with-uscis\" target=\"_blank\" rel=\"noopener\">proceso <\/a>, describimos los pasos b\u00e1sicos del caso a continuaci\u00f3n. Pero es importante analizar los detalles de su caso con un abogado de inmigraci\u00f3n con experiencia en Chicago.<\/p>\n<h2>1. Notificaci\u00f3n de comparecencia recibida<\/h2>\n<p>Recibir una Notificaci\u00f3n de comparecencia del Departamento de Seguridad Nacional (DHS) puede ser el primer indicio de que se han presentado cargos de deportaci\u00f3n en su contra. En otros casos, puede ser detenido por el Servicio de Inmigraci\u00f3n y Control de Aduanas de los Estados Unidos (ICE) y es posible que deba pagar una fianza para ser liberado.<\/p>\n<h2>2. Programe su consulta<\/h2>\n<p>Solicitar los servicios de un <a href=\"https:\/\/sverdlofflaw.com\/attorney-profile\/\">abogado de inmigraci\u00f3n con experiencia <\/a>puede ayudarle a construir una defensa s\u00f3lida contra los cargos de deportaci\u00f3n y determinar el mejor curso de acci\u00f3n. Las estafas de ayuda en materia de inmigraci\u00f3n son comunes, as\u00ed que aseg\u00farese de ponerse en contacto con un abogado con licencia.<\/p>\n<h2>3. Revisi\u00f3n del caso con la abogada Julia Sverdloff<\/h2>\n<p>Nuestro equipo revisar\u00e1 los cargos en su contra y todas las pruebas pertinentes para determinar si podemos ayudarlo. Contratar a un abogado es un gran compromiso y no lo presionaremos ni lo enga\u00f1aremos sobre las posibilidades de \u00e9xito en su caso. Si sigue adelante con nosotros, tenemos planes de pago disponibles.<\/p>\n<h2>4. Preparaci\u00f3n para la audiencia<\/h2>\n<p>Trabajaremos juntos para explorar las mejores opciones para que usted pueda permanecer legalmente en los EE. UU. y tomaremos todas las medidas posibles para resolver su caso. Si usted es un inmigrante indocumentado, por ejemplo, es posible que pueda ajustar su estatus para convertirse en residente legal.<\/p>\n<h2>5. Asistir a la Audiencia del Calendario Maestro<\/h2>\n<p>Se le solicitar\u00e1 que comparezca ante un juez de inmigraci\u00f3n (IJ) para una audiencia preliminar. Debe asistir a esta audiencia, incluso si a\u00fan no tiene un abogado o una defensa contra los cargos. No presentarse puede dar lugar a una orden autom\u00e1tica de deportaci\u00f3n.<\/p>\n<h2>6. Programar una audiencia individual<\/h2>\n<p>Si el juez decide que su caso seguir\u00e1 adelante, se programar\u00e1 una audiencia sobre el fondo del asunto. Usted tendr\u00e1 la oportunidad de decirle al juez c\u00f3mo piensa defenderse de los cargos durante la audiencia preliminar, pero los cargos no se abordar\u00e1n hasta la audiencia sobre el fondo del asunto.<\/p>\n<h2>7. Recopilaci\u00f3n de pruebas<\/h2>\n<p>Mientras espera la audiencia de m\u00e9ritos programada, su abogado lo ayudar\u00e1 a reunir documentos, fotograf\u00edas y otras formas de evidencia que puedan respaldar su derecho a permanecer en los EE. UU. Tambi\u00e9n se pueden utilizar declaraciones juradas de personas que lo conocen o de expertos para respaldar su caso.<\/p>\n<h2>8. IJ escucha el caso<\/h2>\n<p>Durante la audiencia sobre el fondo del asunto, usted podr\u00e1 hablar en su propia defensa contra el proceso de deportaci\u00f3n. Responder\u00e1 las preguntas que le hagan su abogado y un abogado del DHS. Estas audiencias pueden durar horas o d\u00edas.<\/p>\n<h2>9. Decisi\u00f3n recibida<\/h2>\n<p>El juez de inmigraci\u00f3n normalmente tomar\u00e1 una decisi\u00f3n y emitir\u00e1 un fallo el mismo d\u00eda en que finalice la audiencia. Sin embargo, si el inmigrante no est\u00e1 detenido, la decisi\u00f3n puede enviarse por correo y se le permite a la persona permanecer con su familia hasta que se reciba la decisi\u00f3n.<\/p>\n<h2>10. Apoyo a trav\u00e9s de apelaciones<\/h2>\n<p>El juez le conceder\u00e1 un amparo contra la deportaci\u00f3n o emitir\u00e1 una <a href=\"https:\/\/sverdlofflaw.com\/immigration-services\/deportation-and-removal-defense\/\">orden de deportaci\u00f3n. <\/a>En ambas situaciones, es posible apelar la decisi\u00f3n. Si necesita apelar o si ICE lo hace, nuestra oficina lo ayudar\u00e1. No nos rendiremos hasta que su asunto en el tribunal de inmigraci\u00f3n se resuelva por completo.<\/p>\n<h2>Comun\u00edquese con Sverdloff Law Group hoy mismo<\/h2>\n<p>Es importante actuar r\u00e1pidamente si el gobierno ha iniciado un proceso de deportaci\u00f3n en su contra. Es posible que existan opciones para que permanezca en el pa\u00eds de manera legal, y nuestros abogados de inmigraci\u00f3n de Chicago pueden ayudarlo. <a href=\"https:\/\/sverdlofflaw.com\/contact-us\/\">Comun\u00edquese con nuestra oficina <\/a>hoy mismo para programar su consulta.<\/p>\n","protected":false},"excerpt":{"rendered":"<p>A un ciudadano extranjero que haya violado la ley de inmigraci\u00f3n en los Estados Unidos se le puede exigir que abandone el pa\u00eds mediante un proceso legal conocido como procedimiento de deportaci\u00f3n o expulsi\u00f3n. Para ayudarlo a comprender este proceso , describimos los pasos b\u00e1sicos del caso a continuaci\u00f3n. Pero es importante analizar los detalles [&hellip;]<\/p>\n","protected":false},"author":25,"featured_media":6261,"parent":0,"menu_order":0,"comment_status":"closed","ping_status":"closed","template":"","meta":{"_acf_changed":false,"_oasis_is_in_workflow":0,"_oasis_original":0,"_oasis_task_priority":"","footnotes":""},"class_list":["post-6259","page","type-page","status-publish","has-post-thumbnail","hentry","entry"],"acf":[],"_links":{"self":[{"href":"https:\/\/sverdlofflaw.com\/es\/wp-json\/wp\/v2\/pages\/6259","targetHints":{"allow":["GET"]}}],"collection":[{"href":"https:\/\/sverdlofflaw.com\/es\/wp-json\/wp\/v2\/pages"}],"about":[{"href":"https:\/\/sverdlofflaw.com\/es\/wp-json\/wp\/v2\/types\/page"}],"author":[{"embeddable":true,"href":"https:\/\/sverdlofflaw.com\/es\/wp-json\/wp\/v2\/users\/25"}],"replies":[{"embeddable":true,"href":"https:\/\/sverdlofflaw.com\/es\/wp-json\/wp\/v2\/comments?post=6259"}],"version-history":[{"count":1,"href":"https:\/\/sverdlofflaw.com\/es\/wp-json\/wp\/v2\/pages\/6259\/revisions"}],"predecessor-version":[{"id":6262,"href":"https:\/\/sverdlofflaw.com\/es\/wp-json\/wp\/v2\/pages\/6259\/revisions\/6262"}],"wp:featuredmedia":[{"embeddable":true,"href":"https:\/\/sverdlofflaw.com\/es\/wp-json\/wp\/v2\/media\/6261"}],"wp:attachment":[{"href":"https:\/\/sverdlofflaw.com\/es\/wp-json\/wp\/v2\/media?parent=6259"}],"curies":[{"name":"wp","href":"https:\/\/api.w.org\/{rel}","templated":true}]}}