{"id":6255,"date":"2021-04-21T14:18:17","date_gmt":"2021-04-21T19:18:17","guid":{"rendered":"https:\/\/sverdlofflaw.com\/?page_id=6255"},"modified":"2024-10-29T10:36:23","modified_gmt":"2024-10-29T15:36:23","slug":"proceso-de-solicitud-de-visa","status":"publish","type":"page","link":"https:\/\/sverdlofflaw.com\/es\/proceso-de-solicitud-de-visa\/","title":{"rendered":"Proceso de solicitud de visa"},"content":{"rendered":"<p>Cada caso de inmigraci\u00f3n es diferente y nunca se puede garantizar el resultado. Sin embargo, existen algunos pasos b\u00e1sicos que nuestros clientes deben seguir para obtener una visa, y comprender estos pasos puede ayudar a los solicitantes a saber qu\u00e9 esperar. Para una revisi\u00f3n m\u00e1s detallada de su caso, comun\u00edquese con nuestra oficina hoy mismo.<\/p>\n<h2>1. Programe su consulta<\/h2>\n<p>Las leyes de inmigraci\u00f3n suelen ser complejas y confusas, y hay muchos factores que pueden hacer que un caso tenga \u00e9xito o fracase. Hablar con un abogado de inmigraci\u00f3n con experiencia puede ayudarle a comprender los factores que afectar\u00e1n su caso y a decidir c\u00f3mo proceder. Puede programar una consulta llamando a nuestra oficina o utilizando nuestro formulario de solicitud en l\u00ednea.<\/p>\n<h2>2. Habla con la abogada de inmigraci\u00f3n Julia Sverdloff<\/h2>\n<p><a href=\"https:\/\/sverdlofflaw.com\/es\/julia-sverdloff\/\">La abogada Julia Sverdloff<\/a> le proporcionar\u00e1 un an\u00e1lisis exhaustivo de su caso examinando elementos como su situaci\u00f3n migratoria y familiar actual, y luego le explicar\u00e1 sus posibilidades de obtener una visa. Trabajamos con cada cliente para crear una estrategia personalizada y abordar los desaf\u00edos que pueden interponerse en su camino.<\/p>\n<h2>3. Contrate a Sverdloff Law Group<\/h2>\n<p>Contratar a un abogado es una gran inversi\u00f3n y no lo presionaremos para que nos contrate ni lo obligaremos a aceptar un plan que no comprende. Si no podemos ayudarlo, se lo diremos. No aceptaremos su caso a menos que creamos que podemos ayudarlo a usted y a su familia. Nuestra oficina ofrece opciones de pago flexibles.<\/p>\n<h2>4. Recopilar y analizar evidencia del cliente<\/h2>\n<p>El proceso de obtenci\u00f3n de la visa puede llevar mucho tiempo y presentar documentaci\u00f3n incorrecta o incompleta puede causar demoras costosas y frustrantes. Nuestro equipo legal le informar\u00e1 qu\u00e9 documentos necesitar\u00e1 para su solicitud, como declaraciones de impuestos, certificados de nacimiento y registros de arresto, y se asegurar\u00e1 de que est\u00e9n en regla antes de presentarlos.<\/p>\n<h2>5. Preparar la solicitud<\/h2>\n<p>Antes de poder solicitar una visa, necesitar\u00e1 una petici\u00f3n de inmigrante aprobada y un n\u00famero de caso del Centro Nacional de Visas (NVC). Nuestro equipo le explicar\u00e1 los documentos y las tarifas necesarios para completar este paso inicial y le ayudar\u00e1 a preparar la documentaci\u00f3n necesaria para presentar una solicitud s\u00f3lida.<\/p>\n<h2>6. Env\u00ede su solicitud<\/h2>\n<p>La mayor\u00eda de las pruebas que acompa\u00f1an a la solicitud de visa se pueden presentar en l\u00ednea, pero hay algunas excepciones. El NVC suele tardar varias semanas en procesar una solicitud y puede solicitar documentaci\u00f3n adicional en este punto.<\/p>\n<h2>7. Seguimiento del caso<\/h2>\n<p>Nuestro compromiso con su caso no termina cuando se presentan los documentos. Puede haber per\u00edodos de espera significativos mientras se procesa su solicitud de visa, y nuestro equipo estar\u00e1 aqu\u00ed para responder sus preguntas y brindarle apoyo hasta que se complete su solicitud.<\/p>\n<h2>8. Preparaci\u00f3n para la entrevista<\/h2>\n<p>Una vez finalizada la revisi\u00f3n, el NVC enviar\u00e1 su solicitud de visa al Servicio de Ciudadan\u00eda e Inmigraci\u00f3n de los Estados Unidos (USCIS). Es posible que se les pida a los solicitantes que asistan a una entrevista biom\u00e9trica en la que se tomar\u00e1n fotograf\u00edas y huellas dactilares, y se programar\u00e1 una entrevista. Su abogado de inmigraci\u00f3n puede ayudarlo a comprender qu\u00e9 llevar a la entrevista y c\u00f3mo prepararse.<\/p>\n<h2>9. La entrevista<\/h2>\n<p>Si el solicitante se encuentra fuera de los EE. UU., asistir\u00e1 a una entrevista en su consulado local. Si vive dentro de los EE. UU., como en el caso de un solicitante de visa por matrimonio, la entrevista puede realizarse en una embajada. Se deben presentar los documentos originales en la entrevista. Una vez completados los controles de seguridad o m\u00e9dicos, se emitir\u00e1 la visa.<\/p>\n<h2>10. \u00a1Aprobaci\u00f3n!<\/h2>\n<p>Se emitir\u00e1 el sello de su visa de inmigrante y recibir\u00e1 instrucciones sobre c\u00f3mo ingresar a los EE. UU. legalmente si es necesario. Si recibe una tarjeta verde , tambi\u00e9n se la enviaremos a su direcci\u00f3n en los EE. UU. Nuestro equipo seguir\u00e1 estando disponible para usted y su familia si hay alg\u00fan problema con su visa.<\/p>\n<h2>Comun\u00edquese con Sverdloff Law Group hoy mismo<\/h2>\n<p>Hemos pasado muchos a\u00f1os ayudando a familias e individuos a ingresar exitosamente a los EE. UU. con una visa, y es posible que podamos ayudarlo a usted tambi\u00e9n. Comun\u00edquese con nuestra oficina hoy mismo para obtener m\u00e1s informaci\u00f3n.<\/p>\n","protected":false},"excerpt":{"rendered":"<p>Cada caso de inmigraci\u00f3n es diferente y nunca se puede garantizar el resultado. Sin embargo, existen algunos pasos b\u00e1sicos que nuestros clientes deben seguir para obtener una visa, y comprender estos pasos puede ayudar a los solicitantes a saber qu\u00e9 esperar. Para una revisi\u00f3n m\u00e1s detallada de su caso, comun\u00edquese con nuestra oficina hoy mismo. [&hellip;]<\/p>\n","protected":false},"author":13,"featured_media":6256,"parent":0,"menu_order":0,"comment_status":"closed","ping_status":"closed","template":"","meta":{"_acf_changed":false,"_oasis_is_in_workflow":0,"_oasis_original":0,"_oasis_task_priority":"","footnotes":""},"class_list":["post-6255","page","type-page","status-publish","has-post-thumbnail","hentry","entry"],"acf":[],"_links":{"self":[{"href":"https:\/\/sverdlofflaw.com\/es\/wp-json\/wp\/v2\/pages\/6255","targetHints":{"allow":["GET"]}}],"collection":[{"href":"https:\/\/sverdlofflaw.com\/es\/wp-json\/wp\/v2\/pages"}],"about":[{"href":"https:\/\/sverdlofflaw.com\/es\/wp-json\/wp\/v2\/types\/page"}],"author":[{"embeddable":true,"href":"https:\/\/sverdlofflaw.com\/es\/wp-json\/wp\/v2\/users\/13"}],"replies":[{"embeddable":true,"href":"https:\/\/sverdlofflaw.com\/es\/wp-json\/wp\/v2\/comments?post=6255"}],"version-history":[{"count":1,"href":"https:\/\/sverdlofflaw.com\/es\/wp-json\/wp\/v2\/pages\/6255\/revisions"}],"predecessor-version":[{"id":6257,"href":"https:\/\/sverdlofflaw.com\/es\/wp-json\/wp\/v2\/pages\/6255\/revisions\/6257"}],"wp:featuredmedia":[{"embeddable":true,"href":"https:\/\/sverdlofflaw.com\/es\/wp-json\/wp\/v2\/media\/6256"}],"wp:attachment":[{"href":"https:\/\/sverdlofflaw.com\/es\/wp-json\/wp\/v2\/media?parent=6255"}],"curies":[{"name":"wp","href":"https:\/\/api.w.org\/{rel}","templated":true}]}}