{"id":6249,"date":"2021-04-21T16:02:58","date_gmt":"2021-04-21T21:02:58","guid":{"rendered":"https:\/\/sverdlofflaw.com\/?page_id=6249"},"modified":"2024-10-29T10:29:59","modified_gmt":"2024-10-29T15:29:59","slug":"proceso-de-solicitud-de-tarjeta-verde","status":"publish","type":"page","link":"https:\/\/sverdlofflaw.com\/es\/proceso-de-solicitud-de-tarjeta-verde\/","title":{"rendered":"Proceso de solicitud de tarjeta verde"},"content":{"rendered":"<h2>Proceso de solicitud de tarjeta verde<\/h2>\n<p><span style=\"font-weight: 400;\">Muchos extranjeros sue\u00f1an con convertirse en residentes legales de los EE. UU., pero el proceso puede ser dif\u00edcil. A continuaci\u00f3n, se incluye una descripci\u00f3n de los pasos t\u00edpicos que deber\u00e1 afrontar un solicitante al solicitar una tarjeta de residente permanente, tambi\u00e9n conocida como tarjeta verde . Mientras esta descripci\u00f3n general puede resultar \u00fatil, no hay dos casos iguales y es muy recomendable hablar con un abogado de inmigraci\u00f3n experto .<\/span><\/p>\n<h2 id=\"step1\">1. Solicitar consulta<\/h2>\n<p><span style=\"font-weight: 400;\">Lo mejor ser\u00eda consultar con un abogado de inmigraci\u00f3n antes de comenzar con su solicitud. Los errores y malentendidos durante el proceso de inmigraci\u00f3n pueden retrasar o impedir que obtenga una tarjeta verde. Un abogado experto puede aconsejarle sobre c\u00f3mo evitar errores costosos.<\/span><\/p>\n<h2 id=\"step2\">2. Determinar la elegibilidad<\/h2>\n<p><span style=\"font-weight: 400;\">Existen cinco categor\u00edas b\u00e1sicas de elegibilidad para una tarjeta verde, que var\u00edan seg\u00fan sus circunstancias y el motivo por el que ingresa a los EE. UU. Esto puede incluir el patrocinio de un familiar o empleador, solicitar asilo debido a persecuci\u00f3n en su pa\u00eds de origen o varios otros escenarios. Un abogado de inmigraci\u00f3n con experiencia puede ayudarlo a determinar su elegibilidad y qu\u00e9 tipo de solicitud es la m\u00e1s adecuada para usted.<\/span><\/p>\n<h2 id=\"step3\">3. Caso abierto con Sverdloff Law Group<\/h2>\n<p><span style=\"font-weight: 400;\">Es posible presentar los documentos de inmigraci\u00f3n sin un abogado, pero contar con alguien de su lado que comprenda el proceso y pueda ayudarlo a prepararse para lo que viene despu\u00e9s puede ser extremadamente valioso. Nuestros abogados le explicar\u00e1n los honorarios asociados con su caso y nuestras opciones de pago antes de que se comprometa a trabajar con nosotros.<\/span><\/p>\n<h2 id=\"step4\">4. Determinar el proceso de solicitud<\/h2>\n<p>Si ya se encuentra en los Estados Unidos cuando solicita una tarjeta verde, deber\u00e1 utilizar un proceso conocido como ajuste de estatus. En el caso de los solicitantes que viven fuera de los EE. UU., la solicitud ser\u00e1 procesada por un consulado del Departamento de Estado de los Estados Unidos. Esto se conoce como procesamiento consular.<\/p>\n<h2 id=\"step5\">5. Prepare los documentos necesarios<\/h2>\n<p><span style=\"font-weight: 400;\">Para demostrar su elegibilidad para recibir una tarjeta verde, deber\u00e1 presentar varios documentos al gobierno de los EE. UU. Muchos de ellos se pueden presentar en l\u00ednea, pero otros no. Su abogado puede ayudarlo a determinar qu\u00e9 pruebas debe proporcionar y c\u00f3mo presentarlas.<\/span><\/p>\n<h2 id=\"step6\">6. Presentar petici\u00f3n<\/h2>\n<p><span style=\"font-weight: 400;\">La mayor\u00eda de los solicitantes de la tarjeta verde comenzar\u00e1n el proceso presentando una petici\u00f3n de inmigrante. Normalmente, esta la presenta un familiar o un empleador si vive fuera de los EE. UU. Una vez que se procesa, se emitir\u00e1 un n\u00famero de visa. Para algunos familiares directos de ciudadanos estadounidenses, no se necesita un n\u00famero de visa.<\/span><\/p>\n<h2 id=\"step7\">7. Solicitar la tarjeta verde<\/h2>\n<p><span style=\"font-weight: 400;\">Una vez que se aprueba la petici\u00f3n de inmigraci\u00f3n y se dispone de un n\u00famero de visa, si es necesario, el siguiente paso suele ser registrarse para obtener la residencia permanente o el ajuste de estatus mediante la presentaci\u00f3n del Formulario I-485. En algunos casos espec\u00edficos, se puede utilizar un formulario diferente.<\/span><\/p>\n<h2 id=\"step8\">8. Cita para toma de datos biom\u00e9tricos<\/h2>\n<p><span style=\"font-weight: 400;\">Se le notificar\u00e1 por correo electr\u00f3nico que es necesaria una entrevista biom\u00e9trica. Esta se llevar\u00e1 a cabo en un Centro de soporte de solicitudes e implica la recopilaci\u00f3n de huellas dactilares, fotograf\u00edas y, a veces, otros datos para confirmar su identidad y completar los controles de seguridad.<\/span><\/p>\n<h2 id=\"step9\">9. Entrevista para la tarjeta verde<\/h2>\n<p><span style=\"font-weight: 400;\">Despu\u00e9s de revisar su solicitud, los funcionarios del USCIS decidir\u00e1n si es necesaria una entrevista en persona. Se le notificar\u00e1 la hora y el lugar, y en la entrevista se le solicitar\u00e1 que presente los originales de todos los documentos presentados con la solicitud del Formulario I-485.<\/span><\/p>\n<h2 id=\"step10\">10.\u00a1Aprobaci\u00f3n!<\/h2>\n<p><span style=\"font-weight: 400;\">Finalmente, se emitir\u00e1 una decisi\u00f3n por escrito y, si se aprueba, recibir\u00e1 su tarjeta verde poco despu\u00e9s. Si se rechaza la solicitud, se le informar\u00e1 el motivo y si puede o no apelar la decisi\u00f3n.\u00a0<\/span><\/p>\n<h2>Sverdloff Law Group est\u00e1 aqu\u00ed para ayudar<\/h2>\n<p><span style=\"font-weight: 400;\">Si usted o un ser querido est\u00e1 pensando en solicitar una tarjeta verde, nuestra experta abogada de inmigraci\u00f3n puede ayudarle. Comun\u00edquese con Sverdloff Law Group hoy mismo para programar una consulta y obtener m\u00e1s informaci\u00f3n.<\/span><\/p>\n","protected":false},"excerpt":{"rendered":"<p>Proceso de solicitud de tarjeta verde Muchos extranjeros sue\u00f1an con convertirse en residentes legales de los EE. UU., pero el proceso puede ser dif\u00edcil. A continuaci\u00f3n, se incluye una descripci\u00f3n de los pasos t\u00edpicos que deber\u00e1 afrontar un solicitante al solicitar una tarjeta de residente permanente, tambi\u00e9n conocida como tarjeta verde . Mientras esta descripci\u00f3n [&hellip;]<\/p>\n","protected":false},"author":25,"featured_media":6250,"parent":0,"menu_order":0,"comment_status":"closed","ping_status":"closed","template":"","meta":{"_acf_changed":false,"_oasis_is_in_workflow":0,"_oasis_original":0,"_oasis_task_priority":"","footnotes":""},"class_list":["post-6249","page","type-page","status-publish","has-post-thumbnail","hentry","entry"],"acf":[],"_links":{"self":[{"href":"https:\/\/sverdlofflaw.com\/es\/wp-json\/wp\/v2\/pages\/6249","targetHints":{"allow":["GET"]}}],"collection":[{"href":"https:\/\/sverdlofflaw.com\/es\/wp-json\/wp\/v2\/pages"}],"about":[{"href":"https:\/\/sverdlofflaw.com\/es\/wp-json\/wp\/v2\/types\/page"}],"author":[{"embeddable":true,"href":"https:\/\/sverdlofflaw.com\/es\/wp-json\/wp\/v2\/users\/25"}],"replies":[{"embeddable":true,"href":"https:\/\/sverdlofflaw.com\/es\/wp-json\/wp\/v2\/comments?post=6249"}],"version-history":[{"count":3,"href":"https:\/\/sverdlofflaw.com\/es\/wp-json\/wp\/v2\/pages\/6249\/revisions"}],"predecessor-version":[{"id":6254,"href":"https:\/\/sverdlofflaw.com\/es\/wp-json\/wp\/v2\/pages\/6249\/revisions\/6254"}],"wp:featuredmedia":[{"embeddable":true,"href":"https:\/\/sverdlofflaw.com\/es\/wp-json\/wp\/v2\/media\/6250"}],"wp:attachment":[{"href":"https:\/\/sverdlofflaw.com\/es\/wp-json\/wp\/v2\/media?parent=6249"}],"curies":[{"name":"wp","href":"https:\/\/api.w.org\/{rel}","templated":true}]}}