{"id":6231,"date":"2021-04-21T16:16:47","date_gmt":"2021-04-21T21:16:47","guid":{"rendered":"https:\/\/sverdlofflaw.com\/?page_id=6231"},"modified":"2024-10-29T10:23:41","modified_gmt":"2024-10-29T15:23:41","slug":"tramites-consulares","status":"publish","type":"page","link":"https:\/\/sverdlofflaw.com\/es\/tramites-consulares\/","title":{"rendered":"Tr\u00e1mites consulares"},"content":{"rendered":"<p>Para las personas que buscan vivir o trabajar en los Estados Unidos y que actualmente residen en otro pa\u00eds, su solicitud de residencia permanente legal debe pasar por un procedimiento conocido como procesamiento consular. Mientras cada solicitud es diferente, hay algunos pasos t\u00edpicos por los que pasan la mayor\u00eda de los casos, que se explican a continuaci\u00f3n.<\/p>\n<h2>1. P\u00f3ngase en contacto con Sverdloff Law Group<\/h2>\n<p>Existe mucha informaci\u00f3n confusa sobre inmigraci\u00f3n y un <a href=\"https:\/\/sverdlofflaw.com\/attorney-profile\/\">abogado de inmigraci\u00f3n calificado <\/a>puede ayudarlo a evitar errores graves en su solicitud. Le recomendamos que se comunique con un abogado antes de presentar la solicitud.<\/p>\n<h2>2. Asociarse para crear una estrategia<\/h2>\n<p>Para recibir una tarjeta verde a trav\u00e9s de un tr\u00e1mite consular, generalmente es necesario que cuente con el patrocinio de un ciudadano estadounidense o residente permanente. El patrocinador debe ser un pariente cercano, su c\u00f3nyuge o su empleador. Sverdloff Law Group puede trabajar con esta persona en los EE. UU. para coordinar su solicitud.<\/p>\n<h2>3. Determinar el tipo de aplicaci\u00f3n<\/h2>\n<p>Peticiones <a href=\"https:\/\/sverdlofflaw.com\/immigration-services\/family-based-immigration\/\">de inmigraci\u00f3n basadas en la familia <\/a>son las m\u00e1s comunes, seguidas de las basadas en el empleador. Sin embargo, tambi\u00e9n existen categor\u00edas especiales y programas humanitarios que permiten a los inmigrantes presentar solicitudes en otras circunstancias. Su abogado puede aconsejarle sobre qu\u00e9 tipo de solicitud es mejor para su situaci\u00f3n.<\/p>\n<h2>4. Recopilar documentaci\u00f3n<\/h2>\n<p>Muchas veces, pueden producirse retrasos y obst\u00e1culos en el proceso de solicitud, por lo que es importante presentar la solicitud lo m\u00e1s completa posible para evitar m\u00e1s retrasos. Su equipo legal le ayudar\u00e1 a reunir las pruebas que debe presentar junto con su solicitud.<\/p>\n<h2>5. Solicitar una petici\u00f3n de inmigrante<\/h2>\n<p>El patrocinador enviar\u00e1 la petici\u00f3n de inmigrante completa al <a href=\"https:\/\/www.uscis.gov\/green-card\/green-card-processes-and-procedures\/consular-processing\" target=\"_blank\" rel=\"noopener\">Servicio de Ciudadan\u00eda e Inmigraci\u00f3n de los Estados Unidos <\/a>(USCIS) y esperar\u00e1 una decisi\u00f3n. El USCIS puede solicitar documentaci\u00f3n adicional en ese momento.<\/p>\n<h2>6. Presentar tarifas y documentos al NVC<\/h2>\n<p>Una vez que se aprueba la petici\u00f3n de inmigrante y hay un n\u00famero de visa disponible, el Centro Nacional de Visas (NVC) se comunicar\u00e1 con el patrocinador, tambi\u00e9n llamado peticionario, y le notificar\u00e1 cu\u00e1ndo presentar las tarifas de procesamiento y la documentaci\u00f3n de respaldo.<\/p>\n<h2>7. Asistir a la entrevista<\/h2>\n<p>La oficina consular programar\u00e1 su entrevista. Es posible que en ese momento deba presentar las versiones originales de los documentos de su solicitud en la oficina consular. Si despu\u00e9s de la entrevista cambia informaci\u00f3n como su estado civil o direcci\u00f3n, deber\u00e1 notificarlo al NVC.<\/p>\n<h2>8. Visa concedida<\/h2>\n<p>Si se le concede la visa, la oficina consular le entregar\u00e1 un paquete de informaci\u00f3n conocido como Paquete de Visa. No abra el paquete. Tambi\u00e9n deber\u00e1 pagar una tarifa de inmigraci\u00f3n y se recomienda que lo haga antes de salir de su pa\u00eds de origen.<\/p>\n<h2>9. Viaje a los EE.UU.<\/h2>\n<p>Cuando llegue a un puerto de entrada en los Estados Unidos, deber\u00e1 entregar su paquete de visa a la Oficina de Aduanas y Protecci\u00f3n Fronteriza (CBP) de los EE. UU. Un oficial de la CBP inspeccionar\u00e1 los documentos y lo admitir\u00e1 como residente permanente legal.<\/p>\n<h2>10. Recibir la tarjeta verde<\/h2>\n<p>Su tarjeta verde debe ser enviada a su direcci\u00f3n en los EE. UU. dentro de los 45 d\u00edas posteriores a su llegada al pa\u00eds. Si no ha pagado la tarifa de inmigraci\u00f3n al USCIS, deber\u00e1 hacerlo antes de que le env\u00eden la tarjeta verde.<\/p>\n<h2>Ayudamos a las personas a hacer de Estados Unidos su hogar<\/h2>\n<p>El proceso de inmigraci\u00f3n en los Estados Unidos puede ser intimidante, pero hay ayuda disponible. Sverdloff Law Group se dedica a ayudar a personas, parejas y familias a comenzar su vida juntos en los Estados Unidos. Para obtener ayuda con el proceso consular u otro asunto de inmigraci\u00f3n, <a href=\"https:\/\/sverdlofflaw.com\/contact-us\/\">comun\u00edquese con nuestra oficina hoy mismo.<\/a><\/p>\n","protected":false},"excerpt":{"rendered":"<p>Para las personas que buscan vivir o trabajar en los Estados Unidos y que actualmente residen en otro pa\u00eds, su solicitud de residencia permanente legal debe pasar por un procedimiento conocido como procesamiento consular. Mientras cada solicitud es diferente, hay algunos pasos t\u00edpicos por los que pasan la mayor\u00eda de los casos, que se explican [&hellip;]<\/p>\n","protected":false},"author":13,"featured_media":6232,"parent":0,"menu_order":0,"comment_status":"closed","ping_status":"closed","template":"","meta":{"_acf_changed":false,"_oasis_is_in_workflow":0,"_oasis_original":0,"_oasis_task_priority":"","footnotes":""},"class_list":["post-6231","page","type-page","status-publish","has-post-thumbnail","hentry","entry"],"acf":[],"_links":{"self":[{"href":"https:\/\/sverdlofflaw.com\/es\/wp-json\/wp\/v2\/pages\/6231","targetHints":{"allow":["GET"]}}],"collection":[{"href":"https:\/\/sverdlofflaw.com\/es\/wp-json\/wp\/v2\/pages"}],"about":[{"href":"https:\/\/sverdlofflaw.com\/es\/wp-json\/wp\/v2\/types\/page"}],"author":[{"embeddable":true,"href":"https:\/\/sverdlofflaw.com\/es\/wp-json\/wp\/v2\/users\/13"}],"replies":[{"embeddable":true,"href":"https:\/\/sverdlofflaw.com\/es\/wp-json\/wp\/v2\/comments?post=6231"}],"version-history":[{"count":4,"href":"https:\/\/sverdlofflaw.com\/es\/wp-json\/wp\/v2\/pages\/6231\/revisions"}],"predecessor-version":[{"id":6240,"href":"https:\/\/sverdlofflaw.com\/es\/wp-json\/wp\/v2\/pages\/6231\/revisions\/6240"}],"wp:featuredmedia":[{"embeddable":true,"href":"https:\/\/sverdlofflaw.com\/es\/wp-json\/wp\/v2\/media\/6232"}],"wp:attachment":[{"href":"https:\/\/sverdlofflaw.com\/es\/wp-json\/wp\/v2\/media?parent=6231"}],"curies":[{"name":"wp","href":"https:\/\/api.w.org\/{rel}","templated":true}]}}